{"id":1833,"date":"2023-07-16T15:30:30","date_gmt":"2023-07-16T15:30:30","guid":{"rendered":"https:\/\/ame43.org\/ivor-snoddy-parle-de-sa-decouverte-des-marches\/"},"modified":"2023-08-27T08:49:13","modified_gmt":"2023-08-27T08:49:13","slug":"ivor-snoddy-parle-de-sa-decouverte-des-marches","status":"publish","type":"page","link":"https:\/\/ame43.org\/fr\/ivor-snoddy-parle-de-sa-decouverte-des-marches\/","title":{"rendered":"Ivor Snoddy parle de sa d\u00e9couverte de la Marche de la M\u00e9moire"},"content":{"rendered":"\n<figure class=\"gb-block-image gb-block-image-788dca0b\"><img loading=\"lazy\" decoding=\"async\" width=\"1928\" height=\"2560\" class=\"gb-image gb-image-788dca0b\" src=\"https:\/\/ame43.org\/wp-content\/uploads\/2023\/07\/Ivor-Snoddy-in-the-mountains-scaled.jpg\" alt=\"Ivor Snoddy in the V\u00e9subie\" title=\"Ivor-Snoddy-in-the-Vesubie\" srcset=\"https:\/\/ame43.org\/wp-content\/uploads\/2023\/07\/Ivor-Snoddy-in-the-mountains-scaled.jpg 1928w, https:\/\/ame43.org\/wp-content\/uploads\/2023\/07\/Ivor-Snoddy-in-the-mountains-226x300.jpg 226w, https:\/\/ame43.org\/wp-content\/uploads\/2023\/07\/Ivor-Snoddy-in-the-mountains-771x1024.jpg 771w, https:\/\/ame43.org\/wp-content\/uploads\/2023\/07\/Ivor-Snoddy-in-the-mountains-768x1020.jpg 768w, https:\/\/ame43.org\/wp-content\/uploads\/2023\/07\/Ivor-Snoddy-in-the-mountains-1157x1536.jpg 1157w, https:\/\/ame43.org\/wp-content\/uploads\/2023\/07\/Ivor-Snoddy-in-the-mountains-1542x2048.jpg 1542w\" sizes=\"auto, (max-width: 1928px) 100vw, 1928px\" \/>\n<figcaption class=\"gb-headline gb-headline-e3b74cdf gb-headline-text\"><em>Ivor Snoddy<\/em><\/figcaption>\n<\/figure>\n\n<p>Lors d&rsquo;un voyage en voiture, j&rsquo;ai d\u00e9couvert par hasard cette belle r\u00e9gion de France, ainsi qu&rsquo;une affiche dans l&rsquo;office de tourisme local repr\u00e9sentant la \u00ab\u00a0Marche de la M\u00e9moire\u00a0\u00bb qui devait avoir lieu le jour suivant, ce qui a \u00e9veill\u00e9 mes soup\u00e7ons. En interrogeant le responsable, il m&rsquo;a confirm\u00e9 que cette terrible situation qui s&rsquo;est d\u00e9roul\u00e9e pendant la Seconde Guerre mondiale \u00e9tait bien celle que m&rsquo;avait d\u00e9crite \u00e0 maintes reprises un jeune homme juif qui \u00e9tait un grand ami de mes grands-parents et, plus tard, un tr\u00e8s bon ami et mentor pour moi lorsque j&rsquo;\u00e9tais un jeune gar\u00e7on.<\/p>\n\n<p>Il a racont\u00e9 comment ses parents l&rsquo;ont envoy\u00e9 \u00e0 l&rsquo;\u00e9tranger pour le mettre en s\u00e9curit\u00e9 et comment ils ont eux-m\u00eames fui \u00e0 travers ces hautes montagnes dans une vaine tentative d&rsquo;\u00e9chapper aux nazis, mais malheureusement on ne les a plus jamais vus ni entendus.<\/p>\n\n<p>\u00c9tant tr\u00e8s jeune et immature \u00e0 l&rsquo;\u00e9poque, la gravit\u00e9 de son histoire n&rsquo;a eu un effet profond sur moi que plus tard, lorsque j&rsquo;ai acquis davantage de connaissances sur les ann\u00e9es de guerre et les atrocit\u00e9s commises par les nazis, en particulier \u00e0 l&rsquo;\u00e9gard des personnes de confession juive.<\/p>\n\n<p>Apr\u00e8s avoir suivi les randonneurs et termin\u00e9 la Marche dans les montagnes et le retour cette ann\u00e9e-l\u00e0, ce n&rsquo;est qu&rsquo;apr\u00e8s que j&rsquo;ai soudain r\u00e9alis\u00e9 comment mon ami d&rsquo;enfance, alors qu&rsquo;il \u00e9tait probablement beaucoup plus jeune, avait d\u00fb faire ses adieux \u00e0 ses parents dans des circonstances aussi terribles, je ne pouvais qu&rsquo;imaginer le terrible chagrin qu&rsquo;ils avaient d\u00fb endurer, ainsi que les difficult\u00e9s et les peines de c\u0153ur qui les attendaient tous.<\/p>\n\n<p>Ce n&rsquo;est que par la gr\u00e2ce de Dieu que ma famille et moi-m\u00eame avons \u00e9t\u00e9 impliqu\u00e9s ou avons \u00e9t\u00e9 t\u00e9moins d&rsquo;une telle atrocit\u00e9 dans notre vie. Outre les merveilleux amis que je me suis faits en venant ici, j&rsquo;ai l&rsquo;intention de continuer \u00e0 participer \u00e0 cette Marche chaque ann\u00e9e aussi longtemps que je le pourrai, car cela repr\u00e9sente beaucoup pour moi de comm\u00e9morer non seulement ces pauvres \u00e2mes qui ont essay\u00e9 de gagner la libert\u00e9 dans les ann\u00e9es 1940 en escaladant ces passages montagneux, mais aussi toutes les autres personnes pass\u00e9es et pr\u00e9sentes dans le monde qui essaient d&rsquo;\u00e9chapper \u00e0 la tyrannie jusqu&rsquo;\u00e0 aujourd&rsquo;hui.<\/p>\n\n<p>Et pour William.<\/p>\n\n<p class=\"gb-headline gb-headline-17573341 gb-headline-text\"><em>&#8211; Ivor Snoddy<\/em><\/p>\n","protected":false},"excerpt":{"rendered":"<p>Lors d&rsquo;un voyage en voiture, j&rsquo;ai d\u00e9couvert par hasard cette belle r\u00e9gion de France, ainsi qu&rsquo;une affiche dans l&rsquo;office de tourisme local repr\u00e9sentant la \u00ab\u00a0Marche de la M\u00e9moire\u00a0\u00bb qui devait &#8230; <a title=\"Ivor Snoddy parle de sa d\u00e9couverte de la Marche de la M\u00e9moire\" class=\"read-more\" href=\"https:\/\/ame43.org\/fr\/ivor-snoddy-parle-de-sa-decouverte-des-marches\/\" aria-label=\"En savoir plus sur Ivor Snoddy parle de sa d\u00e9couverte de la Marche de la M\u00e9moire\">Lire la suite<\/a><\/p>\n","protected":false},"author":1,"featured_media":0,"parent":0,"menu_order":0,"comment_status":"open","ping_status":"closed","template":"","meta":{"_acf_changed":false,"footnotes":""},"class_list":{"0":"post-1833","1":"page","2":"type-page","3":"status-publish","5":"no-featured-image-padding"},"acf":[],"jetpack_sharing_enabled":true,"_links":{"self":[{"href":"https:\/\/ame43.org\/fr\/wp-json\/wp\/v2\/pages\/1833","targetHints":{"allow":["GET"]}}],"collection":[{"href":"https:\/\/ame43.org\/fr\/wp-json\/wp\/v2\/pages"}],"about":[{"href":"https:\/\/ame43.org\/fr\/wp-json\/wp\/v2\/types\/page"}],"author":[{"embeddable":true,"href":"https:\/\/ame43.org\/fr\/wp-json\/wp\/v2\/users\/1"}],"replies":[{"embeddable":true,"href":"https:\/\/ame43.org\/fr\/wp-json\/wp\/v2\/comments?post=1833"}],"version-history":[{"count":6,"href":"https:\/\/ame43.org\/fr\/wp-json\/wp\/v2\/pages\/1833\/revisions"}],"predecessor-version":[{"id":2649,"href":"https:\/\/ame43.org\/fr\/wp-json\/wp\/v2\/pages\/1833\/revisions\/2649"}],"wp:attachment":[{"href":"https:\/\/ame43.org\/fr\/wp-json\/wp\/v2\/media?parent=1833"}],"curies":[{"name":"wp","href":"https:\/\/api.w.org\/{rel}","templated":true}]}}