{"id":1984,"date":"2023-07-23T13:23:36","date_gmt":"2023-07-23T13:23:36","guid":{"rendered":"https:\/\/ame43.org\/sylvie-baran-qui-est-nee-a-saint-martin-vesubie-en-1943\/"},"modified":"2023-08-18T11:50:32","modified_gmt":"2023-08-18T11:50:32","slug":"sylvie-baran-qui-est-nee-a-saint-martin-vesubie-en-1943","status":"publish","type":"page","link":"https:\/\/ame43.org\/fr\/sylvie-baran-qui-est-nee-a-saint-martin-vesubie-en-1943\/","title":{"rendered":"Sylvie Baran qui est n\u00e9e \u00e0 Saint Martin V\u00e9subie en 1943"},"content":{"rendered":"\n<p>Voici une photo de moi b\u00e9b\u00e9 et de ma maman. Je suis dans les bras d&rsquo;un carabinier italien qui nous a aid\u00e9 lors de la marche sur le col de Fenestre. Je suis n\u00e9e le 8 juillet 1943 \u00e0 Saint Martin V\u00e9subie, dans la villa les Lucioles. Nous avons d\u00fb fuir, comme tant d&rsquo;autres, le 8 septembre 1943. Nous avons \u00e9t\u00e9 escort\u00e9s par les Italiens et ensuite cach\u00e9s un an dans un village en Italie, avant de finalement arriver en Suisse.<\/p>\n\n<figure class=\"gb-block-image gb-block-image-329575c4\"><img loading=\"lazy\" decoding=\"async\" width=\"1600\" height=\"1168\" class=\"gb-image gb-image-329575c4\" src=\"https:\/\/ame43.org\/wp-content\/uploads\/2023\/07\/Syvia-Baran-as-a-baby-in-the-arms-of-an-Italian-carabiniere-e1690120994142.jpg\" alt=\"\" title=\"Syvia-Baran-as-a-baby-in-the-arms-of-an-Italian-carabiniere\" srcset=\"https:\/\/ame43.org\/wp-content\/uploads\/2023\/07\/Syvia-Baran-as-a-baby-in-the-arms-of-an-Italian-carabiniere-e1690120994142.jpg 1600w, https:\/\/ame43.org\/wp-content\/uploads\/2023\/07\/Syvia-Baran-as-a-baby-in-the-arms-of-an-Italian-carabiniere-e1690120994142-300x219.jpg 300w, https:\/\/ame43.org\/wp-content\/uploads\/2023\/07\/Syvia-Baran-as-a-baby-in-the-arms-of-an-Italian-carabiniere-e1690120994142-1024x748.jpg 1024w, https:\/\/ame43.org\/wp-content\/uploads\/2023\/07\/Syvia-Baran-as-a-baby-in-the-arms-of-an-Italian-carabiniere-e1690120994142-768x561.jpg 768w, https:\/\/ame43.org\/wp-content\/uploads\/2023\/07\/Syvia-Baran-as-a-baby-in-the-arms-of-an-Italian-carabiniere-e1690120994142-1536x1121.jpg 1536w\" sizes=\"auto, (max-width: 1600px) 100vw, 1600px\" \/>\n<figcaption class=\"gb-headline gb-headline-fca2c5eb gb-headline-text\"><em>Sylvie Baran b\u00e9b\u00e9 dans les bras d&rsquo;un carabinier italien<\/em><\/figcaption>\n<\/figure>\n\n<p>Sur cette photo je dois avoir deux mois, et c&rsquo;est pr\u00e9cis\u00e9ment lors de la marche qu&rsquo;elle a \u00e9t\u00e9 prise. J&rsquo;ai fuis avec mes parents et ma grande s\u0153ur qui avait deux ans \u00e0 l&rsquo;\u00e9poque.<\/p>\n\n<p>Nous avons tous surv\u00e9cu l&rsquo;horreur de la guerre.<\/p>\n\n<p class=\"has-text-align-right\"><em>Sylvie Baran<\/em><\/p>\n","protected":false},"excerpt":{"rendered":"<p>Voici une photo de moi b\u00e9b\u00e9 et de ma maman. Je suis dans les bras d&rsquo;un carabinier italien qui nous a aid\u00e9 lors de la marche sur le col de &#8230; <a title=\"Sylvie Baran qui est n\u00e9e \u00e0 Saint Martin V\u00e9subie en 1943\" class=\"read-more\" href=\"https:\/\/ame43.org\/fr\/sylvie-baran-qui-est-nee-a-saint-martin-vesubie-en-1943\/\" aria-label=\"En savoir plus sur Sylvie Baran qui est n\u00e9e \u00e0 Saint Martin V\u00e9subie en 1943\">Lire la suite<\/a><\/p>\n","protected":false},"author":1,"featured_media":0,"parent":0,"menu_order":0,"comment_status":"closed","ping_status":"closed","template":"","meta":{"_acf_changed":false,"footnotes":""},"class_list":{"0":"post-1984","1":"page","2":"type-page","3":"status-publish","5":"no-featured-image-padding"},"acf":[],"jetpack_sharing_enabled":true,"_links":{"self":[{"href":"https:\/\/ame43.org\/fr\/wp-json\/wp\/v2\/pages\/1984","targetHints":{"allow":["GET"]}}],"collection":[{"href":"https:\/\/ame43.org\/fr\/wp-json\/wp\/v2\/pages"}],"about":[{"href":"https:\/\/ame43.org\/fr\/wp-json\/wp\/v2\/types\/page"}],"author":[{"embeddable":true,"href":"https:\/\/ame43.org\/fr\/wp-json\/wp\/v2\/users\/1"}],"replies":[{"embeddable":true,"href":"https:\/\/ame43.org\/fr\/wp-json\/wp\/v2\/comments?post=1984"}],"version-history":[{"count":3,"href":"https:\/\/ame43.org\/fr\/wp-json\/wp\/v2\/pages\/1984\/revisions"}],"predecessor-version":[{"id":2004,"href":"https:\/\/ame43.org\/fr\/wp-json\/wp\/v2\/pages\/1984\/revisions\/2004"}],"wp:attachment":[{"href":"https:\/\/ame43.org\/fr\/wp-json\/wp\/v2\/media?parent=1984"}],"curies":[{"name":"wp","href":"https:\/\/api.w.org\/{rel}","templated":true}]}}