{"id":2104,"date":"2023-07-31T20:38:02","date_gmt":"2023-07-31T20:38:02","guid":{"rendered":"https:\/\/ame43.org\/lhistoire-de-son-grand-pere-menachem-marienberg-racontee-par-rakefet-elisha\/"},"modified":"2023-08-18T11:49:41","modified_gmt":"2023-08-18T11:49:41","slug":"lhistoire-de-son-grand-pere-menachem-marienberg-racontee-par-rakefet-elisha","status":"publish","type":"page","link":"https:\/\/ame43.org\/fr\/lhistoire-de-son-grand-pere-menachem-marienberg-racontee-par-rakefet-elisha\/","title":{"rendered":"L&rsquo;histoire de son grand-p\u00e8re, Menachem Marienberg, racont\u00e9e par Rakefet Elisha"},"content":{"rendered":"\n<p>Mon grand-p\u00e8re, Menachem Marienberg, faisait partie de ceux qui ont travers\u00e9 les Alpes pour se rendre en Italie en 1943.<\/p>\n\n<p>Il a fui la Belgique pour la France en 1940 avec ses parents, deux fr\u00e8res et une s\u0153ur, et a v\u00e9cu deux ans avec sa famille \u00e0 Toulouse jusqu&rsquo;en 1942. Lorsque les Allemands sont entr\u00e9s dans Toulouse, ils ont emmen\u00e9 sa m\u00e8re, son fr\u00e8re de quatre ans et sa s\u0153ur de douze ans \u00e0 Auschwitz. Il r\u00e9ussit \u00e0 s&rsquo;enfuir avec son jeune fr\u00e8re Aryeh Marienberg \u00e0 Saint Martin V\u00e9subie. Mon grand-p\u00e8re avait seize ans, Aryeh dix ans. Ils ont \u00e9galement r\u00e9ussi \u00e0 faire venir leur p\u00e8re et la famille de l&rsquo;oncle (le fr\u00e8re du p\u00e8re) \u00e0 Saint Martin V\u00e9subie. Ils y ont v\u00e9cu ensemble pendant environ six mois, jusqu&rsquo;\u00e0 la nuit o\u00f9 ils ont d\u00fb tout emporter et s&rsquo;enfuir.<\/p>\n\n<p>L&rsquo;oncle du grand-p\u00e8re (Yitzhak Marienberg) \u00e9tait un homme malade qui avait du mal \u00e0 gravir les montagnes. La tante (Eva Marienberg) avait accouch\u00e9 six mois plus t\u00f4t, de sa deuxi\u00e8me fille, \u00e0 Saint Martin V\u00e9subie pendant leur s\u00e9jour dans la ville. Grand-p\u00e8re raconte qu&rsquo;ils ont tous deux eu du mal \u00e0 gravir les montagnes et qu&rsquo;\u00e0 un moment donn\u00e9, ils se sont assis et ont d\u00e9cid\u00e9 d&rsquo;abandonner. Le grand-p\u00e8re, \u00e2g\u00e9 de seize ans, d\u00e9cide de prendre le b\u00e9b\u00e9 dans ses bras et de monter rapidement dessus. Il savait que si le b\u00e9b\u00e9 venait avec lui, ses parents n&rsquo;abandonneraient pas et les suivraient, et c&rsquo;est ce qui s&rsquo;est pass\u00e9. Lorsqu&rsquo;ils arriv\u00e8rent \u00e0 Borgo San Dalmazzo, le grand-p\u00e8re portait l&rsquo;enfant dans ses bras.<\/p>\n\n<p>Sur cette photo, vous pouvez vous faire une id\u00e9e de la vie \u00e0 Saint Martin V\u00e9subie avant leur fuite.<\/p>\n\n<figure class=\"gb-block-image gb-block-image-49485e57\"><img loading=\"lazy\" decoding=\"async\" width=\"1526\" height=\"891\" class=\"gb-image gb-image-49485e57\" src=\"https:\/\/ame43.org\/wp-content\/uploads\/2023\/07\/Marienberg-family-1943-1.jpg\" alt=\"Marienberg family 1943\" title=\"Marienberg family 1943\" srcset=\"https:\/\/ame43.org\/wp-content\/uploads\/2023\/07\/Marienberg-family-1943-1.jpg 1526w, https:\/\/ame43.org\/wp-content\/uploads\/2023\/07\/Marienberg-family-1943-1-300x175.jpg 300w, https:\/\/ame43.org\/wp-content\/uploads\/2023\/07\/Marienberg-family-1943-1-1024x598.jpg 1024w, https:\/\/ame43.org\/wp-content\/uploads\/2023\/07\/Marienberg-family-1943-1-768x448.jpg 768w\" sizes=\"auto, (max-width: 1526px) 100vw, 1526px\" \/>\n<figcaption class=\"gb-headline gb-headline-c2c44a80 gb-headline-text\"><em>De droite \u00e0 gauche : Zev Marienberg (le p\u00e8re du grand-p\u00e8re), la tante Eva Marienberg tenant la petite Simone (qui vient de na\u00eetre et qui a \u00e9t\u00e9 port\u00e9e par le grand-p\u00e8re dans les montagnes), le jeune cousin du grand-p\u00e8re (qui porte le m\u00eame nom que lui : Menachem Marienberg), et l&rsquo;oncle Yitzhak Marienberg (le fr\u00e8re de son p\u00e8re).<\/em><\/figcaption>\n<\/figure>\n\n<p>Nous vous remercions de votre contribution \u00e0 la pr\u00e9servation de la m\u00e9moire des \u00e9v\u00e9nements de l&rsquo;Holocauste.<\/p>\n\n<p class=\"has-text-align-right\"><em>Rakefet Sherman Elisha<\/em><\/p>\n","protected":false},"excerpt":{"rendered":"<p>Mon grand-p\u00e8re, Menachem Marienberg, faisait partie de ceux qui ont travers\u00e9 les Alpes pour se rendre en Italie en 1943. Il a fui la Belgique pour la France en 1940 &#8230; <a title=\"L&rsquo;histoire de son grand-p\u00e8re, Menachem Marienberg, racont\u00e9e par Rakefet Elisha\" class=\"read-more\" href=\"https:\/\/ame43.org\/fr\/lhistoire-de-son-grand-pere-menachem-marienberg-racontee-par-rakefet-elisha\/\" aria-label=\"En savoir plus sur L&rsquo;histoire de son grand-p\u00e8re, Menachem Marienberg, racont\u00e9e par Rakefet Elisha\">Lire la suite<\/a><\/p>\n","protected":false},"author":1,"featured_media":0,"parent":0,"menu_order":0,"comment_status":"closed","ping_status":"closed","template":"","meta":{"_acf_changed":false,"footnotes":""},"class_list":{"0":"post-2104","1":"page","2":"type-page","3":"status-publish","5":"no-featured-image-padding"},"acf":[],"jetpack_sharing_enabled":true,"_links":{"self":[{"href":"https:\/\/ame43.org\/fr\/wp-json\/wp\/v2\/pages\/2104","targetHints":{"allow":["GET"]}}],"collection":[{"href":"https:\/\/ame43.org\/fr\/wp-json\/wp\/v2\/pages"}],"about":[{"href":"https:\/\/ame43.org\/fr\/wp-json\/wp\/v2\/types\/page"}],"author":[{"embeddable":true,"href":"https:\/\/ame43.org\/fr\/wp-json\/wp\/v2\/users\/1"}],"replies":[{"embeddable":true,"href":"https:\/\/ame43.org\/fr\/wp-json\/wp\/v2\/comments?post=2104"}],"version-history":[{"count":4,"href":"https:\/\/ame43.org\/fr\/wp-json\/wp\/v2\/pages\/2104\/revisions"}],"predecessor-version":[{"id":2118,"href":"https:\/\/ame43.org\/fr\/wp-json\/wp\/v2\/pages\/2104\/revisions\/2118"}],"wp:attachment":[{"href":"https:\/\/ame43.org\/fr\/wp-json\/wp\/v2\/media?parent=2104"}],"curies":[{"name":"wp","href":"https:\/\/api.w.org\/{rel}","templated":true}]}}