{"id":2106,"date":"2023-07-31T20:40:30","date_gmt":"2023-07-31T20:40:30","guid":{"rendered":"https:\/\/ame43.org\/relier-la-chaine-des-generations\/"},"modified":"2023-08-18T11:49:09","modified_gmt":"2023-08-18T11:49:09","slug":"relier-la-chaine-des-generations","status":"publish","type":"page","link":"https:\/\/ame43.org\/fr\/relier-la-chaine-des-generations\/","title":{"rendered":"Relier la cha\u00eene des g\u00e9n\u00e9rations"},"content":{"rendered":"\n<figure class=\"gb-block-image gb-block-image-31c3b4bc\"><img loading=\"lazy\" decoding=\"async\" width=\"225\" height=\"300\" class=\"gb-image gb-image-31c3b4bc\" src=\"https:\/\/ame43.org\/wp-content\/uploads\/2023\/07\/Elia-looking-over-the-mountains-225x300.jpg\" alt=\"Elia looking over the mountains\" title=\"Elia looking over the mountains\" srcset=\"https:\/\/ame43.org\/wp-content\/uploads\/2023\/07\/Elia-looking-over-the-mountains-225x300.jpg 225w, https:\/\/ame43.org\/wp-content\/uploads\/2023\/07\/Elia-looking-over-the-mountains-768x1024.jpg 768w, https:\/\/ame43.org\/wp-content\/uploads\/2023\/07\/Elia-looking-over-the-mountains-1152x1536.jpg 1152w, https:\/\/ame43.org\/wp-content\/uploads\/2023\/07\/Elia-looking-over-the-mountains.jpg 1200w\" sizes=\"auto, (max-width: 225px) 100vw, 225px\" \/>\n<figcaption class=\"gb-headline gb-headline-659fdd90 gb-headline-text\"><em>Elia regarde vers le col de Fenestre<\/em><\/figcaption>\n<\/figure>\n\n<p>Des petits pieds ont march\u00e9 ici &#8211;<br\/>avaient march\u00e9 \u00e0 l&rsquo;\u00e9poque et marchent aujourd&rsquo;hui.<br\/>Des petits pieds qui d&rsquo;un ennemi se sont enfuis.<br\/>Ils n&rsquo;osaient pas r\u00eaver &#8211;<br\/>qu&rsquo;un jour viendrait o\u00f9 \u00e0 nouveau,<br\/>les pieds d&rsquo;un enfant<br\/>marcherait sur cette m\u00eame montagne.<\/p>\n\n<p>L&rsquo;arri\u00e8re-petit-fils de l&rsquo;enfant fugace et hant\u00e9.<br\/>Il est depuis retourn\u00e9 dans son pays.<br\/>En vie, en bonne sant\u00e9 et en train d&rsquo;\u00e9lever des enfants,<br\/>petits-enfants et arri\u00e8re-petits-enfants et arri\u00e8re-arri\u00e8re-petits-enfants.<br\/>Et ils y sont tous retourn\u00e9s &#8211;<br\/>avec courage, bravoure et espoir<br\/>\u00e0 cette m\u00eame montagne.<\/p>\n\n<p class=\"has-text-align-right\"><em>Sara Dahlia Weisman<\/em><\/p>\n\n<p>Sara Dahlia Weisman, a rejoint la Marche en septembre 2022, aux c\u00f4t\u00e9s de son grand-p\u00e8re, Avraham Schonbrunn, et de ses trois jeunes enfants, dont le plus jeune, Elia, avait quatre ans, soit l&rsquo;\u00e2ge de son grand-p\u00e8re lorsqu&rsquo;il a travers\u00e9 les montagnes avec sa famille en 1943.<\/p>\n","protected":false},"excerpt":{"rendered":"<p>Des petits pieds ont march\u00e9 ici &#8211;avaient march\u00e9 \u00e0 l&rsquo;\u00e9poque et marchent aujourd&rsquo;hui.Des petits pieds qui d&rsquo;un ennemi se sont enfuis.Ils n&rsquo;osaient pas r\u00eaver &#8211;qu&rsquo;un jour viendrait o\u00f9 \u00e0 nouveau,les &#8230; <a title=\"Relier la cha\u00eene des g\u00e9n\u00e9rations\" class=\"read-more\" href=\"https:\/\/ame43.org\/fr\/relier-la-chaine-des-generations\/\" aria-label=\"En savoir plus sur Relier la cha\u00eene des g\u00e9n\u00e9rations\">Lire la suite<\/a><\/p>\n","protected":false},"author":1,"featured_media":0,"parent":0,"menu_order":0,"comment_status":"closed","ping_status":"closed","template":"","meta":{"_acf_changed":false,"footnotes":""},"class_list":{"0":"post-2106","1":"page","2":"type-page","3":"status-publish","5":"no-featured-image-padding"},"acf":[],"jetpack_sharing_enabled":true,"_links":{"self":[{"href":"https:\/\/ame43.org\/fr\/wp-json\/wp\/v2\/pages\/2106","targetHints":{"allow":["GET"]}}],"collection":[{"href":"https:\/\/ame43.org\/fr\/wp-json\/wp\/v2\/pages"}],"about":[{"href":"https:\/\/ame43.org\/fr\/wp-json\/wp\/v2\/types\/page"}],"author":[{"embeddable":true,"href":"https:\/\/ame43.org\/fr\/wp-json\/wp\/v2\/users\/1"}],"replies":[{"embeddable":true,"href":"https:\/\/ame43.org\/fr\/wp-json\/wp\/v2\/comments?post=2106"}],"version-history":[{"count":3,"href":"https:\/\/ame43.org\/fr\/wp-json\/wp\/v2\/pages\/2106\/revisions"}],"predecessor-version":[{"id":2109,"href":"https:\/\/ame43.org\/fr\/wp-json\/wp\/v2\/pages\/2106\/revisions\/2109"}],"wp:attachment":[{"href":"https:\/\/ame43.org\/fr\/wp-json\/wp\/v2\/media?parent=2106"}],"curies":[{"name":"wp","href":"https:\/\/api.w.org\/{rel}","templated":true}]}}