{"id":2223,"date":"2023-08-06T06:27:20","date_gmt":"2023-08-06T06:27:20","guid":{"rendered":"https:\/\/ame43.org\/?page_id=2223"},"modified":"2023-08-06T14:04:24","modified_gmt":"2023-08-06T14:04:24","slug":"voyage-de-foi-hommage-a-naftali-et-saint-martin-vesubie","status":"publish","type":"page","link":"https:\/\/ame43.org\/fr\/voyage-de-foi-hommage-a-naftali-et-saint-martin-vesubie\/","title":{"rendered":"Voyage de Foi: Hommage \u00e0 Naftali et Saint Martin V\u00e9subie"},"content":{"rendered":"<div class=\"gb-container gb-container-fb1b16f9\">\n<div class=\"gb-container gb-container-7f0c4773\">\n\n<h1 class=\"gb-headline gb-headline-3318dc3a gb-headline-text\">Voyage de Foi: Hommage \u00e0 Naftali et Saint Martin V\u00e9subie<\/h1>\n\n<\/div>\n\n\n<p>Dans les temps sombres, un h\u00e9ros se leva,<br>Naftali, mon grand-p\u00e8re, vaillant et sage.<br>\u00c0 travers les Alpes franco-italiennes, il s&rsquo;enfuit,<br>\u00c9chappant aux griffes de l&rsquo;inf\u00e2me Nazi.<\/p>\n\n\n\n<p>Du village de Saint Martin V\u00e9subie,<br>Ils sauv\u00e8rent ma famille et bien d&rsquo;autres avec joie.<br>La gratitude emplit nos coeurs pour leurs actes altruistes,<br>Offrant refuge et r\u00e9pondant \u00e0 nos besoins.<\/p>\n\n\n\n<p>Avec un rouleau de Torah, Naftali se lan\u00e7a,<br>Symbole de foi, jamais ne s\u2019\u00e9teignant.<br>\u00c0 travers des sentiers perfides et des chemins enneig\u00e9s,<br>Il porta la parole de Dieu, son esprit jamais ne c\u00e9da.<\/p>\n\n\n\n<p>Parmi les montagnes sauvages, il avan\u00e7a avec pr\u00e9caution,<br>Les splendides paysages, et l&rsquo;air pur.<br>Pourtant, le monde en bas, d\u00e9vor\u00e9 par les guerres,<br>Contraste saisissant avec ce havre de lumi\u00e8re.<\/p>\n\n\n\n<p>Dans le silence de cette majestueuse nature,<br>Naftali trouva r\u00e9confort, un espoir qui perdure.<br>Il s&rsquo;accrocha aux commandements divins, fid\u00e8le et vrai,<br>Guid\u00e9 par la foi, son esprit s&rsquo;\u00e9panouit \u00e0 jamais.<\/p>\n\n\n\n<p>\u00d4 Saint Martin V\u00e9subie, phare resplendissant,<br>Votre bont\u00e9 et votre compassion illuminent tant.<br>Nous vous sommes reconnaissants pour votre accueil si noble,<br>Sauvant des vies, offrant un espace sacr\u00e9 en symbole.<\/p>\n\n\n\n<p>Naftali, mon homonyme, nous t\u2019honorons aujourd\u2019hui,<br>T\u00e9moignage de force, guidant notre parcours.<br>Puissions-nous porter votre h\u00e9ritage en nos coeurs,<br>Foi et d\u00e9votion, jamais ne s&rsquo;\u00e9teignent en ces heures.<\/p>\n\n\n\n<p>Face \u00e0 l&rsquo;obscurit\u00e9, nous resterons in\u00e9branlables,<br>Unis par l&rsquo;amour, nos esprits imp\u00e9rissables.<br>Car \u00e0 travers les \u00e9preuves et les difficult\u00e9s, nous pers\u00e9v\u00e9rerons,<br>Avec gratitude, foi et amour, purs et vrais.<\/p>\n\n\n<div class=\"gb-container gb-container-13c22f80\">\n\n<p class=\"has-text-align-right\"><em>Naftali Gurwitz<\/em><\/p>\n\n\n\n<p class=\"gb-headline gb-headline-9988addd gb-headline-text\"><em>Naftali, un jeune homme de 33 ans r\u00e9sidant en Isra\u00ebl, trouve un sens profond \u00e0 son h\u00e9ritage, inspir\u00e9 par le courageux voyage de ses grands-parents qui ont travers\u00e9 les majestueuses Alpes italo-fran\u00e7aises pendant la Seconde Guerre mondiale, trouvant le salut de l&#8217;emprise des nazis \u00e0 St Martin V\u00e9subie. En 2019, \u00e0 l&rsquo;occasion du 80e anniversaire de sa grand-m\u00e8re, il a d\u00e9cid\u00e9 de rejoindre la \u00ab\u00a0Marche de la M\u00e9moire\u00a0\u00bb de cette ann\u00e9e-l\u00e0 et est tomb\u00e9 amoureux des paysages \u00e0 couper le souffle, des personnes remarquables de la Marche et de l&rsquo;acte puissant de comm\u00e9moration. \u00ab\u00a0Souviens-toi des jours d&rsquo;autrefois, consid\u00e8re les ann\u00e9es de plusieurs g\u00e9n\u00e9rations ; interroge ton p\u00e8re, et il t&rsquo;indiquera, tes anciens, et ils te diront\u00a0\u00bb (Deut\u00e9ronome 32:7). Depuis, il est revenu avec sa femme et attend avec impatience de pouvoir tenir sa promesse d&#8217;emmener ses enfants dans les Alpes, l\u00e0 o\u00f9 s&rsquo;est d\u00e9roul\u00e9e l&rsquo;histoire de leur famille.<\/em><\/p>\n\n\n\n<div class=\"wp-block-jetpack-slideshow aligncenter\" data-autoplay=\"true\" data-delay=\"3\" data-effect=\"slide\"><div class=\"wp-block-jetpack-slideshow_container swiper-container\"><ul class=\"wp-block-jetpack-slideshow_swiper-wrapper swiper-wrapper\"><li class=\"wp-block-jetpack-slideshow_slide swiper-slide\"><figure><img loading=\"lazy\" decoding=\"async\" width=\"1024\" height=\"768\" alt=\"\" class=\"wp-block-jetpack-slideshow_image wp-image-2214\" data-id=\"2214\" src=\"https:\/\/ame43.org\/wp-content\/uploads\/2023\/08\/Naftali-carrying-the-Torah-scroll-in-Saint-Martin-Vesubie-1024x768.jpg\" srcset=\"https:\/\/ame43.org\/wp-content\/uploads\/2023\/08\/Naftali-carrying-the-Torah-scroll-in-Saint-Martin-Vesubie-1024x768.jpg 1024w, https:\/\/ame43.org\/wp-content\/uploads\/2023\/08\/Naftali-carrying-the-Torah-scroll-in-Saint-Martin-Vesubie-300x225.jpg 300w, https:\/\/ame43.org\/wp-content\/uploads\/2023\/08\/Naftali-carrying-the-Torah-scroll-in-Saint-Martin-Vesubie-768x576.jpg 768w, https:\/\/ame43.org\/wp-content\/uploads\/2023\/08\/Naftali-carrying-the-Torah-scroll-in-Saint-Martin-Vesubie-1536x1152.jpg 1536w, https:\/\/ame43.org\/wp-content\/uploads\/2023\/08\/Naftali-carrying-the-Torah-scroll-in-Saint-Martin-Vesubie.jpg 1600w\" sizes=\"(max-width: 1024px) 100vw, 1024px\" \/><figcaption class=\"wp-block-jetpack-slideshow_caption gallery-caption\">Naftali portant le rouleau de la Torah \u00e0 Saint Martin V\u00e9subie<\/figcaption><\/figure><\/li><li class=\"wp-block-jetpack-slideshow_slide swiper-slide\"><figure><img loading=\"lazy\" decoding=\"async\" width=\"768\" height=\"1024\" alt=\"\" class=\"wp-block-jetpack-slideshow_image wp-image-2261\" data-id=\"2261\" src=\"https:\/\/ame43.org\/wp-content\/uploads\/2023\/08\/Naftali-Gurwitz-with-his-wife-at-Memo4345-768x1024.jpg\" srcset=\"https:\/\/ame43.org\/wp-content\/uploads\/2023\/08\/Naftali-Gurwitz-with-his-wife-at-Memo4345-768x1024.jpg 768w, https:\/\/ame43.org\/wp-content\/uploads\/2023\/08\/Naftali-Gurwitz-with-his-wife-at-Memo4345-225x300.jpg 225w, https:\/\/ame43.org\/wp-content\/uploads\/2023\/08\/Naftali-Gurwitz-with-his-wife-at-Memo4345-1152x1536.jpg 1152w, https:\/\/ame43.org\/wp-content\/uploads\/2023\/08\/Naftali-Gurwitz-with-his-wife-at-Memo4345.jpg 1200w\" sizes=\"(max-width: 768px) 100vw, 768px\" \/><figcaption class=\"wp-block-jetpack-slideshow_caption gallery-caption\">Naftali avec son \u00e9pouse Shoshi \u00e0 Memo4345<\/figcaption><\/figure><\/li><li class=\"wp-block-jetpack-slideshow_slide swiper-slide\"><figure><img loading=\"lazy\" decoding=\"async\" width=\"576\" height=\"1024\" alt=\"\" class=\"wp-block-jetpack-slideshow_image wp-image-2264\" data-id=\"2264\" src=\"https:\/\/ame43.org\/wp-content\/uploads\/2023\/08\/Naftali-Gurwitz-blowing-the-shofar-576x1024.jpg\" srcset=\"https:\/\/ame43.org\/wp-content\/uploads\/2023\/08\/Naftali-Gurwitz-blowing-the-shofar-576x1024.jpg 576w, https:\/\/ame43.org\/wp-content\/uploads\/2023\/08\/Naftali-Gurwitz-blowing-the-shofar-169x300.jpg 169w, https:\/\/ame43.org\/wp-content\/uploads\/2023\/08\/Naftali-Gurwitz-blowing-the-shofar-768x1365.jpg 768w, https:\/\/ame43.org\/wp-content\/uploads\/2023\/08\/Naftali-Gurwitz-blowing-the-shofar-864x1536.jpg 864w, https:\/\/ame43.org\/wp-content\/uploads\/2023\/08\/Naftali-Gurwitz-blowing-the-shofar.jpg 900w\" sizes=\"(max-width: 576px) 100vw, 576px\" \/><figcaption class=\"wp-block-jetpack-slideshow_caption gallery-caption\">Naftali sonne le shofar pendnt le mois d&rsquo;Elul<\/figcaption><\/figure><\/li><\/ul><a class=\"wp-block-jetpack-slideshow_button-prev swiper-button-prev swiper-button-white\" role=\"button\"><\/a><a class=\"wp-block-jetpack-slideshow_button-next swiper-button-next swiper-button-white\" role=\"button\"><\/a><a aria-label=\"Pause Slideshow\" class=\"wp-block-jetpack-slideshow_button-pause\" role=\"button\"><\/a><div class=\"wp-block-jetpack-slideshow_pagination swiper-pagination swiper-pagination-white\"><\/div><\/div><\/div>\n\n<\/div>\n<\/div>","protected":false},"excerpt":{"rendered":"<p>Voyage de Foi: Hommage \u00e0 Naftali et Saint Martin V\u00e9subie Dans les temps sombres, un h\u00e9ros se leva,Naftali, mon grand-p\u00e8re, vaillant et sage.\u00c0 travers les Alpes franco-italiennes, il s&rsquo;enfuit,\u00c9chappant aux &#8230; <a title=\"Voyage de Foi: Hommage \u00e0 Naftali et Saint Martin V\u00e9subie\" class=\"read-more\" href=\"https:\/\/ame43.org\/fr\/voyage-de-foi-hommage-a-naftali-et-saint-martin-vesubie\/\" aria-label=\"En savoir plus sur Voyage de Foi: Hommage \u00e0 Naftali et Saint Martin V\u00e9subie\">Lire la suite<\/a><\/p>\n","protected":false},"author":1,"featured_media":0,"parent":0,"menu_order":0,"comment_status":"open","ping_status":"closed","template":"","meta":{"_acf_changed":false,"footnotes":""},"class_list":{"0":"post-2223","1":"page","2":"type-page","3":"status-publish","5":"no-featured-image-padding"},"acf":[],"jetpack_sharing_enabled":true,"_links":{"self":[{"href":"https:\/\/ame43.org\/fr\/wp-json\/wp\/v2\/pages\/2223","targetHints":{"allow":["GET"]}}],"collection":[{"href":"https:\/\/ame43.org\/fr\/wp-json\/wp\/v2\/pages"}],"about":[{"href":"https:\/\/ame43.org\/fr\/wp-json\/wp\/v2\/types\/page"}],"author":[{"embeddable":true,"href":"https:\/\/ame43.org\/fr\/wp-json\/wp\/v2\/users\/1"}],"replies":[{"embeddable":true,"href":"https:\/\/ame43.org\/fr\/wp-json\/wp\/v2\/comments?post=2223"}],"version-history":[{"count":10,"href":"https:\/\/ame43.org\/fr\/wp-json\/wp\/v2\/pages\/2223\/revisions"}],"predecessor-version":[{"id":2339,"href":"https:\/\/ame43.org\/fr\/wp-json\/wp\/v2\/pages\/2223\/revisions\/2339"}],"wp:attachment":[{"href":"https:\/\/ame43.org\/fr\/wp-json\/wp\/v2\/media?parent=2223"}],"curies":[{"name":"wp","href":"https:\/\/api.w.org\/{rel}","templated":true}]}}