{"id":2247,"date":"2023-08-06T07:33:12","date_gmt":"2023-08-06T07:33:12","guid":{"rendered":"https:\/\/ame43.org\/lexperience-de-mike-ebrani-sur-les-differentes-marches-de-la-memoire\/"},"modified":"2023-08-17T13:07:55","modified_gmt":"2023-08-17T13:07:55","slug":"lexperience-de-mike-ebrani-sur-les-differentes-marches-de-la-memoire","status":"publish","type":"page","link":"https:\/\/ame43.org\/fr\/lexperience-de-mike-ebrani-sur-les-differentes-marches-de-la-memoire\/","title":{"rendered":"L&rsquo;exp\u00e9rience de Mike Ebrani sur les diff\u00e9rentes Marches de la M\u00e9moire"},"content":{"rendered":"\n<p>Nous avons particip\u00e9 \u00e0 la Marche \u00e0 trois reprises.<\/p>\n\n<p>Chaque fois, notre groupe familial s&rsquo;est agrandi.  <\/p>\n\n<p>Chaque fois, c&rsquo;\u00e9tait un d\u00e9fi physique.  <\/p>\n\n<p>La premi\u00e8re fois, je suis venu mal \u00e9quip\u00e9, sans chaussures de randonn\u00e9e, sans b\u00e2tons de ski.  <\/p>\n\n<p>La descente \u00e9tait p\u00e9rilleuse. C&rsquo;\u00e9tait la partie la plus difficile. Vers la fin, je pouvais \u00e0 peine plier les genoux.  <\/p>\n\n<p>La deuxi\u00e8me fois a \u00e9t\u00e9 plus facile. Je suis arriv\u00e9e mieux pr\u00e9par\u00e9e et j&rsquo;ai pu mieux me concentrer sur le sens, sur la raison pour laquelle nous \u00e9tions l\u00e0. Ce n&rsquo;\u00e9tait pas pour le plaisir. Il s&rsquo;agissait de comm\u00e9morer une fuite des nazis. Pourtant, c&rsquo;\u00e9tait magnifique, avec des montagnes pastorales et des animaux sauvages \u00e0 admirer dans l&rsquo;air pur des basses Alpes. <\/p>\n\n<p>La troisi\u00e8me fois a \u00e9t\u00e9 la plus significative puisque nous sommes arriv\u00e9s cette fois avec les quatre g\u00e9n\u00e9rations. Nos petits-enfants qui avaient \u00e0 peu pr\u00e8s l&rsquo;\u00e2ge de notre p\u00e8re lorsqu&rsquo;il a \u00e9chapp\u00e9 aux nazis. Mais vous avez vu la joie de ces jeunes enfants innocents, avec la facilit\u00e9 avec laquelle ils grimpaient, avec l&rsquo;\u00e9merveillement de l&rsquo;enfance au fond d&rsquo;eux. On se demande si c&rsquo;\u00e9tait la m\u00eame chose pour ces enfants il y a 80 ans. Probablement. Peut-\u00eatre. Parfois.<\/p>\n\n<p>Mais il y avait aussi le froid, la faim, la peur. Peut-\u00eatre surtout. Surtout pour les adultes.  <\/p>\n\n<p>Non, nous ne pourrons jamais comprendre ce qu&rsquo;ils ont v\u00e9cu. Nous ne pouvons qu&rsquo;\u00eatre reconnaissants envers ceux qui ont surv\u00e9cu. En effet, nous ne serions pas ici autrement.  <\/p>\n\n<p>Et nous nous souvenons de ceux que nous avons perdus. M\u00eame si nous ne les avons jamais connus. M\u00eame si les enfants d&rsquo;il y a 80 ans les connaissaient \u00e0 peine.<\/p>\n\n<p>Et reconnaissants pour les marches de notre \u00e9poque qui nous permettent de nous contenter d&rsquo;un simple geste. En y trouvant de l&rsquo;\u00e9motion et du r\u00e9confort.<\/p>\n\n<p class=\"has-text-align-right\"><em>Mike Ebrani<\/em><\/p>\n\n<p>\u00ab\u00a0<em>Ma femme est la fille d&rsquo;un survivant qui, alors qu&rsquo;il n&rsquo;\u00e9tait qu&rsquo;un jeune gar\u00e7on, a \u00e9t\u00e9 contraint, avec sa famille, de traverser la fronti\u00e8re entre Saint Martin V\u00e9subie et l&rsquo;Italie pour fuir les nazis, qui avaient l&rsquo;intention de les retrouver et de les assassiner<\/em>.<\/p>\n\n<figure class=\"gb-block-image gb-block-image-93989632\"><img loading=\"lazy\" decoding=\"async\" width=\"1600\" height=\"900\" class=\"gb-image gb-image-93989632\" src=\"https:\/\/ame43.org\/wp-content\/uploads\/2023\/08\/The-first-Schonbrunn-family-Marche-in-2017.jpg\" alt=\"\" title=\"The first Schonbrunn family Marche in 2017\" srcset=\"https:\/\/ame43.org\/wp-content\/uploads\/2023\/08\/The-first-Schonbrunn-family-Marche-in-2017.jpg 1600w, https:\/\/ame43.org\/wp-content\/uploads\/2023\/08\/The-first-Schonbrunn-family-Marche-in-2017-300x169.jpg 300w, https:\/\/ame43.org\/wp-content\/uploads\/2023\/08\/The-first-Schonbrunn-family-Marche-in-2017-1024x576.jpg 1024w, https:\/\/ame43.org\/wp-content\/uploads\/2023\/08\/The-first-Schonbrunn-family-Marche-in-2017-768x432.jpg 768w, https:\/\/ame43.org\/wp-content\/uploads\/2023\/08\/The-first-Schonbrunn-family-Marche-in-2017-1536x864.jpg 1536w\" sizes=\"auto, (max-width: 1600px) 100vw, 1600px\" \/>\n<figcaption class=\"gb-headline gb-headline-5ca51376 gb-headline-text\"><em>La premi\u00e8re marche de la famille Schonbrunn en 2017, pr\u00e8s du monument comm\u00e9morant ceux qui ont p\u00e9ri en essayant de sauver leur vie. Avec le fils Arnold Schonbrunn, qui a surv\u00e9cu, montrant Josef, le p\u00e8re, qui n&rsquo;a pas r\u00e9ussi \u00e0 regagner la s\u00e9curit\u00e9 de Saint Martin V\u00e9subie.<\/em><\/figcaption>\n<\/figure>\n","protected":false},"excerpt":{"rendered":"<p>Nous avons particip\u00e9 \u00e0 la Marche \u00e0 trois reprises. Chaque fois, notre groupe familial s&rsquo;est agrandi. Chaque fois, c&rsquo;\u00e9tait un d\u00e9fi physique. La premi\u00e8re fois, je suis venu mal \u00e9quip\u00e9, &#8230; <a title=\"L&rsquo;exp\u00e9rience de Mike Ebrani sur les diff\u00e9rentes Marches de la M\u00e9moire\" class=\"read-more\" href=\"https:\/\/ame43.org\/fr\/lexperience-de-mike-ebrani-sur-les-differentes-marches-de-la-memoire\/\" aria-label=\"En savoir plus sur L&rsquo;exp\u00e9rience de Mike Ebrani sur les diff\u00e9rentes Marches de la M\u00e9moire\">Lire la suite<\/a><\/p>\n","protected":false},"author":1,"featured_media":0,"parent":0,"menu_order":0,"comment_status":"open","ping_status":"closed","template":"","meta":{"_acf_changed":false,"footnotes":""},"class_list":{"0":"post-2247","1":"page","2":"type-page","3":"status-publish","5":"no-featured-image-padding"},"acf":[],"jetpack_sharing_enabled":true,"_links":{"self":[{"href":"https:\/\/ame43.org\/fr\/wp-json\/wp\/v2\/pages\/2247","targetHints":{"allow":["GET"]}}],"collection":[{"href":"https:\/\/ame43.org\/fr\/wp-json\/wp\/v2\/pages"}],"about":[{"href":"https:\/\/ame43.org\/fr\/wp-json\/wp\/v2\/types\/page"}],"author":[{"embeddable":true,"href":"https:\/\/ame43.org\/fr\/wp-json\/wp\/v2\/users\/1"}],"replies":[{"embeddable":true,"href":"https:\/\/ame43.org\/fr\/wp-json\/wp\/v2\/comments?post=2247"}],"version-history":[{"count":1,"href":"https:\/\/ame43.org\/fr\/wp-json\/wp\/v2\/pages\/2247\/revisions"}],"predecessor-version":[{"id":2248,"href":"https:\/\/ame43.org\/fr\/wp-json\/wp\/v2\/pages\/2247\/revisions\/2248"}],"wp:attachment":[{"href":"https:\/\/ame43.org\/fr\/wp-json\/wp\/v2\/media?parent=2247"}],"curies":[{"name":"wp","href":"https:\/\/api.w.org\/{rel}","templated":true}]}}