{"id":2346,"date":"2023-08-10T07:05:58","date_gmt":"2023-08-10T07:05:58","guid":{"rendered":"https:\/\/ame43.org\/?page_id=2346"},"modified":"2023-08-17T13:05:23","modified_gmt":"2023-08-17T13:05:23","slug":"histoire-de-la-famille-epelbaum","status":"publish","type":"page","link":"https:\/\/ame43.org\/fr\/histoire-de-la-famille-epelbaum\/","title":{"rendered":"L&rsquo;histoire de la famille Epelbaum"},"content":{"rendered":"\n<p><em>La version int\u00e9grale de ce texte de <em>Jo\u00eblle Hansel<\/em><\/em> <em>est parue en fran\u00e7ais sous le titre \u00ab Una targa per ricordare otto vittime del nazifascismo \u00bb (\u00ab Une plaque pour comm\u00e9morer huit victimes du nazi-fascisme \u00bb dans <em>\u00ab <\/em>Rendiconti Cuneo 2019<em> \u00bb<\/em>, \u00e9dit\u00e9 par S. Chiavero, D. Damiano, R. Martelli, Cuneo, \u00e9ditions Nerosubianco, 2019, p. 198 \u00e0 201.<\/em><\/p>\n\n\n\n<p>Le 26 avril 1945, \u00e0 Cuneo (Italie), sous la cinqui\u00e8me arche du viaduc de Valdieri, Herman Armand Mo\u00efse Herz Epelbaum, notre grand-p\u00e8re, Bernard Futtermann, son beau-fr\u00e8re, et Marcel Futtermann, son neveu \u00e2g\u00e9 \u00e0 peine de dix-sept ans, furent assassin\u00e9s par les nazis. Ainsi se terminait tragiquement un p\u00e9riple qui avait commenc\u00e9 en 1940 lorsqu\u2019ils avaient fui, avec leur famille, Paris occup\u00e9 par les Allemands.<\/p>\n\n\n\n<div class=\"wp-block-jetpack-slideshow aligncenter\" data-effect=\"slide\"><div class=\"wp-block-jetpack-slideshow_container swiper-container\"><ul class=\"wp-block-jetpack-slideshow_swiper-wrapper swiper-wrapper\"><li class=\"wp-block-jetpack-slideshow_slide swiper-slide\"><figure><img loading=\"lazy\" decoding=\"async\" width=\"687\" height=\"1024\" alt=\"\" class=\"wp-block-jetpack-slideshow_image wp-image-2348\" data-id=\"2348\" src=\"https:\/\/ame43.org\/wp-content\/uploads\/2023\/08\/Marcel-Futtermann-687x1024.jpg\" srcset=\"https:\/\/ame43.org\/wp-content\/uploads\/2023\/08\/Marcel-Futtermann-687x1024.jpg 687w, https:\/\/ame43.org\/wp-content\/uploads\/2023\/08\/Marcel-Futtermann-201x300.jpg 201w, https:\/\/ame43.org\/wp-content\/uploads\/2023\/08\/Marcel-Futtermann.jpg 743w\" sizes=\"(max-width: 687px) 100vw, 687px\" \/><figcaption class=\"wp-block-jetpack-slideshow_caption gallery-caption\">Marcel Futtermann<\/figcaption><\/figure><\/li><li class=\"wp-block-jetpack-slideshow_slide swiper-slide\"><figure><img loading=\"lazy\" decoding=\"async\" width=\"768\" height=\"1024\" alt=\"\" class=\"wp-block-jetpack-slideshow_image wp-image-2352\" data-id=\"2352\" src=\"https:\/\/ame43.org\/wp-content\/uploads\/2023\/08\/Marcel-Futtermann-peint-de-memoire-par-son-cousin-Charles-Dugowson-768x1024.jpg\" srcset=\"https:\/\/ame43.org\/wp-content\/uploads\/2023\/08\/Marcel-Futtermann-peint-de-memoire-par-son-cousin-Charles-Dugowson-768x1024.jpg 768w, https:\/\/ame43.org\/wp-content\/uploads\/2023\/08\/Marcel-Futtermann-peint-de-memoire-par-son-cousin-Charles-Dugowson-225x300.jpg 225w, https:\/\/ame43.org\/wp-content\/uploads\/2023\/08\/Marcel-Futtermann-peint-de-memoire-par-son-cousin-Charles-Dugowson-1152x1536.jpg 1152w, https:\/\/ame43.org\/wp-content\/uploads\/2023\/08\/Marcel-Futtermann-peint-de-memoire-par-son-cousin-Charles-Dugowson.jpg 1200w\" sizes=\"(max-width: 768px) 100vw, 768px\" \/><figcaption class=\"wp-block-jetpack-slideshow_caption gallery-caption\">Marcel Futtermann, peint de m\u00e9moire par son cousin, Charles Dugowson<\/figcaption><\/figure><\/li><\/ul><a class=\"wp-block-jetpack-slideshow_button-prev swiper-button-prev swiper-button-white\" role=\"button\"><\/a><a class=\"wp-block-jetpack-slideshow_button-next swiper-button-next swiper-button-white\" role=\"button\"><\/a><a aria-label=\"Pause Slideshow\" class=\"wp-block-jetpack-slideshow_button-pause\" role=\"button\"><\/a><div class=\"wp-block-jetpack-slideshow_pagination swiper-pagination swiper-pagination-white\"><\/div><\/div><\/div>\n\n\n\n<p>L\u00e9a, notre grand-m\u00e8re, et Lucien, notre p\u00e8re, nous avaient parl\u00e9 des \u00e9tapes de ce p\u00e9riple. Ils avaient d\u2019abord quitt\u00e9 Paris pour Nice o\u00f9 ils avaient v\u00e9cu dans une relative tranquillit\u00e9 jusqu\u2019\u00e0 ce que les Allemands s\u2019emparent de la ville. Ils avaient alors travers\u00e9 les Alpes pour se r\u00e9fugier dans un village du nord de l\u2019Italie. Leur cachette avait \u00e9t\u00e9 d\u00e9couverte \u00e0 cause de jeunes italiennes avec lesquelles Marcel avait sympathis\u00e9 et qui les avaient d\u00e9nonc\u00e9s aux Allemands. Au moment o\u00f9 notre grand-p\u00e8re avait \u00e9t\u00e9 arr\u00eat\u00e9, notre p\u00e8re avait \u00e9t\u00e9 sauv\u00e9, in extremis, parce qu\u2019il n\u2019avait que 14 ans. S\u2019ils \u00e9pargnaient les femmes, les assassins passaient par les armes tous les hommes \u00e2g\u00e9s de plus de 16 ans.<\/p>\n\n\n\n<p>Le r\u00e9cit de notre grand-m\u00e8re et de notre p\u00e8re laissait subsister des zones d\u2019ombre. A quel moment avaient-ils quitt\u00e9 Nice pour Saint-Martin V\u00e9subie ? Pourquoi n\u2019avaient-ils jamais mentionn\u00e9 leur s\u00e9jour dans ce village o\u00f9 les Juifs jouirent de quelques mois de tranquillit\u00e9, et o\u00f9 les enfants et adolescents de l\u2019\u00e2ge de notre p\u00e8re avaient eu tant de bon temps ? Par o\u00f9 \u00e9taient-ils donc pass\u00e9s lors de leur travers\u00e9e des Alpes ?<\/p>\n\n\n\n<p>Apr\u00e8s la mort de notre grand-m\u00e8re, en 1984, nous avons trouv\u00e9 dans ses papiers l\u2019acte de d\u00e9c\u00e8s de notre grand-p\u00e8re \u00e9tabli par la mairie de Cuneo apr\u00e8s son ex\u00e9cution. Sa domiciliation \u00e0 Saint-Martin V\u00e9subie y figurait. En 2016, Danielle Baudot Laksine qui a accompli un si important travail sur les Justes de Saint-Martin V\u00e9subie nous a envoy\u00e9 la liste des clients de l\u2019\u00e9picier du village sur laquelle figurent les noms de Bernard, Sonia et Marcel Futtermann.<\/p>\n\n\n\n<p>Notre famille avait donc bien r\u00e9sid\u00e9 \u00e0 Saint-Martin V\u00e9subie. Elle avait suivi le m\u00eame itin\u00e9raire que celui des centaines de Juifs qui avaient fui Saint-Martin le 9 septembre 1943, avec l\u2019arm\u00e9e italienne qui faisait retraite devant les Allemands.<\/p>\n\n\n\n<p>En septembre 2019, nous nous sommes rendus, mes fr\u00e8res et s\u0153urs et moi, \u00e0 Saint-Martin V\u00e9subie o\u00f9 nous avons rencontr\u00e9 David Bernheim. De l\u2019autre c\u00f4t\u00e9 des Alpes, nos amis italiens nous ont entra\u00een\u00e9s sur les traces de notre famille : le col par lequel ils pass\u00e8rent du c\u00f4t\u00e9 italien et furent accueillis par les partisans italiens ; le hameau de Cornaletto o\u00f9 ils se sont cach\u00e9s ; la localit\u00e9 de Demonte o\u00f9 Marcel fut d\u00e9nonc\u00e9 ; la prison de Cuneo o\u00f9 Marcel, son p\u00e8re et notre grand-p\u00e8re furent enferm\u00e9s apr\u00e8s leur arrestation, le 12 avril 1945. Enfin, le viaduc de Valdieri o\u00f9 ils furent assassin\u00e9s avec trois autres Juifs &#8211; Hugo Korbel, Siegfried Schwartz et Georges Joseph &#8211; et deux partisans italiens.<\/p>\n\n\n\n<p>Notre p\u00e9riple s\u2019est achev\u00e9 avec la pose de la plaque qui porte leur nom, \u00e0 Cuneo, le 19 septembre 2019, lors d\u2019une c\u00e9r\u00e9monie \u00e0 laquelle particip\u00e8rent les autorit\u00e9s civiles et militaires de la ville. Y prirent la parole, notamment, Francesco Revelli di Peveragno, ancien vice-pr\u00e9sident de la province de Cuneo.<\/p>\n\n\n\n<p>Gr\u00e2ce \u00e0 L\u00e9a, notre grand-m\u00e8re, et \u00e0 Lucien, notre p\u00e8re, aujourd\u2019hui d\u00e9c\u00e9d\u00e9s, gr\u00e2ce \u00e0 Julie, notre m\u00e8re, le souvenir de notre grand-p\u00e8re restera \u00e0 jamais grav\u00e9 dans nos c\u0153urs.<\/p>\n\n\n\n<p>Nous, les cinq fr\u00e8res et s\u0153urs, vivons aujourd\u2019hui en Isra\u00ebl, avec notre maman. Nous participons \u00e0 la vie de l\u2019Etat juif dont notre grand-p\u00e8re, les cinq Juifs qui sont morts avec lui, et les millions de Juifs extermin\u00e9s par les nazis n\u2019ont pas eu la chance de voir le jour.<\/p>\n\n\n\n<p>Nos parents ont eu 5 enfants : Daniel Moshe Herz qui porte le nom h\u00e9bra\u00efque de notre grand-p\u00e8re, Muriel, Liliane, Alain et moi-m\u00eame.<\/p>\n\n\n\n<p>Ils ont 17 petits-enfants et 15 arri\u00e8re-petits enfants. Nous leur transmettrons le souvenir de notre grand-p\u00e8re qu\u2019ils transmettront \u00e0 leur tour aux g\u00e9n\u00e9rations futures afin qu\u2019il ne soit jamais oubli\u00e9.<\/p>\n\n\n\n<p>\u05dc\u05d6\u05db\u05e8 \u05e1\u05d1\u05e0\u05d5 \u05de\u05e9\u05d4 \u05d4\u05e8\u05e5 \u05d0\u05e4\u05dc\u05d1\u05d0\u05d5\u05dd<br>Bernard et Marcel Futermann<br>Georges Joseph, Hugo Korbel, Siegfried Schwartz<br>\u05ea\u05d4\u05d0 \u05e0\u05e9\u05de\u05ea\u05dd \u05e6\u05e8\u05d5\u05e8\u05d4 \u05d1\u05e6\u05e8\u05d5\u05e8 \u05d4\u05d7\u05d9\u05d9\u05dd.<\/p>\n\n\n\n<p class=\"has-text-align-right\"><em>Joelle Hansel<\/em><\/p>\n\n\n\n<div class=\"wp-block-jetpack-slideshow aligncenter\" data-effect=\"slide\"><div class=\"wp-block-jetpack-slideshow_container swiper-container\"><ul class=\"wp-block-jetpack-slideshow_swiper-wrapper swiper-wrapper\"><li class=\"wp-block-jetpack-slideshow_slide swiper-slide\"><figure><img loading=\"lazy\" decoding=\"async\" width=\"687\" height=\"1024\" alt=\"\" class=\"wp-block-jetpack-slideshow_image wp-image-2355\" data-id=\"2355\" src=\"https:\/\/ame43.org\/wp-content\/uploads\/2023\/08\/La-famille-Epelbaum-1936-687x1024.jpg\" srcset=\"https:\/\/ame43.org\/wp-content\/uploads\/2023\/08\/La-famille-Epelbaum-1936-687x1024.jpg 687w, https:\/\/ame43.org\/wp-content\/uploads\/2023\/08\/La-famille-Epelbaum-1936-201x300.jpg 201w, https:\/\/ame43.org\/wp-content\/uploads\/2023\/08\/La-famille-Epelbaum-1936-768x1145.jpg 768w, https:\/\/ame43.org\/wp-content\/uploads\/2023\/08\/La-famille-Epelbaum-1936-1030x1536.jpg 1030w, https:\/\/ame43.org\/wp-content\/uploads\/2023\/08\/La-famille-Epelbaum-1936.jpg 1073w\" sizes=\"(max-width: 687px) 100vw, 687px\" \/><figcaption class=\"wp-block-jetpack-slideshow_caption gallery-caption\">La famille Epelbaum, 1936<\/figcaption><\/figure><\/li><li class=\"wp-block-jetpack-slideshow_slide swiper-slide\"><figure><img loading=\"lazy\" decoding=\"async\" width=\"1024\" height=\"722\" alt=\"\" class=\"wp-block-jetpack-slideshow_image wp-image-2359\" data-id=\"2359\" src=\"https:\/\/ame43.org\/wp-content\/uploads\/2023\/08\/La-famille-Epelbaum-Trouville-1939-1024x722.jpg\" srcset=\"https:\/\/ame43.org\/wp-content\/uploads\/2023\/08\/La-famille-Epelbaum-Trouville-1939-1024x722.jpg 1024w, https:\/\/ame43.org\/wp-content\/uploads\/2023\/08\/La-famille-Epelbaum-Trouville-1939-300x212.jpg 300w, https:\/\/ame43.org\/wp-content\/uploads\/2023\/08\/La-famille-Epelbaum-Trouville-1939-768x541.jpg 768w, https:\/\/ame43.org\/wp-content\/uploads\/2023\/08\/La-famille-Epelbaum-Trouville-1939-1536x1083.jpg 1536w, https:\/\/ame43.org\/wp-content\/uploads\/2023\/08\/La-famille-Epelbaum-Trouville-1939.jpg 1600w\" sizes=\"(max-width: 1024px) 100vw, 1024px\" \/><figcaption class=\"wp-block-jetpack-slideshow_caption gallery-caption\">La famille Epelbaum, 1939<\/figcaption><\/figure><\/li><li class=\"wp-block-jetpack-slideshow_slide swiper-slide\"><figure><img loading=\"lazy\" decoding=\"async\" width=\"1024\" height=\"746\" alt=\"\" class=\"wp-block-jetpack-slideshow_image wp-image-2362\" data-id=\"2362\" src=\"https:\/\/ame43.org\/wp-content\/uploads\/2023\/08\/Hermann-Armand-Lea-et-Lucien-Epelbaum-1024x746.jpg\" srcset=\"https:\/\/ame43.org\/wp-content\/uploads\/2023\/08\/Hermann-Armand-Lea-et-Lucien-Epelbaum-1024x746.jpg 1024w, https:\/\/ame43.org\/wp-content\/uploads\/2023\/08\/Hermann-Armand-Lea-et-Lucien-Epelbaum-300x219.jpg 300w, https:\/\/ame43.org\/wp-content\/uploads\/2023\/08\/Hermann-Armand-Lea-et-Lucien-Epelbaum-768x560.jpg 768w, https:\/\/ame43.org\/wp-content\/uploads\/2023\/08\/Hermann-Armand-Lea-et-Lucien-Epelbaum-1536x1119.jpg 1536w, https:\/\/ame43.org\/wp-content\/uploads\/2023\/08\/Hermann-Armand-Lea-et-Lucien-Epelbaum.jpg 1600w\" sizes=\"(max-width: 1024px) 100vw, 1024px\" \/><figcaption class=\"wp-block-jetpack-slideshow_caption gallery-caption\">Hermann-Armand, L\u00e9a et Lucien Epelbaum<\/figcaption><\/figure><\/li><\/ul><a class=\"wp-block-jetpack-slideshow_button-prev swiper-button-prev swiper-button-white\" role=\"button\"><\/a><a class=\"wp-block-jetpack-slideshow_button-next swiper-button-next swiper-button-white\" role=\"button\"><\/a><a aria-label=\"Pause Slideshow\" class=\"wp-block-jetpack-slideshow_button-pause\" role=\"button\"><\/a><div class=\"wp-block-jetpack-slideshow_pagination swiper-pagination swiper-pagination-white\"><\/div><\/div><\/div>\n","protected":false},"excerpt":{"rendered":"<p>La version int\u00e9grale de ce texte de Jo\u00eblle Hansel est parue en fran\u00e7ais sous le titre \u00ab Una targa per ricordare otto vittime del nazifascismo \u00bb (\u00ab Une plaque pour &#8230; <a title=\"L&rsquo;histoire de la famille Epelbaum\" class=\"read-more\" href=\"https:\/\/ame43.org\/fr\/histoire-de-la-famille-epelbaum\/\" aria-label=\"En savoir plus sur L&rsquo;histoire de la famille Epelbaum\">Lire la suite<\/a><\/p>\n","protected":false},"author":1,"featured_media":0,"parent":0,"menu_order":0,"comment_status":"open","ping_status":"closed","template":"","meta":{"_acf_changed":false,"footnotes":""},"class_list":{"0":"post-2346","1":"page","2":"type-page","3":"status-publish","5":"no-featured-image-padding"},"acf":[],"jetpack_sharing_enabled":true,"_links":{"self":[{"href":"https:\/\/ame43.org\/fr\/wp-json\/wp\/v2\/pages\/2346","targetHints":{"allow":["GET"]}}],"collection":[{"href":"https:\/\/ame43.org\/fr\/wp-json\/wp\/v2\/pages"}],"about":[{"href":"https:\/\/ame43.org\/fr\/wp-json\/wp\/v2\/types\/page"}],"author":[{"embeddable":true,"href":"https:\/\/ame43.org\/fr\/wp-json\/wp\/v2\/users\/1"}],"replies":[{"embeddable":true,"href":"https:\/\/ame43.org\/fr\/wp-json\/wp\/v2\/comments?post=2346"}],"version-history":[{"count":11,"href":"https:\/\/ame43.org\/fr\/wp-json\/wp\/v2\/pages\/2346\/revisions"}],"predecessor-version":[{"id":2477,"href":"https:\/\/ame43.org\/fr\/wp-json\/wp\/v2\/pages\/2346\/revisions\/2477"}],"wp:attachment":[{"href":"https:\/\/ame43.org\/fr\/wp-json\/wp\/v2\/media?parent=2346"}],"curies":[{"name":"wp","href":"https:\/\/api.w.org\/{rel}","templated":true}]}}