{"id":2438,"date":"2023-08-11T14:49:02","date_gmt":"2023-08-11T14:49:02","guid":{"rendered":"https:\/\/ame43.org\/ludwig-greve-raconte-son-experience-de-la-guerre\/"},"modified":"2023-08-17T13:06:15","modified_gmt":"2023-08-17T13:06:15","slug":"ludwig-greve-raconte-son-experience-de-la-guerre","status":"publish","type":"page","link":"https:\/\/ame43.org\/fr\/ludwig-greve-raconte-son-experience-de-la-guerre\/","title":{"rendered":"Ludwig Greve raconte son exp\u00e9rience de la guerre"},"content":{"rendered":"\n<p><em>Cet article nous a \u00e9t\u00e9 envoy\u00e9 par Hermann Harder, avec le soutien de la fille de Ludwig, Cornelia Greve. (Traduit de l&rsquo;original  <\/em>Autobiographischen Schriften und Briefe<em> (Band 1, Wallstein Verlag, G\u00f6ttingen 2013) de Ludwig Greve (Berlin 1924-1991) [p142-143]<\/em> ) <\/p>\n\n<p>Dans cette guerre, il y a eu des victimes que l&rsquo;on pouvait pleurer, et dont les partis respectifs ont revendiqu\u00e9 les blessures ; et d&rsquo;autres, comme nous le savons, qui n&rsquo;ont pas pu appeler \u00e0 l&rsquo;aide, car les forces de s\u00e9curit\u00e9 elles-m\u00eames les auraient imm\u00e9diatement achev\u00e9es. Ma famille \u00e9tait de ceux-l\u00e0, juifs d&rsquo;origine, gu\u00e8re plus par coutume ou m\u00eame par foi. Nous n&rsquo;\u00e9tions pas mieux pr\u00e9par\u00e9s que les autres citoyens \u00e0 une vie sinon h\u00e9ro\u00efque, du moins aventureuse. Apr\u00e8s avoir renonc\u00e9 \u00e0 tous nos biens, nous avons finalement d\u00fb renoncer \u00e0 notre nom ; pour survivre, pensions-nous ; en r\u00e9alit\u00e9, nous nous renions d\u00e9j\u00e0 avant la fin qui nous est destin\u00e9e. Depuis, nous avons chang\u00e9 plus rapidement de lieux, et bient\u00f4t m\u00eame de pays ; mais avant de s&rsquo;endormir, on s&rsquo;accroche \u00e0 chaque lieu un peu familier qui se r\u00e9v\u00e8le juste comme toute trace d&rsquo;habitude ; aussi, voyager dans un pays \u00e9tranger, dont mes parents ne parlaient pas la langue, et dans la crainte des contr\u00f4les, est tr\u00e8s lent ; enfin, lors du dernier hiver que nous avons pass\u00e9 ensemble (1943\/44), nous avons \u00e9t\u00e9 \u00e0 pied.<\/p>\n\n<p>Je ne peux pas d\u00e9crire ici l&rsquo;hiver dans les montagnes au-dessus de Cuneo. Je remarque, \u00e0 la vue des photos, que c&rsquo;est l\u00e0 qu&rsquo;a commenc\u00e9 ma v\u00e9ritable pr\u00e9paration, ou comment appeler cela quand tout ce qui arrive, m\u00eame le mauvais, vous emporte jusqu&rsquo;\u00e0 ce que vous pensiez pouvoir le d\u00e9passer ? Ici, fuyant la France, nous avons connu pour la premi\u00e8re fois l&rsquo;hospitalit\u00e9 de l&rsquo;Italie, de ses paysans et de ses gens simples. J&rsquo;y ai perdu mon p\u00e8re, ma petite s\u0153ur. Plus tard, lorsque la blessure \u00e0 l&rsquo;\u00e9paule a commenc\u00e9 \u00e0 s&rsquo;envenimer, je l&rsquo;ai emmen\u00e9e dans un petit h\u00f4pital de Demonte, o\u00f9 les religieuses l&rsquo;ont soign\u00e9e ; elles n&rsquo;ont pas os\u00e9 l&rsquo;op\u00e9rer, car les blessures par balle devaient \u00eatre signal\u00e9es \u00e0 la police questura [headquarters]. Finalement, notre protecteur, le cur\u00e9 de Borgo San Dalmazzo, nous a conseill\u00e9 d&rsquo;aller \u00e0 Lucques. Lors d&rsquo;une visite \u00e0 G\u00eanes, il avait entendu parler de votre engagement dans l&rsquo;Ordinariat de l&rsquo;Archev\u00eaque. Il s&rsquo;occupe \u00e9galement de l&rsquo;argent du voyage : presque tous les citoyens de la petite ville sont absents de la collecte, qui est ouverte un jour au bar d&rsquo;une auberge. Je me souviens que l&rsquo;argent collect\u00e9 s&rsquo;\u00e9levait \u00e0 environ 2 000 lires, ce qui correspondait au salaire mensuel d&rsquo;un ouvrier \u00e0 l&rsquo;\u00e9poque.<\/p>\n\n<p>Via Piacenza, Bologne, Pistoia, cherchant chaque soir juste avant le couvre-feu un h\u00f4tel o\u00f9 ma m\u00e8re pourrait s&rsquo;allonger, retournant en h\u00e2te \u00e0 la gare dans le matin sombre avant que l&rsquo;inspection n&rsquo;arrive, nous avons atteint Lucques en trois jours de voyage. C&rsquo;\u00e9tait au d\u00e9but du mois de mars.  [1944]<\/p>\n\n<p class=\"has-text-align-right\"><em>Ludwig (Lutz) Greve<\/em><\/p>\n\n<figure class=\"gb-block-image gb-block-image-1d2ee35f\"><img loading=\"lazy\" decoding=\"async\" width=\"701\" height=\"1024\" class=\"gb-image gb-image-1d2ee35f\" src=\"https:\/\/ame43.org\/wp-content\/uploads\/2023\/08\/Don-Raimondo-Viale-701x1024.png\" alt=\"\" title=\"Don-Raimondo-Viale\" srcset=\"https:\/\/ame43.org\/wp-content\/uploads\/2023\/08\/Don-Raimondo-Viale-701x1024.png 701w, https:\/\/ame43.org\/wp-content\/uploads\/2023\/08\/Don-Raimondo-Viale-205x300.png 205w, https:\/\/ame43.org\/wp-content\/uploads\/2023\/08\/Don-Raimondo-Viale.png 732w\" sizes=\"auto, (max-width: 701px) 100vw, 701px\" \/>\n<figcaption class=\"gb-headline gb-headline-4a33e5d2 gb-headline-text\"><em>Don Raimondo Viale, cur\u00e9 de Borgo San Dalmazzo &#8211; une photographie que Greve a probablement port\u00e9e sur lui pendant longtemps, comme le sugg\u00e8rent les traces d&rsquo;utilisation. D\u00e9dicace en italien au verso : \u00ab\u00a0\u00c0 mon Lutz, le tr\u00e8s aim\u00e9 parmi les nombreux malheureux que j&rsquo;ai rencontr\u00e9s en de tristes moments, Don Raimondo Viale\u00a0\u00bb. Ludwig Greve et Don Viale se rencontrent \u00e0 nouveau en 1951.<\/em> <em>(Collection priv\u00e9e)<\/em><\/figcaption>\n<\/figure>\n","protected":false},"excerpt":{"rendered":"<p>Cet article nous a \u00e9t\u00e9 envoy\u00e9 par Hermann Harder, avec le soutien de la fille de Ludwig, Cornelia Greve. (Traduit de l&rsquo;original Autobiographischen Schriften und Briefe (Band 1, Wallstein Verlag, &#8230; <a title=\"Ludwig Greve raconte son exp\u00e9rience de la guerre\" class=\"read-more\" href=\"https:\/\/ame43.org\/fr\/ludwig-greve-raconte-son-experience-de-la-guerre\/\" aria-label=\"En savoir plus sur Ludwig Greve raconte son exp\u00e9rience de la guerre\">Lire la suite<\/a><\/p>\n","protected":false},"author":1,"featured_media":0,"parent":0,"menu_order":0,"comment_status":"closed","ping_status":"closed","template":"","meta":{"_acf_changed":false,"footnotes":""},"class_list":{"0":"post-2438","1":"page","2":"type-page","3":"status-publish","5":"no-featured-image-padding"},"acf":[],"jetpack_sharing_enabled":true,"_links":{"self":[{"href":"https:\/\/ame43.org\/fr\/wp-json\/wp\/v2\/pages\/2438","targetHints":{"allow":["GET"]}}],"collection":[{"href":"https:\/\/ame43.org\/fr\/wp-json\/wp\/v2\/pages"}],"about":[{"href":"https:\/\/ame43.org\/fr\/wp-json\/wp\/v2\/types\/page"}],"author":[{"embeddable":true,"href":"https:\/\/ame43.org\/fr\/wp-json\/wp\/v2\/users\/1"}],"replies":[{"embeddable":true,"href":"https:\/\/ame43.org\/fr\/wp-json\/wp\/v2\/comments?post=2438"}],"version-history":[{"count":12,"href":"https:\/\/ame43.org\/fr\/wp-json\/wp\/v2\/pages\/2438\/revisions"}],"predecessor-version":[{"id":2491,"href":"https:\/\/ame43.org\/fr\/wp-json\/wp\/v2\/pages\/2438\/revisions\/2491"}],"wp:attachment":[{"href":"https:\/\/ame43.org\/fr\/wp-json\/wp\/v2\/media?parent=2438"}],"curies":[{"name":"wp","href":"https:\/\/api.w.org\/{rel}","templated":true}]}}