{"id":2540,"date":"2023-08-17T07:45:05","date_gmt":"2023-08-17T07:45:05","guid":{"rendered":"https:\/\/ame43.org\/poeme-davraham-lancry\/"},"modified":"2024-08-11T16:37:36","modified_gmt":"2024-08-11T16:37:36","slug":"poeme-davraham-lancry","status":"publish","type":"page","link":"https:\/\/ame43.org\/fr\/poeme-davraham-lancry\/","title":{"rendered":"Po\u00e8me d&rsquo;Avraham Lancry"},"content":{"rendered":"<div class=\"gb-container gb-container-67f25422\">\n\n<p class=\"has-text-align-right\">\u05d4\u05dc\u05d9\u05db\u05d4 \u05e2\u05d5\u05e6\u05de\u05ea\u05d9\u05ea \u05d5\u05de\u05e8\u05d2\u05e9\u05ea<br\/>\u05d1\u05ea\u05d5\u05da \u05d4\u05e0\u05d5\u05e3 \u05d4\u05d1\u05e8\u05d0\u05e9\u05d9\u05ea\u05d9 \u05dc\u05d6\u05db\u05d5\u05e8 \u05d5\u05dc\u05d4\u05e0\u05e6\u05d9\u05d7 \u05d2\u05d1\u05d5\u05e8\u05d4 \u05e9\u05dc \u05d0\u05e0\u05e9\u05d9\u05dd \u05e9\u05e0\u05dc\u05d7\u05de\u05d5 \u05dc\u05de\u05e2\u05df \u05d4\u05d7\u05d9\u05d9\u05dd<br\/>\u05d5\u05e0\u05d9\u05e6\u05d7\u05d5<br\/>\u05dc\u05d4\u05d9\u05d5\u05ea \u05d7\u05dc\u05e7 \u05de\u05d4\u05e2\u05d3\u05d5\u05ea \u05dc\u05e0\u05d9\u05e6\u05d7\u05d5\u05df \u05d4\u05d8\u05d5\u05d1 \u05e2\u05dc \u05d4\u05e8\u05e2 \u05d4\u05e8\u05db\u05d5\u05ea \u05e2\u05dc \u05d4\u05d0\u05dc\u05d9\u05de\u05d5\u05ea \u05d5\u05d4\u05d7\u05d9\u05d9\u05dd \u05e2\u05dc \u05d4\u05de\u05d5\u05d5\u05ea<\/p>\n\n\n\n<hr class=\"wp-block-separator has-alpha-channel-opacity is-style-default\"\/>\n\n\n\n<p>A powerful and exciting walk<br\/>In the beautiful landscape to remember and commemorate the heroism of people who fought for life<br\/>and won.<br\/>To be part of the testimony of the victory of good over evil, softness over violence and life over death.<\/p>\n\n\n\n<hr class=\"wp-block-separator has-alpha-channel-opacity is-style-default\"\/>\n\n\n\n<p>Une marche puissante et passionnante<br\/>Dans un paysage magnifique pour se souvenir et comm\u00e9morer l&rsquo;h\u00e9ro\u00efsme des personnes qui se sont battues pour la vie<br\/>et qui ont gagn\u00e9.<br\/>Participer au t\u00e9moignage de la victoire du bien sur le mal, de la douceur sur la violence et de la vie sur la mort.<\/p>\n\n\n\n<hr class=\"wp-block-separator has-alpha-channel-opacity is-style-dots\"\/>\n\n\n\n<p class=\"has-text-align-right\"><em>Avraham Lancry<\/em><\/p>\n\n\n\n<p class=\"has-text-align-right\"><em>\u00ab\u00a0J&rsquo;ai assist\u00e9 \u00e0 la marche de la m\u00e9moire par l&rsquo;interm\u00e9diaire d&rsquo;amis proches et je suis tr\u00e8s heureuse d&rsquo;avoir choisi d&rsquo;y participer. C&rsquo;\u00e9tait \u00e9mouvant et puissant pour moi de me souvenir de la capacit\u00e9 du bien et de la vie \u00e0 l&#8217;emporter sur la mort et le mal.\u00a0\u00bb<\/em><\/p>\n\n\n\n<p>(Ce po\u00e8me a d&rsquo;abord \u00e9t\u00e9 \u00e9crit en h\u00e9breu.)<\/p>\n\n\n\n<figure class=\"gb-block-image gb-block-image-0ef998a7\"><img loading=\"lazy\" decoding=\"async\" width=\"1599\" height=\"899\" class=\"gb-image gb-image-0ef998a7\" src=\"https:\/\/ame43.org\/wp-content\/uploads\/2023\/08\/Avraham-Lancry-photo-SMV.jpg\" alt=\"\" title=\"Avraham Lancry photo SMV\" srcset=\"https:\/\/ame43.org\/wp-content\/uploads\/2023\/08\/Avraham-Lancry-photo-SMV.jpg 1599w, https:\/\/ame43.org\/wp-content\/uploads\/2023\/08\/Avraham-Lancry-photo-SMV-300x169.jpg 300w, https:\/\/ame43.org\/wp-content\/uploads\/2023\/08\/Avraham-Lancry-photo-SMV-1024x576.jpg 1024w, https:\/\/ame43.org\/wp-content\/uploads\/2023\/08\/Avraham-Lancry-photo-SMV-768x432.jpg 768w, https:\/\/ame43.org\/wp-content\/uploads\/2023\/08\/Avraham-Lancry-photo-SMV-1536x864.jpg 1536w\" sizes=\"auto, (max-width: 1599px) 100vw, 1599px\" \/>\n<figcaption class=\"gb-headline gb-headline-200cb6a2 gb-headline-text\"><em>Avraham Lancry au col de Fenestre avec Raphael Schonbrunn<\/em><\/figcaption>\n<\/figure>\n\n<\/div>","protected":false},"excerpt":{"rendered":"<p>\u05d4\u05dc\u05d9\u05db\u05d4 \u05e2\u05d5\u05e6\u05de\u05ea\u05d9\u05ea \u05d5\u05de\u05e8\u05d2\u05e9\u05ea\u05d1\u05ea\u05d5\u05da \u05d4\u05e0\u05d5\u05e3 \u05d4\u05d1\u05e8\u05d0\u05e9\u05d9\u05ea\u05d9 \u05dc\u05d6\u05db\u05d5\u05e8 \u05d5\u05dc\u05d4\u05e0\u05e6\u05d9\u05d7 \u05d2\u05d1\u05d5\u05e8\u05d4 \u05e9\u05dc \u05d0\u05e0\u05e9\u05d9\u05dd \u05e9\u05e0\u05dc\u05d7\u05de\u05d5 \u05dc\u05de\u05e2\u05df \u05d4\u05d7\u05d9\u05d9\u05dd\u05d5\u05e0\u05d9\u05e6\u05d7\u05d5\u05dc\u05d4\u05d9\u05d5\u05ea \u05d7\u05dc\u05e7 \u05de\u05d4\u05e2\u05d3\u05d5\u05ea \u05dc\u05e0\u05d9\u05e6\u05d7\u05d5\u05df \u05d4\u05d8\u05d5\u05d1 \u05e2\u05dc \u05d4\u05e8\u05e2 \u05d4\u05e8\u05db\u05d5\u05ea \u05e2\u05dc \u05d4\u05d0\u05dc\u05d9\u05de\u05d5\u05ea \u05d5\u05d4\u05d7\u05d9\u05d9\u05dd \u05e2\u05dc \u05d4\u05de\u05d5\u05d5\u05ea A powerful and exciting walkIn &#8230; <a title=\"Po\u00e8me d&rsquo;Avraham Lancry\" class=\"read-more\" href=\"https:\/\/ame43.org\/fr\/poeme-davraham-lancry\/\" aria-label=\"En savoir plus sur Po\u00e8me d&rsquo;Avraham Lancry\">Lire la suite<\/a><\/p>\n","protected":false},"author":1,"featured_media":0,"parent":0,"menu_order":0,"comment_status":"open","ping_status":"closed","template":"","meta":{"_acf_changed":false,"footnotes":""},"class_list":{"0":"post-2540","1":"page","2":"type-page","3":"status-publish","5":"no-featured-image-padding"},"acf":[],"jetpack_sharing_enabled":true,"_links":{"self":[{"href":"https:\/\/ame43.org\/fr\/wp-json\/wp\/v2\/pages\/2540","targetHints":{"allow":["GET"]}}],"collection":[{"href":"https:\/\/ame43.org\/fr\/wp-json\/wp\/v2\/pages"}],"about":[{"href":"https:\/\/ame43.org\/fr\/wp-json\/wp\/v2\/types\/page"}],"author":[{"embeddable":true,"href":"https:\/\/ame43.org\/fr\/wp-json\/wp\/v2\/users\/1"}],"replies":[{"embeddable":true,"href":"https:\/\/ame43.org\/fr\/wp-json\/wp\/v2\/comments?post=2540"}],"version-history":[{"count":8,"href":"https:\/\/ame43.org\/fr\/wp-json\/wp\/v2\/pages\/2540\/revisions"}],"predecessor-version":[{"id":4178,"href":"https:\/\/ame43.org\/fr\/wp-json\/wp\/v2\/pages\/2540\/revisions\/4178"}],"wp:attachment":[{"href":"https:\/\/ame43.org\/fr\/wp-json\/wp\/v2\/media?parent=2540"}],"curies":[{"name":"wp","href":"https:\/\/api.w.org\/{rel}","templated":true}]}}