{"id":2542,"date":"2023-08-17T07:46:45","date_gmt":"2023-08-17T07:46:45","guid":{"rendered":"https:\/\/ame43.org\/poeme-de-lucie-bernheim\/"},"modified":"2024-07-25T16:24:39","modified_gmt":"2024-07-25T16:24:39","slug":"poeme-de-lucie-bernheim","status":"publish","type":"page","link":"https:\/\/ame43.org\/fr\/poeme-de-lucie-bernheim\/","title":{"rendered":"Po\u00e8me de Lucie Bernheim"},"content":{"rendered":"<div class=\"gb-container gb-container-b31b7af4\">\n\n<p>How important to remember andHonour the brave people of Saint Martin V\u00e9subie who defended againstThe Nazis and saved lives.<\/p>\n\n\n\n<p>To bring together their descendants andOther local residents, is so praise-worthy.<\/p>\n\n\n\n<hr class=\"wp-block-separator has-alpha-channel-opacity is-style-default\"\/>\n\n\n\n<p>Qu&rsquo;il est important de se souvenir et honorer les braves gens de Saint Martin V\u00e9subie qui se sont d\u00e9fendus contre les nazis et qui ont sauv\u00e9 des vies.<\/p>\n\n\n\n<p>R\u00e9unir leurs descendants etd&rsquo;autres habitants de la vall\u00e9e est tr\u00e8s louable.<\/p>\n\n\n\n<hr class=\"wp-block-separator has-alpha-channel-opacity is-style-default\"\/>\n\n\n\n<p class=\"has-text-align-right\">\u05db\u05de\u05d4 \u05d7\u05e9\u05d5\u05d1 \u05dc\u05d6\u05db\u05d5\u05e8\u05dc\u05db\u05d1\u05d3 \u05d0\u05ea \u05d4\u05d0\u05e0\u05e9\u05d9\u05dd \u05d4\u05d0\u05de\u05d9\u05e6\u05d9\u05dd\u05de\u05e1\u05df \u05de\u05e8\u05d8\u05df \u05d5\u05d9\u05d6\u05d5\u05d1\u05d9, \u05e9\u05d4\u05d2\u05e0\u05d5 \u05e0\u05d2\u05d3\u05d4\u05e0\u05d0\u05e6\u05d9\u05dd \u05d5\u05d4\u05e6\u05d9\u05dc\u05d5 \u05d7\u05d9\u05d9\u05dd.<\/p>\n\n\n\n<p class=\"has-text-align-right\">\u05dc\u05d4\u05e4\u05d2\u05d9\u05e9 \u05d0\u05ea \u05e6\u05d0\u05e6\u05d0\u05d9\u05d4\u05dd \u05d5\u05ea\u05d5\u05e9\u05d1\u05d9\u05dd \u05de\u05e7\u05d5\u05de\u05d9\u05d9\u05dd \u05d0\u05d7\u05e8\u05d9\u05dd, \u05d4\u05d5\u05d0 \u05db\u05dc \u05db\u05da \u05e8\u05d0\u05d5\u05d9 \u05dc\u05e9\u05d1\u05d7.<\/p>\n\n\n\n<hr class=\"wp-block-separator has-alpha-channel-opacity is-style-dots\"\/>\n\n\n\n<p class=\"has-text-align-right\"><em>Lucie Bernheim<\/em><\/p>\n\n\n\n<p class=\"has-text-align-right\"><em>\u00ab\u00a0Je remercie tout particuli\u00e8rement mon fils et ma petite-fille, David et Rosalie Bernheim, ainsi que le reste de l&rsquo;AME43 pour l&rsquo;organisation de cette importante comm\u00e9moration annuelle. <\/em><br\/><em>Lucie a fui l&rsquo;Allemagne nazie avant la guerre et vit aujourd&rsquo;hui \u00e0 Londres. Son fils David est le pr\u00e9sident de l&rsquo;AME43.<\/em><\/p>\n\n\n\n<p>(Ce po\u00e8me a \u00e9t\u00e9 \u00e9crit en anglais)<\/p>\n\n<\/div>","protected":false},"excerpt":{"rendered":"<p>How important to remember andHonour the brave people of Saint Martin V\u00e9subie who defended againstThe Nazis and saved lives. To bring together their descendants andOther local residents, is so praise-worthy. &#8230; <a title=\"Po\u00e8me de Lucie Bernheim\" class=\"read-more\" href=\"https:\/\/ame43.org\/fr\/poeme-de-lucie-bernheim\/\" aria-label=\"En savoir plus sur Po\u00e8me de Lucie Bernheim\">Lire la suite<\/a><\/p>\n","protected":false},"author":1,"featured_media":0,"parent":0,"menu_order":0,"comment_status":"open","ping_status":"closed","template":"","meta":{"_acf_changed":false,"footnotes":""},"class_list":{"0":"post-2542","1":"page","2":"type-page","3":"status-publish","5":"no-featured-image-padding"},"acf":[],"jetpack_sharing_enabled":true,"_links":{"self":[{"href":"https:\/\/ame43.org\/fr\/wp-json\/wp\/v2\/pages\/2542","targetHints":{"allow":["GET"]}}],"collection":[{"href":"https:\/\/ame43.org\/fr\/wp-json\/wp\/v2\/pages"}],"about":[{"href":"https:\/\/ame43.org\/fr\/wp-json\/wp\/v2\/types\/page"}],"author":[{"embeddable":true,"href":"https:\/\/ame43.org\/fr\/wp-json\/wp\/v2\/users\/1"}],"replies":[{"embeddable":true,"href":"https:\/\/ame43.org\/fr\/wp-json\/wp\/v2\/comments?post=2542"}],"version-history":[{"count":7,"href":"https:\/\/ame43.org\/fr\/wp-json\/wp\/v2\/pages\/2542\/revisions"}],"predecessor-version":[{"id":4072,"href":"https:\/\/ame43.org\/fr\/wp-json\/wp\/v2\/pages\/2542\/revisions\/4072"}],"wp:attachment":[{"href":"https:\/\/ame43.org\/fr\/wp-json\/wp\/v2\/media?parent=2542"}],"curies":[{"name":"wp","href":"https:\/\/api.w.org\/{rel}","templated":true}]}}