{"id":2618,"date":"2023-08-27T07:57:26","date_gmt":"2023-08-27T07:57:26","guid":{"rendered":"https:\/\/ame43.org\/?page_id=2618"},"modified":"2023-08-27T08:55:42","modified_gmt":"2023-08-27T08:55:42","slug":"les-souvenirs-de-la-guerre-de-myriam-butler","status":"publish","type":"page","link":"https:\/\/ame43.org\/fr\/les-souvenirs-de-la-guerre-de-myriam-butler\/","title":{"rendered":"Les Souvenirs de la Guerre de Myriam Butler"},"content":{"rendered":"<div class=\"gb-container gb-container-d09e11af\">\n\n<p><em>Ce r\u00e9cit est tir\u00e9 presque mot pour mot d\u2019un cahier manuscrit dans lequel ma m\u00e8re, Myriam Butler, a \u00e9crit tous ses souvenirs de la guerre.<\/em><\/p>\n\n\n\n<p><em>Alors \u00e2g\u00e9e de 10 ans, elle \u00e9tait \u00e0 St Martin de mars \u00e0 septembre \u00e0 mars 1943 avec ses parents, Simon et H\u00e9l\u00e8ne Butler, et son oncle et sa tante Isra\u00ebl (Jacques) et Ernestine Butler.<\/em><\/p>\n\n\n\n<p><em>Il se trouve que mon p\u00e8re, Maurice Kern, \u00e9tait \u00e9galement \u00e0 St Martin avec son p\u00e8re, ses fr\u00e8res et sa s\u0153ur (sa m\u00e8re venait de mourir de maladie \u00e0 Nice).<\/em><\/p>\n\n\n\n<p class=\"has-text-align-right\"><em>Michel Kern<\/em><\/p>\n\n\n\n<p>\u00c0 St Martin, la vie a vite pris le dessus. Nous avons lou\u00e9 une jolie maison. Un comit\u00e9 de quelques 10 \u00e0 12 juifs a pr\u00e9vu une petite synagogue avec un rabbin. Comme nous n\u2019allions pas \u00e0 l\u2019\u00e9cole du village, tous les matins nous avions un cours de Talmud Torah. L\u2019apr\u00e8s-midi, les EIF organisaient des activit\u00e9s. J\u2019\u00e9tais dans le groupe des \u00ab Petites Ailes \u00bb.<\/p>\n\n\n\n<figure class=\"gb-block-image gb-block-image-5fe2795e\"><img loading=\"lazy\" decoding=\"async\" width=\"592\" height=\"485\" class=\"gb-image gb-image-5fe2795e\" src=\"https:\/\/ame43.org\/wp-content\/uploads\/2023\/08\/Groupe-EEIF-des-Petites-Ailes.png\" alt=\"Le groupe EEIF des Petites Ailes, Saint Martin V\u00e9subie 1943\" title=\"Groupe-EEIF-des-Petites-Ailes\" srcset=\"https:\/\/ame43.org\/wp-content\/uploads\/2023\/08\/Groupe-EEIF-des-Petites-Ailes.png 592w, https:\/\/ame43.org\/wp-content\/uploads\/2023\/08\/Groupe-EEIF-des-Petites-Ailes-300x246.png 300w\" sizes=\"auto, (max-width: 592px) 100vw, 592px\" \/><\/figure>\n\n\n\n<p>Matin et soir les personnes assign\u00e9es \u00e0 r\u00e9sidence, comme Papa, Oncle Jacques et les Kern, devaient aller se pr\u00e9senter \u00e0 la \u00ab Commandatura \u00bb pour r\u00e9pondre \u00e0 l\u2019appel.<\/p>\n\n\n\n<p>[Apr\u00e8s l\u2019armistice du 9 septembre 1943\u2026]<\/p>\n\n\n\n<p>Les Italiens ont d\u00fb quitter le midi de la France, les Allemands envahissant tout le midi \u00e0 leur place.<br>Les soldats Italiens nous ont dit que nous ferions mieux de les suivre dans la montagne plut\u00f4t que d\u2019attendre les Allemands. Ce qui fait que la plupart des environ 1000 personnes de St Martin, sont partis dans la montagne en un v\u00e9ritable exode. Papa avait r\u00e9ussi \u00e0 louer deux muletiers et leurs mulets ce qui fait que nous avons pu mettre les sacs sur les b\u00eates et je me suis tenue \u00e0 califourchon sur une mule. Mais la plupart des gens allaient \u00e0 pied.<\/p>\n\n\n\n<p>Nous nous sommes enfonc\u00e9s dans la montagne, par des petits chemins. Le premier soir nous avons dormi dans une bergerie au Bor\u00e9on. Le lendemain, en passant le col de Notre Dame des Fen\u00eatres, nous avons dormi dans une sorte de foret.<\/p>\n\n\n\n<p>[\u2026] Nous sommes arriv\u00e9s \u00e0 San Giacomo o\u00f9 les muletiers nous ont quitt\u00e9s. Mes parents m\u2019ont laiss\u00e9 dormir chez des s\u0153urs, dans un couvent, dans un vrai lit ! ce qui m\u2019a sembl\u00e9 le luxe apr\u00e8s deux nuits pass\u00e9es sur la paille. Le lendemain nous avons march\u00e9 jusqu\u2019au village d\u2019Entraque, o\u00f9 nous avons trouv\u00e9 une chambre o\u00f9 dormir tous les cinq chez des paysans.<\/p>\n\n\n\n<p>[\u2026] Apr\u00e8s une semaine, une patrouille Allemande est arriv\u00e9e. Ce qui restait du groupe (les Kern avaient continu\u00e9 de marcher) a \u00e9t\u00e9 transport\u00e9 \u00e0 la caserne de Borgo San Dalmazzo, o\u00f9 le commandant allemand a demand\u00e9 : \u00ab les juifs \u00e0 droite, les non-juifs \u00e0 gauche \u00bb. Mon Papa et mon Oncle avaient de faux certificats de bapt\u00eame donn\u00e9s par un pope russe, et se sont donc mis \u00e0 gauche. [\u2026] Le soir les allemands ont dit que les non-juifs pouvaient aller dormir en ville, que nous devions revenir le lendemain matin, et qu\u2019ils gardaient les papiers.<\/p>\n\n\n\n<p>[\u2026] Inutile de dire que le lendemain matin avant l\u2019aube nous sommes partis, et nous avons pris le premier train en partance, un train de marchandise pour Cuneo.<\/p>\n\n\n\n<p class=\"has-text-align-right\"><em>Myriam Butler<\/em><\/p>\n\n\n\n<p><em>[Par la suite, la famille Butler est pass\u00e9e par G\u00e8nes, puis Florence, o\u00f9 ils ont m\u00eame pu aller \u00e0 la synagogue pour le premier soir de Rosh-Hashana ! Ils sont finalement descendus jusqu\u2019\u00e0 Rome, o\u00f9 ils sont rest\u00e9s cach\u00e9s jusqu\u2019\u00e0 la fin de la guerre. La famille de mon p\u00e8re a \u00e9galement rejoint Rome par un autre chemin.]<\/em><\/p>\n\n<\/div>","protected":false},"excerpt":{"rendered":"<p>Ce r\u00e9cit est tir\u00e9 presque mot pour mot d\u2019un cahier manuscrit dans lequel ma m\u00e8re, Myriam Butler, a \u00e9crit tous ses souvenirs de la guerre. Alors \u00e2g\u00e9e de 10 ans, &#8230; <a title=\"Les Souvenirs de la Guerre de Myriam Butler\" class=\"read-more\" href=\"https:\/\/ame43.org\/fr\/les-souvenirs-de-la-guerre-de-myriam-butler\/\" aria-label=\"En savoir plus sur Les Souvenirs de la Guerre de Myriam Butler\">Lire la suite<\/a><\/p>\n","protected":false},"author":1,"featured_media":0,"parent":0,"menu_order":0,"comment_status":"open","ping_status":"closed","template":"","meta":{"_acf_changed":false,"footnotes":""},"class_list":{"0":"post-2618","1":"page","2":"type-page","3":"status-publish","5":"no-featured-image-padding"},"acf":[],"jetpack_sharing_enabled":true,"_links":{"self":[{"href":"https:\/\/ame43.org\/fr\/wp-json\/wp\/v2\/pages\/2618","targetHints":{"allow":["GET"]}}],"collection":[{"href":"https:\/\/ame43.org\/fr\/wp-json\/wp\/v2\/pages"}],"about":[{"href":"https:\/\/ame43.org\/fr\/wp-json\/wp\/v2\/types\/page"}],"author":[{"embeddable":true,"href":"https:\/\/ame43.org\/fr\/wp-json\/wp\/v2\/users\/1"}],"replies":[{"embeddable":true,"href":"https:\/\/ame43.org\/fr\/wp-json\/wp\/v2\/comments?post=2618"}],"version-history":[{"count":4,"href":"https:\/\/ame43.org\/fr\/wp-json\/wp\/v2\/pages\/2618\/revisions"}],"predecessor-version":[{"id":2652,"href":"https:\/\/ame43.org\/fr\/wp-json\/wp\/v2\/pages\/2618\/revisions\/2652"}],"wp:attachment":[{"href":"https:\/\/ame43.org\/fr\/wp-json\/wp\/v2\/media?parent=2618"}],"curies":[{"name":"wp","href":"https:\/\/api.w.org\/{rel}","templated":true}]}}