{"id":2730,"date":"2023-09-04T09:02:56","date_gmt":"2023-09-04T09:02:56","guid":{"rendered":"https:\/\/ame43.org\/peinture-davraham-schonbrunn\/"},"modified":"2023-09-04T20:29:22","modified_gmt":"2023-09-04T20:29:22","slug":"peinture-davraham-schonbrunn","status":"publish","type":"page","link":"https:\/\/ame43.org\/fr\/peinture-davraham-schonbrunn\/","title":{"rendered":"Peinture d&rsquo;Avraham Schonbrunn"},"content":{"rendered":"<div class=\"gb-container gb-container-98436ee2\">\n\n<p>Il s&rsquo;agit d&rsquo;une peinture que j&rsquo;ai r\u00e9alis\u00e9e et qui repr\u00e9sente l&rsquo;un des passages difficiles vers l&rsquo;Italie lors de notre fuite de Saint Martin V\u00e9subie \u00e0 travers les montagnes. Cet arbre \u00e9tait le seul moyen de traverser une rivi\u00e8re en furie. J&rsquo;ai pens\u00e9 qu&rsquo;il serait appropri\u00e9 de comm\u00e9morer l&rsquo;\u00e9v\u00e9nement du 8 septembre 1943.<\/p>\n\n\n\n<p>Bien que je n&rsquo;aie eu que quatre ans \u00e0 l&rsquo;\u00e9poque, certains moments sont rest\u00e9s grav\u00e9s dans ma m\u00e9moire lorsque nous avons travers\u00e9 les montagnes. Un \u00e9pisode particulier dont je me souviens et qui a beaucoup marqu\u00e9 mon jeune esprit est celui o\u00f9 nous devions traverser une rivi\u00e8re en furie. Le seul moyen de passer de l&rsquo;autre c\u00f4t\u00e9 \u00e9tait d&rsquo;enjamber un arbre mort qui enjambait la rivi\u00e8re. Je me vois encore \u00e0 califourchon sur ce tronc, avec ma ch\u00e8re m\u00e8re, de m\u00e9moire b\u00e9nie, assise derri\u00e8re moi, me poussant en avant. Je suis s\u00fbr que cela a d\u00fb traumatiser l&rsquo;esprit d&rsquo;un enfant en bas \u00e2ge, mais je ne me souviens pas de cette partie.<\/p>\n\n\n\n<p>Mais surtout, le souvenir qui m&rsquo;a marqu\u00e9 toute ma vie, c&rsquo;est lorsque nous traversions un pont et que mon p\u00e8re, qu&rsquo;Hachem venge son sang, s&rsquo;est assis, \u00e9puis\u00e9, sur le rebord en s&rsquo;essuyant le front ; c&rsquo;est la derni\u00e8re fois que je me souviens de l&rsquo;avoir vu.<\/p>\n\n\n\n<p class=\"has-text-align-right\"><em>Avraham Schonbrunn<\/em><\/p>\n\n\n\n<p><em>Le p\u00e8re d&rsquo;Avraham, Josef Schonbrunn, r\u00e9ussit \u00e0 s&rsquo;enfuir en Italie, mais il est arr\u00eat\u00e9 pr\u00e8s de Demonte. Avraham, qui vit aujourd&rsquo;hui en Isra\u00ebl, a racont\u00e9 son <a href=\"https:\/\/www.jpost.com\/diaspora\/recollections-of-sheltering-from-the-holocaust-in-saint-martin-vesubie-646579\" data-type=\"link\" data-id=\"https:\/\/www.jpost.com\/diaspora\/recollections-of-sheltering-from-the-holocaust-in-saint-martin-vesubie-646579\" target=\"_blank\" rel=\"noreferrer noopener\">exp\u00e9rience de la guerre<\/a> au Jerusalem Post en 2020.<\/em><\/p>\n\n\n\n<figure class=\"gb-block-image gb-block-image-89e5135b\"><img loading=\"lazy\" decoding=\"async\" width=\"940\" height=\"697\" class=\"gb-image gb-image-89e5135b\" src=\"https:\/\/ame43.org\/wp-content\/uploads\/2023\/09\/Avraham-Schonbrunns-painting-from-his-flight.jpg\" alt=\"\" title=\"Avraham-Schonbrunns-peinture-de-son-exode\" srcset=\"https:\/\/ame43.org\/wp-content\/uploads\/2023\/09\/Avraham-Schonbrunns-painting-from-his-flight.jpg 940w, https:\/\/ame43.org\/wp-content\/uploads\/2023\/09\/Avraham-Schonbrunns-painting-from-his-flight-300x222.jpg 300w, https:\/\/ame43.org\/wp-content\/uploads\/2023\/09\/Avraham-Schonbrunns-painting-from-his-flight-768x569.jpg 768w\" sizes=\"auto, (max-width: 940px) 100vw, 940px\" \/><\/figure>\n\n<\/div>","protected":false},"excerpt":{"rendered":"<p>Il s&rsquo;agit d&rsquo;une peinture que j&rsquo;ai r\u00e9alis\u00e9e et qui repr\u00e9sente l&rsquo;un des passages difficiles vers l&rsquo;Italie lors de notre fuite de Saint Martin V\u00e9subie \u00e0 travers les montagnes. Cet arbre &#8230; <a title=\"Peinture d&rsquo;Avraham Schonbrunn\" class=\"read-more\" href=\"https:\/\/ame43.org\/fr\/peinture-davraham-schonbrunn\/\" aria-label=\"En savoir plus sur Peinture d&rsquo;Avraham Schonbrunn\">Lire la suite<\/a><\/p>\n","protected":false},"author":1,"featured_media":0,"parent":0,"menu_order":0,"comment_status":"open","ping_status":"closed","template":"","meta":{"_acf_changed":false,"footnotes":""},"class_list":{"0":"post-2730","1":"page","2":"type-page","3":"status-publish","5":"no-featured-image-padding"},"acf":[],"jetpack_sharing_enabled":true,"_links":{"self":[{"href":"https:\/\/ame43.org\/fr\/wp-json\/wp\/v2\/pages\/2730","targetHints":{"allow":["GET"]}}],"collection":[{"href":"https:\/\/ame43.org\/fr\/wp-json\/wp\/v2\/pages"}],"about":[{"href":"https:\/\/ame43.org\/fr\/wp-json\/wp\/v2\/types\/page"}],"author":[{"embeddable":true,"href":"https:\/\/ame43.org\/fr\/wp-json\/wp\/v2\/users\/1"}],"replies":[{"embeddable":true,"href":"https:\/\/ame43.org\/fr\/wp-json\/wp\/v2\/comments?post=2730"}],"version-history":[{"count":3,"href":"https:\/\/ame43.org\/fr\/wp-json\/wp\/v2\/pages\/2730\/revisions"}],"predecessor-version":[{"id":2809,"href":"https:\/\/ame43.org\/fr\/wp-json\/wp\/v2\/pages\/2730\/revisions\/2809"}],"wp:attachment":[{"href":"https:\/\/ame43.org\/fr\/wp-json\/wp\/v2\/media?parent=2730"}],"curies":[{"name":"wp","href":"https:\/\/api.w.org\/{rel}","templated":true}]}}