{"id":2736,"date":"2023-09-04T09:23:50","date_gmt":"2023-09-04T09:23:50","guid":{"rendered":"https:\/\/ame43.org\/?page_id=2736"},"modified":"2023-09-04T17:34:42","modified_gmt":"2023-09-04T17:34:42","slug":"isabelle-monnin-sa-decouverte-de-la-marche","status":"publish","type":"page","link":"https:\/\/ame43.org\/fr\/isabelle-monnin-sa-decouverte-de-la-marche\/","title":{"rendered":"Isabelle Monnin \u2014 sa d\u00e9couverte de la Marche"},"content":{"rendered":"<div class=\"gb-container gb-container-a6dc84aa\">\n\n<p>Il y a des rencontres parfois qui nous ouvrent les yeux. En 2015 j&rsquo;ai fait connaissance d\u2019Hermann Harder, client de ma maison d\u2019h\u00f4tes (aujourd&rsquo;hui emport\u00e9e par la Temp\u00eate Alex) qui venait pour la Marche chaque ann\u00e9e. C\u2019est lui qui m\u2019a parl\u00e9 de la fuite tragique d\u2019un millier de juifs survenue en septembre 1943 \u00e0 St-Martin-V\u00e9subie.<\/p>\n\n\n\n<p>Cela restait abstrait pour moi jusqu\u2019en septembre 2017, lorsque j\u2019ai d\u00e9cid\u00e9 de rejoindre le groupe de marcheurs c\u00f4t\u00e9 fran\u00e7ais au sommet du Col de Fenestre.<\/p>\n\n\n\n<p>La vue des photos d\u00e9pos\u00e9es sur les rochers de ces visages d\u2019enfants en noir et blanc martyrs de la folie humaine, la mobilisation et la ferveur des \u00e9lus et marcheurs cot\u00e9 italiens m&rsquo;ont \u00e9mue et profond\u00e9ment marqu\u00e9e.<\/p>\n\n\n\n<p>Depuis, je n&rsquo;ai jamais manqu\u00e9 ce rendez-vous annuel.<\/p>\n\n\n\n<p>Lorsque l&rsquo;\u00e9quipe municipale dont je fais partie a \u00e9t\u00e9 \u00e9lue en 2020 j\u2019ai souhait\u00e9, au nom du conseil municipal, rendre hommage aux victimes innocentes mais aussi aux hommes et aux femmes qui, au p\u00e9ril de leur vie, avaient sauv\u00e9 plus fragiles qu\u2019eux.<\/p>\n\n\n\n<p>Bientot il n y aura plus de t\u00e9moins directs de ces atrocit\u00e9s perp\u00e9tr\u00e9es par la barbarie nazie et voir aujourd\u2019hui encore sur le sol fran\u00e7ais des tags antis\u00e9mites et n\u00e9onazis apparaitre ici et l\u00e0, me r\u00e9volte profond\u00e9ment et me conforte dans l\u2019id\u00e9e qu\u2019il est de notre devoir et de notre responsabilit\u00e9 d\u2019\u00e9lu de perp\u00e9tuer ce devoir de m\u00e9moire afin de lutter contre la haine, l\u2019ignorance, l\u2019antis\u00e9mitisme et le negationisme sous toutes ces formes.<\/p>\n\n\n\n<p class=\"has-text-align-right\"><em>Isabelle Monnin<\/em><\/p>\n\n\n\n<p><em>Isabelle Monnin est une adjointe au maire de Saint Martin V\u00e9subie<\/em><\/p>\n\n\n\n<p>.<\/p>\n\n<\/div>","protected":false},"excerpt":{"rendered":"<p>Il y a des rencontres parfois qui nous ouvrent les yeux. En 2015 j&rsquo;ai fait connaissance d\u2019Hermann Harder, client de ma maison d\u2019h\u00f4tes (aujourd&rsquo;hui emport\u00e9e par la Temp\u00eate Alex) qui &#8230; <a title=\"Isabelle Monnin \u2014 sa d\u00e9couverte de la Marche\" class=\"read-more\" href=\"https:\/\/ame43.org\/fr\/isabelle-monnin-sa-decouverte-de-la-marche\/\" aria-label=\"En savoir plus sur Isabelle Monnin \u2014 sa d\u00e9couverte de la Marche\">Lire la suite<\/a><\/p>\n","protected":false},"author":1,"featured_media":0,"parent":0,"menu_order":0,"comment_status":"open","ping_status":"closed","template":"","meta":{"_acf_changed":false,"footnotes":""},"class_list":{"0":"post-2736","1":"page","2":"type-page","3":"status-publish","5":"no-featured-image-padding"},"acf":[],"jetpack_sharing_enabled":true,"_links":{"self":[{"href":"https:\/\/ame43.org\/fr\/wp-json\/wp\/v2\/pages\/2736","targetHints":{"allow":["GET"]}}],"collection":[{"href":"https:\/\/ame43.org\/fr\/wp-json\/wp\/v2\/pages"}],"about":[{"href":"https:\/\/ame43.org\/fr\/wp-json\/wp\/v2\/types\/page"}],"author":[{"embeddable":true,"href":"https:\/\/ame43.org\/fr\/wp-json\/wp\/v2\/users\/1"}],"replies":[{"embeddable":true,"href":"https:\/\/ame43.org\/fr\/wp-json\/wp\/v2\/comments?post=2736"}],"version-history":[{"count":6,"href":"https:\/\/ame43.org\/fr\/wp-json\/wp\/v2\/pages\/2736\/revisions"}],"predecessor-version":[{"id":2776,"href":"https:\/\/ame43.org\/fr\/wp-json\/wp\/v2\/pages\/2736\/revisions\/2776"}],"wp:attachment":[{"href":"https:\/\/ame43.org\/fr\/wp-json\/wp\/v2\/media?parent=2736"}],"curies":[{"name":"wp","href":"https:\/\/api.w.org\/{rel}","templated":true}]}}