{"id":2760,"date":"2023-09-04T10:18:28","date_gmt":"2023-09-04T10:18:28","guid":{"rendered":"https:\/\/ame43.org\/?page_id=2760"},"modified":"2023-09-04T20:28:27","modified_gmt":"2023-09-04T20:28:27","slug":"les-vingt-ans-de-marches-de-rosalie-bernheim","status":"publish","type":"page","link":"https:\/\/ame43.org\/fr\/les-vingt-ans-de-marches-de-rosalie-bernheim\/","title":{"rendered":"Les vingt ans de Marches de Rosalie Bernheim"},"content":{"rendered":"<div class=\"gb-container gb-container-121a2f3e\">\n\n<p>J&rsquo;ai rejoint la Marche de la M\u00e9moire pour la premi\u00e8re fois en 2003, \u00e0 l&rsquo;\u00e2ge de quatre ans. Je la fait depuis, \u00e0 quelques exceptions pr\u00e8s. Non seulement les Marches m&rsquo;ont permis de comprendre l&rsquo;histoire de mon village et l&rsquo;histoire de mon peuple, mais elles m&rsquo;ont aussi donn\u00e9 l&rsquo;occasion de rencontrer une communaut\u00e9 du monde entier, de nationalit\u00e9s et de religions diff\u00e9rentes. J&rsquo;ai rencontr\u00e9 des personnes que je n&rsquo;aurais jamais rencontr\u00e9es autrement, et elles sont devenues comme ma famille.  <\/p>\n\n\n\n<p>Jeune enfant, lors de ma premi\u00e8re Marche, je ne comprenais pas l&rsquo;histoire qui se cachait derri\u00e8re. Je pensais que c&rsquo;\u00e9tait comme n&rsquo;importe quelle autre randonn\u00e9e : fatigante, mais avec un bon pique-nique \u00e0 la fin. Deux ans plus tard, mes parents ont essay\u00e9 de me r\u00e9expliquer ce qui s&rsquo;\u00e9tait pass\u00e9 pendant la guerre : Les familles juives &#8211; comme nous &#8211; ont d\u00fb fuir St Martin vers l&rsquo;Italie, craignant l&rsquo;arriv\u00e9e des nazis. \u00ab\u00a0Pourquoi l&rsquo;Italie ?\u00a0\u00bb, ai-je demand\u00e9 \u00e0 ma m\u00e8re. En quoi les Italiens \u00e9taient-ils diff\u00e9rents des nazis ? C&rsquo;est ainsi qu&rsquo;\u00e0 l&rsquo;\u00e2ge de six ans, quelque chose de lourd m&rsquo;est venu \u00e0 l&rsquo;esprit.  <\/p>\n\n\n\n<p>Au col de Fenestre, j&rsquo;ai essay\u00e9 de trouver quelqu&rsquo;un qui ressemblait \u00e0 un Italien &#8211; \u00e9videmment, dans mon esprit, ils devaient \u00eatre physiquement diff\u00e9rents. Finalement, ma m\u00e8re m&rsquo;a amen\u00e9 vers un marcheur italien et m&rsquo;a demand\u00e9 si je pouvais toucher son bras. J&rsquo;ai touch\u00e9 son bras. Rien. Il ressemblait \u00e0 tous ceux que je connaissais, son bras \u00e9tait exactement comme le mien, et sa fa\u00e7on de parler, m\u00eame si c&rsquo;\u00e9tait de l&rsquo;italien, ressemblait tellement au fran\u00e7ais que je connaissais.  <\/p>\n\n\n\n<p>J&rsquo;avais pens\u00e9 qu&rsquo;il y avait des diff\u00e9rences physiques entre le nazi et l&rsquo;italien, entre le mal et le bien, entre lui et moi. Mais cette Marche m&rsquo;a appris qu&rsquo;au-del\u00e0 des nationalit\u00e9s, des religions et des couleurs de peau, nous sommes tous humains ; au fond, nous sommes tous les m\u00eames. Enfant, je pensais que le Col \u00e9tait un mur entre la France et l&rsquo;Italie, entre les nazis et la libert\u00e9. Aujourd&rsquo;hui, je le vois plut\u00f4t comme un pont, qui rassemble des gens du monde entier, juifs et non-juifs, o\u00f9 nous pouvons nous souvenir des horreurs de la guerre et o\u00f9 nous essayons, ensemble, de cr\u00e9er un avenir meilleur.  <\/p>\n\n\n\n<p>Les trois photos ci-jointes nous montrent, ma famille et moi, avec un panneau <em>\u00ab\u00a0Shana Tova\u00a0\u00bb<\/em>, qui signifie <em>\u00ab\u00a0Bonne ann\u00e9e\u00a0\u00bb<\/em> en h\u00e9breu. La Marche tombe toujours quelques semaines avant le Nouvel An juif, et le fait de brandir cette pancarte au Col chaque ann\u00e9e est un nouveau d\u00e9part symbolique pour nous, repr\u00e9sentant l&rsquo;espoir et la douceur. La troisi\u00e8me photo a \u00e9t\u00e9 prise cette ann\u00e9e, vingt ans apr\u00e8s ma premi\u00e8re Marche.<\/p>\n\n\n\n<p class=\"has-text-align-right\"><em>Rosalie (Rosie) Bernheim<\/em><\/p>\n\n\n\n<p><em>Rosie est secr\u00e9taire de l&rsquo;AME43. Elle est arriv\u00e9e en France \u00e0 l&rsquo;\u00e2ge de trois ans et a grandi \u00e0 Saint Martin V\u00e9subie, o\u00f9 elle partiipe \u00e0 la marche depuis vingt ans. Elle vit actuellement \u00e0 \u00c9dimbourg, o\u00f9 elle pr\u00e9pare un doctorat sur la litt\u00e9rature et la culture m\u00e9di\u00e9vales.<\/em><\/p>\n\n\n\n<figure class=\"gb-block-image gb-block-image-db5506be\"><img loading=\"lazy\" decoding=\"async\" width=\"2288\" height=\"1712\" class=\"gb-image gb-image-db5506be\" src=\"https:\/\/ame43.org\/wp-content\/uploads\/2023\/09\/Bernheim-family-at-2007-Marche-de-la-Memoire.jpg\" alt=\"\" title=\"OLYMPUS DIGITAL CAMERA\" srcset=\"https:\/\/ame43.org\/wp-content\/uploads\/2023\/09\/Bernheim-family-at-2007-Marche-de-la-Memoire.jpg 2288w, https:\/\/ame43.org\/wp-content\/uploads\/2023\/09\/Bernheim-family-at-2007-Marche-de-la-Memoire-300x224.jpg 300w, https:\/\/ame43.org\/wp-content\/uploads\/2023\/09\/Bernheim-family-at-2007-Marche-de-la-Memoire-1024x766.jpg 1024w, https:\/\/ame43.org\/wp-content\/uploads\/2023\/09\/Bernheim-family-at-2007-Marche-de-la-Memoire-768x575.jpg 768w, https:\/\/ame43.org\/wp-content\/uploads\/2023\/09\/Bernheim-family-at-2007-Marche-de-la-Memoire-1536x1149.jpg 1536w, https:\/\/ame43.org\/wp-content\/uploads\/2023\/09\/Bernheim-family-at-2007-Marche-de-la-Memoire-2048x1532.jpg 2048w\" sizes=\"auto, (max-width: 2288px) 100vw, 2288px\" \/>\n<figcaption class=\"gb-headline gb-headline-e573d2c9 gb-headline-text\"><em>Rosalie avec sa famille en 2007<\/em><\/figcaption>\n<\/figure>\n\n\n\n<figure class=\"gb-block-image gb-block-image-3a44dc37\"><img loading=\"lazy\" decoding=\"async\" width=\"960\" height=\"720\" class=\"gb-image gb-image-3a44dc37\" src=\"https:\/\/ame43.org\/wp-content\/uploads\/2023\/09\/Bernheim-family-at-2020-Marche-de-la-Memoire.jpg\" alt=\"\" title=\"Bernheim-family-at-2020-Marche-de-la-Memoire\" srcset=\"https:\/\/ame43.org\/wp-content\/uploads\/2023\/09\/Bernheim-family-at-2020-Marche-de-la-Memoire.jpg 960w, https:\/\/ame43.org\/wp-content\/uploads\/2023\/09\/Bernheim-family-at-2020-Marche-de-la-Memoire-300x225.jpg 300w, https:\/\/ame43.org\/wp-content\/uploads\/2023\/09\/Bernheim-family-at-2020-Marche-de-la-Memoire-768x576.jpg 768w\" sizes=\"auto, (max-width: 960px) 100vw, 960px\" \/>\n<figcaption class=\"gb-headline gb-headline-28348267 gb-headline-text\"><em>Lors de la Marche de 2020<\/em><\/figcaption>\n<\/figure>\n\n\n\n<figure class=\"gb-block-image gb-block-image-268f69a4\"><img loading=\"lazy\" decoding=\"async\" width=\"2560\" height=\"1928\" class=\"gb-image gb-image-268f69a4\" src=\"https:\/\/ame43.org\/wp-content\/uploads\/2023\/09\/Rosie-and-Ben-Bernheim-at-2023-Marche-de-la-Memoire-scaled.jpg\" alt=\"\" title=\"Rosie-and-Ben-Bernheim-at-2023-Marche-de-la-Memoire\" srcset=\"https:\/\/ame43.org\/wp-content\/uploads\/2023\/09\/Rosie-and-Ben-Bernheim-at-2023-Marche-de-la-Memoire-scaled.jpg 2560w, https:\/\/ame43.org\/wp-content\/uploads\/2023\/09\/Rosie-and-Ben-Bernheim-at-2023-Marche-de-la-Memoire-300x226.jpg 300w, https:\/\/ame43.org\/wp-content\/uploads\/2023\/09\/Rosie-and-Ben-Bernheim-at-2023-Marche-de-la-Memoire-1024x771.jpg 1024w, https:\/\/ame43.org\/wp-content\/uploads\/2023\/09\/Rosie-and-Ben-Bernheim-at-2023-Marche-de-la-Memoire-768x578.jpg 768w, https:\/\/ame43.org\/wp-content\/uploads\/2023\/09\/Rosie-and-Ben-Bernheim-at-2023-Marche-de-la-Memoire-1536x1157.jpg 1536w, https:\/\/ame43.org\/wp-content\/uploads\/2023\/09\/Rosie-and-Ben-Bernheim-at-2023-Marche-de-la-Memoire-2048x1542.jpg 2048w\" sizes=\"auto, (max-width: 2560px) 100vw, 2560px\" \/>\n<figcaption class=\"gb-headline gb-headline-1c44db9b gb-headline-text\"><em>Rosalie avec son fr\u00e8re Ben \u00e0 la Marche 2023 (avant l&rsquo;arriv\u00e9e des autres marcheurs !)<\/em><\/figcaption>\n<\/figure>\n\n<\/div>","protected":false},"excerpt":{"rendered":"<p>J&rsquo;ai rejoint la Marche de la M\u00e9moire pour la premi\u00e8re fois en 2003, \u00e0 l&rsquo;\u00e2ge de quatre ans. Je la fait depuis, \u00e0 quelques exceptions pr\u00e8s. Non seulement les Marches &#8230; <a title=\"Les vingt ans de Marches de Rosalie Bernheim\" class=\"read-more\" href=\"https:\/\/ame43.org\/fr\/les-vingt-ans-de-marches-de-rosalie-bernheim\/\" aria-label=\"En savoir plus sur Les vingt ans de Marches de Rosalie Bernheim\">Lire la suite<\/a><\/p>\n","protected":false},"author":1,"featured_media":0,"parent":0,"menu_order":0,"comment_status":"open","ping_status":"closed","template":"","meta":{"_acf_changed":false,"footnotes":""},"class_list":{"0":"post-2760","1":"page","2":"type-page","3":"status-publish","5":"no-featured-image-padding"},"acf":[],"jetpack_sharing_enabled":true,"_links":{"self":[{"href":"https:\/\/ame43.org\/fr\/wp-json\/wp\/v2\/pages\/2760","targetHints":{"allow":["GET"]}}],"collection":[{"href":"https:\/\/ame43.org\/fr\/wp-json\/wp\/v2\/pages"}],"about":[{"href":"https:\/\/ame43.org\/fr\/wp-json\/wp\/v2\/types\/page"}],"author":[{"embeddable":true,"href":"https:\/\/ame43.org\/fr\/wp-json\/wp\/v2\/users\/1"}],"replies":[{"embeddable":true,"href":"https:\/\/ame43.org\/fr\/wp-json\/wp\/v2\/comments?post=2760"}],"version-history":[{"count":13,"href":"https:\/\/ame43.org\/fr\/wp-json\/wp\/v2\/pages\/2760\/revisions"}],"predecessor-version":[{"id":2805,"href":"https:\/\/ame43.org\/fr\/wp-json\/wp\/v2\/pages\/2760\/revisions\/2805"}],"wp:attachment":[{"href":"https:\/\/ame43.org\/fr\/wp-json\/wp\/v2\/media?parent=2760"}],"curies":[{"name":"wp","href":"https:\/\/api.w.org\/{rel}","templated":true}]}}