{"id":2828,"date":"2023-09-07T11:11:27","date_gmt":"2023-09-07T11:11:27","guid":{"rendered":"https:\/\/ame43.org\/lexperience-de-ziona-strelitz-sur-les-marches-de-2013\/"},"modified":"2023-09-08T16:00:32","modified_gmt":"2023-09-08T16:00:32","slug":"lexperience-de-ziona-strelitz-sur-la-marche-de-2013","status":"publish","type":"page","link":"https:\/\/ame43.org\/fr\/lexperience-de-ziona-strelitz-sur-la-marche-de-2013\/","title":{"rendered":"L&rsquo;exp\u00e9rience de Ziona Strelitz sur la Marche de 2013"},"content":{"rendered":"<div class=\"gb-container gb-container-8cc14e87\">\n\n<h2 class=\"gb-headline gb-headline-0717acd0 gb-headline-text\"><em>Contexte<\/em><\/h2>\n\n\n\n<p>Le week-end pr\u00e9c\u00e9dant Rosh Hashana, Michael et moi avons eu le privil\u00e8ge de nous joindre \u00e0 un groupe de la shul (synagogue) pour un merveilleux week-end \u00e0 Saint Martin V\u00e9subie, \u00e0 une quarantaine de kilom\u00e8tres au nord de Nice. Le sud de la France a \u00e9t\u00e9 un refuge relatif pour les Juifs pendant la majeure partie de la Seconde Guerre mondiale, et quelque 1 000 d&rsquo;entre eux se sont r\u00e9fugi\u00e9s dans cette ville, o\u00f9 ils ont b\u00e9n\u00e9fici\u00e9 d&rsquo;une protection et &#8211; comme je l&rsquo;ai appris au cours de la promenade &#8211; d&rsquo;un soutien de la part de la JOINT.<\/p>\n\n\n\n<p>Malheureusement, comme le montre le destin de personnes telles que l&rsquo;artiste Charlotte Salomon, dont l&rsquo;histoire a \u00e9t\u00e9 racont\u00e9e \u00e0 la Royal Academy en 1998, le r\u00e9pit des nazis n&rsquo;a pas dur\u00e9. Ainsi, alors que l&rsquo;\u00e9tau se resserre sur les Juifs de la France de Vichy &#8211; et du Sud en particulier &#8211; Saint-Martin V\u00e9subie organise en ao\u00fbt 1943 une fili\u00e8re d&rsquo;\u00e9vasion vers l&rsquo;Italie qui a d\u00e9j\u00e0 capitul\u00e9.<\/p>\n\n\n\n<p>L&rsquo;itin\u00e9raire passait par les Alpes. En fait, il y avait deux itin\u00e9raires, et les Trekkies du NNLS, dirig\u00e9s par Eric Weigert, avaient d\u00e9j\u00e0 parcouru l&rsquo;un des itin\u00e9raires l&rsquo;ann\u00e9e derni\u00e8re. Cette ann\u00e9e, la marche sur les traces des r\u00e9fugi\u00e9s s&rsquo;est d\u00e9roul\u00e9e sur le deuxi\u00e8me itin\u00e9raire, jusqu&rsquo;au col de Fenestre, \u00e0 quelque 2 500 m\u00e8tres d&rsquo;altitude. Cette ann\u00e9e, le 70e anniversaire de l&rsquo;exode a donn\u00e9 lieu \u00e0 une pr\u00e9sence consid\u00e9rable, en reconnaissance des \u00e9vad\u00e9s et de ceux qui les ont aid\u00e9s. <\/p>\n\n\n\n<h2 class=\"gb-headline gb-headline-cc762c15 gb-headline-text\"><em>Pr\u00e9liminaires<\/em><\/h2>\n\n\n\n<p>Michael et moi avons atteint le village en voiture, en prenant seulement deux tournants depuis Antibes &#8211; en direction du nord et en montant le long de la vall\u00e9e du Var, puis une route en courbe de niveau le long d&rsquo;une gorge profonde et haute suivant le cours de la rivi\u00e8re V\u00e9subie. Les paysages sont class\u00e9s cinq \u00e9toiles.<\/p>\n\n\n\n<p>Une fois arriv\u00e9s dans la charmante ville, avec son agencement spectaculaire de b\u00e2timents serr\u00e9s les uns contre les autres, situ\u00e9e sur une pente raide et adoss\u00e9e \u00e0 la rivi\u00e8re, et apr\u00e8s avoir pris possession de l&rsquo;h\u00f4tel qu&rsquo;Eric avait gentiment r\u00e9serv\u00e9 (cet homme est une merveille d&rsquo;organisation, tout est livr\u00e9 de mani\u00e8re experte et g\u00e9n\u00e9reuse avec la plus grande l\u00e9g\u00e8ret\u00e9), nous avons commenc\u00e9 \u00e0 explorer les environs. C&rsquo;est ainsi qu&rsquo;a commenc\u00e9 la d\u00e9licieuse s\u00e9rie de rencontres &#8211; avec Bruce et Joseph Rigal, avec Eva Davies, avec Judy et David Berle, puis avec Brian Plen et Eric. Nous nous sommes tous retrouv\u00e9s sur la terrasse d&rsquo;un bar pour le kiddush de kabbalat shabbat &#8211; Eric a sorti des challahs, du vin, des verres et des bougies, comme des lapins d&rsquo;un chapeau. La f\u00eate est d\u00e9sormais plus importante, avec Isabelle et Ivor Sneddon, ainsi que trois couples qui ont rejoint le groupe NNLS &#8211; Michael et Marilyn Apple de St Albans, Michael et Suzanne Haffner de Pinner, et Sandra et Dale Penem de New York.<\/p>\n\n\n\n<p>Le lien avec la ville se fait par l&rsquo;interm\u00e9diaire de David et Elizabeth Bernheim, anciens membres du NNLS et r\u00e9sidant depuis de nombreuses ann\u00e9es \u00e0 Saint Martin V\u00e9subie. Gr\u00e2ce \u00e0 leurs aimables services, nous avons tous \u00e9t\u00e9 invit\u00e9s \u00e0 un d\u00eener de shabbat dans la salle Jean Gabin, avec l&rsquo;hospitalit\u00e9 (casher) fournie par l&rsquo;\u00e9cole Or Torah de Nice, et accueillie par le directeur de l&rsquo;\u00e9cole et sa famille.<\/p>\n\n\n\n<p>Le d\u00eener a \u00e9t\u00e9 l&rsquo;occasion de rencontrer les habitants de la r\u00e9gion qui s&rsquo;\u00e9taient rassembl\u00e9s pour la comm\u00e9moration. La signification du terme \u00ab\u00a0local\u00a0\u00bb dans ce contexte est une question d\u00e9licate. Je me suis assise avec des Juifs de Strasbourg qui travaillent \u00e0 Nice et avec une Fran\u00e7aise d&rsquo;origine juive roumaine, juive depuis peu, qui enseigne \u00e0 Paris. Ils pr\u00e9figurent d&rsquo;autres membres de cette diaspora que je rencontrerai le lendemain, comme la fille d&rsquo;\u00e9migr\u00e9s juifs de Pologne et son mari d&rsquo;Alger, qui vivent \u00e0 Grenoble. Il est clair que la comm\u00e9moration a \u00e9t\u00e9 un \u00e9v\u00e9nement extr\u00eamement important pour cette communaut\u00e9, dont certains membres ont exprim\u00e9 une grande ins\u00e9curit\u00e9 quant \u00e0 l&rsquo;exp\u00e9rience juive actuelle en France.<\/p>\n\n\n\n<h2 class=\"gb-headline gb-headline-7d5c0929 gb-headline-text\"><em>Une randon\u00e9e pour le plaisir<\/em><\/h2>\n\n\n\n<p>Le lendemain, samedi, un programme d&rsquo;\u00e9v\u00e9nements comm\u00e9moratifs \u00e9tait pr\u00e9vu dans la ville, tout comme le dimanche. Cependant, notre groupe a choisi de se joindre \u00e0 Eric pour une merveilleuse randonn\u00e9e. Nous avons suivi un itin\u00e9raire totalement diff\u00e9rent pour marcher sur les traces des r\u00e9fugi\u00e9s que nous devions rejoindre le lendemain. Le terrain est maintenant escarp\u00e9 et verdoyant, avec des vues essentiellement ferm\u00e9es et une profusion de v\u00e9g\u00e9tation \u00e0 nos pieds. L&rsquo;exposition florale \u00e9tait riche et color\u00e9e, l&rsquo;air tr\u00e8s parfum\u00e9, et nous avons d\u00fb voir une dizaine de vari\u00e9t\u00e9s diff\u00e9rentes de champignons au cours de notre voyage.<\/p>\n\n\n\n<p>Le d\u00e9jeuner s&rsquo;est d\u00e9roul\u00e9 dans une station de ski &#8211; pas tr\u00e8s beau, mais tr\u00e8s agr\u00e9able. De l\u00e0, certains sont retourn\u00e9s \u00e0 Saint Martin V\u00e9subie en taxi, d&rsquo;autres sont redescendus \u00e0 pied et quelques-uns ont pris le t\u00e9l\u00e9ski pour atteindre un sommet plus \u00e9lev\u00e9. C&rsquo;est le point de d\u00e9part de la plus longue luge d&rsquo;\u00e9t\u00e9 d&rsquo;Europe, que certains des gar\u00e7ons de notre groupe &#8211; de l&rsquo;adolescence \u00e0 la soixantaine &#8211; ont savour\u00e9e, avant de se retrouver pour une magnifique randonn\u00e9e de retour. Je pense que nous nous sommes tous sentis comme moi, enthousiasm\u00e9s par la fra\u00eecheur de l&rsquo;environnement, l&rsquo;exercice et la camaraderie.<\/p>\n\n\n\n<h2 class=\"gb-headline gb-headline-9191b457 gb-headline-text\"><em>Interm\u00e9diaires<\/em><\/h2>\n\n\n\n<p>Samedi soir, la municipalit\u00e9 est revenue sur le devant de la sc\u00e8ne, avec un d\u00eener \u00e0 la Mairie o\u00f9 notre groupe a mang\u00e9 parmi les invit\u00e9s. Cette activit\u00e9 plut\u00f4t informelle et bond\u00e9e a permis de nouer des contacts avec les participants fran\u00e7ais. J&rsquo;ai \u00e9t\u00e9 touch\u00e9e par l&rsquo;histoire de ma nouvelle connaissance grenobloise. Son p\u00e8re avait quitt\u00e9 la Pologne pour y \u00e9tudier l&rsquo;ing\u00e9nierie. Sa m\u00e8re avait suivi, ils s&rsquo;\u00e9taient mari\u00e9s et avaient eu un fils. Pendant la guerre, son p\u00e8re travaillait pour la compagnie d&rsquo;\u00e9lectricit\u00e9 qui, sur la base de sa connaissance professionnelle de ce qu&rsquo;il \u00e9tait dangereux de toucher, lui permettait de se cacher derri\u00e8re un \u00e9cran \u00ab\u00a0Danger, n&rsquo;entrez pas\u00a0\u00bb. Sa m\u00e8re et son fr\u00e8re ont trouv\u00e9 la s\u00e9curit\u00e9 dans une \u00e9cole catholique, leur survie \u00e9tant attribu\u00e9e aux convictions communistes de ses parents, qui avaient emp\u00each\u00e9 son fr\u00e8re de faire sa brith milah. Cette ironie poignante s&rsquo;est accentu\u00e9e lorsque nous avons assist\u00e9 \u00e0 un concert &#8211; deux artistes russes chantant des chansons yiddish qui brisent le c\u0153ur, sans charme ni r\u00e9sonance \u00e9motionnelle. Je pense que tous les membres de notre groupe sont partis t\u00f4t &#8211; et pour les Juifs fran\u00e7ais avec lesquels j&rsquo;ai discut\u00e9 le lendemain, le concert a illustr\u00e9 certaines de leurs inqui\u00e9tudes quant \u00e0 l&rsquo;orientation de la vie juive autour d&rsquo;eux aujourd&rsquo;hui.<\/p>\n\n\n\n<h2 class=\"gb-headline gb-headline-4acf62ed gb-headline-text\"><em>La marche comm\u00e9morative<\/em><\/h2>\n\n\n\n<p>Ces rencontres m&rsquo;ont permis de comprendre ce qui nous avait amen\u00e9s ici. La marche du samedi \u00e9tait un pur moment de vacances, mais lorsque nous sommes partis pour la marche comm\u00e9morative le lendemain matin, nous avons pris conscience de la raison d&rsquo;\u00eatre de l&rsquo;\u00e9v\u00e9nement. Nous avons parl\u00e9 de ce changement d&rsquo;\u00e9tat d&rsquo;esprit pendant que nous roulions vers le point de d\u00e9part de la marche, qui se trouvait \u00e0 une certaine distance de la ville &#8211; les r\u00e9fugi\u00e9s avaient sans doute fait tout le chemin \u00e0 pied. Alors que nous \u00e9tions en forme, pr\u00e9par\u00e9s et convenablement \u00e9quip\u00e9s, leur nombre comprenait des personnes tr\u00e8s jeunes et tr\u00e8s \u00e2g\u00e9es, mal habill\u00e9es, transportant des biens et des provisions, incertaines et effray\u00e9es. En effet, comme nous l&rsquo;avons rapidement constat\u00e9, notre promenade commen\u00e7ait au-dessus de la limite des arbres, de sorte qu&rsquo;ils \u00e9taient \u00e9galement expos\u00e9s visuellement.  <\/p>\n\n\n\n<p>Une marcheuse que j&rsquo;ai reconnue, originaire de Hampstead Garden Suburb, \u00e9tait l\u00e0 pour rendre hommage \u00e0 sa m\u00e8re, qui avait eu dix ans lors de la marche. Fille d&rsquo;une famille de Francfort, ils \u00e9taient venus \u00e0 Nice apr\u00e8s la Nuit de Cristal, croyant que la ville \u00e9tait s\u00fbre. Au cours de l&rsquo;\u00e9t\u00e9 1943, elle est venue rejoindre une jeune amie \u00e0 Saint Martin V\u00e9subie, et se trouvait l\u00e0 avec sa famille d&rsquo;accueil lorsque l&rsquo;\u00e9vacuation a eu lieu. Elle marchait dans une robe en coton et des chaussures en bois.<\/p>\n\n\n\n<p>Le terrain en route vers le Col de Fenestre \u00e9tait plus aust\u00e8re que lors de la randonn\u00e9e verdoyante du samedi. Nous avions maintenant un chemin caillouteux sur un terrain rocailleux. Les routes de montagne elles-m\u00eames sont tr\u00e8s anciennes &#8211; elles ont \u00e9t\u00e9 cr\u00e9\u00e9es il y a plus de 1 000 ans et ont servi pendant un certain temps \u00e0 transporter le sel des salines de la c\u00f4te fran\u00e7aise vers l&rsquo;Italie. Aujourd&rsquo;hui, toute la zone est comprise dans le parc national du Mercantour, et le sentier est bien trac\u00e9 et \u00e9vident, avan\u00e7ant sur la face de la montagne dans une succession interminable de virages en S. Il y avait cependant encore des fleurs, et j&rsquo;ai \u00e9t\u00e9 touch\u00e9 de voir une longue suite de pierres empil\u00e9es &#8211; comme il sied \u00e0 un site comm\u00e9moratif, et pr\u00e8s du sommet, nous avons vu un chamois pr\u00e8s d&rsquo;un ancien blockhaus datant de la guerre.<\/p>\n\n\n\n<h2 class=\"gb-headline gb-headline-b993f3cb gb-headline-text\"><em>Comm\u00e9moration au sommet<\/em><\/h2>\n\n\n\n<p>L&rsquo;exp\u00e9rience au sommet de la montagne a \u00e9t\u00e9 tr\u00e8s \u00e9mouvante. De nombreuses personnes \u00e9taient venues \u00e0 pied du c\u00f4t\u00e9 italien, et il y avait une foule consid\u00e9rable, mais les visages les plus singuliers \u00e9taient ceux des portraits d&rsquo;enfants perdus, plac\u00e9s sur les corniches rocheuses o\u00f9 nous nous \u00e9tions rassembl\u00e9s. La c\u00e9r\u00e9monie a commenc\u00e9 par des discours en italien et en fran\u00e7ais, un appel des jeunes disparus et une anthologie de t\u00e9moignages de survivants lus par des \u00e9l\u00e8ves d&rsquo;une \u00e9cole juive de Nice. Ensuite, Ari Roth, de Washington DC, a \u00e9crit un texte magnifique et saisissant, rendant hommage \u00e0 sa m\u00e8re qui avait \u00e9galement particip\u00e9 \u00e0 la marche, ainsi qu&rsquo;\u00e0 toutes les bonnes volont\u00e9s qui l&rsquo;ont aid\u00e9 \u00e0 s&rsquo;enfuir. Une interpr\u00e9tation musicale exquise en chanson avec accompagnement \u00e0 la guitare &#8211; Grazie alla Vita &#8211; a \u00e9t\u00e9 aussi profond\u00e9ment touchante que la soir\u00e9e de la veille avait manqu\u00e9 le lien. La c\u00e9r\u00e9monie s&rsquo;est termin\u00e9e par le kaddish.<\/p>\n\n\n\n<p>Au sommet, notre groupe s&rsquo;est divis\u00e9 &#8211; Eric, Brian, les Seddon et Michael Haffner sont pass\u00e9s du c\u00f4t\u00e9 italien, o\u00f9 ils ont pass\u00e9 une nuit dans un refuge de montagne, pour revenir \u00e0 Saint Martin V\u00e9subie le lendemain. Le reste d&rsquo;entre nous, press\u00e9s d&rsquo;aller \u00e0 l&rsquo;\u00e9cole et \u00e0 Rosh Hashana, a redescendu par le chemin que nous avions emprunt\u00e9 pour monter, s&rsquo;arr\u00eatant \u00e0 un lac d&rsquo;altitude pour le d\u00e9jeuner. C&rsquo;est l\u00e0 que j&rsquo;ai entendu parler du destin mitig\u00e9 des r\u00e9fugi\u00e9s qui avaient r\u00e9ussi \u00e0 s&rsquo;\u00e9chapper. En arrivant du c\u00f4t\u00e9 italien, certains ont tenu compte d&rsquo;un panneau les invitant \u00e0 s&rsquo;inscrire sans crainte pour obtenir de la nourriture et un abri. Trois cent cinquante personnes ont p\u00e9ri dans ce pi\u00e8ge ; celles qui l&rsquo;ont ignor\u00e9 ont surv\u00e9cu.<\/p>\n\n\n\n<h2 class=\"gb-headline gb-headline-d4cd64f5 gb-headline-text\"><em>Formalit\u00e9s de cl\u00f4ture<\/em><\/h2>\n\n\n\n<p>De retour \u00e0 Saint Martin V\u00e9subie, nous sommes arriv\u00e9s \u00e0 temps pour la c\u00e9r\u00e9monie de cl\u00f4ture &#8211; une affaire tr\u00e8s fran\u00e7aise : d\u00e9p\u00f4t de gerbes au monument de la ville &#8211; beaucoup de <em>tricolores<\/em>, discours sous un chapiteau sur la place de la ville, et La Marseillaise. David Bernheim m&rsquo;a dit que la Marseillaise \u00e9tait obligatoire pour les \u00e9v\u00e9nements municipaux de ce type en France, mais une de mes nouvelles amies fran\u00e7aises m&rsquo;a dit qu&rsquo;elle pensait que Hatikva serait plus appropri\u00e9. Un autre a convenu qu&rsquo;il \u00e9tait important et juste de reconna\u00eetre le pass\u00e9, mais a demand\u00e9 qui faisait face au pr\u00e9sent.<\/p>\n\n\n\n<h2 class=\"gb-headline gb-headline-527b4736 gb-headline-text\"><em>Conclusions<\/em><\/h2>\n\n\n\n<p>C&rsquo;est ainsi que je suis parti, reconnaissant une fois de plus la chance que nous avons d&rsquo;avoir la libert\u00e9, la confiance et le contenu juif positif que notre groupe appr\u00e9cie tant. J&rsquo;aurais peut-\u00eatre trouv\u00e9 les services de Yom Kippour \u00e0 NNLS merveilleux de toute fa\u00e7on, comme je l&rsquo;ai fait dans le pass\u00e9, mais je pense que l&rsquo;appr\u00e9ciation du privil\u00e8ge que j&rsquo;ai ressentie pendant le week-end \u00e0 Saint Martin V\u00e9subie a ajout\u00e9 une dimension, et je l&rsquo;ai ressentie d&rsquo;une autre mani\u00e8re encore en \u00e9changeant des sourires \u00e0 travers la shul avec des compagnons de marche lors de cette exp\u00e9rience d&rsquo;union.<\/p>\n\n\n\n<p class=\"has-text-align-right\"><em>Ziona Strelitz<\/em><\/p>\n\n\n\n<p><em>Ziona Strelitz est venue \u00e0 la Marche de la M\u00e9moire 2013 avec un groupe de marcheurs de la New North London Synagogue de Londres. Elle a \u00e9crit l&rsquo;article peu de temps apr\u00e8s.<\/em><\/p>\n\n<\/div>","protected":false},"excerpt":{"rendered":"<p>Contexte Le week-end pr\u00e9c\u00e9dant Rosh Hashana, Michael et moi avons eu le privil\u00e8ge de nous joindre \u00e0 un groupe de la shul (synagogue) pour un merveilleux week-end \u00e0 Saint Martin &#8230; <a title=\"L&rsquo;exp\u00e9rience de Ziona Strelitz sur la Marche de 2013\" class=\"read-more\" href=\"https:\/\/ame43.org\/fr\/lexperience-de-ziona-strelitz-sur-la-marche-de-2013\/\" aria-label=\"En savoir plus sur L&rsquo;exp\u00e9rience de Ziona Strelitz sur la Marche de 2013\">Lire la suite<\/a><\/p>\n","protected":false},"author":1,"featured_media":0,"parent":0,"menu_order":0,"comment_status":"open","ping_status":"closed","template":"","meta":{"_acf_changed":false,"footnotes":""},"class_list":{"0":"post-2828","1":"page","2":"type-page","3":"status-publish","5":"no-featured-image-padding"},"acf":[],"jetpack_sharing_enabled":true,"_links":{"self":[{"href":"https:\/\/ame43.org\/fr\/wp-json\/wp\/v2\/pages\/2828","targetHints":{"allow":["GET"]}}],"collection":[{"href":"https:\/\/ame43.org\/fr\/wp-json\/wp\/v2\/pages"}],"about":[{"href":"https:\/\/ame43.org\/fr\/wp-json\/wp\/v2\/types\/page"}],"author":[{"embeddable":true,"href":"https:\/\/ame43.org\/fr\/wp-json\/wp\/v2\/users\/1"}],"replies":[{"embeddable":true,"href":"https:\/\/ame43.org\/fr\/wp-json\/wp\/v2\/comments?post=2828"}],"version-history":[{"count":8,"href":"https:\/\/ame43.org\/fr\/wp-json\/wp\/v2\/pages\/2828\/revisions"}],"predecessor-version":[{"id":2873,"href":"https:\/\/ame43.org\/fr\/wp-json\/wp\/v2\/pages\/2828\/revisions\/2873"}],"wp:attachment":[{"href":"https:\/\/ame43.org\/fr\/wp-json\/wp\/v2\/media?parent=2828"}],"curies":[{"name":"wp","href":"https:\/\/api.w.org\/{rel}","templated":true}]}}