{"id":2861,"date":"2023-09-07T11:34:43","date_gmt":"2023-09-07T11:34:43","guid":{"rendered":"https:\/\/ame43.org\/annette-stock-sur-lhistoire-de-mario-levin-et-de-sa-famille-dridso-levin\/"},"modified":"2024-08-11T14:43:55","modified_gmt":"2024-08-11T14:43:55","slug":"annette-stock-sur-lhistoire-de-mario-levin-et-de-sa-famille-dridso-levin","status":"publish","type":"page","link":"https:\/\/ame43.org\/fr\/annette-stock-sur-lhistoire-de-mario-levin-et-de-sa-famille-dridso-levin\/","title":{"rendered":"Annette Stock sur l&rsquo;histoire de Mario Levin et de sa famille Dridso-Levin"},"content":{"rendered":"<div class=\"gb-container gb-container-fda72b01\">\n\n<p>Je m&rsquo;appelle Annette Stock, je suis une ethnologue allemande issue de l&rsquo;immigration hongroise et marocaine. Je suis antifasciste et antiraciste, engag\u00e9 dans la recherche dans le domaine de la narration historique.<\/p>\n\n\n\n<p>J&rsquo;ai commenc\u00e9 \u00e0 documenter la Marche de la M\u00e9moire et les \u00e9v\u00e9nements comm\u00e9moratifs en 2015. Lorsque j&rsquo;ai rencontr\u00e9 Mario Levin en 2019, nous avons entam\u00e9 ensemble un projet \u00e0 long terme, en recherchant son histoire et celle de sa famille. Mario, lui, n&rsquo;a connu la fuite des Juifs de Saint-Martin-V\u00e9subie que dans le ventre de sa m\u00e8re. N\u00e9 quelques mois plus tard, le 11 f\u00e9vrier 1944, il grandit et passe son enfance et une grande partie de son adolescence \u00e0 Saint-Martin-V\u00e9subie. Toute la vie de Mario a \u00e9t\u00e9 marqu\u00e9e par cette histoire, o\u00f9 son grand-p\u00e8re, Gr\u00e9goire Dridso, a \u00e9t\u00e9 arr\u00eat\u00e9 par la Gestapo \u00e0 Saint-Martin-V\u00e9subie le 13 d\u00e9cembre 1943, puis d\u00e9port\u00e9 le 20 juin 1944 de Drancy \u00e0 Auschwitz, o\u00f9 il a \u00e9t\u00e9 assassin\u00e9 par les nazis.<\/p>\n\n\n\n<p>La famille de sa m\u00e8re a \u00e9migr\u00e9 d&rsquo;Orenbourg, en Russie, d&rsquo;abord \u00e0 Berlin, en Allemagne, puis, en 1927, \u00e0 Nice, dans le sud de la France. En 1928, la famille ach\u00e8te la premi\u00e8re de trois villas mitoyennes aux Ch\u00e2taigners, \u00e0 Saint-Martin-V\u00e9subie. Les grands-parents de Mario, Rachel et Gr\u00e9goire Dridso, y vivaient avec leurs deux filles, Rima et Vera. Rima allait devenir la m\u00e8re de Mario. Rima et sa famille vivaient d\u00e9j\u00e0 \u00e0 Saint-Martin-V\u00e9subie depuis 15 ans lorsque les Juifs y sont arriv\u00e9s en 1943.<\/p>\n\n\n\n<p>Le p\u00e8re de Mario, Federico Strobino, \u00e9tait le lieutenant de la 4e <em>armata<\/em> de l&rsquo;unit\u00e9 militaire italienne qui contr\u00f4lait la r\u00e9sidence forc\u00e9e des r\u00e9fugi\u00e9s juifs sous l&rsquo;occupation italienne \u00e0 Saint-Martin V\u00e9subie. Au printemps 1943, les parents de Mario deviennent amants. Avec mon partenaire Michael Scheer, un historien allemand, antifasciste, qui fait des recherches sur la Shoah en Europe de l&rsquo;Est, j&rsquo;ai aid\u00e9 Mario \u00e0 faire des recherches sur l&rsquo;histoire de sa famille, dont on parlait peu. Les efforts que nous avons d\u00e9ploy\u00e9s font partie du sujet de mon livre, dont la publication est pr\u00e9vue pour la fin de l&rsquo;ann\u00e9e 2025.<\/p>\n\n\n\n<p>Pour l&rsquo;instant, j&rsquo;ai d\u00e9cid\u00e9 de pr\u00e9senter des collages historiques, afin de donner une impression des aspects cl\u00e9s de la vie de Mario qui sont directement li\u00e9s \u00e0 l&rsquo;histoire de Saint-Martin-V\u00e9subie. Elles ont \u00e9t\u00e9 assembl\u00e9es \u00e0 partir des photos que Mario m&rsquo;a donn\u00e9es et apparaissent dans l&rsquo;ordre dans lequel nous avons men\u00e9 nos entretiens. Elles repr\u00e9sentent les membres de la famille Dridso-Levin.<\/p>\n\n\n\n<p class=\"has-text-align-right\"><em>Annette Stock<\/em><\/p>\n\n\n\n<figure class=\"gb-block-image gb-block-image-5edf68cd\"><img loading=\"lazy\" decoding=\"async\" width=\"2560\" height=\"1600\" class=\"gb-image gb-image-5edf68cd\" src=\"https:\/\/ame43.org\/wp-content\/uploads\/2023\/09\/A-Jewish-Life-in-Saint-Martin-Vesubie-History-Collage-for-Mario-Levin-2023.jpg\" alt=\"\" title=\"A-Jewish-Life-in-Saint-Martin-Vesubie-History-Collage-for-Mario-Levin-2023\" srcset=\"https:\/\/ame43.org\/wp-content\/uploads\/2023\/09\/A-Jewish-Life-in-Saint-Martin-Vesubie-History-Collage-for-Mario-Levin-2023.jpg 2560w, https:\/\/ame43.org\/wp-content\/uploads\/2023\/09\/A-Jewish-Life-in-Saint-Martin-Vesubie-History-Collage-for-Mario-Levin-2023-300x188.jpg 300w, https:\/\/ame43.org\/wp-content\/uploads\/2023\/09\/A-Jewish-Life-in-Saint-Martin-Vesubie-History-Collage-for-Mario-Levin-2023-1024x640.jpg 1024w, https:\/\/ame43.org\/wp-content\/uploads\/2023\/09\/A-Jewish-Life-in-Saint-Martin-Vesubie-History-Collage-for-Mario-Levin-2023-768x480.jpg 768w, https:\/\/ame43.org\/wp-content\/uploads\/2023\/09\/A-Jewish-Life-in-Saint-Martin-Vesubie-History-Collage-for-Mario-Levin-2023-1536x960.jpg 1536w, https:\/\/ame43.org\/wp-content\/uploads\/2023\/09\/A-Jewish-Life-in-Saint-Martin-Vesubie-History-Collage-for-Mario-Levin-2023-2048x1280.jpg 2048w\" sizes=\"auto, (max-width: 2560px) 100vw, 2560px\" \/>\n<figcaption class=\"gb-headline gb-headline-e2aa88d1 gb-headline-text\"><em>Une vie juive \u00e0 Saint-Martin-V\u00e9subie<\/em><\/figcaption>\n<\/figure>\n\n\n\n<figure class=\"gb-block-image gb-block-image-3dd14ba6\"><img loading=\"lazy\" decoding=\"async\" width=\"1920\" height=\"1080\" class=\"gb-image gb-image-3dd14ba6\" src=\"https:\/\/ame43.org\/wp-content\/uploads\/2023\/09\/1-Mario-with-his-Mother.jpg\" alt=\"Mario Levin with his Mother\" title=\"Mario with his Mother\" srcset=\"https:\/\/ame43.org\/wp-content\/uploads\/2023\/09\/1-Mario-with-his-Mother.jpg 1920w, https:\/\/ame43.org\/wp-content\/uploads\/2023\/09\/1-Mario-with-his-Mother-300x169.jpg 300w, https:\/\/ame43.org\/wp-content\/uploads\/2023\/09\/1-Mario-with-his-Mother-1024x576.jpg 1024w, https:\/\/ame43.org\/wp-content\/uploads\/2023\/09\/1-Mario-with-his-Mother-768x432.jpg 768w, https:\/\/ame43.org\/wp-content\/uploads\/2023\/09\/1-Mario-with-his-Mother-1536x864.jpg 1536w\" sizes=\"auto, (max-width: 1920px) 100vw, 1920px\" \/>\n<figcaption class=\"gb-headline gb-headline-950e7752 gb-headline-text\">Mario Levin avec sa m\u00e8re<\/figcaption>\n<\/figure>\n\n\n\n<figure class=\"gb-block-image gb-block-image-552d2191\"><img loading=\"lazy\" decoding=\"async\" width=\"1420\" height=\"954\" class=\"gb-image gb-image-552d2191\" src=\"https:\/\/ame43.org\/wp-content\/uploads\/2023\/09\/1a-Mario-at-School.jpg\" alt=\"\" title=\"1a-Mario-at-School\" srcset=\"https:\/\/ame43.org\/wp-content\/uploads\/2023\/09\/1a-Mario-at-School.jpg 1420w, https:\/\/ame43.org\/wp-content\/uploads\/2023\/09\/1a-Mario-at-School-300x202.jpg 300w, https:\/\/ame43.org\/wp-content\/uploads\/2023\/09\/1a-Mario-at-School-1024x688.jpg 1024w, https:\/\/ame43.org\/wp-content\/uploads\/2023\/09\/1a-Mario-at-School-768x516.jpg 768w\" sizes=\"auto, (max-width: 1420px) 100vw, 1420px\" \/>\n<figcaption class=\"gb-headline gb-headline-46f6b8f9 gb-headline-text\"><em>Mario \u00e0 l&rsquo;\u00e9cole<\/em><\/figcaption>\n<\/figure>\n\n\n\n<figure class=\"gb-block-image gb-block-image-7a639bc5\"><img loading=\"lazy\" decoding=\"async\" width=\"1507\" height=\"957\" class=\"gb-image gb-image-7a639bc5\" src=\"https:\/\/ame43.org\/wp-content\/uploads\/2023\/09\/1b-Mario-and-his-Family-in-SMV.jpg\" alt=\"\" title=\"1b-Mario-and-his-Family-in-SMV\" srcset=\"https:\/\/ame43.org\/wp-content\/uploads\/2023\/09\/1b-Mario-and-his-Family-in-SMV.jpg 1507w, https:\/\/ame43.org\/wp-content\/uploads\/2023\/09\/1b-Mario-and-his-Family-in-SMV-300x191.jpg 300w, https:\/\/ame43.org\/wp-content\/uploads\/2023\/09\/1b-Mario-and-his-Family-in-SMV-1024x650.jpg 1024w, https:\/\/ame43.org\/wp-content\/uploads\/2023\/09\/1b-Mario-and-his-Family-in-SMV-768x488.jpg 768w\" sizes=\"auto, (max-width: 1507px) 100vw, 1507px\" \/>\n<figcaption class=\"gb-headline gb-headline-f6fb47b6 gb-headline-text\"><em>Mario avec sa famille<\/em><\/figcaption>\n<\/figure>\n\n\n\n<figure class=\"gb-block-image gb-block-image-2b518bb2\"><img loading=\"lazy\" decoding=\"async\" width=\"1920\" height=\"1080\" class=\"gb-image gb-image-2b518bb2\" src=\"https:\/\/ame43.org\/wp-content\/uploads\/2023\/09\/1c-Mario-and-Villa-Paradiso.jpg\" alt=\"\" title=\"1c-Mario-and-Villa-Paradiso\" srcset=\"https:\/\/ame43.org\/wp-content\/uploads\/2023\/09\/1c-Mario-and-Villa-Paradiso.jpg 1920w, https:\/\/ame43.org\/wp-content\/uploads\/2023\/09\/1c-Mario-and-Villa-Paradiso-300x169.jpg 300w, https:\/\/ame43.org\/wp-content\/uploads\/2023\/09\/1c-Mario-and-Villa-Paradiso-1024x576.jpg 1024w, https:\/\/ame43.org\/wp-content\/uploads\/2023\/09\/1c-Mario-and-Villa-Paradiso-768x432.jpg 768w, https:\/\/ame43.org\/wp-content\/uploads\/2023\/09\/1c-Mario-and-Villa-Paradiso-1536x864.jpg 1536w\" sizes=\"auto, (max-width: 1920px) 100vw, 1920px\" \/>\n<figcaption class=\"gb-headline gb-headline-ecaecc6c gb-headline-text\"><em>Mario et Villa Paradiso<\/em><\/figcaption>\n<\/figure>\n\n\n\n<figure class=\"gb-block-image gb-block-image-78210a78\"><img loading=\"lazy\" decoding=\"async\" width=\"1080\" height=\"1920\" class=\"gb-image gb-image-78210a78\" src=\"https:\/\/ame43.org\/wp-content\/uploads\/2023\/09\/1d-Marios-Grandfather-and-Grandmother-in-Villa-Marie.jpg\" alt=\"\" title=\"1d-Marios-Grandfather-and-Grandmother-in-Villa-Marie\" srcset=\"https:\/\/ame43.org\/wp-content\/uploads\/2023\/09\/1d-Marios-Grandfather-and-Grandmother-in-Villa-Marie.jpg 1080w, https:\/\/ame43.org\/wp-content\/uploads\/2023\/09\/1d-Marios-Grandfather-and-Grandmother-in-Villa-Marie-169x300.jpg 169w, https:\/\/ame43.org\/wp-content\/uploads\/2023\/09\/1d-Marios-Grandfather-and-Grandmother-in-Villa-Marie-576x1024.jpg 576w, https:\/\/ame43.org\/wp-content\/uploads\/2023\/09\/1d-Marios-Grandfather-and-Grandmother-in-Villa-Marie-768x1365.jpg 768w, https:\/\/ame43.org\/wp-content\/uploads\/2023\/09\/1d-Marios-Grandfather-and-Grandmother-in-Villa-Marie-864x1536.jpg 864w\" sizes=\"auto, (max-width: 1080px) 100vw, 1080px\" \/>\n<figcaption class=\"gb-headline gb-headline-233b505e gb-headline-text\"><em>Le grand-p\u00e8re et la grand-m\u00e8re de Mario \u00e0 Villa Marie<\/em><\/figcaption>\n<\/figure>\n\n<\/div>","protected":false},"excerpt":{"rendered":"<p>Je m&rsquo;appelle Annette Stock, je suis une ethnologue allemande issue de l&rsquo;immigration hongroise et marocaine. Je suis antifasciste et antiraciste, engag\u00e9 dans la recherche dans le domaine de la narration &#8230; <a title=\"Annette Stock sur l&rsquo;histoire de Mario Levin et de sa famille Dridso-Levin\" class=\"read-more\" href=\"https:\/\/ame43.org\/fr\/annette-stock-sur-lhistoire-de-mario-levin-et-de-sa-famille-dridso-levin\/\" aria-label=\"En savoir plus sur Annette Stock sur l&rsquo;histoire de Mario Levin et de sa famille Dridso-Levin\">Lire la suite<\/a><\/p>\n","protected":false},"author":1,"featured_media":0,"parent":0,"menu_order":0,"comment_status":"open","ping_status":"closed","template":"","meta":{"_acf_changed":false,"footnotes":""},"class_list":{"0":"post-2861","1":"page","2":"type-page","3":"status-publish","5":"no-featured-image-padding"},"acf":[],"jetpack_sharing_enabled":true,"_links":{"self":[{"href":"https:\/\/ame43.org\/fr\/wp-json\/wp\/v2\/pages\/2861","targetHints":{"allow":["GET"]}}],"collection":[{"href":"https:\/\/ame43.org\/fr\/wp-json\/wp\/v2\/pages"}],"about":[{"href":"https:\/\/ame43.org\/fr\/wp-json\/wp\/v2\/types\/page"}],"author":[{"embeddable":true,"href":"https:\/\/ame43.org\/fr\/wp-json\/wp\/v2\/users\/1"}],"replies":[{"embeddable":true,"href":"https:\/\/ame43.org\/fr\/wp-json\/wp\/v2\/comments?post=2861"}],"version-history":[{"count":4,"href":"https:\/\/ame43.org\/fr\/wp-json\/wp\/v2\/pages\/2861\/revisions"}],"predecessor-version":[{"id":2901,"href":"https:\/\/ame43.org\/fr\/wp-json\/wp\/v2\/pages\/2861\/revisions\/2901"}],"wp:attachment":[{"href":"https:\/\/ame43.org\/fr\/wp-json\/wp\/v2\/media?parent=2861"}],"curies":[{"name":"wp","href":"https:\/\/api.w.org\/{rel}","templated":true}]}}