{"id":2992,"date":"2023-09-21T16:07:58","date_gmt":"2023-09-21T16:07:58","guid":{"rendered":"https:\/\/ame43.org\/?page_id=2992"},"modified":"2023-09-21T16:08:15","modified_gmt":"2023-09-21T16:08:15","slug":"retrouver-loncle-perdu-apres-80-ans","status":"publish","type":"page","link":"https:\/\/ame43.org\/fr\/retrouver-loncle-perdu-apres-80-ans\/","title":{"rendered":"Retrouver l\u2019oncle perdu apr\u00e8s 80 ans"},"content":{"rendered":"<div class=\"gb-container gb-container-99264bab\">\n\n<p>Mon mari Charles Bernard Gliksohn porte les pr\u00e9noms de ses deux oncles maternels morts \u00e0 Auschwitz. De <a href=\"https:\/\/fr.wikipedia.org\/wiki\/Bernard_Schonberg\" data-type=\"link\" data-id=\"https:\/\/fr.wikipedia.org\/wiki\/Bernard_Schonberg\" target=\"_blank\" rel=\"noreferrer noopener\">Bernard Sch\u00f6nberg<\/a> nous connaissions le parcours. Grand rabbin de Lyon, il avait \u00e9t\u00e9 arr\u00eat\u00e9 \u00e0 Amb\u00e9rieu-en-Bugey alors qu\u2019il rendait visite \u00e0 sa m\u00e8re. D\u00e9tenu au fort de Montluc puis \u00e0 Drancy, il avait \u00e9t\u00e9 d\u00e9port\u00e9 \u00e0 Auschwitz dans le <a href=\"https:\/\/fr.wikipedia.org\/wiki\/Convoi_no_62_du_20_novembre_1943\" target=\"_blank\" rel=\"noreferrer noopener\">convoi 62<\/a> le 20 novembre 1943 et y \u00e9tait mort d\u2019\u00e9puisement le 6 f\u00e9vrier 1944. De Charles Sch\u00f6nberg nous ne savions rien, juste qu\u2019il \u00e9tait mort \u00e0 Auschwitz. La seule chose qui avait \u00e9t\u00e9 transmise par la m\u00e8re de mon mari est \u00ab&nbsp;qu\u2019il n\u2019avait pas eu de chance&nbsp;\u00bb. En 2020, aid\u00e9 de mon fils Antoine, j\u2019ai entrepris de rechercher le maximum d\u2019information sur Charles pour retracer son parcours.<\/p>\n\n\n\n<p>La premi\u00e8re \u00e9tape de notre recherche a \u00e9t\u00e9 de retrouver son pr\u00e9nom car Charles \u00e9tait le pr\u00e9nom utilis\u00e9 par la famille mais ce n\u2019\u00e9tait pas son pr\u00e9nom d\u2019\u00e9tat civil. Les recherches dans diff\u00e9rents documents nous ont permis de savoir qu\u2019il s\u2019appelait officiellement Osias Sch\u00f6nberg.<\/p>\n\n\n\n<p>Apr\u00e8s s\u2019\u00eatre r\u00e9fugi\u00e9 \u00e0 N\u00eemes chez son fr\u00e8re Edmond, Osias qui n\u2019avait pas la nationalit\u00e9 fran\u00e7aise a \u00e9t\u00e9 arr\u00eat\u00e9 et d\u00e9tenu au camp de Rivesaltes. Il s\u2019en est \u00e9vad\u00e9 et s\u2019est ensuite r\u00e9fugi\u00e9 dans la zone occup\u00e9e par les italiens. Assign\u00e9 \u00e0 r\u00e9sidence \u00e0 Saint-Martin-V\u00e9subie, il a fui vers l\u2019Italie o\u00f9 il s\u2019est cach\u00e9. Il a \u00e9t\u00e9 arr\u00eat\u00e9 \u00e0 San Michele le 25 mai 1944, d\u00e9tenu \u00e0 la prison de Cuneo puis transf\u00e9r\u00e9 \u00e0 Turin d\u2019o\u00f9 il a \u00e9t\u00e9 d\u00e9port\u00e9 le 1 er ao\u00fbt 1944 avant d\u2019\u00eatre assassin\u00e9 \u00e0 Auschwitz le 8 ao\u00fbt 1944. Une partie de ces informations a \u00e9t\u00e9 trouv\u00e9e dans le livre \u00e9crit par Alberto Cavaglion, \u00ab&nbsp;Les juifs de Saint-Martin-V\u00e9subie&nbsp;\u00bb.<\/p>\n\n\n\n<p>En 2022 nous avons particip\u00e9 \u00e0 la Marche de la M\u00e9moire et \u00e0 cette occasion mon mari a pu t\u00e9moigner de la m\u00e9moire retrouv\u00e9e de son oncle.<\/p>\n\n\n\n<p>Nous pensions avoir trouv\u00e9 tout ce qu\u2019il \u00e9tait possible de trouver mais cet anniversaire des 80 ans nous a apport\u00e9 ce que nous n\u2019osions plus esp\u00e9rer : une photographie sur laquelle il serait identifi\u00e9. Aucune photo de lui ne nous a \u00e9t\u00e9 transmise familialement.<\/p>\n\n\n\n<p>Le 20 ao\u00fbt, la publication du <a href=\"https:\/\/ame43.org\/fr\/discours-de-linda-rosenblatt-lors-de-la-marche-de-la-memoire-2017\/\" data-type=\"page\" data-id=\"2532\">t\u00e9moignage de Linda Rosenblatt<\/a> a tout chang\u00e9. On y trouve une photo de groupe et l\u2019une des personnes photographi\u00e9es est Osias Sch\u00f6nberg. Vous imaginerez notre \u00e9motion en voyant son visage pour la premi\u00e8re fois.<\/p>\n\n\n\n<p>Linda Rosenblatt nous a indiqu\u00e9 que cette photo est tir\u00e9e du livre de <a href=\"http:\/\/www.ajpn.org\/auteur-Danielle-Baudot-Laksine-3166.html\" target=\"_blank\" rel=\"noreferrer noopener\">Danielle Baudot Laksine<\/a> \u00ab&nbsp;Les grands visiteurs, La pierre des juifs tome 2&nbsp;\u00bb. Dans ce livre que nous nous sommes procur\u00e9, nous avons trouv\u00e9 une autre photographie sur laquelle il est identifi\u00e9 en compagnie de Manya Hartmayer, Alice Dobis et Eliane Ingigliardi \u00e0 l\u2019occasion du mariage de Sidi Templer et Alter Sharon. Nous avons aussi trouv\u00e9 le passage suivant issu du t\u00e9moignage de Manya Hartmayer&nbsp;: \u00ab&nbsp;Papa, \u00e9chapp\u00e9 d\u2019un autre camp de France mais refoul\u00e9 \u00e0 la fronti\u00e8re de la Suisse, avait gagn\u00e9 Nice gr\u00e2ce \u00e0 son ami Schomberg&nbsp;\u00bb. Nous savons maintenant qu\u2019Osias \u00e9tait un ami de la famille Hartmayer.<\/p>\n\n\n\n<p>En recherchant dans les photos de familles, nous pensons avoir trouv\u00e9 une photo d\u2019Osias en compagnie de deux jeunes femmes. Le contexte nous laisse penser que cette photo a \u00e9t\u00e9 prise \u00e0 Saint-Martin-V\u00e9subie.<\/p>\n\n\n\n<figure class=\"gb-block-image gb-block-image-a44ef080\"><img loading=\"lazy\" decoding=\"async\" width=\"643\" height=\"857\" class=\"gb-image gb-image-a44ef080\" src=\"https:\/\/ame43.org\/wp-content\/uploads\/2023\/09\/Osias-Schonberg-avec-deux-femmes-a-indentifer.jpg\" alt=\"\" title=\"Osias-Schonberg-avec-deux-femmes-a-indentifier\" srcset=\"https:\/\/ame43.org\/wp-content\/uploads\/2023\/09\/Osias-Schonberg-avec-deux-femmes-a-indentifer.jpg 643w, https:\/\/ame43.org\/wp-content\/uploads\/2023\/09\/Osias-Schonberg-avec-deux-femmes-a-indentifer-225x300.jpg 225w\" sizes=\"auto, (max-width: 643px) 100vw, 643px\" \/>\n<figcaption class=\"gb-headline gb-headline-9e2c6b46 gb-headline-text\"><em>Osias Schonberg avec deux femmes qui nous voulons indentifier<\/em><\/figcaption>\n<\/figure>\n\n\n\n<p>Nous cherchons \u00e0 identifier les deux jeunes femmes. Si quelqu\u2019un les reconna\u00eet, nous serons tr\u00e8s reconnaissant de nous le faire savoir.<\/p>\n\n\n\n<p>Petit \u00e0 petit, Charles\/Osias Sch\u00f6nberg sort des t\u00e9n\u00e8bres o\u00f9 l&rsquo;Allemagne nazi a voulu le plonger avec 6 millions d&rsquo;autres \u00eatres humains \u00e0 qui on ne donnait pas le droit de vivre.<\/p>\n\n\n\n<p>Nous tenons \u00e0 remercier David et l\u2019association AME43 pour cette magnifique initiative de publication de t\u00e9moignages ainsi que Linda Rosenblatt pour son aide qui nous a orient\u00e9 vers le livre de Danielle Baudot Laksine.<\/p>\n\n\n\n<p class=\"has-text-align-right\"><em>B\u00e9atrice Jouanne<\/em><\/p>\n\n\n\n<p><em>Mon mari Charles Bernard Gliksohn est le fils de Ignace dit Robert Gliksohn et Hene dite H\u00e9l\u00e8ne Sch\u00f6nberg. Hene est la plus jeune s\u0153ur de Bernard et Charles Sch\u00f6nberg. Les familles Gliksohn et Sch\u00f6nberg sont originaires de Pologne et sont arriv\u00e9es en France entre 1910 et 1914. Mon mari est n\u00e9 le 13 septembre 1951. Il avait un fr\u00e8re a\u00een\u00e9, Jean-Michel, n\u00e9 le 10 ao\u00fbt 1945. A sa naissance, sa m\u00e8re esp\u00e9rait encore le retour de ses deux fr\u00e8res mais \u00e0 la naissance de son deuxi\u00e8me fils elle a d\u00e9cid\u00e9 de lui donner les pr\u00e9noms de ses deux fr\u00e8res morts en d\u00e9portation.<\/em><\/p>\n\n\n\n<p><em inert=\"true\">Je m&rsquo;appelle B\u00e9atrice Jouanne, je suis n\u00e9e le 18 mai 1955 et je ne suis pas d&rsquo;une famille juive, Mon mariage avec Charles Bernard (que j&rsquo;appelle simplement Bernard) et la naissance de mes trois enfants m&rsquo;a naturellement plong\u00e9e dans l&rsquo;histoire de sa famille. J&rsquo;ai assez vite ressenti l&rsquo;importance qu&rsquo;il y avait \u00e0 rechercher le maximum d&rsquo;informations sur les familles Gliksohn et Sch\u00f6nberg. Dans un premier temps j&rsquo;ai utilis\u00e9 la m\u00e9moire des plus anciens mais c&rsquo;est quand les registres d&rsquo;\u00e9tat civil de France et surtout de Pologne sont devenus consultables en ligne que j&rsquo;ai pu vraiment avancer dans ces recherches g\u00e9n\u00e9alogiques. Il restait toutefois des inconnues et en particulier l&rsquo;histoire et le destin de Charles Sch\u00f6nberg.<\/em><\/p>\n\n\n\n<p><em>Il est important, et vous y contribuez, de mettre en lumi\u00e8re ces histoires qui montrent \u00e0 la fois l&rsquo;absurdit\u00e9 et l&rsquo;horreur de ses pers\u00e9cutions, la force, la r\u00e9sistance et la r\u00e9silience de ceux qui ont surv\u00e9cu et le courage et l&rsquo;abn\u00e9gation de ceux qui les ont aid\u00e9s. Nous devons avoir cela en m\u00e9moire quand de nos jours de nombreuses personnes pers\u00e9cut\u00e9es fuient leur pays au p\u00e9ril de leur vie \u00e0 la recherche d&rsquo;une vie meilleure pour eux et leur famille.<\/em><\/p>\n\n<\/div>","protected":false},"excerpt":{"rendered":"<p>Mon mari Charles Bernard Gliksohn porte les pr\u00e9noms de ses deux oncles maternels morts \u00e0 Auschwitz. De Bernard Sch\u00f6nberg nous connaissions le parcours. Grand rabbin de Lyon, il avait \u00e9t\u00e9 &#8230; <a title=\"Retrouver l\u2019oncle perdu apr\u00e8s 80 ans\" class=\"read-more\" href=\"https:\/\/ame43.org\/fr\/retrouver-loncle-perdu-apres-80-ans\/\" aria-label=\"En savoir plus sur Retrouver l\u2019oncle perdu apr\u00e8s 80 ans\">Lire la suite<\/a><\/p>\n","protected":false},"author":1,"featured_media":0,"parent":0,"menu_order":0,"comment_status":"open","ping_status":"closed","template":"","meta":{"_acf_changed":false,"footnotes":""},"class_list":{"0":"post-2992","1":"page","2":"type-page","3":"status-publish","5":"no-featured-image-padding"},"acf":[],"jetpack_sharing_enabled":true,"_links":{"self":[{"href":"https:\/\/ame43.org\/fr\/wp-json\/wp\/v2\/pages\/2992","targetHints":{"allow":["GET"]}}],"collection":[{"href":"https:\/\/ame43.org\/fr\/wp-json\/wp\/v2\/pages"}],"about":[{"href":"https:\/\/ame43.org\/fr\/wp-json\/wp\/v2\/types\/page"}],"author":[{"embeddable":true,"href":"https:\/\/ame43.org\/fr\/wp-json\/wp\/v2\/users\/1"}],"replies":[{"embeddable":true,"href":"https:\/\/ame43.org\/fr\/wp-json\/wp\/v2\/comments?post=2992"}],"version-history":[{"count":8,"href":"https:\/\/ame43.org\/fr\/wp-json\/wp\/v2\/pages\/2992\/revisions"}],"predecessor-version":[{"id":3007,"href":"https:\/\/ame43.org\/fr\/wp-json\/wp\/v2\/pages\/2992\/revisions\/3007"}],"wp:attachment":[{"href":"https:\/\/ame43.org\/fr\/wp-json\/wp\/v2\/media?parent=2992"}],"curies":[{"name":"wp","href":"https:\/\/api.w.org\/{rel}","templated":true}]}}