{"id":3014,"date":"2023-09-21T17:50:16","date_gmt":"2023-09-21T17:50:16","guid":{"rendered":"https:\/\/ame43.org\/le-parcours-personnel-de-raphael-tishkoff-ebrani\/"},"modified":"2023-09-21T17:50:40","modified_gmt":"2023-09-21T17:50:40","slug":"le-parcours-personnel-de-raphael-tishkoff-ebrani","status":"publish","type":"page","link":"https:\/\/ame43.org\/fr\/le-parcours-personnel-de-raphael-tishkoff-ebrani\/","title":{"rendered":"Le parcours personnel de Raphael Tishkoff Ebrani"},"content":{"rendered":"<div class=\"gb-container gb-container-231aaef4\">\n\n<p>En juin 2017, j&rsquo;ai entam\u00e9 un voyage personnel en suivant une histoire familiale que je connaissais depuis mon enfance :<\/p>\n\n\n\n<p>Comment mon grand-p\u00e8re, alors \u00e2g\u00e9 de 4 ans, a travers\u00e9 les Alpes avec sa famille pendant la guerre pour tenter d&rsquo;\u00e9chapper aux Allemands.<\/p>\n\n\n\n<p>En pr\u00e9parant mon voyage personnel, nous avons d\u00e9couvert que l&rsquo;histoire de notre famille est li\u00e9e \u00e0 un millier d&rsquo;autres histoires de r\u00e9fugi\u00e9s juifs qui ont choisi de partir sans aucune pr\u00e9paration pr\u00e9alable pour traverser les Alpes dans l&rsquo;espoir d&rsquo;atteindre une zone s\u00fbre, \u00e0 l&rsquo;abri de leurs ennemis.<\/p>\n\n\n\n<p>Dans le cadre de mon voyage personnel, j&rsquo;ai choisi de suivre les traces de mon grand-p\u00e8re et de sa famille de Saint-Martin-V\u00e9subie en France \u00e0 Entracque en Italie, soit 35 km. Lorsque je suis arriv\u00e9 au col de Fenestre, j&rsquo;ai \u00e9t\u00e9 soudainement confront\u00e9 \u00e0 la vue spectaculaire du c\u00f4t\u00e9 italien. \u00c0 ce moment-l\u00e0, j&rsquo;ai ressenti un immense sentiment de libert\u00e9 et d&rsquo;espoir. Peut-\u00eatre un peu comme ce que certains des Juifs qui sont pass\u00e9s par l\u00e0 avant moi ont ressenti lorsque l&rsquo;Italie leur a \u00e9t\u00e9 r\u00e9v\u00e9l\u00e9e &#8211; l&rsquo;endroit o\u00f9 ils esp\u00e9raient que la guerre serait derri\u00e8re eux&#8230;<\/p>\n\n\n\n<p>Quelques mois plus tard, j&rsquo;ai eu le privil\u00e8ge de vivre, au m\u00eame endroit, un moment que je ch\u00e9rirai \u00e0 jamais dans mon c\u0153ur.<\/p>\n\n\n\n<p>J&rsquo;ai eu le privil\u00e8ge de me tenir au sommet \u00e0 c\u00f4t\u00e9 de mon grand-p\u00e8re, qui l&rsquo;a gravi \u00e0 nouveau avec beaucoup d&rsquo;efforts 74 ans plus tard &#8211; cette fois avec des chaussures de qualit\u00e9 adapt\u00e9es au terrain et avec une maison et un pays \u00e0 retrouver \u00e0 la fin du voyage.<\/p>\n\n\n\n<p>Nous sommes rest\u00e9s l\u00e0, dans les nuages, au c\u0153ur de la brume.<\/p>\n\n\n\n<p>Et des paroles de b\u00e9n\u00e9diction dans une langue ancienne, renouvel\u00e9e dans sa patrie, ont \u00e9branl\u00e9 les montagnes et fait jaillir de mon c\u0153ur une source de gratitude, de ce moment \u00e0 l&rsquo;\u00e9ternit\u00e9.<\/p>\n\n\n\n<p class=\"has-text-align-right\">\u05d1\u05b8\u05bc\u05e8\u05d5\u05bc\u05da\u05b0 \u05d0\u05b7\u05ea\u05b8\u05bc\u05d4 \u05d4&rsquo; \u05d0\u05b1\u05dc\u05b9\u05e7\u05b5\u05d9\u05e0\u05d5\u05bc \u05de\u05b6\u05dc\u05b6\u05da\u05b0 \u05d4\u05b8\u05e2\u05d5\u05b9\u05dc\u05b8\u05dd, \u05e9\u05b6\u05c1\u05d4\u05b6\u05d7\u05b1\u05d9\u05b8\u05e0\u05d5\u05bc \u05d5\u05b0\u05e7\u05b4\u05d9\u05b0\u05bc\u05de\u05b8\u05e0\u05d5\u05bc \u05d5\u05b0\u05d4\u05b4\u05d2\u05b4\u05d9\u05e2\u05b8\u05e0\u05d5\u05bc \u05dc\u05b7\u05d6\u05b0\u05bc\u05de\u05b7\u05df \u05d4\u05b7\u05d6\u05b6\u05bc\u05d4<\/p>\n\n\n\n<p><em>Barukh attah adonai eloheinu melekh ha-olam, she-he\u1e25eyanu v&rsquo;kiy&rsquo;manu v&rsquo;higi&rsquo;anu la-z&rsquo;man hazeh.<\/em><br\/>B\u00e9ni sois-tu, Seigneur notre Dieu, Roi du monde, pour nous avoir permis de vivre, de nous tenir debout et d&rsquo;arriver jusqu&rsquo;\u00e0 ce moment.<\/p>\n\n\n\n<p class=\"has-text-align-right\"><em>Raphael Tishkoff Ebrani<\/em><\/p>\n\n\n\n<p><em>Raphael, mari\u00e9 \u00e0 Ayla et p\u00e8re de Brit Ori, vit en Isra\u00ebl dans les montagnes de J\u00e9rusalem. Depuis 2017, Rapha\u00ebl a particip\u00e9 \u00e0 plusieurs reprises \u00e0 la Marche de la M\u00e9moire, aux c\u00f4t\u00e9s de son grand-p\u00e8re, Avraham Schonbrunn, qui a fait le voyage de France en Italie alors qu&rsquo;il \u00e9tait enfant avec sa famille en 1943. Raphael est directeur de l&rsquo;une des acad\u00e9mies de leadership du peuple juif \u00ab\u00a0Kol Ami\u00a0\u00bb (\u00ab\u00a0Mechina\u00a0\u00bb), destin\u00e9e aux jeunes hommes et femmes juifs d&rsquo;Isra\u00ebl et du monde entier. Depuis 2011, il travaille au renouvellement de la tradition du p\u00e8lerinage h\u00e9bra\u00efque \u00e0 J\u00e9rusalem, plus r\u00e9cemment en collaboration avec le projet \u00ab\u00a0The Way to Jerusalem\u00a0\u00bb. Raphael est membre du conseil d&rsquo;administration de l&rsquo;AME43.<\/em><\/p>\n\n\n\n<figure class=\"gb-block-image gb-block-image-e9d0979b\"><img loading=\"lazy\" decoding=\"async\" width=\"2560\" height=\"1920\" class=\"gb-image gb-image-e9d0979b\" src=\"https:\/\/ame43.org\/wp-content\/uploads\/2023\/09\/Raphael-with-his-grandfather-Avraham-and-family.-Col-de-Fenestre-September-2019-scaled.jpg\" alt=\"\" title=\"Raphael-with-his-grandfather-Avraham-and-family.-Col-de-Fenestre-September-2019\" srcset=\"https:\/\/ame43.org\/wp-content\/uploads\/2023\/09\/Raphael-with-his-grandfather-Avraham-and-family.-Col-de-Fenestre-September-2019-scaled.jpg 2560w, https:\/\/ame43.org\/wp-content\/uploads\/2023\/09\/Raphael-with-his-grandfather-Avraham-and-family.-Col-de-Fenestre-September-2019-300x225.jpg 300w, https:\/\/ame43.org\/wp-content\/uploads\/2023\/09\/Raphael-with-his-grandfather-Avraham-and-family.-Col-de-Fenestre-September-2019-1024x768.jpg 1024w, https:\/\/ame43.org\/wp-content\/uploads\/2023\/09\/Raphael-with-his-grandfather-Avraham-and-family.-Col-de-Fenestre-September-2019-768x576.jpg 768w, https:\/\/ame43.org\/wp-content\/uploads\/2023\/09\/Raphael-with-his-grandfather-Avraham-and-family.-Col-de-Fenestre-September-2019-1536x1152.jpg 1536w, https:\/\/ame43.org\/wp-content\/uploads\/2023\/09\/Raphael-with-his-grandfather-Avraham-and-family.-Col-de-Fenestre-September-2019-2048x1536.jpg 2048w\" sizes=\"auto, (max-width: 2560px) 100vw, 2560px\" \/>\n<figcaption class=\"gb-headline gb-headline-ce766329 gb-headline-text\"><em>Rapha\u00ebl avec son grand-p\u00e8re Avraham et sa famille. Col de Fenestre, septembre 2019<\/em><\/figcaption>\n<\/figure>\n\n<\/div>","protected":false},"excerpt":{"rendered":"<p>En juin 2017, j&rsquo;ai entam\u00e9 un voyage personnel en suivant une histoire familiale que je connaissais depuis mon enfance : Comment mon grand-p\u00e8re, alors \u00e2g\u00e9 de 4 ans, a travers\u00e9 &#8230; <a title=\"Le parcours personnel de Raphael Tishkoff Ebrani\" class=\"read-more\" href=\"https:\/\/ame43.org\/fr\/le-parcours-personnel-de-raphael-tishkoff-ebrani\/\" aria-label=\"En savoir plus sur Le parcours personnel de Raphael Tishkoff Ebrani\">Lire la suite<\/a><\/p>\n","protected":false},"author":1,"featured_media":0,"parent":0,"menu_order":0,"comment_status":"closed","ping_status":"closed","template":"","meta":{"_acf_changed":false,"footnotes":""},"class_list":{"0":"post-3014","1":"page","2":"type-page","3":"status-publish","5":"no-featured-image-padding"},"acf":[],"jetpack_sharing_enabled":true,"_links":{"self":[{"href":"https:\/\/ame43.org\/fr\/wp-json\/wp\/v2\/pages\/3014","targetHints":{"allow":["GET"]}}],"collection":[{"href":"https:\/\/ame43.org\/fr\/wp-json\/wp\/v2\/pages"}],"about":[{"href":"https:\/\/ame43.org\/fr\/wp-json\/wp\/v2\/types\/page"}],"author":[{"embeddable":true,"href":"https:\/\/ame43.org\/fr\/wp-json\/wp\/v2\/users\/1"}],"replies":[{"embeddable":true,"href":"https:\/\/ame43.org\/fr\/wp-json\/wp\/v2\/comments?post=3014"}],"version-history":[{"count":1,"href":"https:\/\/ame43.org\/fr\/wp-json\/wp\/v2\/pages\/3014\/revisions"}],"predecessor-version":[{"id":3015,"href":"https:\/\/ame43.org\/fr\/wp-json\/wp\/v2\/pages\/3014\/revisions\/3015"}],"wp:attachment":[{"href":"https:\/\/ame43.org\/fr\/wp-json\/wp\/v2\/media?parent=3014"}],"curies":[{"name":"wp","href":"https:\/\/api.w.org\/{rel}","templated":true}]}}