{"id":3154,"date":"2023-10-15T08:11:52","date_gmt":"2023-10-15T08:11:52","guid":{"rendered":"https:\/\/ame43.org\/berthold-linder-par-son-fils-george\/"},"modified":"2024-08-11T14:42:44","modified_gmt":"2024-08-11T14:42:44","slug":"berthold-linder-par-son-fils-george","status":"publish","type":"page","link":"https:\/\/ame43.org\/fr\/berthold-linder-par-son-fils-george\/","title":{"rendered":"Berthold Linder, par son fils George"},"content":{"rendered":"<div class=\"gb-container gb-container-036ce05c\">\n\n<p>Mon p\u00e8re Berthold Linder et sa famille ont cherch\u00e9 \u00e0 fuir l&rsquo;Autriche et ont \u00e9t\u00e9 guid\u00e9s vers Saint Martin V\u00e9subie. Mon p\u00e8re, sa femme Gisella et son b\u00e9b\u00e9 Roland de 8 mois sont partis avec son fr\u00e8re Willi, sa femme Rachel et son fils Raymond de 2 ans ; sa s\u0153ur Frida, Robert (dentiste) et leur fille Karine de 5 ans.<\/p>\n\n\n\n<p>Dans son livre <em>Condamn\u00e9s sans <sup data-fn=\"ae4f65ee-4f0f-4c74-961d-cccb6ae735ac\" class=\"fn\"><a href=\"#ae4f65ee-4f0f-4c74-961d-cccb6ae735ac\" id=\"ae4f65ee-4f0f-4c74-961d-cccb6ae735ac-link\">jugement1<\/a><\/sup><\/em>, mon p\u00e8re raconte les moments p\u00e9nibles qui ont pr\u00e9c\u00e9d\u00e9 un voyage cauchemardesque en train jusqu&rsquo;\u00e0 Auschwitz. Lorsque les Alli\u00e9s se sont rapproch\u00e9s, mon p\u00e8re a d\u00fb marcher de nombreux kilom\u00e8tres et s&rsquo;est retrouv\u00e9 \u00e0 Bergen Belsen, o\u00f9 de nombreuses personnes ont contract\u00e9 la typho\u00efde et sont mortes. Une semaine de plus et il serait mort. Seuls mon p\u00e8re et son fr\u00e8re Willi ont surv\u00e9cu. Mon p\u00e8re s&rsquo;est remari\u00e9 apr\u00e8s la guerre et je suis n\u00e9, George Linder.<\/p>\n\n\n\n<figure class=\"gb-block-image gb-block-image-c0883761\"><img loading=\"lazy\" decoding=\"async\" width=\"1803\" height=\"1430\" class=\"gb-image gb-image-c0883761\" src=\"https:\/\/ame43.org\/wp-content\/uploads\/2023\/10\/Willi-and-Bert-in-Brussels-1945.jpg\" alt=\"\" title=\"Willi-and-Bert-in-Brussels-1945\" srcset=\"https:\/\/ame43.org\/wp-content\/uploads\/2023\/10\/Willi-and-Bert-in-Brussels-1945.jpg 1803w, https:\/\/ame43.org\/wp-content\/uploads\/2023\/10\/Willi-and-Bert-in-Brussels-1945-300x238.jpg 300w, https:\/\/ame43.org\/wp-content\/uploads\/2023\/10\/Willi-and-Bert-in-Brussels-1945-1024x812.jpg 1024w, https:\/\/ame43.org\/wp-content\/uploads\/2023\/10\/Willi-and-Bert-in-Brussels-1945-768x609.jpg 768w, https:\/\/ame43.org\/wp-content\/uploads\/2023\/10\/Willi-and-Bert-in-Brussels-1945-1536x1218.jpg 1536w\" sizes=\"auto, (max-width: 1803px) 100vw, 1803px\" \/>\n<figcaption class=\"gb-headline gb-headline-60afd70a gb-headline-text\"><em>Willi et Bert \u00e0 Bruxelles, 1945<\/em><\/figcaption>\n<\/figure>\n\n\n\n<p>Mon p\u00e8re n&rsquo;a jamais parl\u00e9 de ses histoires de guerre, m\u00eame lorsque je lui ai demand\u00e9, il m&rsquo;a simplement r\u00e9pondu \u00ab\u00a0tu ne veux pas savoir\u00a0\u00bb. J&rsquo;ai \u00e9t\u00e9 choqu\u00e9, en lisant son livre, d&rsquo;apprendre ses souffrances et ses pertes, bien qu&rsquo;il n&rsquo;ait pas \u00e9crit son livre en tant que victime, mais plut\u00f4t en tant que vainqueur qui a conquis et surv\u00e9cu, de justesse. Il a \u00e9crit son livre \u00e0 80 ans parce que son petit-fils lui a demand\u00e9 \u00e0 quoi servait le num\u00e9ro sur son bras et \u00e0 cause des n\u00e9gationnistes.<\/p>\n\n\n\n<figure class=\"gb-block-image gb-block-image-eea7522b\"><a href=\"Bert at Bergen-Belsen, May 1945. (Taken by the British Army 6 weeks after the liberation)\"><img loading=\"lazy\" decoding=\"async\" width=\"946\" height=\"1430\" class=\"gb-image gb-image-eea7522b\" src=\"https:\/\/ame43.org\/wp-content\/uploads\/2023\/10\/Bert-at-Bergen-Belsen-May-1945.-Taken-by-the-British-Army-6-weeks-after-the-liberation-1.jpg\" alt=\"\" title=\"Bert-at-Bergen-Belsen-May-1945.-Taken-by-the-British-Army-6-weeks-after-the-liberation-1\" srcset=\"https:\/\/ame43.org\/wp-content\/uploads\/2023\/10\/Bert-at-Bergen-Belsen-May-1945.-Taken-by-the-British-Army-6-weeks-after-the-liberation-1.jpg 946w, https:\/\/ame43.org\/wp-content\/uploads\/2023\/10\/Bert-at-Bergen-Belsen-May-1945.-Taken-by-the-British-Army-6-weeks-after-the-liberation-1-198x300.jpg 198w, https:\/\/ame43.org\/wp-content\/uploads\/2023\/10\/Bert-at-Bergen-Belsen-May-1945.-Taken-by-the-British-Army-6-weeks-after-the-liberation-1-677x1024.jpg 677w, https:\/\/ame43.org\/wp-content\/uploads\/2023\/10\/Bert-at-Bergen-Belsen-May-1945.-Taken-by-the-British-Army-6-weeks-after-the-liberation-1-768x1161.jpg 768w\" sizes=\"auto, (max-width: 946px) 100vw, 946px\" \/><\/a>\n<figcaption class=\"gb-headline gb-headline-34c10a9c gb-headline-text\"><em>Bert \u00e0 Bergen-Belsen, mai 1945. (Pris par l&rsquo;arm\u00e9e britannique 6 semaines apr\u00e8s la lib\u00e9ration)<\/em><\/figcaption>\n<\/figure>\n\n\n\n<p>Pour en revenir \u00e0 Saint Martin V\u00e9subie, le temps qu&rsquo;il y a pass\u00e9 a \u00e9t\u00e9 agr\u00e9able, avec des gens sympathiques partout. L&rsquo;incertitude \u00e9tait d\u00e9concertante. La communaut\u00e9 des r\u00e9fugi\u00e9s l&rsquo;a charg\u00e9 de faire la lessive pour les habitants. Mon p\u00e8re avait environ 30 ans. Il \u00e9tait sportif et dirigeait \u00e9galement un camp de sport, qui \u00e9tait bien accueilli. Bert et Willi organisaient \u00e9galement une com\u00e9die musicale le dimanche apr\u00e8s-midi, car ils savaient tous deux chanter et jouer de la guitare et de la mandoline. Mon p\u00e8re parlait en termes \u00e9logieux de M. Fass, qui dirigeait les op\u00e9rations au nom des r\u00e9fugi\u00e9s. Alert\u00e9s de l&rsquo;arriv\u00e9e des SS, les \u00e9v\u00e9nements deviennent intenses, avec la marche vers Borgo San Dalmazzo, o\u00f9 le refuge devient une illusion et o\u00f9 250 d&rsquo;entre eux sont dup\u00e9s par des Italiens conformistes et des SS surprenants.<\/p>\n\n\n\n<p>J&rsquo;ai personnellement fait la connaissance de Manya, dont il a \u00e9t\u00e9 question dans un <a href=\"https:\/\/ame43.org\/fr\/extraits-des-deux-journaux-de-manya-hartmayer-et-dernst-breuer\/\" data-type=\"page\" data-id=\"2373\">article pr\u00e9c\u00e9dent<\/a>, ainsi que de son fr\u00e8re Sigi Hartmeyer et de Norbert Wolfinger, qui est devenu <a href=\"https:\/\/www.bach-cantatas.com\/Bio\/Carmeli-Boris.htm\" data-type=\"link\" data-id=\"https:\/\/www.bach-cantatas.com\/Bio\/Carmeli-Boris.htm\" target=\"_blank\" rel=\"noreferrer noopener\">Boris Carmeli<\/a>, un chanteur d&rsquo;op\u00e9ra mondialement connu.  <em>[All had been in in Saint Martin V\u00e9subie \u2013 Ed.] <\/em>Norbert \u00e9tait comme un grand fr\u00e8re pour moi, et il a v\u00e9cu avec nous pendant un an \u00e0 Beverly Hills dans les ann\u00e9es 60, essayant de percer dans le monde du cin\u00e9ma. Un type formidable. Manya vivait \u00e9galement \u00e0 Los Angeles avec sa famille, et je connaissais Ernst, son mari.<\/p>\n\n\n\n<p>Apr\u00e8s la guerre, mon p\u00e8re est retourn\u00e9 en Autriche et nous avons v\u00e9cu \u00e0 Salzbourg jusqu&rsquo;\u00e0 ce que nous immigrions aux \u00c9tats-Unis, lorsque j&rsquo;avais 5 ans en 1951 et mon p\u00e8re 40 ans. Il s&rsquo;est \u00e9teint sur sc\u00e8ne \u00e0 86 ans en 1997 \u00e0 Graz alors qu&rsquo;il discutait de l&rsquo;\u00e9dition allemande de son livre<em>(Verdammt ohne <sup data-fn=\"eeb890cf-88c1-46d5-81de-463c510283b5\" class=\"fn\"><a href=\"#eeb890cf-88c1-46d5-81de-463c510283b5\" id=\"eeb890cf-88c1-46d5-81de-463c510283b5-link\">Urteil2<\/a><\/sup><\/em>), devant le gouvernement, les dignitaires et les officiels, apr\u00e8s avoir d\u00e9clar\u00e9 : \u00ab\u00a0C&rsquo;est le plus beau jour de ma vie\u00a0\u00bb. Une rue de Graz a \u00e9t\u00e9 baptis\u00e9e du nom de mon p\u00e8re en 2000, <em><a href=\"https:\/\/gams.uni-graz.at\/o:derla.sty126\" data-type=\"link\" data-id=\"https:\/\/gams.uni-graz.at\/o:derla.sty126\" target=\"_blank\" rel=\"noopener\">Berthold Linder Weg<\/a><\/em>.<\/p>\n\n\n\n<p class=\"has-text-align-right\"><em>George Linder<\/em><\/p>\n\n\n\n<p>George vit \u00e0 Brentwood, Los Angeles. Il travaille comme producteur de films. Son premier film est<em><a href=\"https:\/\/en.wikipedia.org\/wiki\/The_Running_Man_(1987_film)\" data-type=\"link\" data-id=\"https:\/\/en.wikipedia.org\/wiki\/The_Running_Man_(1987_film)\" target=\"_blank\" rel=\"noreferrer noopener\">The Running Man<\/a><\/em>avec Arnold Schwartzenegger, un compatriote autrichien. Avant cela, il a \u00e9t\u00e9 le pionnier des fauteuils roulants ultral\u00e9gers, dirigeant une usine de 500 employ\u00e9s.<\/p>\n\n\n<ol class=\"wp-block-footnotes\"><li id=\"ae4f65ee-4f0f-4c74-961d-cccb6ae735ac\">Publi\u00e9 en 1995 par S.P.I Books, aujourd&rsquo;hui \u00e9puis\u00e9. <a href=\"#ae4f65ee-4f0f-4c74-961d-cccb6ae735ac-link\" aria-label=\"Aller \u00e0 la note de bas de page 1\">\u21a9\ufe0e<\/a><\/li><li id=\"eeb890cf-88c1-46d5-81de-463c510283b5\">Publi\u00e9 en 1997 par Styria Verlag, aujourd&rsquo;hui \u00e9puis\u00e9. <a href=\"#eeb890cf-88c1-46d5-81de-463c510283b5-link\" aria-label=\"Aller \u00e0 la note de bas de page 2\">\u21a9\ufe0e<\/a><\/li><\/ol>\n\n\n<figure class=\"gb-block-image gb-block-image-f31b9f16\"><img loading=\"lazy\" decoding=\"async\" width=\"1801\" height=\"1195\" class=\"gb-image gb-image-f31b9f16\" src=\"https:\/\/ame43.org\/wp-content\/uploads\/2023\/10\/Berthold-Linder-with-Heinz-Fischer-president-of-National-Council-of-Austria-1997.jpg\" alt=\"\" title=\"Berthold-Linder-with-Heinz-Fischer-president-of-National-Council-of-Austria-1997\" srcset=\"https:\/\/ame43.org\/wp-content\/uploads\/2023\/10\/Berthold-Linder-with-Heinz-Fischer-president-of-National-Council-of-Austria-1997.jpg 1801w, https:\/\/ame43.org\/wp-content\/uploads\/2023\/10\/Berthold-Linder-with-Heinz-Fischer-president-of-National-Council-of-Austria-1997-300x199.jpg 300w, https:\/\/ame43.org\/wp-content\/uploads\/2023\/10\/Berthold-Linder-with-Heinz-Fischer-president-of-National-Council-of-Austria-1997-1024x679.jpg 1024w, https:\/\/ame43.org\/wp-content\/uploads\/2023\/10\/Berthold-Linder-with-Heinz-Fischer-president-of-National-Council-of-Austria-1997-768x510.jpg 768w, https:\/\/ame43.org\/wp-content\/uploads\/2023\/10\/Berthold-Linder-with-Heinz-Fischer-president-of-National-Council-of-Austria-1997-1536x1019.jpg 1536w\" sizes=\"auto, (max-width: 1801px) 100vw, 1801px\" \/>\n<figcaption class=\"gb-headline gb-headline-4c704b5d gb-headline-text\"><em>Berthold Linder avec Heinz Fischer, pr\u00e9sident du Conseil national autrichien, 1997<\/em><\/figcaption>\n<\/figure>\n\n\n\n<figure class=\"gb-block-image gb-block-image-fa792b4d\"><img loading=\"lazy\" decoding=\"async\" width=\"1509\" height=\"1029\" class=\"gb-image gb-image-fa792b4d\" src=\"https:\/\/ame43.org\/wp-content\/uploads\/2023\/10\/George-mother-Joan-Bert-and-sister-Viviane-at-Georges-bar-mitzvah-1960.jpg\" alt=\"\" title=\"George-mother-Joan-Bert-and-sister-Viviane-at-Georges-bar-mitzvah-1960\" srcset=\"https:\/\/ame43.org\/wp-content\/uploads\/2023\/10\/George-mother-Joan-Bert-and-sister-Viviane-at-Georges-bar-mitzvah-1960.jpg 1509w, https:\/\/ame43.org\/wp-content\/uploads\/2023\/10\/George-mother-Joan-Bert-and-sister-Viviane-at-Georges-bar-mitzvah-1960-300x205.jpg 300w, https:\/\/ame43.org\/wp-content\/uploads\/2023\/10\/George-mother-Joan-Bert-and-sister-Viviane-at-Georges-bar-mitzvah-1960-1024x698.jpg 1024w, https:\/\/ame43.org\/wp-content\/uploads\/2023\/10\/George-mother-Joan-Bert-and-sister-Viviane-at-Georges-bar-mitzvah-1960-768x524.jpg 768w\" sizes=\"auto, (max-width: 1509px) 100vw, 1509px\" \/>\n<figcaption class=\"gb-headline gb-headline-48e93e21 gb-headline-text\"><em>George, sa m\u00e8re Joan, Bert et sa s\u0153ur Viviane lors de la bar-mitsva de George, 1960<\/em><\/figcaption>\n<\/figure>\n\n\n\n<figure class=\"gb-block-image gb-block-image-9c2926a7\"><img loading=\"lazy\" decoding=\"async\" width=\"1570\" height=\"1081\" class=\"gb-image gb-image-9c2926a7\" src=\"https:\/\/ame43.org\/wp-content\/uploads\/2023\/10\/Bert-Arnold-Schwarzenegger-George-Joan-in-1989.jpg\" alt=\"\" title=\"Bert-Arnold-Schwarzenegger-George-Joan-in-1989\" srcset=\"https:\/\/ame43.org\/wp-content\/uploads\/2023\/10\/Bert-Arnold-Schwarzenegger-George-Joan-in-1989.jpg 1570w, https:\/\/ame43.org\/wp-content\/uploads\/2023\/10\/Bert-Arnold-Schwarzenegger-George-Joan-in-1989-300x207.jpg 300w, https:\/\/ame43.org\/wp-content\/uploads\/2023\/10\/Bert-Arnold-Schwarzenegger-George-Joan-in-1989-1024x705.jpg 1024w, https:\/\/ame43.org\/wp-content\/uploads\/2023\/10\/Bert-Arnold-Schwarzenegger-George-Joan-in-1989-768x529.jpg 768w, https:\/\/ame43.org\/wp-content\/uploads\/2023\/10\/Bert-Arnold-Schwarzenegger-George-Joan-in-1989-1536x1058.jpg 1536w\" sizes=\"auto, (max-width: 1570px) 100vw, 1570px\" \/>\n<figcaption class=\"gb-headline gb-headline-d7c439ac gb-headline-text\"><em>Bert, Arnold Schwarzenegger, George, Joan en 1989<\/em><\/figcaption>\n<\/figure>\n\n<\/div>","protected":false},"excerpt":{"rendered":"<p>Mon p\u00e8re Berthold Linder et sa famille ont cherch\u00e9 \u00e0 fuir l&rsquo;Autriche et ont \u00e9t\u00e9 guid\u00e9s vers Saint Martin V\u00e9subie. Mon p\u00e8re, sa femme Gisella et son b\u00e9b\u00e9 Roland de &#8230; <a title=\"Berthold Linder, par son fils George\" class=\"read-more\" href=\"https:\/\/ame43.org\/fr\/berthold-linder-par-son-fils-george\/\" aria-label=\"En savoir plus sur Berthold Linder, par son fils George\">Lire la suite<\/a><\/p>\n","protected":false},"author":1,"featured_media":0,"parent":0,"menu_order":0,"comment_status":"open","ping_status":"closed","template":"","meta":{"_acf_changed":false,"footnotes":"[{\"id\":\"ae4f65ee-4f0f-4c74-961d-cccb6ae735ac\",\"content\":\"Publi\\u00e9 en 1995 par S.P.I Books, aujourd'hui \\u00e9puis\\u00e9.\"},{\"id\":\"eeb890cf-88c1-46d5-81de-463c510283b5\",\"content\":\"Publi\\u00e9 en 1997 par Styria Verlag, aujourd'hui \\u00e9puis\\u00e9.\"}]"},"class_list":{"0":"post-3154","1":"page","2":"type-page","3":"status-publish","5":"no-featured-image-padding"},"acf":[],"jetpack_sharing_enabled":true,"_links":{"self":[{"href":"https:\/\/ame43.org\/fr\/wp-json\/wp\/v2\/pages\/3154","targetHints":{"allow":["GET"]}}],"collection":[{"href":"https:\/\/ame43.org\/fr\/wp-json\/wp\/v2\/pages"}],"about":[{"href":"https:\/\/ame43.org\/fr\/wp-json\/wp\/v2\/types\/page"}],"author":[{"embeddable":true,"href":"https:\/\/ame43.org\/fr\/wp-json\/wp\/v2\/users\/1"}],"replies":[{"embeddable":true,"href":"https:\/\/ame43.org\/fr\/wp-json\/wp\/v2\/comments?post=3154"}],"version-history":[{"count":8,"href":"https:\/\/ame43.org\/fr\/wp-json\/wp\/v2\/pages\/3154\/revisions"}],"predecessor-version":[{"id":4138,"href":"https:\/\/ame43.org\/fr\/wp-json\/wp\/v2\/pages\/3154\/revisions\/4138"}],"wp:attachment":[{"href":"https:\/\/ame43.org\/fr\/wp-json\/wp\/v2\/media?parent=3154"}],"curies":[{"name":"wp","href":"https:\/\/api.w.org\/{rel}","templated":true}]}}