{"id":3188,"date":"2023-10-15T08:57:33","date_gmt":"2023-10-15T08:57:33","guid":{"rendered":"https:\/\/ame43.org\/souvenirs-de-saint-martin-vesubie-de-la-shoah-et-de-ses-consequences-par-david-galant\/"},"modified":"2024-08-11T14:41:45","modified_gmt":"2024-08-11T14:41:45","slug":"souvenirs-de-saint-martin-vesubie-de-la-shoah-et-de-ses-consequences-par-david-galant","status":"publish","type":"page","link":"https:\/\/ame43.org\/fr\/souvenirs-de-saint-martin-vesubie-de-la-shoah-et-de-ses-consequences-par-david-galant\/","title":{"rendered":"Souvenirs de Saint Martin V\u00e9subie, de la Shoah et de ses cons\u00e9quences, par David Galant"},"content":{"rendered":"<div class=\"gb-container gb-container-c6223c7d\">\n\n<p>Mon p\u00e8re, David Galant, et sa famille faisaient partie des familles juives en r\u00e9sidence forc\u00e9e \u00e0 Saint Martin V\u00e9subie en 1943. Il \u00e9tait tr\u00e8s ferm\u00e9 sur tout ce qui s&rsquo;\u00e9tait pass\u00e9 ; il ne voulait ou ne pouvait pas en parler, sauf avec d&rsquo;autres survivants qui le comprenaient parfaitement. Mais il s&rsquo;est rendu compte que les t\u00e9moins comme lui vieillissaient et que leur exp\u00e9rience v\u00e9cue devenait une histoire lointaine. Il a commenc\u00e9 \u00e0 s&rsquo;adresser \u00e0 des groupes scolaires et a m\u00eame \u00e9t\u00e9 interview\u00e9 dans le cadre du projet d&rsquo;histoire orale du United States Holocaust Memorial Museum (voir  <br\/><a href=\"https:\/\/collections.ushmm.org\/search\/catalog\/irn512340\" target=\"_blank\" rel=\"noreferrer noopener\">collections.ushmm.org\/search\/catalog\/irn512340<\/a>).<\/p>\n\n\n\n<p>Il m&rsquo;a demand\u00e9 d&rsquo;\u00e9crire ses m\u00e9moires et de les intituler <a href=\"https:\/\/www.amazon.com\/Lest-We-Forget-Risa-Galant\/dp\/1470013460\" target=\"_blank\" data-type=\"link\" data-id=\"https:\/\/ame43.org\/?page_id=3112&amp;preview=1&amp;_ppp=5b51358622\" rel=\"noreferrer noopener\">\u00ab\u00a0Devoir de<\/a> m\u00e9moire\u00a0\u00bb : une d\u00e9claration d&rsquo;intention pour s&rsquo;assurer que nous nous souvenons, que cette histoire n&rsquo;est pas perdue. Malgr\u00e9 cela, il a \u00e9t\u00e9 tr\u00e8s difficile de l&rsquo;interviewer et de l&rsquo;amener \u00e0 parler de ses exp\u00e9riences. Ses descriptions sont si d\u00e9pouill\u00e9es, si concr\u00e8tes, que l&rsquo;on a parfois l&rsquo;impression que c&rsquo;est une cruaut\u00e9 de continuer. Nous avons auto-publi\u00e9 ses m\u00e9moires en juillet 2012. Il est d\u00e9c\u00e9d\u00e9 l&rsquo;ann\u00e9e suivante, le 3 mars 2013. Je suis reconnaissante de lire les histoires d&rsquo;autres familles dans ce bulletin et, gr\u00e2ce \u00e0 David Bernheim qui m&rsquo;a trouv\u00e9e et contact\u00e9e, de savoir que cette communaut\u00e9 d&rsquo;exp\u00e9rience et de survie existe. J&rsquo;esp\u00e8re pouvoir rejoindre la Marche une ann\u00e9e.<\/p>\n\n\n\n<p>Mon p\u00e8re est n\u00e9 \u00e0 Paris en 1927 d&rsquo;une famille d&rsquo;immigr\u00e9s juifs. La famille a v\u00e9cu en Pologne, puis a immigr\u00e9 en Allemagne pendant les derniers jours de la R\u00e9publique de Weimar. En 1924, lorsque la situation des Juifs en Allemagne s&rsquo;est d\u00e9t\u00e9rior\u00e9e au point de devenir dangereuse, mes grands-parents Yehudah et Rose ont d\u00e9m\u00e9nag\u00e9 avec leurs trois enfants n\u00e9s en Allemagne dans le seul pays qui les accepterait facilement : la France. La famille a \u00e9t\u00e9 d\u00e9sign\u00e9e comme r\u00e9fugi\u00e9e russe apatride. Mais mon p\u00e8re \u00e9tant n\u00e9 \u00e0 Paris, il \u00e9tait citoyen fran\u00e7ais. Sa citoyennet\u00e9 a fait la diff\u00e9rence lors de la campagne nazie contre les Juifs fran\u00e7ais.<\/p>\n\n\n\n<figure class=\"gb-block-image gb-block-image-e9f383cf\"><img loading=\"lazy\" decoding=\"async\" width=\"539\" height=\"381\" class=\"gb-image gb-image-e9f383cf\" src=\"https:\/\/ame43.org\/wp-content\/uploads\/2023\/10\/Galant-family-portrait-1941.jpg\" alt=\"\" title=\"Galant-family-portrait-1941\" srcset=\"https:\/\/ame43.org\/wp-content\/uploads\/2023\/10\/Galant-family-portrait-1941.jpg 539w, https:\/\/ame43.org\/wp-content\/uploads\/2023\/10\/Galant-family-portrait-1941-300x212.jpg 300w\" sizes=\"auto, (max-width: 539px) 100vw, 539px\" \/>\n<figcaption class=\"gb-headline gb-headline-e1784a37 gb-headline-text\"><em>Portrait de la famille Galant 1941<\/em><\/figcaption>\n<\/figure>\n\n\n\n<p>Mon p\u00e8re avait 14 ans lorsque Paris est tomb\u00e9 aux mains des nazis en 1941. Yehudah a d\u00e9cid\u00e9 que son seul travail consistait \u00e0 pr\u00e9server l&rsquo;unit\u00e9 de la famille. Cette d\u00e9cision a guid\u00e9 ses actions pour le reste de sa vie. La famille de mon p\u00e8re &#8211; Yehudah et Rose, leurs enfants Betty, Ren\u00e9e, Adolphe et mon p\u00e8re David &#8211; s&rsquo;est \u00e9chapp\u00e9e de Paris et s&rsquo;est rendue \u00e0 N\u00eemes. La vie s&rsquo;installe dans une routine presque normale jusqu&rsquo;en avril 1943, lorsque les Italiens placent tous les Juifs relevant de leur juridiction en r\u00e9sidence forc\u00e9e \u00e0 Saint Martin V\u00e9subie.<\/p>\n\n\n\n<figure class=\"gb-block-image gb-block-image-05053a97\"><img loading=\"lazy\" decoding=\"async\" width=\"2560\" height=\"1920\" class=\"gb-image gb-image-05053a97\" src=\"https:\/\/ame43.org\/wp-content\/uploads\/2023\/10\/Rose_and_Yehudah_Galant-scaled.jpg\" alt=\"\" title=\"Rose_and_Yehudah_Galant\" srcset=\"https:\/\/ame43.org\/wp-content\/uploads\/2023\/10\/Rose_and_Yehudah_Galant-scaled.jpg 2560w, https:\/\/ame43.org\/wp-content\/uploads\/2023\/10\/Rose_and_Yehudah_Galant-300x225.jpg 300w, https:\/\/ame43.org\/wp-content\/uploads\/2023\/10\/Rose_and_Yehudah_Galant-1024x768.jpg 1024w, https:\/\/ame43.org\/wp-content\/uploads\/2023\/10\/Rose_and_Yehudah_Galant-768x576.jpg 768w, https:\/\/ame43.org\/wp-content\/uploads\/2023\/10\/Rose_and_Yehudah_Galant-1536x1152.jpg 1536w, https:\/\/ame43.org\/wp-content\/uploads\/2023\/10\/Rose_and_Yehudah_Galant-2048x1536.jpg 2048w\" sizes=\"auto, (max-width: 2560px) 100vw, 2560px\" \/>\n<figcaption class=\"gb-headline gb-headline-31295f0d gb-headline-text\"><em>Rose et Yehudah Galant,<\/em> <em>les parents de David<\/em><\/figcaption>\n<\/figure>\n\n\n\n<p>Mon p\u00e8re m&rsquo;a dit que ce n&rsquo;\u00e9tait pas si mal, qu&rsquo;il y avait beaucoup d&rsquo;autres Juifs. Beaucoup \u00e9taient des personnes qu&rsquo;ils connaissaient dans la communaut\u00e9 juive parisienne. Ils \u00e9taient libres d&rsquo;aller et venir tant qu&rsquo;ils se pr\u00e9sentaient aux carabiniers pour les contr\u00f4les biquotidiens. Ils se sentent tellement \u00e0 l&rsquo;aise sous la juridiction des Italiens qu&rsquo;ils encouragent leurs amis parisiens qui se cachent encore \u00e0 les rejoindre. (Leurs amis ont refus\u00e9.) La famille a m\u00eame c\u00e9l\u00e9br\u00e9 de beaux \u00e9v\u00e9nements : les mariages des s\u0153urs de mon p\u00e8re et la naissance du fils de sa s\u0153ur Ren\u00e9e, Daniel. Mais apr\u00e8s la capitulation des Italiens en septembre 1943, les habitants juifs de Saint Martin V\u00e9subie ont \u00e9t\u00e9 pr\u00e9venus que les choses \u00e9taient sur le point de changer. Notre famille faisait partie du millier de Juifs qui ont travers\u00e9 les Alpes \u00e0 pied. Ils esp\u00e9raient se rendre \u00e0 Cuneo, en Italie, pour prendre un train \u00e0 destination de Rome et se mettre \u00e0 l&rsquo;abri avec les troupes alli\u00e9es.<\/p>\n\n\n\n<p>Les familles juives ont \u00e9t\u00e9 divis\u00e9es en trois groupes. Notre famille faisait partie du premier groupe. Mon p\u00e8re se souvient d&rsquo;une semaine mis\u00e9rable sur la piste : ils transportaient ce qu&rsquo;ils pouvaient, dormaient \u00ab\u00a0\u00e0 la dure\u00a0\u00bb l\u00e0 o\u00f9 ils se trouvaient \u00e0 la tomb\u00e9e de la nuit. Ils sont un peu soulag\u00e9s lorsqu&rsquo;ils atteignent le col de Fenestre, o\u00f9 des partisans italiens (anciennement soldats) les h\u00e9bergent dans des baraquements pour la nuit. Le lendemain matin, les familles poursuivent leur route vers Cuneo, mais elles n&rsquo;y parviennent pas. Les nazis avaient intercept\u00e9 les ordres de la R\u00e9sistance \u00e0 Nice. Ces familles ont \u00e9t\u00e9 accueillies par la 12e Panzerdivision d&rsquo;Adolf Hitler. Ils ont \u00e9t\u00e9 emprisonn\u00e9s dans les baraquements d&rsquo;une ancienne garnison italienne \u00e0 Borgo San Dalmazzo.<\/p>\n\n\n\n<p>\u00c0 Borgo, ils ont pu faire ce qu&rsquo;ils voulaient dans les limites de la garnison, allant jusqu&rsquo;\u00e0 cr\u00e9er une cuisine et une \u00e9cole pour les enfants, avec l&rsquo;aide de membres de la communaut\u00e9 qui se sont port\u00e9s volontaires pour enseigner. Cependant, la surveillance \u00e9troite des nazis les a emp\u00each\u00e9s de conserver toute tradition juive. Lorsque le temps a chang\u00e9 en novembre, les familles ont \u00e9t\u00e9 mises dans un train pour Drancy et trait\u00e9es. Le 7 d\u00e9cembre 1943, ils ont \u00e9t\u00e9 entass\u00e9s dans des wagons de marchandises ferm\u00e9s, \u00e0 raison de 150 personnes par wagon, avec un seau pour les d\u00e9chets, un peu de pain et d&rsquo;eau, et aucun endroit pour s&rsquo;asseoir. Ils ont \u00e9t\u00e9 envoy\u00e9s \u00e0 Auschwitz.<\/p>\n\n\n\n<p>Mon p\u00e8re \u00e9tait le seul membre de sa famille imm\u00e9diate \u00e0 avoir surv\u00e9cu. Ses parents, ses s\u0153urs et son neveu Daniel ont \u00e9t\u00e9 envoy\u00e9s dans les chambres \u00e0 gaz d\u00e8s leur arriv\u00e9e \u00e0 Auschwitz. Son fr\u00e8re Adolphe, r\u00e9alisant qu&rsquo;il n&rsquo;allait pas s&rsquo;en sortir, a dit \u00e0 mon p\u00e8re : \u00ab\u00a0Tu es le dernier : \u00ab\u00a0Tu es le dernier. Nous ne mourrons pas.\u00a0\u00bb En r\u00e9fl\u00e9chissant \u00e0 cette \u00e9poque, mon p\u00e8re a ajout\u00e9 que pour survivre, \u00ab\u00a0il ne faut pas attendre la mort. On attend la lib\u00e9ration\u00a0\u00bb. Il a surv\u00e9cu deux ans dans ces camps.<\/p>\n\n\n\n<p>Apr\u00e8s la lib\u00e9ration, mon p\u00e8re est retourn\u00e9 \u00e0 Paris, mais il s&rsquo;est battu. Il rejette le juda\u00efsme et refuse d&rsquo;aller \u00e0 la synagogue. Rester en France \u00e9tait trop difficile : les souvenirs, le chagrin, le ressentiment et la culpabilit\u00e9 du survivant, le manque de famille ou de ressources pour refaire sa vie, l&#8217;emp\u00eachaient de se sentir chez lui dans son propre pays. Lorsque l&rsquo;ancienne correspondante de sa s\u0153ur Ren\u00e9e, Malvine Hirsch, l&rsquo;a contact\u00e9, il a r\u00e9alis\u00e9 qu&rsquo;il existait une autre option. Malvine \u00e9tait une juive viennoise qui avait \u00e9migr\u00e9 aux \u00c9tats-Unis avec sa famille en 1938. Apr\u00e8s la guerre, elle a surveill\u00e9 les listes de rapatri\u00e9s dans les journaux, \u00e0 la recherche de noms familiers. Gr\u00e2ce \u00e0 elle, mon p\u00e8re a renou\u00e9 avec des membres de sa famille qui avaient \u00e9migr\u00e9 aux \u00c9tats-Unis avant la \u00ab\u00a0loi d&rsquo;exclusion des \u00e9trangers\u00a0\u00bb de 1924. Ils l&rsquo;ont parrain\u00e9 et il est arriv\u00e9 aux \u00c9tats-Unis en juin 1946. Il avait 19 ans.<\/p>\n\n\n\n<p>Le fait de rejoindre sa famille rest\u00e9e \u00e0 Oakland, en Californie, et de rencontrer ma m\u00e8re, Jean, a \u00e9t\u00e9 au c\u0153ur de la gu\u00e9rison de mon p\u00e8re. Ils l&rsquo;ont aid\u00e9 \u00e0 rejoindre l&rsquo;humanit\u00e9 et \u00e0 revenir au juda\u00efsme apr\u00e8s l&rsquo;Holocauste. Le juda\u00efsme l&rsquo;a fa\u00e7onn\u00e9 dans son enfance et la communaut\u00e9 juive d&rsquo;Oakland l&rsquo;a soutenu en tant que survivant, mari et p\u00e8re.<\/p>\n\n\n\n<p>Merci d&rsquo;avoir inclus notre histoire.<\/p>\n\n\n\n<p class=\"has-text-align-right\"><em>Risa Galant<\/em><\/p>\n\n\n\n<p><em>\u00ab\u00a0Je suis originaire de la c\u00f4te nord de la Californie, mais je vis actuellement \u00e0 Seattle, dans l&rsquo;\u00c9tat de Washington, o\u00f9 j&rsquo;ai \u00e9t\u00e9 mut\u00e9e pour mon travail en 2013. La c\u00f4te pr\u00e8s de Half Moon Bay est toujours ma maison, donc mon partenaire et moi voyageons fr\u00e9quemment entre les deux avec nos chiens. J&rsquo;ai travaill\u00e9 dans le secteur de la haute technologie, d&rsquo;o\u00f9 j&rsquo;ai pris ma retraite en 2022. Nous appr\u00e9cions les voyages en voiture, les projets artistiques, les promenades \u00ab\u00a0avec nos chiens\u00a0\u00bb et, d&rsquo;une mani\u00e8re g\u00e9n\u00e9rale, nous ralentissons notre rythme de vie.<\/em><\/p>\n\n\n\n<p><em>Mes fr\u00e8res et moi avons grandi en sachant que la famille de notre p\u00e8re avait disparu pendant la guerre. Nous entendions ses cauchemars quand nous \u00e9tions petits. J&rsquo;\u00e9tais adolescent lorsque j&rsquo;ai pos\u00e9 \u00e0 mon p\u00e8re une question apparemment simple : \u00ab\u00a0Que s&rsquo;est-il pass\u00e9 ?\u00a0\u00bb Mon p\u00e8re a h\u00e9sit\u00e9, puis a donn\u00e9 un bref aper\u00e7u. Je me suis sentie tr\u00e8s mal car il a refait des cauchemars pendant des semaines. En dehors de la technologie, je suis \u00e9crivain depuis mon plus jeune \u00e2ge. C&rsquo;est en partie pour cette raison que mon p\u00e8re m&rsquo;a demand\u00e9 d&rsquo;\u00e9crire ses m\u00e9moires vers la fin de sa vie, mais l&rsquo;autre partie est que j&rsquo;ai pos\u00e9 cette simple question il y a si longtemps : \u00ab\u00a0Que s&rsquo;est-il pass\u00e9 ?\u00a0\u00bb C\u2019est l\u00e0 qu\u2019a commenc\u00e9 notre voyage de m\u00e9moire et d\u2019histoire.<\/em><\/p>\n\n\n\n<p><em>Papa est revenu visiter Saint Martin V\u00e9subie en 1986 avec maman. La logeuse de sa famille \u00e9tait toujours l\u00e0 et ils ont eu de belles retrouvailles.<\/em>\u00ab\u00a0<\/p>\n\n\n\n<figure class=\"gb-block-image gb-block-image-fb05260a\"><img loading=\"lazy\" decoding=\"async\" width=\"1262\" height=\"1557\" class=\"gb-image gb-image-fb05260a\" src=\"https:\/\/ame43.org\/wp-content\/uploads\/2023\/10\/David-and-Jeans-Engagement.jpg\" alt=\"\" title=\"David-and-Jeans-Engagement\" srcset=\"https:\/\/ame43.org\/wp-content\/uploads\/2023\/10\/David-and-Jeans-Engagement.jpg 1262w, https:\/\/ame43.org\/wp-content\/uploads\/2023\/10\/David-and-Jeans-Engagement-243x300.jpg 243w, https:\/\/ame43.org\/wp-content\/uploads\/2023\/10\/David-and-Jeans-Engagement-830x1024.jpg 830w, https:\/\/ame43.org\/wp-content\/uploads\/2023\/10\/David-and-Jeans-Engagement-768x948.jpg 768w, https:\/\/ame43.org\/wp-content\/uploads\/2023\/10\/David-and-Jeans-Engagement-1245x1536.jpg 1245w\" sizes=\"auto, (max-width: 1262px) 100vw, 1262px\" \/>\n<figcaption class=\"gb-headline gb-headline-bce4667d gb-headline-text\"><em>Les fian\u00e7ailles de David et Jean<\/em><\/figcaption>\n<\/figure>\n\n\n\n<figure class=\"gb-block-image gb-block-image-8c67eb86\"><img loading=\"lazy\" decoding=\"async\" width=\"2560\" height=\"2116\" class=\"gb-image gb-image-8c67eb86\" src=\"https:\/\/ame43.org\/wp-content\/uploads\/2023\/10\/David_and_Jean_in_1986-scaled.jpg\" alt=\"\" title=\"David_and_Jean_in_1986\" srcset=\"https:\/\/ame43.org\/wp-content\/uploads\/2023\/10\/David_and_Jean_in_1986-scaled.jpg 2560w, https:\/\/ame43.org\/wp-content\/uploads\/2023\/10\/David_and_Jean_in_1986-300x248.jpg 300w, https:\/\/ame43.org\/wp-content\/uploads\/2023\/10\/David_and_Jean_in_1986-1024x846.jpg 1024w, https:\/\/ame43.org\/wp-content\/uploads\/2023\/10\/David_and_Jean_in_1986-768x635.jpg 768w, https:\/\/ame43.org\/wp-content\/uploads\/2023\/10\/David_and_Jean_in_1986-1536x1270.jpg 1536w, https:\/\/ame43.org\/wp-content\/uploads\/2023\/10\/David_and_Jean_in_1986-2048x1693.jpg 2048w\" sizes=\"auto, (max-width: 2560px) 100vw, 2560px\" \/>\n<figcaption class=\"gb-headline gb-headline-c5178c18 gb-headline-text\"><em>David et Jean en 1986<\/em><\/figcaption>\n<\/figure>\n\n\n\n<figure class=\"gb-block-image gb-block-image-25d29769\"><img loading=\"lazy\" decoding=\"async\" width=\"2560\" height=\"1909\" class=\"gb-image gb-image-25d29769\" src=\"https:\/\/ame43.org\/wp-content\/uploads\/2023\/10\/Risa_with_her_father_David_in_1986-scaled.jpg\" alt=\"\" title=\"Risa_with_her_father_David_in_1986\" srcset=\"https:\/\/ame43.org\/wp-content\/uploads\/2023\/10\/Risa_with_her_father_David_in_1986-scaled.jpg 2560w, https:\/\/ame43.org\/wp-content\/uploads\/2023\/10\/Risa_with_her_father_David_in_1986-300x224.jpg 300w, https:\/\/ame43.org\/wp-content\/uploads\/2023\/10\/Risa_with_her_father_David_in_1986-1024x764.jpg 1024w, https:\/\/ame43.org\/wp-content\/uploads\/2023\/10\/Risa_with_her_father_David_in_1986-768x573.jpg 768w, https:\/\/ame43.org\/wp-content\/uploads\/2023\/10\/Risa_with_her_father_David_in_1986-1536x1146.jpg 1536w, https:\/\/ame43.org\/wp-content\/uploads\/2023\/10\/Risa_with_her_father_David_in_1986-2048x1527.jpg 2048w\" sizes=\"auto, (max-width: 2560px) 100vw, 2560px\" \/>\n<figcaption class=\"gb-headline gb-headline-f83b06d6 gb-headline-text\"><em>Risa avec son p\u00e8re David en 1986<\/em><\/figcaption>\n<\/figure>\n\n<\/div>\n<figure class=\"gb-block-image gb-block-image-3962ace8\"><img loading=\"lazy\" decoding=\"async\" width=\"2560\" height=\"1920\" class=\"gb-image gb-image-3962ace8\" src=\"https:\/\/ame43.org\/wp-content\/uploads\/2023\/10\/David-Galant-in-SMV-1986-scaled.jpg\" alt=\"\" title=\"David-Galant-in-SMV-1986\" srcset=\"https:\/\/ame43.org\/wp-content\/uploads\/2023\/10\/David-Galant-in-SMV-1986-scaled.jpg 2560w, https:\/\/ame43.org\/wp-content\/uploads\/2023\/10\/David-Galant-in-SMV-1986-300x225.jpg 300w, https:\/\/ame43.org\/wp-content\/uploads\/2023\/10\/David-Galant-in-SMV-1986-1024x768.jpg 1024w, https:\/\/ame43.org\/wp-content\/uploads\/2023\/10\/David-Galant-in-SMV-1986-768x576.jpg 768w, https:\/\/ame43.org\/wp-content\/uploads\/2023\/10\/David-Galant-in-SMV-1986-1536x1152.jpg 1536w, https:\/\/ame43.org\/wp-content\/uploads\/2023\/10\/David-Galant-in-SMV-1986-2048x1536.jpg 2048w\" sizes=\"auto, (max-width: 2560px) 100vw, 2560px\" \/>\n<figcaption class=\"gb-headline gb-headline-d3427755 gb-headline-text\"><em>David Galant on a trip back to Saint Martin V\u00e9subie in 1986.. Photo by his wife Jean.<\/em><\/figcaption>\n<\/figure>\n","protected":false},"excerpt":{"rendered":"<p>Mon p\u00e8re, David Galant, et sa famille faisaient partie des familles juives en r\u00e9sidence forc\u00e9e \u00e0 Saint Martin V\u00e9subie en 1943. Il \u00e9tait tr\u00e8s ferm\u00e9 sur tout ce qui s&rsquo;\u00e9tait &#8230; <a title=\"Souvenirs de Saint Martin V\u00e9subie, de la Shoah et de ses cons\u00e9quences, par David Galant\" class=\"read-more\" href=\"https:\/\/ame43.org\/fr\/souvenirs-de-saint-martin-vesubie-de-la-shoah-et-de-ses-consequences-par-david-galant\/\" aria-label=\"En savoir plus sur Souvenirs de Saint Martin V\u00e9subie, de la Shoah et de ses cons\u00e9quences, par David Galant\">Lire la suite<\/a><\/p>\n","protected":false},"author":1,"featured_media":0,"parent":0,"menu_order":0,"comment_status":"open","ping_status":"closed","template":"","meta":{"_acf_changed":false,"footnotes":""},"class_list":{"0":"post-3188","1":"page","2":"type-page","3":"status-publish","5":"no-featured-image-padding"},"acf":[],"jetpack_sharing_enabled":true,"_links":{"self":[{"href":"https:\/\/ame43.org\/fr\/wp-json\/wp\/v2\/pages\/3188","targetHints":{"allow":["GET"]}}],"collection":[{"href":"https:\/\/ame43.org\/fr\/wp-json\/wp\/v2\/pages"}],"about":[{"href":"https:\/\/ame43.org\/fr\/wp-json\/wp\/v2\/types\/page"}],"author":[{"embeddable":true,"href":"https:\/\/ame43.org\/fr\/wp-json\/wp\/v2\/users\/1"}],"replies":[{"embeddable":true,"href":"https:\/\/ame43.org\/fr\/wp-json\/wp\/v2\/comments?post=3188"}],"version-history":[{"count":7,"href":"https:\/\/ame43.org\/fr\/wp-json\/wp\/v2\/pages\/3188\/revisions"}],"predecessor-version":[{"id":3232,"href":"https:\/\/ame43.org\/fr\/wp-json\/wp\/v2\/pages\/3188\/revisions\/3232"}],"wp:attachment":[{"href":"https:\/\/ame43.org\/fr\/wp-json\/wp\/v2\/media?parent=3188"}],"curies":[{"name":"wp","href":"https:\/\/api.w.org\/{rel}","templated":true}]}}