{"id":3252,"date":"2024-08-11T16:08:23","date_gmt":"2024-08-11T16:08:23","guid":{"rendered":"https:\/\/ame43.org\/?page_id=3252"},"modified":"2024-08-11T16:08:23","modified_gmt":"2024-08-11T16:08:23","slug":"un-charmant-roman-italien","status":"publish","type":"page","link":"https:\/\/ame43.org\/fr\/un-charmant-roman-italien\/","title":{"rendered":"Un charmant roman italien"},"content":{"rendered":"<div class=\"gb-container gb-container-87e6d25b\">\n\n<p><em>Un po&rsquo; di tempo in pi\u00f9 <\/em>(294 pages, publi\u00e9 le 1er d\u00e9cembre 2021) est le premier roman d&rsquo;Andrea Bagnulo. Bagnulo est originaire de Turin. Son roman, comme sa vie, est rempli de musique et de gens. Il se sent oblig\u00e9 d&rsquo;\u00e9crire comme un acte d&rsquo;amour pour pr\u00e9server la m\u00e9moire et se pr\u00e9munir contre l&rsquo;in\u00e9vitable d\u00e9formation du temps.<\/p>\n\n\n\n<p>Le fait qu&rsquo;on m&rsquo;ait demand\u00e9 d&rsquo;\u00e9crire sur ce roman italien a \u00e9t\u00e9, pour le moins, un d\u00e9fi pour moi, car je ne parle pas l&rsquo;italien ! Avec l&rsquo;accord d&rsquo;Andrea, David Bernheim, pr\u00e9sident de l&rsquo;AME 43, a utilis\u00e9 un outil de traduction en ligne pour convertir l&rsquo;int\u00e9gralit\u00e9 du roman en anglais, ce qui m&rsquo;a permis de suivre l&rsquo;intrigue. Ces traductions automatiques sont in\u00e9vitablement maladroites et in\u00e9l\u00e9gantes \u00e0 l&rsquo;extr\u00eame, et je ne peux donc pas me prononcer sur le style de l&rsquo;auteur. N\u00e9anmoins, je pense que ce roman m\u00e9rite un large public. J&rsquo;esp\u00e8re qu&rsquo;il sera traduit dans d&rsquo;autres langues par des traducteurs comp\u00e9tents capables de saisir les nuances et la beaut\u00e9 linguistiques.<\/p>\n\n\n\n<p><em>Un po&rsquo; di tempo in pi\u00f9 (Un peu plus de temps <\/em>en anglais) raconte une histoire int\u00e9ressante. Il s&rsquo;agit d&rsquo;un r\u00e9cit captivant sur l&rsquo;amiti\u00e9, la bont\u00e9 humaine, les coups du sort et l&rsquo;amour perdu et retrouv\u00e9. L&rsquo;intrigue est intelligemment construite, avec des retours en arri\u00e8re et des retours en avant dans le temps. Il revient parfois sur une sc\u00e8ne d\u00e9crite pr\u00e9c\u00e9demment, mais sous un angle nouveau. Chaque section est dat\u00e9e, ce qui permet de suivre facilement la progression de l&rsquo;intrigue.<\/p>\n\n\n\n<figure class=\"gb-block-image gb-block-image-edc32514\"><img loading=\"lazy\" decoding=\"async\" width=\"1761\" height=\"2560\" class=\"gb-image gb-image-edc32514\" src=\"https:\/\/ame43.org\/wp-content\/uploads\/2023\/10\/Un-po-di-tempo-in-piu-scaled.jpg\" alt=\"\" title=\"Un-po-di-tempo-in-piu\" srcset=\"https:\/\/ame43.org\/wp-content\/uploads\/2023\/10\/Un-po-di-tempo-in-piu-scaled.jpg 1761w, https:\/\/ame43.org\/wp-content\/uploads\/2023\/10\/Un-po-di-tempo-in-piu-206x300.jpg 206w, https:\/\/ame43.org\/wp-content\/uploads\/2023\/10\/Un-po-di-tempo-in-piu-705x1024.jpg 705w, https:\/\/ame43.org\/wp-content\/uploads\/2023\/10\/Un-po-di-tempo-in-piu-768x1116.jpg 768w, https:\/\/ame43.org\/wp-content\/uploads\/2023\/10\/Un-po-di-tempo-in-piu-1057x1536.jpg 1057w, https:\/\/ame43.org\/wp-content\/uploads\/2023\/10\/Un-po-di-tempo-in-piu-1409x2048.jpg 1409w\" sizes=\"auto, (max-width: 1761px) 100vw, 1761px\" \/><\/figure>\n\n\n\n<p>Le roman s&rsquo;ouvre sur une sc\u00e8ne de concert, avec la musique de La <em>liste de Schindler<\/em> de Spielberg. Cette sc\u00e8ne est au c\u0153ur de l&rsquo;histoire et nous y revenons sans cesse. Le film de Spielberg et sa musique donnent un ton \u00e9motionnel au roman.<\/p>\n\n\n\n<p>Les \u00e9v\u00e9nements historiques survenus \u00e0 <em>Saint-Martin-V\u00e9subie<\/em> au cours de l&rsquo;\u00e9t\u00e9 43 ne sont pas tr\u00e8s connus. Avec son r\u00e9cit magnifiquement imagin\u00e9, ce roman comm\u00e9more ces \u00e9v\u00e9nements. Le personnage de Vinicio tombe par hasard sur un vieux journal de guerre tenu par son grand-p\u00e8re. En le lisant, il d\u00e9couvre ses racines juives. En septembre 1994, 51 ans apr\u00e8s les \u00e9v\u00e9nements d\u00e9crits dans le journal de son grand-p\u00e8re, Vinicio entreprend son propre voyage pour retracer la travers\u00e9e ancestrale de l&rsquo;Italie effectu\u00e9e par son grand-p\u00e8re en septembre 1943.  Son p\u00e9riple solitaire de<em> Saint-Martin-V\u00e9subie<\/em> au <em>Colle Ciriegia<\/em> (Col de Cerise) en l&rsquo;honneur de son grand-p\u00e8re est l&rsquo;un des nombreux moments vraiment \u00e9mouvants du livre.<\/p>\n\n\n\n<p>\u00c0 mon avis, le film <em>La liste de Schindler<\/em>, sorti le 25 d\u00e9cembre 1993, a r\u00e9ussi \u00e0 amplifier l&rsquo;id\u00e9e de l&rsquo;histoire de l&rsquo;Holocauste dans la culture populaire. C&rsquo;est un merveilleux exemple de la mani\u00e8re dont les arts et l&rsquo;histoire peuvent s&rsquo;enrichir mutuellement, en travaillant en tandem pour fixer des \u00e9v\u00e9nements historiques dans la m\u00e9moire culturelle. Dans cet esprit, le roman d&rsquo;Andrea Bagnulo apporte une nouvelle interpr\u00e9tation de notre histoire et de celle de nos anc\u00eatres.<\/p>\n\n\n\n<p>L&rsquo;amour, la perte, la famille, le suspense et la musique, tout y est et plus encore. Bagnulo fait citer \u00e0 l&rsquo;un de ses personnages Friedrich Nietzsche<em>: \u00ab\u00a0Sans musique, la vie serait une erreur\u00a0\u00bb.<\/em> Je suis tent\u00e9 d&rsquo;ajouter<em>: \u00ab\u00a0Sans histoires, la vie serait une erreur\u00a0\u00bb<\/em>.<\/p>\n\n\n\n<p class=\"has-text-align-right\"><em>Elaine Markowski McKee<\/em><\/p>\n\n\n\n<p><em>La m\u00e8re d&rsquo;Elaine, Margit Reich, a v\u00e9cu \u00e0 Saint-Martin-V\u00e9subie, occup\u00e9e par les Italiens, pendant l&rsquo;\u00e9t\u00e9 1943. Avec la plupart de ses Juifs, elle s&rsquo;est \u00e9chapp\u00e9e par les Alpes pour rejoindre l&rsquo;Italie le 8 septembre, date \u00e0 laquelle l&rsquo;Italie a capitul\u00e9. Elle a ensuite \u00e9t\u00e9 forc\u00e9e de retraverser les Alpes et a finalement surv\u00e9cu \u00e0 la guerre dans la clandestinit\u00e9 \u00e0 Grenoble, en France. Elaine est n\u00e9e apr\u00e8s la guerre \u00e0 Paris, en France, et vit aujourd&rsquo;hui \u00e0 Toronto, au Canada. Elle est ergoth\u00e9rapeute \u00e0 la retraite.<\/em><\/p>\n\n\n\n<figure class=\"gb-block-image gb-block-image-7d89960d\"><img loading=\"lazy\" decoding=\"async\" width=\"920\" height=\"1104\" class=\"gb-image gb-image-7d89960d\" src=\"https:\/\/ame43.org\/wp-content\/uploads\/2023\/10\/Andrea-Bagnulo-by-the-monument-to-the-Jews-of-St-Martin-Vesubie.jpg\" alt=\"\" title=\"Andrea-Bagnulo-by-the-monument-to-the-Jews-of-St-Martin-Vesubie\" srcset=\"https:\/\/ame43.org\/wp-content\/uploads\/2023\/10\/Andrea-Bagnulo-by-the-monument-to-the-Jews-of-St-Martin-Vesubie.jpg 920w, https:\/\/ame43.org\/wp-content\/uploads\/2023\/10\/Andrea-Bagnulo-by-the-monument-to-the-Jews-of-St-Martin-Vesubie-250x300.jpg 250w, https:\/\/ame43.org\/wp-content\/uploads\/2023\/10\/Andrea-Bagnulo-by-the-monument-to-the-Jews-of-St-Martin-Vesubie-853x1024.jpg 853w, https:\/\/ame43.org\/wp-content\/uploads\/2023\/10\/Andrea-Bagnulo-by-the-monument-to-the-Jews-of-St-Martin-Vesubie-768x922.jpg 768w\" sizes=\"auto, (max-width: 920px) 100vw, 920px\" \/>\n<figcaption class=\"gb-headline gb-headline-8e8b77af gb-headline-text\"><em>Andrea Bagnulo devant le monument aux Juifs de St Martin V\u00e9subie, en ao\u00fbt 2022<\/em><\/figcaption>\n<\/figure>\n\n<\/div>","protected":false},"excerpt":{"rendered":"<p>Un po&rsquo; di tempo in pi\u00f9 (294 pages, publi\u00e9 le 1er d\u00e9cembre 2021) est le premier roman d&rsquo;Andrea Bagnulo. Bagnulo est originaire de Turin. Son roman, comme sa vie, est &#8230; <a title=\"Un charmant roman italien\" class=\"read-more\" href=\"https:\/\/ame43.org\/fr\/un-charmant-roman-italien\/\" aria-label=\"En savoir plus sur Un charmant roman italien\">Lire la suite<\/a><\/p>\n","protected":false},"author":1,"featured_media":0,"parent":0,"menu_order":0,"comment_status":"open","ping_status":"closed","template":"","meta":{"_acf_changed":false,"footnotes":""},"class_list":{"0":"post-3252","1":"page","2":"type-page","3":"status-publish","5":"no-featured-image-padding"},"acf":[],"jetpack_sharing_enabled":true,"_links":{"self":[{"href":"https:\/\/ame43.org\/fr\/wp-json\/wp\/v2\/pages\/3252","targetHints":{"allow":["GET"]}}],"collection":[{"href":"https:\/\/ame43.org\/fr\/wp-json\/wp\/v2\/pages"}],"about":[{"href":"https:\/\/ame43.org\/fr\/wp-json\/wp\/v2\/types\/page"}],"author":[{"embeddable":true,"href":"https:\/\/ame43.org\/fr\/wp-json\/wp\/v2\/users\/1"}],"replies":[{"embeddable":true,"href":"https:\/\/ame43.org\/fr\/wp-json\/wp\/v2\/comments?post=3252"}],"version-history":[{"count":3,"href":"https:\/\/ame43.org\/fr\/wp-json\/wp\/v2\/pages\/3252\/revisions"}],"predecessor-version":[{"id":4094,"href":"https:\/\/ame43.org\/fr\/wp-json\/wp\/v2\/pages\/3252\/revisions\/4094"}],"wp:attachment":[{"href":"https:\/\/ame43.org\/fr\/wp-json\/wp\/v2\/media?parent=3252"}],"curies":[{"name":"wp","href":"https:\/\/api.w.org\/{rel}","templated":true}]}}