{"id":3950,"date":"2024-06-24T10:52:51","date_gmt":"2024-06-24T10:52:51","guid":{"rendered":"https:\/\/ame43.org\/marche-de-la-memoire-2024\/"},"modified":"2024-09-22T05:42:16","modified_gmt":"2024-09-22T05:42:16","slug":"marche-de-la-memoire-2024","status":"publish","type":"page","link":"https:\/\/ame43.org\/fr\/marche-de-la-memoire-2024\/","title":{"rendered":"Marche de la M\u00e9moire 2024"},"content":{"rendered":"<div class=\"gb-container gb-container-fdc7dbfa\">\n<div class=\"gb-grid-wrapper gb-grid-wrapper-fe67515b\">\n<div class=\"gb-grid-column gb-grid-column-a3cabd47\"><div class=\"gb-container gb-container-a3cabd47\">\n\n<h2 class=\"gb-headline gb-headline-12fb2c9c gb-headline-text\">Vendredi 13 \u2013 Dimanche 15 Septembre<\/h2>\n\n\n\n<p>Le dimanche, du c\u00f4t\u00e9 fran\u00e7ais, la Marche partira du Bor\u00e9on pour rejoindre les Italiens au col de Cerise.<\/p>\n\n\n\n<p><em>[Nous esp\u00e9rions que les Marches se d\u00e9rouleraient au col de Fenestre, mais comme la route menant \u00e0 la Madone de Fenestre ne sera pas rouverte en 2024, en raison des d\u00e9g\u00e2ts caus\u00e9s par les inondations, l&rsquo;itin\u00e9raire a d\u00fb \u00eatre modifi\u00e9].<\/em><\/p>\n\n\n\n<p>Les activit\u00e9s se d\u00e9rouleront \u00e0 Saint Martin V\u00e9subie, \u00e0 l&rsquo;exception de la Marche de la M\u00e9moire, qui d\u00e9butera plus haut dans la vall\u00e9e, au Bor\u00e9on.<\/p>\n\n\n\n<p><em>Les \u00e9v\u00e9nements sont gratuits, \u00e0 l&rsquo;exception des repas qui sont payants et doivent \u00eatre r\u00e9serv\u00e9s \u00e0 l&rsquo;avance. Veuillez envoyer votre demande par courriel \u00e0 <a href=\"mailto:marchedelamemoire@gmail.com\">marchedelamemoire@gmail.com<\/a>.<\/em><\/p>\n\n\n\n<p>Si vous participez au week-end, veuillez remplir ce questionnaire :<\/p>\n\n\n\n<h1 class=\"gb-headline gb-headline-8547c029 gb-headline-text\">Programme<\/h1>\n\n\n\n<h2 class=\"gb-headline gb-headline-2e0aa4e1 gb-headline-text\">Vendredi 13 septembre<\/h2>\n\n\n\n<figure class=\"wp-block-table\"><table><tbody><tr><td>15:00<\/td><td>D\u00e9voilement de quatre \u00ab\u00a0pierres d&rsquo;achoppement\u00a0\u00bb (Stolpersteine) en m\u00e9moire de la famille juive Dridso-Levin qui avait sa r\u00e9sidence permanente \u00e0 Saint Martin V\u00e9subie avant le d\u00e9clenchement de la guerre. Mario Levin, petit-fils de Gr\u00e9goire Dridso d\u00e9port\u00e9, sera pr\u00e9sent et des discours seront prononc\u00e9s en m\u00e9moire de la famille et de l&rsquo;histoire des Juifs de Saint Martin V\u00e9subie.<br\/>Lieu : sur le chemin de Berthemont, par les marches qui descendent au chemin du Puey (balise 339). Environ 20 minutes \u00e0 pied du centre du village. <strong>Voir la <a href=\"https:\/\/ame43.org\/wp-content\/uploads\/2024\/09\/Chemin-du-Puey.jpg\" data-type=\"link\" data-id=\"https:\/\/ame43.org\/wp-content\/uploads\/2024\/09\/Chemin-du-Puey.jpg\">carte<\/a>.<\/strong><br\/><em>Du village, prendre au bout de la place du G\u00e9n\u00e9ral de Gaulle, la rue pi\u00e9tonne du Dr Cagnoli qui remonte jusqu\u2019\u00e0 la balise (b,) 60. Bifurquer ensuite \u00e0 droite et continuer par la petite route asphalt\u00e9e (b.77) appel\u00e9e \u00ab\u00a0Chemin de Berthemont\u00a0\u00bb jusqu&rsquo;\u00e0 la balise 337, puis continuer sur la m\u00eame route jusqu&rsquo;\u00e0 la balise prochaine 339. La c\u00e9r\u00e9monie aura lieu sur la droite, en haut du chemin du Puey.<\/em><\/td><\/tr><tr><td>19:30 &#8211; 22:00<\/td><td>D\u00eener du shabbat, dans la salle Jean Gabin. <em>Les r\u00e9servations sont closes.<\/em><br\/>Situation : au bout de la place o\u00f9 se trouve l&rsquo;arr\u00eat de bus principal, la Place de la Gare.<\/td><\/tr><\/tbody><\/table><\/figure>\n\n\n\n<h2 class=\"gb-headline gb-headline-67281ad0 gb-headline-text\">Samedi 14 septembre<\/h2>\n\n\n\n<figure class=\"wp-block-table\"><table><tbody><tr><td>10:30 &#8211; 12:00<\/td><td>Visite guid\u00e9e \u00e0 pied de Saint Martin V\u00e9subie. Rendez-vous devant l&rsquo;Office du tourisme.<\/td><\/tr><tr><td>15:00 &#8211; 17:00<\/td><td>Conf\u00e9rences dans la <em>Mediath\u00e8que<\/em> de Saint Martin V\u00e9subie :<br\/>&#8211; <em>\u201cPourquoi les Juifs de Saint-Martin-V\u00e9subie \u00e9taient-ils pourchass\u00e9s ?\u201d<\/em> par Eric Gili, professeur d\u2019histoire g\u00e9ographie et chercheur.<br\/>&#8211; <em>\u201cLes Juifs dans les Alpes-Maritimes, 1939-1945&Prime;<\/em> par No\u00ebl Andr\u00e9, ami du Mus\u00e9e de la R\u00e9sistance Azur\u00e9enne.<br\/>&#8211; <em>\u00ab\u00a0De la Russie \u00e0 Saint-Martin-V\u00e9subie &#8211; H\u00e9ritage d&rsquo;hier et d&rsquo;aujourd&rsquo;hui\u00a0\u00bb<\/em>, l&rsquo;histoire de la famille maternelle de Mario Dridso-Levin, par Annette Stock, ethnologue.<br\/>&#8211; <em>\u201cSur les traces de ma famille pendant la guerre : de Paris \u00e0 Saint-Jean-la-Rivi\u00e8re\u201d<\/em>, par une journaliste, arri\u00e8re-petite-fille de d\u00e9port\u00e9.<\/td><\/tr><tr><td>19.00 &#8211; 21.30<\/td><td>Dans la salle Jean Gabin. La soir\u00e9e d\u00e9butera avec Mario Levin et Annette Stock qui nous raconteront l&rsquo;histoire de leur projet d&rsquo;inaugurer des m\u00e9moriaux Stolpersteine pr\u00e8s de l&rsquo;ancienne maison de la famille de Mario \u00e0 Saint Martin V\u00e9subie et les raisons qui les ont pouss\u00e9s \u00e0 le faire.<br\/><br\/>Apr\u00e8s cela (et avant 20h00), vous avez la possibilit\u00e9 de rester dans la salle pour un d\u00eener pique-nique informel \u00e0 apporter ou de vous rendre de mani\u00e8re ind\u00e9pendante dans un restaurant du village. Dans le salle, si vous restez, nous nous assi\u00e9rons autour des tables pour avoir l&rsquo;occasion de nous rencontrer et de discuter. <em>Note : Si vous restez pour manger, assurez-vous d&rsquo;acheter ou de pr\u00e9parer ce que vous voulez manger.<\/em><\/td><\/tr><\/tbody><\/table><\/figure>\n\n\n\n<h2 class=\"gb-headline gb-headline-8728d46d gb-headline-text\">Dimanche 15 septembre  <\/h2>\n\n\n\n<p><em><strong>Assurez-vous d&rsquo;\u00eatre pr\u00e9par\u00e9 \u00e0 une marche de 1050 m de d\u00e9nivel\u00e9, atteignant 2550 m, et \u00e0 un \u00e9ventuel mauvais temps.<\/strong><\/em><\/p>\n\n\n<div class=\"gb-grid-wrapper gb-grid-wrapper-f50c2546\">\n<div class=\"gb-grid-column gb-grid-column-328860db\"><div class=\"gb-container gb-container-328860db\">\n\n<h3 class=\"gb-headline gb-headline-fadc3a48 gb-headline-text\"><em>Pour ceux qui ne peuvent pas participer \u00e0 l&rsquo;ascension  <br>un programme alternatif est organise \u00e0 Saint Martin V\u00e9subie. <br>Rendez-vous \u00e0 9h30 \u00e0 la librairie, la Vagabonde, pour un caf\u00e9.<br>11.15 Nous partons de la librairie la Vagabonde, le long du chemin de Berthemont, pour nous rendre aux nouveaux monuments comm\u00e9moratifs des Stolpersteine. (20 minutes de marche).<br>15.30 Projection du film  <\/em>L&rsquo; Ennemi Fraternel<em> de Joseph Rochlitz dans la salle Jean Gabin.<\/em><\/h3>\n\n<\/div><\/div>\n<\/div>\n\n\n<figure class=\"wp-block-table\"><table><tbody><tr><td>07:30<\/td><td>Rendez-vous devant le chalet d&rsquo;accueil du Bor\u00e9on <em>(Parc Alpha, D89 Chalet d&rsquo;accueil du Bor\u00e9on,<br\/>06450 Saint-Martin-V\u00e9subie. Voir <a href=\"https:\/\/maps.app.goo.gl\/eKnJkFLQPWnCaqVk6\" target=\"_blank\" rel=\"noreferrer noopener\">Google Maps<\/a>)<\/em>avant d&rsquo;entamer l&rsquo;ascension du Col de Cerise.  <em>Un groupe peut commencer \u00e0 7h00, afin de laisser plus de temps aux marcheurs plus lents.<\/em><\/td><\/tr><tr><td>12:00<\/td><td>Retrouvez les marcheurs du c\u00f4t\u00e9 italien au col de Cerise. Suivi de discours, de chants et du son du shofar.<\/td><\/tr><tr><td>13:30<\/td><td>Commencer la descente vers le Bor\u00e9on.<\/td><\/tr><tr><td>17:30<\/td><td>C\u00e9r\u00e9monie \u00e0 Saint Martin V\u00e9subie devant les m\u00e9moriaux des Justes parmi les Nations et des D\u00e9port\u00e9s pour comm\u00e9morer les Juifs d\u00e9port\u00e9s, en pr\u00e9sence d&rsquo;Ivan Mottet, Maire de Saint Martin V\u00e9subie et d&rsquo;un repr\u00e9sentant de Yad Vashem Nice C\u00f4te d&rsquo;Azur. Les noms des personnes d\u00e9port\u00e9es seront lus.<\/td><\/tr><tr><td>18:30<\/td><td>Ap\u00e9ritifs \u00e0 la Mairie, offerts par la municipalit\u00e9.<\/td><\/tr><\/tbody><\/table><\/figure>\n\n<\/div><\/div>\n<\/div>\n<\/div>\n<p><em>(Notez que le dernier bus pour Nice part \u00e0 18h30, apr\u00e8s quoi les personnes sans transport devront passer la nuit au SMV).<\/em><\/p>\n","protected":false},"excerpt":{"rendered":"<p>(Notez que le dernier bus pour Nice part \u00e0 18h30, apr\u00e8s quoi les personnes sans transport devront passer la nuit au SMV). <a href=\"https:\/\/ame43.org\/fr\/marche-de-la-memoire-2024\/\" class=\"readmore\">Read More &raquo;<\/a><\/p>\n","protected":false},"author":1,"featured_media":0,"parent":0,"menu_order":0,"comment_status":"closed","ping_status":"closed","template":"","meta":{"_acf_changed":false,"footnotes":""},"class_list":{"0":"post-3950","1":"page","2":"type-page","3":"status-publish","5":"no-featured-image-padding"},"acf":[],"jetpack_sharing_enabled":true,"_links":{"self":[{"href":"https:\/\/ame43.org\/fr\/wp-json\/wp\/v2\/pages\/3950","targetHints":{"allow":["GET"]}}],"collection":[{"href":"https:\/\/ame43.org\/fr\/wp-json\/wp\/v2\/pages"}],"about":[{"href":"https:\/\/ame43.org\/fr\/wp-json\/wp\/v2\/types\/page"}],"author":[{"embeddable":true,"href":"https:\/\/ame43.org\/fr\/wp-json\/wp\/v2\/users\/1"}],"replies":[{"embeddable":true,"href":"https:\/\/ame43.org\/fr\/wp-json\/wp\/v2\/comments?post=3950"}],"version-history":[{"count":37,"href":"https:\/\/ame43.org\/fr\/wp-json\/wp\/v2\/pages\/3950\/revisions"}],"predecessor-version":[{"id":4366,"href":"https:\/\/ame43.org\/fr\/wp-json\/wp\/v2\/pages\/3950\/revisions\/4366"}],"wp:attachment":[{"href":"https:\/\/ame43.org\/fr\/wp-json\/wp\/v2\/media?parent=3950"}],"curies":[{"name":"wp","href":"https:\/\/api.w.org\/{rel}","templated":true}]}}