{"id":4085,"date":"2024-08-04T08:49:55","date_gmt":"2024-08-04T08:49:55","guid":{"rendered":"https:\/\/ame43.org\/?page_id=4085"},"modified":"2024-08-11T14:39:15","modified_gmt":"2024-08-11T14:39:15","slug":"residences-forcees-pour-juifs-etrangers-dans-alpes-francaises","status":"publish","type":"page","link":"https:\/\/ame43.org\/fr\/residences-forcees-pour-juifs-etrangers-dans-alpes-francaises\/","title":{"rendered":"Les r\u00e9sidences forc\u00e9es pour juifs \u00e9trangers dans les Alpes fran\u00e7aises"},"content":{"rendered":"<div class=\"gb-container gb-container-7cecb4fb\">\n\n<p><em>Un grand nombre de Juifs arriv\u00e9s \u00e0 Saint Martin V\u00e9subie en 1943 ont \u00e9t\u00e9 envoy\u00e9s en \u00ab\u00a0r\u00e9sidence forc\u00e9e\u00a0\u00bb. Ce texte pr\u00e9sente le contexte de cette \u00ab\u00a0r\u00e9sidence forc\u00e9e\u00a0\u00bb. Il a servi de base \u00e0 une conf\u00e9rence pr\u00e9sent\u00e9e par Jean-Louis Panicacci lors du week-end de la Marche de la M\u00e9moire 2023.<\/em><\/p>\n\n\n\n<p>Sous l\u2019occupation italienne du sud-est de la France, une douzaine de stations climatiques disposant de moyens d\u2019h\u00e9bergement suffisants furent choisies par les autorit\u00e9s militaires de la Quarta Armata, \u00e0 partir de f\u00e9vrier 1943, afin d\u2019accueillir 4400 juifs \u00e9trangers en situation irr\u00e9guli\u00e8re sur la C\u00f4te d\u2019Azur et que les autorit\u00e9s allemandes voulaient r\u00e9cup\u00e9rer afin de les d\u00e9porter vers les centres de mise \u00e0 mort d\u2019Europe orientale.<\/p>\n\n\n\n<p>Dans les Alpes-Maritimes, ce fut le cas pour Vence et Saint-Martin-V\u00e9subie, dans les Basses-Alpes pour Digne, Barcelonnette, Castellane, Digne, Moustiers-Sainte-Marie, Enchastrayes, en Savoie pour Aix-les-Bains et en Haute-Savoie pour Meg\u00e8ve, Saint-Gervais, Sallanches, Combloux, Le Fayet. Signalons qu\u2019en juin 1943, plusieurs localit\u00e9s bas-alpines furent pr\u00e9vues pour h\u00e9berger 800 juifs \u00e9trangers suppl\u00e9mentaires : Annot, Barr\u00eame, Beauvezer, Colmars-les-Alpes, Entrevaux, Saint-Andr\u00e9-les-Alpes, Thorame-Haute.<\/p>\n\n\n\n<p>Avant la nomination de l\u2019Inspecteur g\u00e9n\u00e9ral de la Police raciale Guido Lospinoso, intervenue \u00e0 la fin du mois d\u2019avril, il y avait d\u00e9j\u00e0 390 r\u00e9sidents forc\u00e9s \u00e0 Saint-Martin-V\u00e9subie, 150 \u00e0 Moustiers-Sainte-Marie, 102 \u00e0 Castellane, 87 \u00e0 Vence, 60 \u00e0 Barcelonnette et \u00e0 Enchastrayes, 51 \u00e0 Digne, 30 \u00e0 Combloux, Le Fayet, Sallanches, Aix-les-Bains. Lospinoso d\u00e9cida de d\u00e9velopper le syst\u00e8me des r\u00e9sidences forc\u00e9es (residenze coatte) afin de donner le change aux autorit\u00e9s allemandes qui se faisaient de plus en plus pressantes, c\u2019est pourquoi au d\u00e9but du mois de mai, il y avait un millier de r\u00e9sidents forc\u00e9s \u00e0 Saint-Martin-V\u00e9subie (dont de 10 \u00e0 20 dans les communes limitrophes de Venanson, Belv\u00e9d\u00e8re, La Boll\u00e8ne, Berthemont-les-Bains et Roquebilli\u00e8re), 770 \u00e0 Meg\u00e8ve, 590 \u00e0 Saint-Gervais, 139 \u00e0 Barcelonnette, 120 \u00e0 Vence, 102 \u00e0 Moustiers-Sainte-Marie, 78 \u00e0 Castellane, de 30 \u00e0 50 partout ailleurs.<\/p>\n\n\n\n<p>Dans la capitale de la \u00ab Suisse ni\u00e7oise \u00bb, les r\u00e9sidents forc\u00e9s \u00e9taient donc aussi nombreux que les autochtones, ce qui ne pouvait pas manquer de susciter des frictions, notamment sur le plan alimentaire et sur le co\u00fbt de la vie. Ils \u00e9taient log\u00e9s dans dix-sept h\u00f4tels et pensions mais aussi chez l\u2019habitant, l\u2019agent immobilier Vincent Gasiglia \u00e9tant charg\u00e9 de ventiler les nouveaux venus, qui devaient signer un registre de pr\u00e9sence au P.C. des carabiniers deux fois par jour puis une seule fois \u00e0 partir du mois de juin. Le Comit\u00e9 d\u2019aide aux r\u00e9fugi\u00e9s, d\u00e9sormais appel\u00e9 \u00ab Comit\u00e9 Dubouchage \u00bb, prenait en charge le transport des r\u00e9sidents forc\u00e9s, leur logement, voire leur nourriture, ce qui ne surchargeait donc pas le budget municipal.<\/p>\n\n\n\n<p>Comme \u00e0 Meg\u00e8ve et \u00e0 Saint-Gervais, un comit\u00e9 repr\u00e9sentait les r\u00e9sidents forc\u00e9s aupr\u00e8s des autorit\u00e9s italiennes (Carabiniers et Guardia alla Frontiera), de la mairie et des dirigeants communautaires ni\u00e7ois, qui y firent entrer le Belge Jacques Blum, qui devint rapidement le membre le plus influent de cette structure repr\u00e9sentative des assign\u00e9s \u00e0 r\u00e9sidence. Ces derniers pouvaient travailler s\u2019ils en avaient la possibilit\u00e9 mat\u00e9rielle (par exemple \u00e0 Meg\u00e8ve, 240 r\u00e9sidents \u00e9taient employ\u00e9s comme tailleurs ou cordonniers affect\u00e9s dans les centres d\u2019h\u00e9bergement du Secours national) et pouvaient se d\u00e9placer librement \u00e0 l\u2019int\u00e9rieur des limites communales. Ils pouvaient \u00e9galement pratiquer leur culte et le Ch\u00e2let Ferrix se transforma en en une synagogue o\u00f9 furent c\u00e9l\u00e9br\u00e9s deux mariages et douze pr\u00e9sentations au Temple. Les jeunes gens du village fr\u00e9quent\u00e8rent assidument les jeunes r\u00e9fugi\u00e9s, plus cultiv\u00e9s et exp\u00e9riment\u00e9s qu\u2019eux, pratiquant ensemble des activit\u00e9s sportives ou ludiques, dansant clandestinement dans des granges munies de gramophones, voire nouant des idylles. En revanche, les adultes furent plus r\u00e9serv\u00e9s, voire hostiles, en raison de la pression exerc\u00e9e sur le rench\u00e9rissement des denr\u00e9es alimentaires, ainsi que l\u2019attestent les interceptions t\u00e9l\u00e9phoniques et postales. Cette situation conflictuelle se retrouva dans la plupart des autres r\u00e9sidences forc\u00e9es alpestres, avec quelquefois des tensions encore plus fortes comme \u00e0 Moustiers-Sainte-Marie (o\u00f9 le maire d\u00e9missionna) et \u00e0 Castellane, avec des manifestations d\u2019antis\u00e9mitisme.<\/p>\n\n\n\n<p>A la suite de la destitution de Benito Mussolini le 25 juillet 1943, le comit\u00e9 de Saint-Martin-V\u00e9subie prit conscience qu\u2019une capitulation de l\u2019Italie devenait probable et qu\u2019il fallait donc pr\u00e9parer un exode vers le Pi\u00e9mont afin d\u2019\u00e9viter d\u2019\u00eatre rafl\u00e9s par les SS alors pr\u00e9sents dans les Bouches-du-Rh\u00f4ne. Aussi, il incita les r\u00e9sidents \u00e0 faire l\u2019acquisition de sacs \u00e0 dos (voire de les fabriquer) et il obtint du commandement de la garnison l\u2019autorisation de reconna\u00eetre les sentiers conduisant vers la province de Cuneo par les cols de Cerise et de Fenestre, ce qui fut r\u00e9alis\u00e9 au mois d\u2019ao\u00fbt.<\/p>\n\n\n\n<p>Les autorit\u00e9s militaires transalpines incit\u00e8rent les r\u00e9sidents forc\u00e9s install\u00e9s en Haute-Savoie \u00e0 rejoindre les Alpes-Maritimes \u00e0 compter du 6 septembre, une cinquantaine de camions et d\u2019autocars \u00e9tant affr\u00e9t\u00e9s par le \u00ab Comit\u00e9 Dubouchage \u00bb. Des r\u00e9sidents forc\u00e9s install\u00e9s en Savoie et dans les Basses-Alpes les imit\u00e8rent \u00e0 partir du lendemain et nous savons, gr\u00e2ce aux rapports de gendarmerie, que 154 personnes furent transport\u00e9es sur Lantosque, Belv\u00e9d\u00e8re et Saint-Martin-V\u00e9subie. On trouve la preuve de ces mouvements migratoires in extremis dans les listes des convois Nice-Drancy publi\u00e9es par Serge Klarsfeld puisque 42 r\u00e9sidents forc\u00e9s des Basses-Alpes, 10 de la Haute-Savoie, 5 de l\u2019Is\u00e8re et 1 de la Savoie furent d\u00e9port\u00e9s depuis Nice du 17 septembre 1943 au 24 mars 1944, sans compter ceux qui \u00e9taient immatricul\u00e9s comme ayant eu pour derni\u00e8re r\u00e9sidence Borgo San Dalmazzo. Nous savons qu\u2019un train parti d\u2019Annecy le 7 septembre et empruntant le tunnel du Fr\u00e9jus est arriv\u00e9 \u00e0 Rome avant les soldats de la Wehrmacht avec plusieurs centaines de r\u00e9sidents de Haute-Savoie pris en charge dans la Ville \u00e9ternelle par le p\u00e8re Marie-Beno\u00eet surnomm\u00e9 \u00ab Le pape des Juifs \u00bb.<\/p>\n\n\n\n<p>Le soir du 8 septembre, l\u2019annonce de la capitulation fut accueillie avec joie puisqu\u2019elle affaiblissait l\u2019Allemagne nazie mais aussi avec inqui\u00e9tude car le risque de d\u00e9portation se rapprochait dangereusement. Le matin du 9 septembre, les autorit\u00e9s italiennes invit\u00e8rent les r\u00e9sidents forc\u00e9s \u00e0 les suivre dans leur retraite vers Valdieri et Entracque. Les magasins alimentaires furent pris d\u2019assaut et des colonnes de fugitifs surcharg\u00e9s de bagages s\u2019engag\u00e8rent sur les itin\u00e9raires alors en terre battue conduisant au Bor\u00e9on (1430m) et \u00e0 La Madone de Fenestre (1920m), alors en territoire italien et o\u00f9 commen\u00e7aient les sentiers muletiers d\u00e9licats \u00e0 n\u00e9gocier pour des gens inexp\u00e9riment\u00e9s, mal chauss\u00e9s et surcharg\u00e9s de bagages, d\u2019o\u00f9 l\u2019abandon rapide de centaines de valises. Malgr\u00e9 la pr\u00e9sence de plusieurs dizaines de militaires italiens \u00e0 leurs c\u00f4t\u00e9s, la hantise d\u2019\u00eatre rattrap\u00e9s par les nazis les obs\u00e9dait, ajoutant \u00e0 leurs difficult\u00e9s physiques une inqui\u00e9tude profonde. Environ 980 personnes quitt\u00e8rent Saint-Martin-V\u00e9subie les 9 et 10 septembre, mais aussi Berthemont-les-Bains par la Baisse de F\u00e9risson et Belv\u00e9d\u00e8re par la Baisse de Prals, parfois accompagn\u00e9s par des autochtones ayant lou\u00e9 ch\u00e8rement leurs mulets, une cinquantaine de vieillards et d\u2019enfants demeurant dans les localit\u00e9s d\u2019implantation, o\u00f9 ils furent presque tous captur\u00e9s par les SS une dizaine de jours plus tard. Les fugitifs parvinrent dans les villages de Valdieri et d\u2019Entracque du 11 au 13 septembre mais 340 d\u2019entre eux, fatigu\u00e9s moralement ou ne voulant pas compromettre leurs logeurs pi\u00e9montais, pr\u00e9f\u00e9r\u00e8rent se rendre, \u00e0 partir du 18, aux SS dans la caserne des Alpini de Borgo San Dalmazzo, SS qui les d\u00e9port\u00e8rent via Savone et Nice, sur Drancy et Auschwitz deux mois plus tard, seuls quinze d\u2019entre eux survivant \u00e0 l\u2019holocauste.<\/p>\n\n\n\n<p>Des lieux de m\u00e9moire furent \u00e9difi\u00e9s \u00e0 partir de 1995 : premi\u00e8re st\u00e8le de Saint-Martin-V\u00e9subie, plaque et am\u00e9nagement de la gare-mus\u00e9e en plein air de Borgo San Dalmazzo en 2005, plaques sur les cols de Cerise et de Fenestre en 2007, nouvelles st\u00e8les de Saint-Martin-V\u00e9subie en 2018, m\u00e9morial de la D\u00e9portation de Borgo San Dalmazzo en 2021.<\/p>\n\n\n\n<p>Une \u00ab marche de la m\u00e9moire \u00bb, \u00e0 l\u2019initiative d\u2019associations pi\u00e9montaises en 1999, rejointes par la communaut\u00e9 juive azur\u00e9enne, le Mus\u00e9e de la R\u00e9sistance azur\u00e9enne et la municipalit\u00e9 saint-martinoise \u00e0 partir de 2001, a lieu tous les premiers dimanches du mois de septembre alternativement sur les cols de Cerise (comme en 2021 et en 2023) et de Fenestre (comme en 2022).<\/p>\n\n\n\n<p class=\"has-text-align-right\"><em>Jean-Louis Panicacci<\/em><\/p>\n\n\n\n<p><em>Jean-Louis Panicacci est un historien fran\u00e7ais, professeur d&rsquo;histoire g\u00e9ographie au lyc\u00e9e d&rsquo;Antibes puis ma\u00eetre de conf\u00e9rences en histoire contemporaine \u00e0 l&rsquo;universit\u00e9 de Nice, sp\u00e9cialiste de la Seconde Guerre mondiale dans les Alpes-Maritimes.<\/em><\/p>\n\n<\/div>","protected":false},"excerpt":{"rendered":"<p>Un grand nombre de Juifs arriv\u00e9s \u00e0 Saint Martin V\u00e9subie en 1943 ont \u00e9t\u00e9 envoy\u00e9s en \u00ab\u00a0r\u00e9sidence forc\u00e9e\u00a0\u00bb. Ce texte pr\u00e9sente le contexte de cette \u00ab\u00a0r\u00e9sidence forc\u00e9e\u00a0\u00bb. Il a servi &#8230; <a title=\"Les r\u00e9sidences forc\u00e9es pour juifs \u00e9trangers dans les Alpes fran\u00e7aises\" class=\"read-more\" href=\"https:\/\/ame43.org\/fr\/residences-forcees-pour-juifs-etrangers-dans-alpes-francaises\/\" aria-label=\"En savoir plus sur Les r\u00e9sidences forc\u00e9es pour juifs \u00e9trangers dans les Alpes fran\u00e7aises\">Lire la suite<\/a><\/p>\n","protected":false},"author":1,"featured_media":0,"parent":0,"menu_order":0,"comment_status":"open","ping_status":"closed","template":"","meta":{"_acf_changed":false,"footnotes":""},"class_list":{"0":"post-4085","1":"page","2":"type-page","3":"status-publish","5":"no-featured-image-padding"},"acf":[],"jetpack_sharing_enabled":true,"_links":{"self":[{"href":"https:\/\/ame43.org\/fr\/wp-json\/wp\/v2\/pages\/4085","targetHints":{"allow":["GET"]}}],"collection":[{"href":"https:\/\/ame43.org\/fr\/wp-json\/wp\/v2\/pages"}],"about":[{"href":"https:\/\/ame43.org\/fr\/wp-json\/wp\/v2\/types\/page"}],"author":[{"embeddable":true,"href":"https:\/\/ame43.org\/fr\/wp-json\/wp\/v2\/users\/1"}],"replies":[{"embeddable":true,"href":"https:\/\/ame43.org\/fr\/wp-json\/wp\/v2\/comments?post=4085"}],"version-history":[{"count":4,"href":"https:\/\/ame43.org\/fr\/wp-json\/wp\/v2\/pages\/4085\/revisions"}],"predecessor-version":[{"id":4097,"href":"https:\/\/ame43.org\/fr\/wp-json\/wp\/v2\/pages\/4085\/revisions\/4097"}],"wp:attachment":[{"href":"https:\/\/ame43.org\/fr\/wp-json\/wp\/v2\/media?parent=4085"}],"curies":[{"name":"wp","href":"https:\/\/api.w.org\/{rel}","templated":true}]}}