{"id":5071,"date":"2025-07-06T14:34:28","date_gmt":"2025-07-06T14:34:28","guid":{"rendered":"https:\/\/ame43.org\/marche-de-la-memoire-2025\/"},"modified":"2025-09-06T06:35:56","modified_gmt":"2025-09-06T06:35:56","slug":"marche-de-la-memoire-2025","status":"publish","type":"page","link":"https:\/\/ame43.org\/fr\/marche-de-la-memoire-2025\/","title":{"rendered":"Marche de la M\u00e9moire 2025"},"content":{"rendered":"<div class=\"gb-container gb-container-fdc7dbfa\">\n<div class=\"gb-grid-wrapper gb-grid-wrapper-fe67515b\">\n<div class=\"gb-grid-column gb-grid-column-a3cabd47\"><div class=\"gb-container gb-container-a3cabd47\">\n\n<h2 class=\"gb-headline gb-headline-12fb2c9c gb-headline-text\">Vendredi 5 septembre &#8211; dimanche 7 septembre<\/h2>\n\n\n\n<p>Le dimanche, du c\u00f4t\u00e9 fran\u00e7ais, la Marche partira du Bor\u00e9on pour rejoindre les Italiens au col de Cerise.<\/p>\n\n\n\n<p><em>(Cet itin\u00e9raire est le m\u00eame que l&rsquo;ann\u00e9e derni\u00e8re, car la route menant \u00e0 la Madone de Fenestre ne sera pas rouverte en 2025, en raison des d\u00e9g\u00e2ts caus\u00e9s par les inondations).<\/em><\/p>\n\n\n\n<p>Les activit\u00e9s se d\u00e9rouleront \u00e0 Saint Martin V\u00e9subie, \u00e0 l&rsquo;exception de la Marche de la M\u00e9moire, qui d\u00e9butera plus haut dans la vall\u00e9e, au Bor\u00e9on.<\/p>\n\n\n\n<p><em>Les \u00e9v\u00e9nements sont gratuits, \u00e0 l&rsquo;exception des repas qui sont payants et doivent \u00eatre r\u00e9serv\u00e9s \u00e0 l&rsquo;avance. <\/em><\/p>\n\n\n\n<p>Si vous pr\u00e9voyez de participer au week-end, veuillez nous en informer en envoyant un mail \u00e0 <a href=\"mailto:marchedelamemoire@gmail.com\" target=\"_blank\" rel=\"noreferrer noopener\">marchedelamemoire@gmail.com<\/a>.<\/p>\n\n\n\n<h1 class=\"gb-headline gb-headline-8547c029 gb-headline-text\">Programme<\/h1>\n\n\n\n<h2 class=\"gb-headline gb-headline-2e0aa4e1 gb-headline-text\">Vendredi 5 septembre<\/h2>\n\n\n\n<figure class=\"wp-block-table\"><table><tbody><tr><td>19:30 &#8211; 22:00<\/td><td>D\u00eener du shabbat, dans la salle Jean Gabin. Le repas sera enti\u00e8rement casher, avec un choix entre poisson et v\u00e9g\u00e9tarien. <em>Les r\u00e9servations sont termin\u00e9es.<\/em> Situation : au bout de la place o\u00f9 se trouve l&rsquo;arr\u00eat de bus principal, la Place de la Gare.<\/td><\/tr><\/tbody><\/table><\/figure>\n\n\n\n<h2 class=\"gb-headline gb-headline-67281ad0 gb-headline-text\">Samedi 6 septembre<\/h2>\n\n\n\n<figure class=\"wp-block-table\"><table><tbody><tr><td>10:30 &#8211; 12:00<\/td><td>Visite guid\u00e9e \u00e0 pied de Saint Martin V\u00e9subie. Rendez-vous devant l&rsquo;Office du tourisme.<\/td><\/tr><tr><td>15:00 \u2013 18:00<\/td><td>Talks in the <em>Mediath\u00e8que<\/em> (library) of Saint Martin V\u00e9subie, around the theme of the Jews of Saint Martin V\u00e9subie in 1943:<br\/>\u2013 <em>\u201cLes \u2018Juifs de Saint-Martin-V\u00e9subie\u2019. La &lsquo;R\u00e9sidence surveill\u00e9e&rsquo; entre Etat fran\u00e7ais et occupation italienne\u201d<\/em> par Eric Gili, professeur d\u2019histoire g\u00e9ographie et chercheur.<br\/>\u2013 <em>\u201cLes juifs \u00e0 Saint Martin V\u00e9subie en 1943 : de l&rsquo;utopie sioniste a l\u2019exode bibilique\u201d<\/em> par No\u00ebl Andr\u00e9, ami du <a href=\"http:\/\/www.musee-resistance-azureenne.fr\/\" data-type=\"link\" data-id=\"http:\/\/www.musee-resistance-azureenne.fr\/\" target=\"_blank\" rel=\"noreferrer noopener\">Mus\u00e9e de la R\u00e9sistance Azur\u00e9enne<\/a>.<br\/>\u2013 Table ronde avec les enfants et petits-enfants de Juifs qui \u00e9taient \u00e0 Saint-Martin-V\u00e9subie en 1943.<br\/><em>Veuillez noter que la dur\u00e9e de l&rsquo;\u00e9v\u00e9nement a \u00e9t\u00e9 prolong\u00e9e jusqu&rsquo;\u00e0 18h00.<\/em><\/td><\/tr><tr><td>20:00 \u2013 21:00<\/td><td>Une lumi\u00e8re dans la nuit, un seule en sc\u00e8ne, interpr\u00e9t\u00e9e par Else Lejamtel, inspir\u00e9e du journal intime d&rsquo;Etty Hillesum, une jeune juive n\u00e9erlandaise, \u00e9crit entre 1941 et 1943, avant sa mort \u00e0 Auschwitz.<\/td><\/tr><\/tbody><\/table><\/figure>\n\n\n\n<h2 class=\"gb-headline gb-headline-8728d46d gb-headline-text\">Dimanche 7 septembre <\/h2>\n\n\n\n<h3 class=\"gb-text\"><strong>La Marche de la M\u00e9moire<\/strong><\/h3>\n\n\n\n<p><em><strong>Assurez-vous d&rsquo;\u00eatre pr\u00e9par\u00e9 \u00e0 une marche de 1050 m de d\u00e9nivel\u00e9, atteignant 2550 m, et \u00e0 un \u00e9ventuel mauvais temps.<\/strong><\/em><\/p>\n\n\n\n<figure class=\"wp-block-table\"><table><tbody><tr><td>07:30<\/td><td>Rendez-vous devant le chalet d&rsquo;accueil du Bor\u00e9on <em>(Parc Alpha, D89 Chalet d&rsquo;accueil du Bor\u00e9on,<br\/>06450 Saint-Martin-V\u00e9subie. Voir <a href=\"https:\/\/maps.app.goo.gl\/eKnJkFLQPWnCaqVk6\" target=\"_blank\" rel=\"noreferrer noopener\">Google Maps<\/a>)<\/em>avant d&rsquo;entamer l&rsquo;ascension du Col de Cerise.  <em>Un groupe peut commencer \u00e0 7h00, afin de laisser plus de temps aux marcheurs plus lents.<\/em><\/td><\/tr><tr><td>12:00<\/td><td>Retrouvez les marcheurs du c\u00f4t\u00e9 italien au col de Cerise. Suivi de discours, de chants et de la sonnerie du <em>shofar<\/em>.<\/td><\/tr><tr><td>13:30<\/td><td>Commencer la descente vers le Bor\u00e9on.<\/td><\/tr><\/tbody><\/table><\/figure>\n\n\n\n<h3 class=\"gb-text\"><strong>Programme alternatif \u00e0 Saint Martin V\u00e9subie<\/strong><\/h3>\n\n\n\n<p><em>Pour ceux qui ne peuvent pas participer \u00e0 la Marche, un programme alternatif est organise \u00e0 Saint Martin V\u00e9subie.<\/em><\/p>\n\n\n\n<figure class=\"wp-block-table\"><table><tbody><tr><td>09:30<\/td><td>Rendez-vous \u00e0 la librairie, la Vagabonde, autour d&rsquo;un caf\u00e9 et de la conversation.<\/td><\/tr><tr><td>11:15<\/td><td>Rendez-vous devant la librairie la Vagabonde, puis marchez le long du chemin de Berthemont jusqu&rsquo;aux Stolpersteine, monuments \u00e0 la m\u00e9moire de la famille Dridso. Une promenade facile de 20 minutes, dans chaque direction.<\/td><\/tr><tr><td>12.30<\/td><td>Un d\u00e9jeuner l\u00e9ger tous ensemble. <em>Les r\u00e9servations sont termin\u00e9es.<\/em> Le lieu sera communiqu\u00e9 ult\u00e9rieurement.<\/td><\/tr><tr><td>14:30<\/td><td>Projection du film <em><a href=\"https:\/\/www.kosmoki.com\/?portfolio=liesel-storia-di-un-esodo\" target=\"_blank\" rel=\"noreferrer noopener\">Liesel, an exodus under a lucky star<\/a><\/em>, un film en fran\u00e7ais. Liesel, originaire de Vienna, a fuit en Italie de Saint Martin V\u00e9subie, et elle revient maintenant avec sa famille pour revisiter les lieux de son exode. (Nous esp\u00e9rons des sous-titres en anglais). Elle sera suivie d&rsquo;une discussion. Dans la salle Jean Gabin.<\/td><\/tr><\/tbody><\/table><\/figure>\n\n\n\n<h3 class=\"gb-text\"><strong>Apr\u00e8s la Marche de la M\u00e9moire<\/strong><\/h3>\n\n\n\n<figure class=\"wp-block-table\"><table><tbody><tr><td>17:30<\/td><td>C\u00e9r\u00e9monie \u00e0 Saint Martin V\u00e9subie devant les m\u00e9moriaux des Justes parmi les Nations et des D\u00e9port\u00e9s pour comm\u00e9morer les Juifs d\u00e9port\u00e9s, en pr\u00e9sence d&rsquo;Ivan Mottet, Maire de Saint Martin V\u00e9subie et d&rsquo;un repr\u00e9sentant de Yad Vashem Nice C\u00f4te d&rsquo;Azur. Les noms des personnes d\u00e9port\u00e9es seront lus.<\/td><\/tr><tr><td>18:30<\/td><td>Ap\u00e9ritifs \u00e0 la Mairie, offerts par la municipalit\u00e9.<\/td><\/tr><\/tbody><\/table><\/figure>\n\n<\/div><\/div>\n<\/div>\n<\/div>\n<p><em>(Notez que le dernier bus pour Nice quitte Saint Martin V\u00e9subie<\/em> <em>\u00e0 18h30, apr\u00e8s quoi les personnes sans moyen de transport devront passer la nuit \u00e0 Saint Martin V\u00e9subie<\/em>).<\/p>\n","protected":false},"excerpt":{"rendered":"<p>(Notez que le dernier bus pour Nice quitte Saint Martin V\u00e9subie \u00e0 18h30, apr\u00e8s quoi les personnes sans moyen de transport devront passer la nuit \u00e0 Saint Martin V\u00e9subie). <a href=\"https:\/\/ame43.org\/fr\/marche-de-la-memoire-2025\/\" class=\"readmore\">Read More &raquo;<\/a><\/p>\n","protected":false},"author":1,"featured_media":0,"parent":0,"menu_order":0,"comment_status":"closed","ping_status":"closed","template":"","meta":{"_acf_changed":false,"footnotes":""},"class_list":{"0":"post-5071","1":"page","2":"type-page","3":"status-publish","5":"no-featured-image-padding"},"acf":[],"jetpack_sharing_enabled":true,"_links":{"self":[{"href":"https:\/\/ame43.org\/fr\/wp-json\/wp\/v2\/pages\/5071","targetHints":{"allow":["GET"]}}],"collection":[{"href":"https:\/\/ame43.org\/fr\/wp-json\/wp\/v2\/pages"}],"about":[{"href":"https:\/\/ame43.org\/fr\/wp-json\/wp\/v2\/types\/page"}],"author":[{"embeddable":true,"href":"https:\/\/ame43.org\/fr\/wp-json\/wp\/v2\/users\/1"}],"replies":[{"embeddable":true,"href":"https:\/\/ame43.org\/fr\/wp-json\/wp\/v2\/comments?post=5071"}],"version-history":[{"count":18,"href":"https:\/\/ame43.org\/fr\/wp-json\/wp\/v2\/pages\/5071\/revisions"}],"predecessor-version":[{"id":5368,"href":"https:\/\/ame43.org\/fr\/wp-json\/wp\/v2\/pages\/5071\/revisions\/5368"}],"wp:attachment":[{"href":"https:\/\/ame43.org\/fr\/wp-json\/wp\/v2\/media?parent=5071"}],"curies":[{"name":"wp","href":"https:\/\/api.w.org\/{rel}","templated":true}]}}