{"id":744,"date":"2021-08-06T14:38:41","date_gmt":"2021-08-06T14:38:41","guid":{"rendered":"http:\/\/ame43.org\/accueil\/"},"modified":"2025-07-06T15:56:51","modified_gmt":"2025-07-06T15:56:51","slug":"accueil","status":"publish","type":"page","link":"https:\/\/ame43.org\/fr\/","title":{"rendered":"Accueil"},"content":{"rendered":"<div class=\"gb-container gb-container-5d2e4740\">\n<div class=\"gb-container gb-container-d34d15be\">\n<div class=\"gb-grid-wrapper gb-grid-wrapper-4257ebc4\">\n<div class=\"gb-grid-column gb-grid-column-d068d5ba\"><div class=\"gb-container gb-container-d068d5ba\">\n<div class=\"gb-container gb-container-0eadc347\">\n\n<span class=\"gb-button gb-button-7f1b4406\"><span class=\"gb-icon\"><svg xmlns=\"http:\/\/www.w3.org\/2000\/svg\" fill=\"#1f74bf\" width=\"40px\" viewbox=\"0 -960 960 960\" height=\"40px\"><path d=\"m278.67-40 114.66-578.67-91.33 38v134h-67.33v-178L430-707.33q14-6 29.5-7.34 15.5-1.33 30.17 2.34 16 3.66 28.5 12 12.5 8.33 20.5 21L580-614q29.33 46 75.17 73.33 45.83 27.34 100.16 27.34v66.66q-70-1.33-124-30-54-28.66-95.66-83L502-417.33l89.33 82V-40h-66.66v-246.67l-100-86.66L348-40h-69.33ZM540-749.33q-31 0-53.17-22.17-22.16-22.17-22.16-53.17t22.16-53.16Q509-900 540-900t53.17 22.17q22.16 22.16 22.16 53.16 0 31-22.16 53.17Q571-749.33 540-749.33Z\"><\/path><\/svg><\/span><\/span>\n\n<\/div>\n\n\n<h3 class=\"gb-headline gb-headline-aa9375d1 gb-headline-text\">2025 Marche de la M\u00e9moire week-end du vendredi 5 au dimanche 7 septembre 2025<\/h3>\n\n\n\n<p class=\"has-text-align-center\">Cette ann\u00e9e, la Marche de la M\u00e9moire, partenaire de la 27e \u00e9dition italienne d&rsquo;Attraverso la Memoria, se tiendra le dimanche 7 septembre, avec un programme d&rsquo;activit\u00e9s du vendredi au dimanche<\/p>\n\n\n<div class=\"gb-container gb-container-b7874ddf\">\n\n<a class=\"gb-button gb-button-3e065008 gb-button-text\" href=\"https:\/\/ame43.org\/fr\/evenements\/\">Voir les \u00e9v\u00e9nements<\/a>\n\n<\/div>\n<\/div><\/div>\n<\/div>\n\n<div class=\"gb-grid-wrapper gb-grid-wrapper-fc131169\">\n<div class=\"gb-grid-column gb-grid-column-aec11fc9\"><div class=\"gb-container gb-container-aec11fc9\">\n<div class=\"gb-container gb-container-943bde01\">\n\n<span class=\"gb-button gb-button-9b7833bd\"><span class=\"gb-icon\"><svg xmlns:xlink=\"http:\/\/www.w3.org\/1999\/xlink\" xmlns=\"http:\/\/www.w3.org\/2000\/svg\" xml:space=\"preserve\" viewbox=\"0 0 1080 1080\" height=\"1080\" width=\"1080\" version=\"1.1\"> <desc>Cr\u00e9\u00e9 avec Fabric.js 5.2.4<\/desc> <defs> <\/defs> <rect fill=\"transparent\" height=\"100%\" width=\"100%\" y=\"0\" x=\"0\"><\/rect> <g id=\"fd920566-1ab3-490b-9686-b0a5fa5e3960\" transform=\"matrix(1 0 0 1 540 540)\"> <rect height=\"1080\" width=\"1080\" ry=\"0\" rx=\"0\" y=\"-540\" x=\"-540\" style=\"stroke: none; stroke-width: 1; stroke-dasharray: none; stroke-linecap: butt; stroke-dashoffset: 0; stroke-linejoin: miter; stroke-miterlimit: 4; fill: rgb(255,255,255); fill-rule: nonzero; opacity: 1; visibility: hidden;\"><\/rect> <\/g> <g id=\"b67bbedc-e863-4086-a7a2-a2b916631f49\" transform=\"matrix(1 0 0 1 540 540)\"> <\/g> <g transform=\"matrix(4.46 0 0 3.17 542.45 932.62)\"> <path stroke-linecap=\"round\" d=\"M 4 168 L 167 168 C 169.2091389993232 168 171 169.7908610006768 171 172 L 171 202.9 C 171 205.1091389993232 169.2091389993232 206.9 167 206.9 L 4 206.9 C 1.7908610006768262 206.9 0 205.1091389993232 0 202.9 L 0 172 C 0 169.7908610006768 1.7908610006768262 168 4 168 Z\" transform=\"translate(-85.5, -187.45)\" style=\"stroke: none; stroke-width: 1; stroke-dasharray: none; stroke-linecap: butt; stroke-dashoffset: 0; stroke-linejoin: miter; stroke-miterlimit: 4; fill: rgb(3,102,214); fill-rule: nonzero; opacity: 1;\"><\/path> <\/g> <g transform=\"matrix(4.78 0 0 4.78 541.98 450.24)\"> <path stroke-linecap=\"round\" d=\"M 17.5 68 C 17.5 30.444637011506046 47.944637011506046 0 85.5 0 C 123.05536298849395 0 153.5 30.444637011506032 153.5 67.99999999999999 L 153.5 158.4 C 153.5 160.6091389993232 151.7091389993232 162.4 149.5 162.4 L 21.5 162.4 C 19.290861000676827 162.4 17.5 160.6091389993232 17.5 158.4 Z\" transform=\"translate(-85.5, -81.2)\" style=\"stroke: none; stroke-width: 1; stroke-dasharray: none; stroke-linecap: butt; stroke-dashoffset: 0; stroke-linejoin: miter; stroke-miterlimit: 4; fill: rgb(3,102,214); fill-rule: nonzero; opacity: 1;\"><\/path> <\/g> <g transform=\"matrix(NaN NaN NaN NaN 0 0)\"> <g style=\"\"> <\/g> <\/g> <g transform=\"matrix(NaN NaN NaN NaN 0 0)\"> <g style=\"\"> <\/g> <\/g> <g transform=\"matrix(NaN NaN NaN NaN 0 0)\"> <g style=\"\"> <\/g> <\/g> <\/svg><\/span><\/span>\n\n<\/div>\n\n\n<h3 class=\"gb-headline gb-headline-bdfbc89d gb-headline-text\">En m\u00e9moire de Suzanne Gurwitz (1939-2025)<\/h3>\n\n\n\n<p class=\"has-text-align-center\">Nous avons appris avec tristesse le d\u00e9c\u00e8s de Suzanne Gurwitz, \u00e2g\u00e9e de 86 ans, qui avait trouv\u00e9 un refuge temporaire \u00e0 Saint-Martin-V\u00e9subie en 1943.<\/p>\n\n\n<div class=\"gb-container gb-container-18607636\">\n\n<a class=\"gb-button gb-button-64054573 gb-button-text\" href=\"https:\/\/ame43.org\/fr\/2025\/05\/en-memoire-de-suzanne-gurwitz-1939-2025\/\">Lire la n\u00e9crologie de Suzanne<\/a>\n\n<\/div>\n<\/div><\/div>\n<\/div>\n\n<div class=\"gb-grid-wrapper gb-grid-wrapper-65eee5d8\">\n<div class=\"gb-grid-column gb-grid-column-ffd3aed7\"><div class=\"gb-container gb-container-ffd3aed7\">\n<div class=\"gb-container gb-container-637f95d4\">\n\n<span class=\"gb-button gb-button-e705008d\"><span class=\"gb-icon\"><svg xmlns=\"http:\/\/www.w3.org\/2000\/svg\" viewbox=\"0 0 16 16\" class=\"bi bi-book\" fill=\"currentColor\" height=\"16\" width=\"16\">   <path d=\"M1 2.828c.885-.37 2.154-.769 3.388-.893 1.33-.134 2.458.063 3.112.752v9.746c-.935-.53-2.12-.603-3.213-.493-1.18.12-2.37.461-3.287.811V2.828zm7.5-.141c.654-.689 1.782-.886 3.112-.752 1.234.124 2.503.523 3.388.893v9.923c-.918-.35-2.107-.692-3.287-.81-1.094-.111-2.278-.039-3.213.492V2.687zM8 1.783C7.015.936 5.587.81 4.287.94c-1.514.153-3.042.672-3.994 1.105A.5.5 0 0 0 0 2.5v11a.5.5 0 0 0 .707.455c.882-.4 2.303-.881 3.68-1.02 1.409-.142 2.59.087 3.223.877a.5.5 0 0 0 .78 0c.633-.79 1.814-1.019 3.222-.877 1.378.139 2.8.62 3.681 1.02A.5.5 0 0 0 16 13.5v-11a.5.5 0 0 0-.293-.455c-.952-.433-2.48-.952-3.994-1.105C10.413.809 8.985.936 8 1.783z\"><\/path> <\/svg><\/span><\/span>\n\n<\/div>\n\n\n<h3 class=\"gb-headline gb-headline-a03d7235 gb-headline-text\">Publication du 80e anniversaire pour se souvenir de l&rsquo;exode de 1943<\/h3>\n\n\n\n<p class=\"has-text-align-center\">Depuis plus de 10 semaines, le dimanche, nous publions des histoires et des articles partag\u00e9s par des personnes li\u00e9es \u00e0 la Marche, avec des souvenirs, des exp\u00e9riences et des photos sp\u00e9ciales. <\/p>\n\n\n<div class=\"gb-container gb-container-08c2cd42\">\n\n<a class=\"gb-button gb-button-a6b7f5d1 gb-button-text\" href=\"https:\/\/ame43.org\/fr\/marche-de-la-memoire-2024\/\">Voir la publication comm\u00e9morative<\/a>\n\n<\/div>\n<\/div><\/div>\n<\/div>\n<\/div>\n<\/div>\n<h2 class=\"gb-headline gb-headline-52317165 gb-headline-text\">Notre association<\/h2>\n\n<p>Notre association comm\u00e9more l\u2019\u00e9poque o\u00f9 en France occup\u00e9e du printemps et de l\u2019\u00e9t\u00e9 1943, pr\u00e8s d\u2019un millier de Juifs \u00e9trangers venaient \u00e0 Saint Martin V\u00e9subie, dans l\u2019arri\u00e8re-pays ni\u00e7ois, plac\u00e9s en <em>r\u00e9sidence forc\u00e9e<\/em> par les autorit\u00e9s d\u2019occupation italiennes. Au milieu de 1943, c&rsquo;\u00e9tait un havre de paix dans l&rsquo;Europe en guerre. Comme ailleurs dans la zone d&rsquo;occupation italienne, les Juifs \u00e9taient prot\u00e9g\u00e9s des Allemands et de la police de Vichy.<\/p>\n\n<p>Jusqu&rsquo;\u00e0 l&rsquo;annonce de l&rsquo;armistice de l&rsquo;Italie avec les Alli\u00e9s et la reprise par l&rsquo;arm\u00e9e allemande des zones d&rsquo;occupation italienne. Les Juifs, craignant le pire, s&rsquo;enfuirent s&rsquo;ils le pouvaient, \u00e0 travers les montagnes voisines vers l&rsquo;Italie. Dans un exode presque biblique, un millier de Juifs &#8211; hommes, femmes, vieux et jeunes, portant le peu qu&rsquo;ils pouvaient &#8211; ont gravi les vall\u00e9es et les cols du Pi\u00e9mont.<\/p>\n\n<p>H\u00e9las, les forces allemandes ont \u00e9galement rapidement occup\u00e9 le nord de l&rsquo;Italie. Quelque 350 Juifs ont \u00e9t\u00e9 captur\u00e9s et intern\u00e9s \u00e0 Borgo San Dalmazzo, puis d\u00e9port\u00e9s \u00e0 Auschwitz. Les centaines restantes se sont dispers\u00e9es dans les montagnes et la campagne, aid\u00e9es par les habitants, essayant de survivre jusqu&rsquo;\u00e0 l&rsquo;arriv\u00e9e des Alli\u00e9s.<\/p>\n<div class=\"gb-button-wrapper gb-button-wrapper-c52ae2f9\">\n\n<a class=\"gb-button gb-button-82121504 gb-button-text\" href=\"https:\/\/ame43.org\/fr\/evenements\/\" target=\"_blank\" rel=\"noopener noreferrer\">Voir nos \u00e9v\u00e9nements<\/a>\n\n<\/div>\n<figure class=\"wp-block-video\"><video height=\"1080\" style=\"aspect-ratio: 1920 \/ 1080;\" width=\"1920\" controls=\"\" poster=\"https:\/\/ame43.org\/wp-content\/uploads\/2023\/08\/Connecting-the-Generations.jpg\" src=\"https:\/\/ame43.org\/wp-content\/uploads\/2023\/08\/Connecting-the-generations.mov\"><\/video><\/figure>\n\n<h2 class=\"gb-headline gb-headline-aed137d7 gb-headline-text\">Objectifs de notre Association<\/h2>\n\n<p>L&rsquo;Association pour la m\u00e9moire de l&rsquo;\u00e9t\u00e9 1943 (<em> AME 43<\/em> du nom fran\u00e7ais) a \u00e9t\u00e9 cr\u00e9\u00e9 pour :<\/p>\n\n<ol class=\"wp-block-list\">\n<li>Rechercher l&rsquo;histoire des Juifs des Alpes-Maritimes pendant la Seconde Guerre mondiale, leur pr\u00e9sence dans les Hauts-Pays des Alpes-Maritimes et dans le Pi\u00e9mont.<\/li>\n\n\n\n<li>Rechercher les histoires des personnes qui les ont aid\u00e9s et promouvoir leurs actions.<\/li>\n\n\n\n<li>Collecter tous documents relatifs \u00e0 ce sujet afin de les conserver, les \u00e9tudier et les diffuser par tout moyen.<\/li>\n\n\n\n<li>D\u00e9velopper des activit\u00e9s p\u00e9dagogiques destin\u00e9es au grand public, aux enseignants et aux publics scolaires.<\/li>\n\n\n\n<li>Cr\u00e9er et pr\u00e9server les lieux de cette m\u00e9moire, encourager leur visite et les activit\u00e9s m\u00e9morielles.<\/li>\n\n\n\n<li>Cr\u00e9er des liens interg\u00e9n\u00e9rationnelles, interculturels, interconfessionnels, nationaux et internationaux.<\/li>\n\n\n\n<li>Et d\u2019une mani\u00e8re g\u00e9n\u00e9rale, organiser et participer \u00e0 toutes manifestations ayant pour th\u00e8me cette histoire et cette p\u00e9riode dans le Haut Pays des Alpes-Maritimes<\/li>\n<\/ol>\n\n<h2 class=\"gb-headline gb-headline-c1d1e80f gb-headline-text\">Actions cl\u00e9s<\/h2>\n\n<ul class=\"wp-block-list\">\n<li>De participer \u00e0 la <em>Marche de la M\u00e9moire<\/em> chaque ann\u00e9e, habituellement organis\u00e9 en septembre, pour comm\u00e9morer l&rsquo;exode des Juifs de Saint Martin V\u00e9subie en septembre 1943, \u00e0 travers les montagnes vers l&rsquo;Italie. En 2021 la Marche sera du Bor\u00e9on au Col de Cerise (2550m), o\u00f9 l&rsquo;on rencontre des participants qui remontent le versant italien..<\/li>\n\n\n\n<li>De participer \u00e0 la r\u00e9alisation d\u2019un espace mus\u00e9al permanent au sein du Mus\u00e9e de Saint-Martin-V\u00e9subie pour pr\u00e9senter les r\u00e9sultats de cette recherche.<\/li>\n\n\n\n<li>De cr\u00e9er toute manifestation capable de promouvoir cette m\u00e9moire.<\/li>\n<\/ul>\n<div class=\"gb-button-wrapper gb-button-wrapper-0b5d5a60\">\n\n<a class=\"gb-button gb-button-5a9c1206 gb-button-text\" href=\"https:\/\/ame43.org\/fr\/adherer\/\">Rejoignez AME 43<\/a>\n\n<\/div>","protected":false},"excerpt":{"rendered":"<p>Notre association Notre association comm\u00e9more l\u2019\u00e9poque o\u00f9 en France occup\u00e9e du printemps et de l\u2019\u00e9t\u00e9 1943, pr\u00e8s d\u2019un millier de Juifs \u00e9trangers venaient \u00e0 Saint Martin V\u00e9subie, dans l\u2019arri\u00e8re-pays ni\u00e7ois, &#8230; <a title=\"Accueil\" class=\"read-more\" href=\"https:\/\/ame43.org\/fr\/\" aria-label=\"En savoir plus sur Accueil\">Lire la suite<\/a><\/p>\n","protected":false},"author":1,"featured_media":0,"parent":0,"menu_order":0,"comment_status":"closed","ping_status":"closed","template":"","meta":{"_acf_changed":false,"footnotes":""},"class_list":{"0":"post-744","1":"page","2":"type-page","3":"status-publish","5":"no-featured-image-padding"},"acf":[],"jetpack_sharing_enabled":true,"_links":{"self":[{"href":"https:\/\/ame43.org\/fr\/wp-json\/wp\/v2\/pages\/744","targetHints":{"allow":["GET"]}}],"collection":[{"href":"https:\/\/ame43.org\/fr\/wp-json\/wp\/v2\/pages"}],"about":[{"href":"https:\/\/ame43.org\/fr\/wp-json\/wp\/v2\/types\/page"}],"author":[{"embeddable":true,"href":"https:\/\/ame43.org\/fr\/wp-json\/wp\/v2\/users\/1"}],"replies":[{"embeddable":true,"href":"https:\/\/ame43.org\/fr\/wp-json\/wp\/v2\/comments?post=744"}],"version-history":[{"count":67,"href":"https:\/\/ame43.org\/fr\/wp-json\/wp\/v2\/pages\/744\/revisions"}],"predecessor-version":[{"id":5095,"href":"https:\/\/ame43.org\/fr\/wp-json\/wp\/v2\/pages\/744\/revisions\/5095"}],"wp:attachment":[{"href":"https:\/\/ame43.org\/fr\/wp-json\/wp\/v2\/media?parent=744"}],"curies":[{"name":"wp","href":"https:\/\/api.w.org\/{rel}","templated":true}]}}