{"id":775,"date":"2021-08-11T10:16:45","date_gmt":"2021-08-11T10:16:45","guid":{"rendered":"http:\/\/ame43.org\/evenements\/"},"modified":"2025-09-13T19:18:43","modified_gmt":"2025-09-13T19:18:43","slug":"evenements","status":"publish","type":"page","link":"https:\/\/ame43.org\/fr\/evenements\/","title":{"rendered":"\u00c9v\u00e9nements"},"content":{"rendered":"\n<h2 class=\"wp-block-heading\">\u00c9v\u00e9nements futurs<\/h2>\n\n<p>Aucun \u00e9v\u00e8nement n&rsquo;est pr\u00e9vu pour le moment.<\/p>\n<div class=\"gb-grid-wrapper gb-grid-wrapper-8538cc76\"><\/div>\n<p>Tous peuvent assister aux r\u00e9unions, mais nous serions heureux que vous adh\u00e9riez \u00e9galement \u00e0 notre association, AME 43.<\/p>\n<div class=\"gb-button-wrapper gb-button-wrapper-1c14a2df\">\n\n<a class=\"gb-button gb-button-560d61c0 gb-button-text\" href=\"https:\/\/ame43.org\/joining-ame-43\/\" target=\"_blank\" rel=\"noopener noreferrer\">Rejoignez AME 43<\/a>\n\n<\/div>\n<h2 class=\"wp-block-heading\">\u00c9v\u00e9nements pass\u00e9s<\/h2>\n<div class=\"gb-grid-wrapper gb-grid-wrapper-bc5f86c1\">\n<div class=\"gb-grid-column gb-grid-column-627083ba\"><div class=\"gb-container gb-container-627083ba\"><div class=\"gb-inside-container\">\n\n<h2 class=\"gb-headline gb-headline-31e71b36 gb-headline-text\">Du vendredi 5 au dimanche 7 septembre 2025<\/h2>\n\n\n\n<h3 class=\"gb-headline gb-headline-88a821ab gb-headline-text\"><strong>82e anniversaire<br><em>Marche de la M\u00e9moire<\/em>, partenaire de la 27\u00e8me \u00e9dition italienne d&rsquo;<em>Attraverso la Memoria<\/em><\/strong><\/h3>\n\n\n\n<p class=\"gb-headline gb-headline-5d660bb1 gb-headline-text\">Avec un programme du vendredi au dimanche<\/p>\n\n\n<div class=\"gb-container gb-container-651f1966\">\n\n<a class=\"gb-button gb-button-127cb493 gb-button-text\" href=\"https:\/\/ame43.org\/fr\/marche-de-la-memoire-2025\/\" target=\"_blank\" rel=\"noopener noreferrer\">Voir programme<\/a>\n\n<\/div>\n\n\n<p class=\"gb-headline gb-headline-ddb07292 gb-headline-text\"><strong>Vendredi et samedi<\/strong>: \u00c9v\u00e9nements \u00e0 Saint Martin V\u00e9subie.<\/p>\n\n\n\n<p class=\"gb-headline gb-headline-68d4b2ba gb-headline-text\"><strong>Dimanche<\/strong>: Marche de la M\u00e9moire jusqu&rsquo;au Col de Cerise, avec un programme dans le village pour ceux qui ne marchent pas jusqu&rsquo;au Col.<\/p>\n\n<\/div><\/div><\/div>\n\n<div class=\"gb-grid-column gb-grid-column-9d79ae3f\"><div class=\"gb-container gb-container-9d79ae3f\"><div class=\"gb-inside-container\">\n\n<h2 class=\"gb-headline gb-headline-dd084910 gb-headline-text\">Dimanche 27 juillet 2025<\/h2>\n\n\n\n<h3 class=\"gb-headline gb-headline-221198be gb-headline-text\"><strong>Zoom meeting pour les participants \u00e0 la Marche de la M\u00e9moire de cette ann\u00e9e<\/strong><\/h3>\n\n\n\n<p>Nous discuterons du programme du week-end et comment profiter au maximum des Marches et\/ou des activit\u00e9s alternatives dans le village.<\/p>\n\n<\/div><\/div><\/div>\n\n<div class=\"gb-grid-column gb-grid-column-4a90e4c3\"><div class=\"gb-container gb-container-4a90e4c3\"><div class=\"gb-inside-container\">\n\n<h2 class=\"gb-headline gb-headline-34f33f93 gb-headline-text\">DImanche 29 septembre 2024<\/h2>\n\n\n\n<h3 class=\"gb-headline gb-headline-70a94435 gb-headline-text\"><strong>Zoom meeting pour revoir la Marche de la M\u00e9moire de cette ann\u00e9e<\/strong><\/h3>\n\n\n\n<p>Discutez de ce qui s&rsquo;est pass\u00e9 \u00e0 la Marche et partagez vos exp\u00e9riences. Partagez des photos et observez des moments int\u00e9ressants, comme la pose de Stolpersteine pour la famille Dridso qui vivait \u00e0 St Martin avant la guerre.<\/p>\n\n<\/div><\/div><\/div>\n\n<div class=\"gb-grid-column gb-grid-column-6b20b228\"><div class=\"gb-container gb-container-6b20b228\"><div class=\"gb-inside-container\">\n\n<h2 class=\"gb-headline gb-headline-aeb03c7e gb-headline-text\">Du vendredi 13 au dimanche 15 septembre 2024<\/h2>\n\n\n\n<h3 class=\"gb-headline gb-headline-4f6ec2e7 gb-headline-text\"><strong>81e anniversaire<br><em>Marche de la M\u00e9moire<\/em>, partenaire de la 26e edition d&rsquo;<em>Attraverso la Memoria<\/em> de l&rsquo;Italie<\/strong><\/h3>\n\n\n\n<p class=\"gb-headline gb-headline-0c76d0d4 gb-headline-text\">Avec un <a href=\"https:\/\/ame43.org\/fr\/marche-de-la-memoire-2024\/\" data-type=\"link\" data-id=\"https:\/\/ame43.org\/fr\/marche-de-la-memoire-2024\/\">programme <\/a>du vendredi au dimanche<br><br><strong>Vendredi et samedi<\/strong>: \u00c9v\u00e9nements \u00e0 Saint Martin V\u00e9subie. Pose vendredi de Stolpersteine pour la famille Dridso qui vivait \u00e0 St Martin avant la guerre.<\/p>\n\n\n\n<p class=\"gb-headline gb-headline-8f8b9e14 gb-headline-text\"><strong>DImanche <\/strong>: La Marche de la M\u00e9moire au Col de Cerise.<\/p>\n\n<\/div><\/div><\/div>\n\n<div class=\"gb-grid-column gb-grid-column-31b77517\"><div class=\"gb-container gb-container-31b77517\"><div class=\"gb-inside-container\">\n\n<h2 class=\"gb-headline gb-headline-b32cba31 gb-headline-text\">Dimanche 25 ao\u00fbt 2024<\/h2>\n\n\n\n<h3 class=\"gb-headline gb-headline-7a2f7b8c gb-headline-text\"><strong>Zoom Chat avec Irving Schild, qui avait 12 ans lorsqu&rsquo;il a fui Saint Martin V\u00e9subie en 1943<\/strong><\/h3>\n\n\n\n<p class=\"gb-headline gb-headline-f6a6aea0 gb-headline-text\">Apr\u00e8s avoir travers\u00e9 les Alpes pour se r\u00e9fugier en Italie, Irving r\u00e9ussit avec sa famille \u00e0 se rendre \u00e0 Rome. Apr\u00e8s la lib\u00e9ration de Rome par les Alli\u00e9s en 1944, ils ont fait partie des 1 000 r\u00e9fugi\u00e9s invit\u00e9s aux \u00c9tats-Unis par le pr\u00e9sident Roosevelt \u00e0 Fort Ontario, \u00e0 Oswego, dans l&rsquo;\u00c9tat de New York.<\/p>\n\n<\/div><\/div><\/div>\n\n<div class=\"gb-grid-column gb-grid-column-7949293a\"><div class=\"gb-container gb-container-7949293a\"><div class=\"gb-inside-container\">\n\n<h2 class=\"gb-headline gb-headline-b4910229 gb-headline-text\">Dimanche 30 juin 2024<\/h2>\n\n\n\n<h3 class=\"gb-headline gb-headline-7c3d9645 gb-headline-text\"><strong>Rencontre Zoom Mensuelle<\/strong><\/h3>\n\n\n\n<p class=\"gb-headline gb-headline-5327cd40 gb-headline-text\"><em>La troisi\u00e8me de nos r\u00e9unions mensuelles Zoom pour discuter et partager des histoires et l&rsquo;histoire avec d&rsquo;autres membres de la communaut\u00e9 AME 43<\/em>.<\/p>\n\n\n\n<p class=\"has-text-align-center\"><em>(pass\u00e9)<\/em><\/p>\n\n<\/div><\/div><\/div>\n\n<div class=\"gb-grid-column gb-grid-column-1d852001\"><div class=\"gb-container gb-container-1d852001\"><div class=\"gb-inside-container\">\n\n<h2 class=\"gb-headline gb-headline-8f1b04a0 gb-headline-text\">Dimanche 26 mai 2024<\/h2>\n\n\n\n<h3 class=\"gb-headline gb-headline-3fd3648e gb-headline-text\"><strong>Rencontre Zoom Mensuelle<\/strong><\/h3>\n\n\n\n<p class=\"gb-headline gb-headline-5a018403 gb-headline-text\"><em>La deuxi\u00e8me de nos r\u00e9unions mensuelles Zoom pour discuter et partager des histoires et l&rsquo;histoire avec d&rsquo;autres membres de la communaut\u00e9 AME 43<\/em>.<\/p>\n\n\n\n<p class=\"has-text-align-center\"><em>(pass\u00e9)<\/em><\/p>\n\n<\/div><\/div><\/div>\n\n<div class=\"gb-grid-column gb-grid-column-be25af28\"><div class=\"gb-container gb-container-be25af28\"><div class=\"gb-inside-container\">\n\n<h2 class=\"gb-headline gb-headline-61047629 gb-headline-text\">Dimanche 5 mai 2024<\/h2>\n\n\n\n<h3 class=\"gb-headline gb-headline-af3add5c gb-headline-text\"><strong>Rencontre Zoom Mensuelle<\/strong><\/h3>\n\n\n\n<p class=\"gb-headline gb-headline-c710512f gb-headline-text\"><em>La premi\u00e8re d&rsquo;une s\u00e9rie de r\u00e9unions mensuelles Zoom pour discuter et partager des exp\u00e9riences et des histoires avec d&rsquo;autres membres de la communaut\u00e9 AME 43.<\/em>.<\/p>\n\n\n\n<p class=\"has-text-align-center\"><em>(pass\u00e9)<\/em><\/p>\n\n<\/div><\/div><\/div>\n\n<div class=\"gb-grid-column gb-grid-column-62730fa8\"><div class=\"gb-container gb-container-62730fa8\"><div class=\"gb-inside-container\">\n\n<h2 class=\"gb-headline gb-headline-7c005768 gb-headline-text\">Dimanche 31 mars 2024<\/h2>\n\n\n\n<h3 class=\"gb-headline gb-headline-89e4359a gb-headline-text\"><strong>Assembl\u00e9e g\u00e9n\u00e9rale annuelle via Zoom<\/strong><\/h3>\n\n\n\n<p class=\"has-text-align-center\"><em>(pass\u00e9)<\/em><\/p>\n\n<\/div><\/div><\/div>\n\n<div class=\"gb-grid-column gb-grid-column-53438440\"><div class=\"gb-container gb-container-53438440\"><div class=\"gb-inside-container\">\n\n<h2 class=\"gb-headline gb-headline-141199a5 gb-headline-text\">Dimanche 25 f\u00e9vrier 2024<\/h2>\n\n\n\n<h3 class=\"gb-headline gb-headline-2ed7d9d5 gb-headline-text\"><strong>R\u00e9union sociale et de mise en r\u00e9seau via Zoom.<\/strong><\/h3>\n\n\n\n<p class=\"gb-headline gb-headline-0fb9e0ac gb-headline-text\">Avec des salles de r\u00e9union en diff\u00e9rentes langues (anglais,&nbsp;fran\u00e7ais et h\u00e9breu) pour rencontrer d&rsquo;autres membres.&nbsp;Nous vous tiendrons au courant de nos projets&nbsp;et de la Marche de la M\u00e9moire de cette ann\u00e9e.<br>(qui se tiendra le 15 septembre).<\/p>\n\n\n\n<p class=\"has-text-align-center\"><em>(pass\u00e9)<\/em><\/p>\n\n<\/div><\/div><\/div>\n\n<div class=\"gb-grid-column gb-grid-column-cfcaa653\"><div class=\"gb-container gb-container-cfcaa653\"><div class=\"gb-inside-container\">\n\n<h2 class=\"gb-headline gb-headline-3a70163a gb-headline-text\">Du vendredi 1 au dimanche 3 septembre 2023<\/h2>\n\n\n\n<h3 class=\"gb-headline gb-headline-a932a02f gb-headline-text\"><strong>80e anniversaire !<\/strong><br><strong>et Marche de la M\u00e9moire<\/strong><\/h3>\n\n\n\n<p class=\"gb-headline gb-headline-e3267b42 gb-headline-text\">Nous avons organis\u00e9 un programme pour le week-end, \u00e0 partir de vendredi.  <br><br><strong>Vendredi et samedi<\/strong>: \u00c9v\u00e9nements \u00e0 Saint Martin V\u00e9subie.<\/p>\n\n\n\n<p class=\"gb-headline gb-headline-aa3508f6 gb-headline-text\"><strong>Dimanche<\/strong>: Marche de la M\u00e9moire jusqu&rsquo;au Col de Cerise via le Bor\u00e9on.<\/p>\n\n\n\n<p class=\"has-text-align-center\"><em>(pass\u00e9)<\/em><\/p>\n\n<\/div><\/div><\/div>\n\n<div class=\"gb-grid-column gb-grid-column-79c18966\"><div class=\"gb-container gb-container-79c18966\"><div class=\"gb-inside-container\">\n\n<h2 class=\"gb-headline gb-headline-a0537ed4 gb-headline-text\">Du vendredi 2 au dimanche 4 septembre 2022<\/h2>\n\n\n\n<h3 class=\"gb-headline gb-headline-a92ac090 gb-headline-text\"><strong>La Marche de la M\u00e9moire<\/strong><\/h3>\n\n\n\n<p class=\"gb-headline gb-headline-1ad01d5b gb-headline-text\">Nous avons organis\u00e9 un programme pour le week-end, \u00e0 partir de vendredi.  <br><br><strong>Vendredi et samedi<\/strong>: \u00c9v\u00e9nements \u00e0 Saint Martin V\u00e9subie.<\/p>\n\n\n\n<p class=\"gb-headline gb-headline-6408a02e gb-headline-text\"><strong>Dimanche<\/strong>: La Marche de la M\u00e9moire au Col de Fenestre via la Madone de Fenestre.<\/p>\n\n\n\n<p class=\"has-text-align-center\"><em>(pass\u00e9)<\/em><\/p>\n\n<\/div><\/div><\/div>\n\n<div class=\"gb-grid-column gb-grid-column-1692f77d\"><div class=\"gb-container gb-container-1692f77d\"><div class=\"gb-inside-container\">\n\n<h2 class=\"gb-headline gb-headline-aea0b667 gb-headline-text\">Mercredi. 31 ao\u00fbt -Thu 1 septembre 2022 <\/h2>\n\n\n\n<h3 class=\"gb-headline gb-headline-55e4799b gb-headline-text\"><strong>Visite de Borgo San Dalmazzo et de Cuneo<\/strong><\/h3>\n\n\n\n<p class=\"gb-headline gb-headline-ae06005c gb-headline-text\">Avec des visites au M\u00e9morial de la d\u00e9portation et au mus\u00e9e MEMO4345 \u00e0 Borgo San Dalmazzo, et un service facultatif dans la synagogue de Cuneo.<\/p>\n\n\n\n<p class=\"has-text-align-center\">(pass\u00e9)<\/p>\n\n<\/div><\/div><\/div>\n\n<div class=\"gb-grid-column gb-grid-column-c4cec083\"><div class=\"gb-container gb-container-c4cec083\"><div class=\"gb-inside-container\">\n\n<h2 class=\"gb-headline gb-headline-07e65f48 gb-headline-text\">Le dimanche 22 mai 2022<\/h2>\n\n\n\n<h3 class=\"gb-headline gb-headline-33c41f7c gb-headline-text\">Conf\u00e9rence (en fran\u00e7ais) d&rsquo;Alberto Cavaglion sur<em>Saint Martin V\u00e9subie, Madonna del Colletto, Borgo San Dalmazzo: Souvenirs Autobiographiques<\/em><\/h3>\n\n\n\n<h3 class=\"gb-headline gb-headline-55b001b0 gb-headline-text\">Y compris la fuite des Juifs de Saint-Martin vers l&rsquo;Italie, la naissance de la R\u00e9sistance italienne et le camp de concentration de Borgo S. Dalmazzo.<\/h3>\n\n\n\n<p class=\"has-text-align-center\">(pass\u00e9)<\/p>\n\n<\/div><\/div><\/div>\n\n<div class=\"gb-grid-column gb-grid-column-97be2e33\"><div class=\"gb-container gb-container-97be2e33\"><div class=\"gb-inside-container\">\n\n<h2 class=\"gb-headline gb-headline-ad56b348 gb-headline-text\">Dimanche 10 avril 2022<\/h2>\n\n\n\n<h3 class=\"gb-headline gb-headline-eb9b370b gb-headline-text\">R\u00e9union de networking et de discussion<\/h3>\n\n\n\n<p class=\"has-text-align-center\"><em>R\u00e9servation obligatoire, mais ouvert \u00e0 tous<\/em><\/p>\n\n\n\n<p class=\"gb-headline gb-headline-84498278 gb-headline-text\">(Avec des groupes de travail par langue et en anglais)<br><em>A 14.00 EST, 20.00 France, 21.00 Isra\u00ebl<\/em>.<\/p>\n\n\n\n<p class=\"has-text-align-center\">(pass\u00e9)<\/p>\n\n<\/div><\/div><\/div>\n<\/div>","protected":false},"excerpt":{"rendered":"<p>\u00c9v\u00e9nements futurs Aucun \u00e9v\u00e8nement n&rsquo;est pr\u00e9vu pour le moment. Tous peuvent assister aux r\u00e9unions, mais nous serions heureux que vous adh\u00e9riez \u00e9galement \u00e0 notre association, AME 43. \u00c9v\u00e9nements pass\u00e9s <a href=\"https:\/\/ame43.org\/fr\/evenements\/\" class=\"readmore\">Read More &raquo;<\/a><\/p>\n","protected":false},"author":1,"featured_media":0,"parent":0,"menu_order":0,"comment_status":"closed","ping_status":"closed","template":"","meta":{"_acf_changed":false,"footnotes":""},"class_list":{"0":"post-775","1":"page","2":"type-page","3":"status-publish","5":"no-featured-image-padding"},"acf":[],"jetpack_sharing_enabled":true,"_links":{"self":[{"href":"https:\/\/ame43.org\/fr\/wp-json\/wp\/v2\/pages\/775","targetHints":{"allow":["GET"]}}],"collection":[{"href":"https:\/\/ame43.org\/fr\/wp-json\/wp\/v2\/pages"}],"about":[{"href":"https:\/\/ame43.org\/fr\/wp-json\/wp\/v2\/types\/page"}],"author":[{"embeddable":true,"href":"https:\/\/ame43.org\/fr\/wp-json\/wp\/v2\/users\/1"}],"replies":[{"embeddable":true,"href":"https:\/\/ame43.org\/fr\/wp-json\/wp\/v2\/comments?post=775"}],"version-history":[{"count":84,"href":"https:\/\/ame43.org\/fr\/wp-json\/wp\/v2\/pages\/775\/revisions"}],"predecessor-version":[{"id":5383,"href":"https:\/\/ame43.org\/fr\/wp-json\/wp\/v2\/pages\/775\/revisions\/5383"}],"wp:attachment":[{"href":"https:\/\/ame43.org\/fr\/wp-json\/wp\/v2\/media?parent=775"}],"curies":[{"name":"wp","href":"https:\/\/api.w.org\/{rel}","templated":true}]}}