{"id":783,"date":"2021-08-11T10:30:14","date_gmt":"2021-08-11T10:30:14","guid":{"rendered":"http:\/\/ame43.org\/a-propos\/"},"modified":"2022-03-13T19:51:46","modified_gmt":"2022-03-13T19:51:46","slug":"a-propos","status":"publish","type":"page","link":"https:\/\/ame43.org\/fr\/a-propos\/","title":{"rendered":"\u00c0 propos"},"content":{"rendered":"\n<div class=\"wp-block-image\"><figure class=\"aligncenter size-full is-resized\"><img loading=\"lazy\" decoding=\"async\" src=\"https:\/\/ame43.org\/wp-content\/uploads\/2021\/08\/AME43_LOGO_COLOR-med-res-1.png\" alt=\"\" class=\"wp-image-825\" width=\"250\" height=\"249\" srcset=\"https:\/\/ame43.org\/wp-content\/uploads\/2021\/08\/AME43_LOGO_COLOR-med-res-1.png 1000w, https:\/\/ame43.org\/wp-content\/uploads\/2021\/08\/AME43_LOGO_COLOR-med-res-1-300x300.png 300w, https:\/\/ame43.org\/wp-content\/uploads\/2021\/08\/AME43_LOGO_COLOR-med-res-1-100x100.png 100w, https:\/\/ame43.org\/wp-content\/uploads\/2021\/08\/AME43_LOGO_COLOR-med-res-1-600x598.png 600w, https:\/\/ame43.org\/wp-content\/uploads\/2021\/08\/AME43_LOGO_COLOR-med-res-1-150x150.png 150w, https:\/\/ame43.org\/wp-content\/uploads\/2021\/08\/AME43_LOGO_COLOR-med-res-1-768x766.png 768w\" sizes=\"auto, (max-width: 250px) 100vw, 250px\" \/><\/figure><\/div>\n\n<p>L&rsquo;<em>Association pour la M\u00e9moire de l\u2019\u00c9t\u00e9 1943<\/em> (<em>AME 43<\/em>) a \u00e9t\u00e9 cr\u00e9\u00e9e en 2021 sous la forme d&rsquo;une <em>association loi 1901<\/em>, ce qui lui conf\u00e8re une identit\u00e9 juridique. <\/p>\n\n<p>Notre association se souvient de l\u2019\u00e9poque o\u00f9 en France occup\u00e9e du printemps et de l\u2019\u00e9t\u00e9 1943, pr\u00e8s d\u2019un millier de Juifs \u00e9trangers venaient \u00e0 Saint Martin V\u00e9subie, dans l\u2019arri\u00e8re-pays ni\u00e7ois, plac\u00e9s en <em>r\u00e9sidence forc\u00e9e<\/em> par les autorit\u00e9s d\u2019occupation italiennes. Au milieu de 1943, c&rsquo;\u00e9tait un havre de paix dans l&rsquo;Europe en guerre. Comme ailleurs dans la zone d&rsquo;occupation italienne, les Juifs \u00e9taient prot\u00e9g\u00e9s des Allemands et de la police de Vichy.<\/p>\n\n<p>Jusqu&rsquo;\u00e0 l&rsquo;annonce de l&rsquo;armistice de l&rsquo;Italie avec les Alli\u00e9s et la reprise par l&rsquo;arm\u00e9e allemande des zones d&rsquo;occupation italienne. Les Juifs, craignant le pire, s&rsquo;enfuirent s&rsquo;ils le pouvaient, \u00e0 travers les montagnes voisines vers l&rsquo;Italie. Dans un exode presque biblique, un millier de Juifs &#8211; hommes, femmes, vieux et jeunes, portant le peu qu&rsquo;ils pouvaient &#8211; ont gravi les vall\u00e9es et les cols du Pi\u00e9mont.<\/p>\n\n<p>H\u00e9las, les forces allemandes ont \u00e9galement rapidement occup\u00e9 le nord de l&rsquo;Italie. Quelque 350 Juifs ont \u00e9t\u00e9 captur\u00e9s et intern\u00e9s \u00e0 Borgo San Dalmazzo, puis d\u00e9port\u00e9s \u00e0 Auschwitz. Les centaines restantes se sont dispers\u00e9es dans les montagnes et la campagne, aid\u00e9es par les habitants, essayant de survivre jusqu&rsquo;\u00e0 l&rsquo;arriv\u00e9e des Alli\u00e9s.<\/p>\n\n<p>L&rsquo;association s&rsquo;appuie sur le travail et les efforts pass\u00e9s de nombreuses autres personnes et organisations, comme Attraverso la Memoria et l&rsquo;\u200bAssociazione Giorgio Biandrata, Yad Vashem Cote d&rsquo;Azur, AMONT et historiens.<\/p>\n\n<h2 class=\"gb-headline gb-headline-aed137d7 gb-headline-text\">Objectifs de notre Association<\/h2>\n\n<p>L&rsquo;Association pour la m\u00e9moire de l&rsquo;\u00e9t\u00e9 1943 (<em> AME 43<\/em> du nom fran\u00e7ais) a \u00e9t\u00e9 cr\u00e9\u00e9 pour :<\/p>\n\n<ol class=\"wp-block-list\"><li>Rechercher l&rsquo;histoire des Juifs des Alpes-Maritimes pendant la Seconde Guerre mondiale, leur pr\u00e9sence dans les Hauts-Pays des Alpes-Maritimes et dans le Pi\u00e9mont.<\/li><li>Rechercher les histoires des personnes qui les ont aid\u00e9s et promouvoir leurs actions.<\/li><li>Collecter tous documents relatifs \u00e0 ce sujet afin de les conserver, les \u00e9tudier et les diffuser par tout moyen.<\/li><li>D\u00e9velopper des activit\u00e9s p\u00e9dagogiques destin\u00e9es au grand public, aux enseignants et aux publics scolaires.<\/li><li>Cr\u00e9er et pr\u00e9server les lieux de cette m\u00e9moire, encourager leur visite et les activit\u00e9s m\u00e9morielles.<\/li><li>Cr\u00e9er des liens interg\u00e9n\u00e9rationnelles, interculturels, interconfessionnels, nationaux et internationaux.<\/li><li>Et d\u2019une mani\u00e8re g\u00e9n\u00e9rale, organiser et participer \u00e0 toutes manifestations ayant pour th\u00e8me cette histoire et cette p\u00e9riode dans le Haut Pays des Alpes-Maritimes<\/li><\/ol>\n\n<h2 class=\"gb-headline gb-headline-c1d1e80f gb-headline-text\">Actions cl\u00e9s<\/h2>\n\n<ul class=\"wp-block-list\"><li>De participer \u00e0 la <em>Marche de la M\u00e9moire<\/em> chaque ann\u00e9e, habituellement organis\u00e9 en septembre, pour comm\u00e9morer l&rsquo;exode des Juifs de Saint Martin V\u00e9subie en septembre 1943, \u00e0 travers les montagnes vers l&rsquo;Italie. En 2022, la Marche se fera du Madone de Fenestre au Col de Fenestre (2450m), o\u00f9 nous rencontrons les participants qui montent par le c\u00f4t\u00e9 italien.<\/li><li>De participer \u00e0 la r\u00e9alisation d\u2019un espace mus\u00e9al permanent au sein du Mus\u00e9e de Saint-Martin-V\u00e9subie pour pr\u00e9senter les r\u00e9sultats de cette recherche.<\/li><li>De cr\u00e9er toute manifestation capable de promouvoir cette m\u00e9moire.<\/li><\/ul>\n\n<p><\/p>\n","protected":false},"excerpt":{"rendered":"<p>L&rsquo;Association pour la M\u00e9moire de l\u2019\u00c9t\u00e9 1943 (AME 43) a \u00e9t\u00e9 cr\u00e9\u00e9e en 2021 sous la forme d&rsquo;une association loi 1901, ce qui lui conf\u00e8re une identit\u00e9 juridique. Notre association &#8230; <a title=\"\u00c0 propos\" class=\"read-more\" href=\"https:\/\/ame43.org\/fr\/a-propos\/\" aria-label=\"En savoir plus sur \u00c0 propos\">Lire la suite<\/a><\/p>\n","protected":false},"author":1,"featured_media":0,"parent":0,"menu_order":0,"comment_status":"closed","ping_status":"closed","template":"","meta":{"_acf_changed":false,"footnotes":""},"class_list":{"0":"post-783","1":"page","2":"type-page","3":"status-publish","5":"no-featured-image-padding"},"acf":[],"jetpack_sharing_enabled":true,"_links":{"self":[{"href":"https:\/\/ame43.org\/fr\/wp-json\/wp\/v2\/pages\/783","targetHints":{"allow":["GET"]}}],"collection":[{"href":"https:\/\/ame43.org\/fr\/wp-json\/wp\/v2\/pages"}],"about":[{"href":"https:\/\/ame43.org\/fr\/wp-json\/wp\/v2\/types\/page"}],"author":[{"embeddable":true,"href":"https:\/\/ame43.org\/fr\/wp-json\/wp\/v2\/users\/1"}],"replies":[{"embeddable":true,"href":"https:\/\/ame43.org\/fr\/wp-json\/wp\/v2\/comments?post=783"}],"version-history":[{"count":26,"href":"https:\/\/ame43.org\/fr\/wp-json\/wp\/v2\/pages\/783\/revisions"}],"predecessor-version":[{"id":1383,"href":"https:\/\/ame43.org\/fr\/wp-json\/wp\/v2\/pages\/783\/revisions\/1383"}],"wp:attachment":[{"href":"https:\/\/ame43.org\/fr\/wp-json\/wp\/v2\/media?parent=783"}],"curies":[{"name":"wp","href":"https:\/\/api.w.org\/{rel}","templated":true}]}}