{"id":812,"date":"2021-08-15T11:46:49","date_gmt":"2021-08-15T11:46:49","guid":{"rendered":"http:\/\/ame43.org\/?page_id=812"},"modified":"2025-05-20T17:28:32","modified_gmt":"2025-05-20T17:28:32","slug":"adherer","status":"publish","type":"page","link":"https:\/\/ame43.org\/fr\/adherer\/","title":{"rendered":"Adh\u00e9rer"},"content":{"rendered":"\n<h2 class=\"gb-headline gb-headline-5ff92a97 gb-headline-text\">Options d&rsquo;adh\u00e9sion<\/h2>\n\n\n\n<ul class=\"wp-block-list\">\n<li>5 \u20ac pour les personnes \u00e2g\u00e9es de 35 ans et moins (\u00ab\u00a0nouvelle g\u00e9n\u00e9ration\u00a0\u00bb)<\/li>\n\n\n\n<li>10 \u20ac pour les personnes \u00e2g\u00e9es de 36 ans et plus<\/li>\n<\/ul>\n\n\n\n<p>L&rsquo;adh\u00e9sion est pour l&rsquo;ann\u00e9e civile.<\/p>\n\n\n<div class=\"gb-button-wrapper gb-button-wrapper-019b6a87\">\n\n<a class=\"gb-button gb-button-1ca5a045 gb-button-text\" href=\"https:\/\/www.helloasso.com\/associations\/ame-43-association-pour-la-memoire-de-l-ete-1943\/adhesions\/join2025\" target=\"_blank\" rel=\"noopener noreferrer\">Adherer \u00e0 AME 43<\/a>\n\n<\/div>\n\n\n<h2 class=\"gb-headline gb-headline-d686402f gb-headline-text\">Pour obtenir de l&rsquo;aide<\/h2>\n\n\n\n<p>Si vous avez des questions, ou vous ne pouvez pas adh\u00e9rer en ligne, veuillez envoyer un mail \u00e0 <a href=\"mailto:mail@ame43.org\" data-type=\"mailto\" target=\"_blank\" rel=\"noreferrer noopener\">mail@ame43.org<\/a>.<\/p>\n","protected":false},"excerpt":{"rendered":"<p>Options d&rsquo;adh\u00e9sion L&rsquo;adh\u00e9sion est pour l&rsquo;ann\u00e9e civile. Pour obtenir de l&rsquo;aide Si vous avez des questions, ou vous ne pouvez pas adh\u00e9rer en ligne, veuillez envoyer un mail \u00e0 mail@ame43.org. <a href=\"https:\/\/ame43.org\/fr\/adherer\/\" class=\"readmore\">Read More &raquo;<\/a><\/p>\n","protected":false},"author":1,"featured_media":729,"parent":0,"menu_order":0,"comment_status":"closed","ping_status":"closed","template":"","meta":{"_acf_changed":false,"footnotes":""},"class_list":{"0":"post-812","1":"page","2":"type-page","3":"status-publish","4":"has-post-thumbnail","6":"no-featured-image-padding"},"acf":[],"jetpack_sharing_enabled":true,"_links":{"self":[{"href":"https:\/\/ame43.org\/fr\/wp-json\/wp\/v2\/pages\/812","targetHints":{"allow":["GET"]}}],"collection":[{"href":"https:\/\/ame43.org\/fr\/wp-json\/wp\/v2\/pages"}],"about":[{"href":"https:\/\/ame43.org\/fr\/wp-json\/wp\/v2\/types\/page"}],"author":[{"embeddable":true,"href":"https:\/\/ame43.org\/fr\/wp-json\/wp\/v2\/users\/1"}],"replies":[{"embeddable":true,"href":"https:\/\/ame43.org\/fr\/wp-json\/wp\/v2\/comments?post=812"}],"version-history":[{"count":10,"href":"https:\/\/ame43.org\/fr\/wp-json\/wp\/v2\/pages\/812\/revisions"}],"predecessor-version":[{"id":4906,"href":"https:\/\/ame43.org\/fr\/wp-json\/wp\/v2\/pages\/812\/revisions\/4906"}],"wp:featuredmedia":[{"embeddable":true,"href":"https:\/\/ame43.org\/fr\/wp-json\/wp\/v2\/media\/729"}],"wp:attachment":[{"href":"https:\/\/ame43.org\/fr\/wp-json\/wp\/v2\/media?parent=812"}],"curies":[{"name":"wp","href":"https:\/\/api.w.org\/{rel}","templated":true}]}}