{"id":2421,"date":"2023-08-11T13:47:48","date_gmt":"2023-08-11T13:47:48","guid":{"rendered":"https:\/\/ame43.org\/%d7%94%d7%94%d7%99%d7%a1%d7%98%d7%95%d7%a8%d7%99%d7%94-%d7%a9%d7%9c-%d7%9e%d7%a9%d7%a4%d7%97%d7%aa-%d7%90%d7%a4%d7%9c%d7%91%d7%90%d7%95%d7%9d\/"},"modified":"2023-08-17T13:05:24","modified_gmt":"2023-08-17T13:05:24","slug":"%d7%94%d7%94%d7%99%d7%a1%d7%98%d7%95%d7%a8%d7%99%d7%94-%d7%a9%d7%9c-%d7%9e%d7%a9%d7%a4%d7%97%d7%aa-%d7%90%d7%a4%d7%9c%d7%91%d7%90%d7%95%d7%9d","status":"publish","type":"page","link":"https:\/\/ame43.org\/he\/%d7%94%d7%94%d7%99%d7%a1%d7%98%d7%95%d7%a8%d7%99%d7%94-%d7%a9%d7%9c-%d7%9e%d7%a9%d7%a4%d7%97%d7%aa-%d7%90%d7%a4%d7%9c%d7%91%d7%90%d7%95%d7%9d\/","title":{"rendered":"\u05ea\u05d5\u05dc\u05d3\u05d5\u05ea \u05de\u05e9\u05e4\u05d7\u05ea \u05d0\u05e4\u05dc\u05d1\u05d0\u05d5\u05dd"},"content":{"rendered":"\n<p><em>\u05d4\u05d2\u05e8\u05e1\u05d4 \u05d4\u05de\u05dc\u05d0\u05d4 \u05e9\u05dc \u05d8\u05e7\u05e1\u05d8 \u05d6\u05d4 \u05de\u05d0\u05ea <em>Jo\u00eblle Hansel<\/em><\/em> <em>est parue en fran\u00e7ais sous le titre \u00ab Una targa per ricordare otto vittime del nazifascismo \u00bb (\u00ab Une plaque pour comm\u00e9morer huit victimes du nazi-fascisme \u00bb dans <em>\u00ab <\/em>Rendiconti Cuneo 2019<em> \u00bb<\/em>, \u00e9dit\u00e9 par S. Chiavero, D. Damiano, R. Martelli, Cuneo, \u00e9ditions Nerosubianco, 2019, p. 198-201.<\/em><\/p>\n\n<p>\u05d1-26 \u05d1\u05d0\u05e4\u05e8\u05d9\u05dc 1945, \u05d1\u05e7\u05d5\u05e0\u05d0\u05d5 (\u05d0\u05d9\u05d8\u05dc\u05d9\u05d4), \u05de\u05ea\u05d7\u05ea \u05dc\u05e7\u05e9\u05ea \u05d4\u05d7\u05de\u05d9\u05e9\u05d9\u05ea \u05e9\u05dc \u05d2\u05e9\u05e8 \u05d5\u05d0\u05dc\u05d3\u05d9\u05d9\u05e8\u05d9 \u05e0\u05e8\u05e6\u05d7\u05d5 \u05e2\u05dc \u05d9\u05d3\u05d9 \u05d4\u05e0\u05d0\u05e6\u05d9\u05dd \u05d4\u05e8\u05de\u05df \u05d0\u05e8\u05de\u05e0\u05d3 \u05de\u05d5\u05d0\u05d9\u05d6 \u05d4\u05e8\u05e5 \u05d0\u05e4\u05dc\u05d1\u05d0\u05d5\u05dd, \u05e1\u05d1\u05d5, \u05d1\u05e8\u05e0\u05e8\u05d3 \u05e4\u05d5\u05d8\u05e8\u05de\u05df, \u05d2\u05d9\u05e1\u05d5, \u05d5\u05de\u05e8\u05e1\u05dc \u05e4\u05d5\u05d8\u05e8\u05de\u05df, \u05d0\u05d7\u05d9\u05d9\u05e0\u05d5 \u05d1\u05e7\u05d5\u05e9\u05d9 \u05d1\u05df \u05e9\u05d1\u05e2-\u05e2\u05e9\u05e8\u05d4. \u05db\u05da \u05d4\u05e1\u05ea\u05d9\u05d9\u05dd \u05d1\u05d0\u05d5\u05e4\u05df \u05d8\u05e8\u05d2\u05d9 \u05de\u05e1\u05e2 \u05e9\u05d4\u05d7\u05dc \u05d1\u05e9\u05e0\u05ea 1940 \u05db\u05d0\u05e9\u05e8 \u05d4\u05dd \u05d5\u05d1\u05e0\u05d9 \u05de\u05e9\u05e4\u05d7\u05d5\u05ea\u05d9\u05d4\u05dd \u05e0\u05de\u05dc\u05d8\u05d5 \u05de\u05e4\u05e8\u05d9\u05d6 \u05d4\u05db\u05d1\u05d5\u05e9\u05d4 \u05d1\u05d9\u05d3\u05d9 \u05d4\u05d2\u05e8\u05de\u05e0\u05d9\u05dd.<\/p>\n\n<div class=\"wp-block-jetpack-slideshow aligncenter\" data-effect=\"slide\"><div class=\"wp-block-jetpack-slideshow_container swiper-container\"><ul class=\"wp-block-jetpack-slideshow_swiper-wrapper swiper-wrapper\"><li class=\"wp-block-jetpack-slideshow_slide swiper-slide\"><figure><img loading=\"lazy\" decoding=\"async\" width=\"687\" height=\"1024\" alt=\"\" class=\"wp-block-jetpack-slideshow_image wp-image-2348\" data-id=\"2348\" src=\"https:\/\/ame43.org\/wp-content\/uploads\/2023\/08\/Marcel-Futtermann-687x1024.jpg\" srcset=\"https:\/\/ame43.org\/wp-content\/uploads\/2023\/08\/Marcel-Futtermann-687x1024.jpg 687w, https:\/\/ame43.org\/wp-content\/uploads\/2023\/08\/Marcel-Futtermann-201x300.jpg 201w, https:\/\/ame43.org\/wp-content\/uploads\/2023\/08\/Marcel-Futtermann.jpg 743w\" sizes=\"(max-width: 687px) 100vw, 687px\" \/><figcaption class=\"wp-block-jetpack-slideshow_caption gallery-caption\">\u05de\u05e8\u05e1\u05dc \u05e4\u05d5\u05d8\u05e8\u05de\u05df<\/figcaption><\/figure><\/li><li class=\"wp-block-jetpack-slideshow_slide swiper-slide\"><figure><img loading=\"lazy\" decoding=\"async\" width=\"768\" height=\"1024\" alt=\"\" class=\"wp-block-jetpack-slideshow_image wp-image-2352\" data-id=\"2352\" src=\"https:\/\/ame43.org\/wp-content\/uploads\/2023\/08\/Marcel-Futtermann-peint-de-memoire-par-son-cousin-Charles-Dugowson-768x1024.jpg\" srcset=\"https:\/\/ame43.org\/wp-content\/uploads\/2023\/08\/Marcel-Futtermann-peint-de-memoire-par-son-cousin-Charles-Dugowson-768x1024.jpg 768w, https:\/\/ame43.org\/wp-content\/uploads\/2023\/08\/Marcel-Futtermann-peint-de-memoire-par-son-cousin-Charles-Dugowson-225x300.jpg 225w, https:\/\/ame43.org\/wp-content\/uploads\/2023\/08\/Marcel-Futtermann-peint-de-memoire-par-son-cousin-Charles-Dugowson-1152x1536.jpg 1152w, https:\/\/ame43.org\/wp-content\/uploads\/2023\/08\/Marcel-Futtermann-peint-de-memoire-par-son-cousin-Charles-Dugowson.jpg 1200w\" sizes=\"(max-width: 768px) 100vw, 768px\" \/><figcaption class=\"wp-block-jetpack-slideshow_caption gallery-caption\">\u05de\u05e8\u05e1\u05dc \u05e4\u05d5\u05d8\u05e8\u05de\u05df, \u05e9\u05e6\u05d5\u05d9\u05e8 \u05de\u05d4\u05d6\u05d9\u05db\u05e8\u05d5\u05df \u05e2\u05dc \u05d9\u05d3\u05d9 \u05d1\u05df \u05d3\u05d5\u05d3\u05d5, \u05e6'\u05d0\u05e8\u05dc\u05e1 \u05d3\u05d5\u05d2\u05d5\u05e1\u05d5\u05df<\/figcaption><\/figure><\/li><\/ul><a class=\"wp-block-jetpack-slideshow_button-prev swiper-button-prev swiper-button-white\" role=\"button\"><\/a><a class=\"wp-block-jetpack-slideshow_button-next swiper-button-next swiper-button-white\" role=\"button\"><\/a><a aria-label=\"Pause Slideshow\" class=\"wp-block-jetpack-slideshow_button-pause\" role=\"button\"><\/a><div class=\"wp-block-jetpack-slideshow_pagination swiper-pagination swiper-pagination-white\"><\/div><\/div><\/div>\n\n<p>\u05dc\u05d0\u05d4, \u05e1\u05d1\u05ea\u05e0\u05d5, \u05d5\u05dc\u05d5\u05e1\u05d9\u05d9\u05df, \u05d0\u05d1\u05d9\u05e0\u05d5, \u05e1\u05d9\u05e4\u05e8\u05d5 \u05dc\u05e0\u05d5 \u05e2\u05dc \u05e9\u05dc\u05d1\u05d9 \u05d4\u05de\u05e1\u05e2 \u05d4\u05d6\u05d4. \u05ea\u05d7\u05d9\u05dc\u05d4 \u05e2\u05d6\u05d1\u05d5 \u05d0\u05ea \u05e4\u05e8\u05d9\u05d6 \u05dc\u05e0\u05d9\u05e1, \u05e9\u05dd \u05d7\u05d9\u05d5 \u05d1\u05e9\u05dc\u05d5\u05d5\u05d4 \u05d9\u05d7\u05e1\u05d9\u05ea \u05e2\u05d3 \u05e9\u05d4\u05d2\u05e8\u05de\u05e0\u05d9\u05dd \u05db\u05d1\u05e9\u05d5 \u05d0\u05ea \u05d4\u05e2\u05d9\u05e8. \u05d4\u05dd \u05d7\u05e6\u05d5 \u05d0\u05ea \u05d4\u05d0\u05dc\u05e4\u05d9\u05dd \u05db\u05d3\u05d9 \u05dc\u05de\u05e6\u05d5\u05d0 \u05de\u05e7\u05dc\u05d8 \u05d1\u05db\u05e4\u05e8 \u05d1\u05e6\u05e4\u05d5\u05df \u05d0\u05d9\u05d8\u05dc\u05d9\u05d4. \u05de\u05e7\u05d5\u05dd \u05de\u05d7\u05d1\u05d5\u05d0\u05dd \u05d4\u05ea\u05d2\u05dc\u05d4 \u05d1\u05d2\u05dc\u05dc \u05d0\u05d9\u05d8\u05dc\u05e7\u05d9\u05dd \u05e6\u05e2\u05d9\u05e8\u05d9\u05dd \u05e9\u05de\u05e8\u05e1\u05dc \u05d0\u05d4\u05d3 \u05d0\u05d5\u05ea\u05dd \u05d5\u05d4\u05dc\u05e9\u05d9\u05e0\u05d5 \u05e2\u05dc\u05d9\u05d4\u05dd \u05dc\u05d2\u05e8\u05de\u05e0\u05d9\u05dd. \u05e2\u05d3 \u05e9\u05e1\u05d1\u05d0 \u05e9\u05dc\u05e0\u05d5 \u05e0\u05e2\u05e6\u05e8, \u05d0\u05d1\u05d0 \u05e9\u05dc\u05e0\u05d5 \u05e0\u05d9\u05e6\u05dc, \u05d1\u05e7\u05d9\u05e6\u05d5\u05e0\u05d9\u05d5\u05ea, \u05db\u05d9 \u05d4\u05d5\u05d0 \u05d4\u05d9\u05d4 \u05e8\u05e7 \u05d1\u05df 14. \u05d0\u05dd \u05d4\u05dd \u05d7\u05e1\u05d5 \u05e2\u05dc \u05e0\u05e9\u05d9\u05dd, \u05d4\u05e8\u05d5\u05e6\u05d7\u05d9\u05dd \u05d4\u05e9\u05ea\u05de\u05e9\u05d5 \u05d1\u05db\u05dc \u05d4\u05d2\u05d1\u05e8\u05d9\u05dd \u05de\u05e2\u05dc \u05d2\u05d9\u05dc 16 \u05dc\u05e0\u05e9\u05e7.<\/p>\n\n<p>\u05d4\u05e1\u05d9\u05e4\u05d5\u05e8 \u05e9\u05dc \u05e1\u05d1\u05ea\u05d0 \u05d5\u05d0\u05d1\u05d0 \u05e9\u05dc\u05e0\u05d5 \u05d4\u05e9\u05d0\u05d9\u05e8 \u05db\u05de\u05d4 \u05d0\u05d6\u05d5\u05e8\u05d9\u05dd \u05d0\u05e4\u05d5\u05e8\u05d9\u05dd. \u05de\u05ea\u05d9 \u05d4\u05dd \u05e2\u05d6\u05d1\u05d5 \u05d0\u05ea \u05e0\u05d9\u05e1 \u05dc\u05e1\u05df \u05de\u05e8\u05d8\u05d9\u05df \u05d5\u05d6\u05d5\u05d1\u05d9? \u05de\u05d3\u05d5\u05e2 \u05de\u05e2\u05d5\u05dc\u05dd \u05dc\u05d0 \u05d4\u05d6\u05db\u05d9\u05e8\u05d5 \u05d0\u05ea \u05e9\u05d4\u05d5\u05ea\u05dd \u05d1\u05db\u05e4\u05e8 \u05d6\u05d4, \u05e9\u05d1\u05d5 \u05e0\u05d4\u05e0\u05d5 \u05d4\u05d9\u05d4\u05d5\u05d3\u05d9\u05dd \u05de\u05db\u05de\u05d4 \u05d7\u05d5\u05d3\u05e9\u05d9\u05dd \u05e9\u05dc \u05e9\u05dc\u05d5\u05d5\u05d4, \u05d5\u05e9\u05d1\u05d5 \u05e0\u05d4\u05e0\u05d5 \u05db\u05dc \u05db\u05da \u05d9\u05dc\u05d3\u05d9\u05dd \u05d5\u05d1\u05e0\u05d9 \u05e0\u05d5\u05e2\u05e8 \u05d1\u05d2\u05d9\u05dc \u05d0\u05d1\u05d9\u05e0\u05d5? \u05d0\u05d6 \u05dc\u05d0\u05df \u05d4\u05dd \u05e0\u05e2\u05dc\u05de\u05d5 \u05db\u05e9\u05d7\u05e6\u05d5 \u05d0\u05ea \u05d4\u05d0\u05dc\u05e4\u05d9\u05dd?<\/p>\n\n<p>\u05dc\u05d0\u05d7\u05e8 \u05de\u05d5\u05ea\u05d4 \u05e9\u05dc \u05e1\u05d1\u05ea\u05e0\u05d5, \u05d1\u05e9\u05e0\u05ea 1984, \u05de\u05e6\u05d0\u05e0\u05d5 \u05d1\u05de\u05e1\u05de\u05db\u05d9\u05d4 \u05d0\u05ea \u05ea\u05e2\u05d5\u05d3\u05ea \u05d4\u05e4\u05d8\u05d9\u05e8\u05d4 \u05e9\u05dc \u05e1\u05d1\u05e0\u05d5 \u05e9\u05e0\u05e2\u05e8\u05db\u05d4 \u05e2\u05dc \u05d9\u05d3\u05d9 \u05d4\u05e2\u05d9\u05e8\u05d9\u05d9\u05d4 \u05e9\u05dc \u05e7\u05d5\u05e0\u05d0\u05d5 \u05dc\u05d0\u05d7\u05e8 \u05d4\u05d5\u05e6\u05d0\u05ea\u05d5 \u05dc\u05d4\u05d5\u05e8\u05d2. \u05de\u05e7\u05d5\u05dd \u05de\u05d5\u05e9\u05d1\u05d5 \u05d1\u05e1\u05df \u05de\u05e8\u05d8\u05d9\u05df \u05d5\u05d6\u05d5\u05d1\u05d9 \u05e0\u05db\u05dc\u05dc. \u05d1\u05e9\u05e0\u05ea 2016, \u05d3\u05e0\u05d9\u05d0\u05dc \u05d1\u05d5\u05d3\u05d5 \u05dc\u05e7\u05e1\u05d9\u05df, \u05e9\u05e2\u05e9\u05ea\u05d4 \u05e2\u05d1\u05d5\u05d3\u05d4 \u05db\u05d4 \u05d7\u05e9\u05d5\u05d1\u05d4 \u05e2\u05dc \u05d7\u05e1\u05d9\u05d3\u05d9 \u05d0\u05d5\u05de\u05d5\u05ea \u05d4\u05e2\u05d5\u05dc\u05dd \u05e1\u05df \u05de\u05e8\u05d8\u05d9\u05df \u05d5\u05d6\u05d5\u05d1\u05d9, \u05e9\u05dc\u05d7\u05d4 \u05dc\u05e0\u05d5 \u05d0\u05ea \u05e8\u05e9\u05d9\u05de\u05ea \u05d4\u05dc\u05e7\u05d5\u05d7\u05d5\u05ea \u05e9\u05dc \u05d1\u05e2\u05dc \u05d4\u05de\u05db\u05d5\u05dc\u05ea \u05e9\u05dc \u05d4\u05db\u05e4\u05e8 \u05e9\u05e2\u05dc\u05d9\u05d4 \u05de\u05d5\u05e4\u05d9\u05e2\u05d9\u05dd \u05e9\u05de\u05d5\u05ea\u05d9\u05d4\u05dd \u05e9\u05dc \u05d1\u05e8\u05e0\u05e8\u05d3, \u05e1\u05d5\u05e0\u05d9\u05d4 \u05d5\u05de\u05e8\u05e1\u05dc \u05e4\u05d5\u05d8\u05e8\u05de\u05df.<\/p>\n\n<p>\u05de\u05e9\u05e4\u05d7\u05ea\u05e0\u05d5 \u05d4\u05ea\u05d2\u05d5\u05e8\u05e8\u05d4 \u05d0\u05e4\u05d5\u05d0 \u05d1\u05e1\u05df \u05de\u05e8\u05d8\u05d9\u05df \u05d5\u05d6\u05d5\u05d1\u05d9. \u05d4\u05d9\u05d0 \u05d4\u05dc\u05db\u05d4 \u05d1\u05d0\u05d5\u05ea\u05d5 \u05de\u05e1\u05dc\u05d5\u05dc \u05db\u05de\u05d5 \u05d6\u05d4 \u05e9\u05dc \u05de\u05d0\u05d5\u05ea \u05d4\u05d9\u05d4\u05d5\u05d3\u05d9\u05dd \u05e9\u05e0\u05de\u05dc\u05d8\u05d5 \u05de\u05e1\u05df \u05de\u05e8\u05d8\u05d9\u05df \u05d1-9 \u05d1\u05e1\u05e4\u05d8\u05de\u05d1\u05e8 1943, \u05db\u05e9\u05d4\u05e6\u05d1\u05d0 \u05d4\u05d0\u05d9\u05d8\u05dc\u05e7\u05d9 \u05e0\u05e1\u05d5\u05d2 \u05dc\u05e4\u05e0\u05d9 \u05d4\u05d2\u05e8\u05de\u05e0\u05d9\u05dd.<\/p>\n\n<p>\u05d1\u05e1\u05e4\u05d8\u05de\u05d1\u05e8 2019, \u05d0\u05d7\u05d9\u05d9 \u05d5\u05d0\u05d7\u05d9\u05d5\u05ea\u05d9\u05d9 \u05d5\u05d0\u05e0\u05d9 \u05e0\u05e1\u05e2\u05e0\u05d5 \u05dc\u05e1\u05df \u05de\u05e8\u05d8\u05d9\u05df \u05d5\u05d6\u05d5\u05d1\u05d9, \u05e9\u05dd \u05e4\u05d2\u05e9\u05e0\u05d5 \u05d0\u05ea \u05d3\u05d5\u05d3 \u05d1\u05e8\u05e0\u05d4\u05d9\u05d9\u05dd. \u05d1\u05e6\u05d3 \u05d4\u05e9\u05e0\u05d9 \u05e9\u05dc \u05d4\u05d0\u05dc\u05e4\u05d9\u05dd \u05d4\u05d5\u05d1\u05d9\u05dc\u05d5 \u05d0\u05d5\u05ea\u05e0\u05d5 \u05d7\u05d1\u05e8\u05d9\u05e0\u05d5 \u05d4\u05d0\u05d9\u05d8\u05dc\u05e7\u05d9\u05dd \u05d1\u05e2\u05e7\u05d1\u05d5\u05ea \u05de\u05e9\u05e4\u05d7\u05ea\u05e0\u05d5: \u05d4\u05de\u05e2\u05d1\u05e8 \u05e9\u05d3\u05e8\u05db\u05d5 \u05e2\u05d1\u05e8\u05d5 \u05d1\u05e6\u05d3 \u05d4\u05d0\u05d9\u05d8\u05dc\u05e7\u05d9 \u05d5\u05d4\u05ea\u05e7\u05d1\u05dc\u05d5 \u05d1\u05d1\u05e8\u05db\u05d4 \u05e2\u05dc \u05d9\u05d3\u05d9 \u05d4\u05e4\u05e8\u05d8\u05d9\u05d6\u05e0\u05d9\u05dd \u05d4\u05d0\u05d9\u05d8\u05dc\u05e7\u05d9\u05dd; \u05d4\u05db\u05e4\u05e8 \u05e7\u05d5\u05e8\u05e0\u05dc\u05d8\u05d5 \u05e9\u05d1\u05d5 \u05d4\u05e1\u05ea\u05ea\u05e8\u05d5; \u05d4\u05d9\u05d9\u05e9\u05d5\u05d1 \u05d3\u05de\u05d5\u05e0\u05d8\u05d4 \u05e9\u05d1\u05d5 \u05d4\u05d5\u05e7\u05e2 \u05de\u05e8\u05e1\u05dc; \u05db\u05dc\u05d0 \u05e7\u05d5\u05e0\u05d0\u05d5 \u05e9\u05d1\u05d5 \u05e0\u05db\u05dc\u05d0\u05d5 \u05de\u05e8\u05e1\u05dc, \u05d0\u05d1\u05d9\u05d5 \u05d5\u05e1\u05d1\u05e0\u05d5 \u05dc\u05d0\u05d7\u05e8 \u05de\u05e2\u05e6\u05e8\u05dd \u05d1-12 \u05d1\u05d0\u05e4\u05e8\u05d9\u05dc 1945. \u05dc\u05d1\u05e1\u05d5\u05e3, \u05d5\u05d9\u05d0\u05d3\u05d5\u05e7\u05d8 \u05d5\u05d0\u05dc\u05d3\u05d9\u05d9\u05e8\u05d9 \u05e9\u05d1\u05d5 \u05e0\u05e8\u05e6\u05d7\u05d5 \u05e2\u05dd \u05e9\u05dc\u05d5\u05e9\u05d4 \u05d9\u05d4\u05d5\u05d3\u05d9\u05dd \u05e0\u05d5\u05e1\u05e4\u05d9\u05dd &#8211; \u05d4\u05d5\u05d2\u05d5 \u05e7\u05d5\u05e8\u05d1\u05dc, \u05d6\u05d9\u05d2\u05e4\u05e8\u05d9\u05d3 \u05e9\u05d5\u05d5\u05e8\u05e5 \u05d5\u05d6'\u05d5\u05e8\u05d6' \u05d9\u05d5\u05d6\u05e3 &#8211; \u05d5\u05e9\u05e0\u05d9 \u05e4\u05e8\u05d8\u05d9\u05d6\u05e0\u05d9\u05dd \u05d0\u05d9\u05d8\u05dc\u05e7\u05d9\u05dd.<\/p>\n\n<p>\u05de\u05e1\u05e2\u05e0\u05d5 \u05d4\u05e1\u05ea\u05d9\u05d9\u05dd \u05d1\u05d4\u05e6\u05d1\u05ea \u05d4\u05dc\u05d5\u05d7 \u05d4\u05e0\u05d5\u05e9\u05d0 \u05d0\u05ea \u05e9\u05de\u05dd \u05d1\u05e7\u05d5\u05e0\u05d0\u05d5 \u05d1-19 \u05d1\u05e1\u05e4\u05d8\u05de\u05d1\u05e8 2019, \u05d1\u05de\u05d4\u05dc\u05da \u05d8\u05e7\u05e1 \u05d1\u05d4\u05e9\u05ea\u05ea\u05e4\u05d5\u05ea \u05d4\u05e8\u05e9\u05d5\u05d9\u05d5\u05ea \u05d4\u05d0\u05d6\u05e8\u05d7\u05d9\u05d5\u05ea \u05d5\u05d4\u05e6\u05d1\u05d0\u05d9\u05d5\u05ea \u05d1\u05e2\u05d9\u05e8. \u05d1\u05d9\u05df \u05d4\u05d3\u05d5\u05d1\u05e8\u05d9\u05dd \u05d4\u05d9\u05d4 \u05e4\u05e8\u05e0\u05e6'\u05e1\u05e7\u05d5 \u05e8\u05d1\u05dc\u05d9 \u05d3\u05d9 \u05e4\u05d1\u05e8\u05e0\u05d9\u05d5, \u05e1\u05d2\u05df \u05e0\u05e9\u05d9\u05d0 \u05dc\u05e9\u05e2\u05d1\u05e8 \u05e9\u05dc \u05de\u05d7\u05d5\u05d6 \u05e7\u05d5\u05e0\u05d0\u05d5.<\/p>\n\n<p>\u05d1\u05d6\u05db\u05d5\u05ea \u05dc\u05d0\u05d4, \u05e1\u05d1\u05ea\u05e0\u05d5, \u05d5\u05dc\u05d5\u05e1\u05d9\u05d9\u05df, \u05d0\u05d1\u05d9\u05e0\u05d5, \u05e9\u05e0\u05e4\u05d8\u05e8, \u05d4\u05d5\u05d3\u05d5\u05ea \u05dc\u05d2'\u05d5\u05dc\u05d9, \u05d0\u05de\u05e0\u05d5, \u05d6\u05db\u05e8\u05d5 \u05e9\u05dc \u05e1\u05d1\u05d0 \u05e9\u05dc\u05e0\u05d5 \u05d9\u05d9\u05e9\u05d0\u05e8 \u05d7\u05e7\u05d5\u05e7 \u05d1\u05dc\u05d9\u05d1\u05e0\u05d5 \u05dc\u05e0\u05e6\u05d7.<\/p>\n\n<p>\u05d0\u05e0\u05d7\u05e0\u05d5, \u05d7\u05de\u05e9\u05ea \u05d4\u05d0\u05d7\u05d9\u05dd \u05d5\u05d4\u05d0\u05d7\u05d9\u05d5\u05ea, \u05d7\u05d9\u05d9\u05dd \u05d4\u05d9\u05d5\u05dd \u05d1\u05d9\u05e9\u05e8\u05d0\u05dc, \u05e2\u05dd \u05d0\u05de\u05d0 \u05e9\u05dc\u05e0\u05d5. \u05d0\u05e0\u05d7\u05e0\u05d5 \u05de\u05e9\u05ea\u05ea\u05e4\u05d9\u05dd \u05d1\u05d7\u05d9\u05d9 \u05d4\u05de\u05d3\u05d9\u05e0\u05d4 \u05d4\u05d9\u05d4\u05d5\u05d3\u05d9\u05ea \u05e9\u05e1\u05d1\u05d0 \u05e9\u05dc\u05d4, \u05d7\u05de\u05e9\u05ea \u05d4\u05d9\u05d4\u05d5\u05d3\u05d9\u05dd \u05e9\u05de\u05ea\u05d5 \u05d0\u05d9\u05ea\u05d5 \u05d5\u05de\u05d9\u05dc\u05d9\u05d5\u05e0\u05d9 \u05d4\u05d9\u05d4\u05d5\u05d3\u05d9\u05dd \u05e9\u05d4\u05d5\u05e9\u05de\u05d3\u05d5 \u05e2\u05dc \u05d9\u05d3\u05d9 \u05d4\u05e0\u05d0\u05e6\u05d9\u05dd \u05dc\u05d0 \u05d6\u05db\u05d5 \u05dc\u05e8\u05d0\u05d5\u05ea \u05d0\u05d5\u05e8 \u05d9\u05d5\u05dd.<\/p>\n\n<p>\u05dc\u05d4\u05d5\u05e8\u05d9\u05e0\u05d5 \u05e0\u05d5\u05dc\u05d3\u05d5 5 \u05d9\u05dc\u05d3\u05d9\u05dd: \u05d3\u05e0\u05d9\u05d0\u05dc \u05de\u05e9\u05d4 \u05d4\u05e8\u05e5 \u05d4\u05e0\u05d5\u05e9\u05d0 \u05d0\u05ea \u05e9\u05de\u05dd \u05d4\u05e2\u05d1\u05e8\u05d9 \u05e9\u05dc \u05e1\u05d1\u05d0 \u05e9\u05dc\u05e0\u05d5, \u05de\u05d9\u05d5\u05e8\u05d9\u05d0\u05dc, \u05dc\u05d9\u05dc\u05d9\u05d0\u05df, \u05d0\u05dc\u05df \u05d5\u05d0\u05e0\u05d9.<\/p>\n\n<p>\u05dc\u05d6\u05d5\u05d2 17 \u05e0\u05db\u05d3\u05d9\u05dd \u05d5-15 \u05e0\u05d9\u05e0\u05d9\u05dd. \u05e0\u05e2\u05d1\u05d9\u05e8 \u05dc\u05d4\u05dd \u05d0\u05ea \u05d6\u05db\u05e8\u05d5 \u05e9\u05dc \u05e1\u05d1\u05d0 \u05e9\u05dc\u05e0\u05d5, \u05d5\u05d4\u05dd \u05d1\u05ea\u05d5\u05e8\u05dd \u05d9\u05e2\u05d1\u05d9\u05e8\u05d5 \u05dc\u05d3\u05d5\u05e8\u05d5\u05ea \u05d4\u05d1\u05d0\u05d9\u05dd, \u05db\u05d3\u05d9 \u05e9\u05dc\u05d0 \u05d9\u05d9\u05e9\u05db\u05d7 \u05dc\u05e2\u05d5\u05dc\u05dd.<\/p>\n\n<p>\u05dc\u05d6\u05db\u05e8 \u05e1\u05d1\u05e0\u05d5 \u05de\u05e9\u05d4 \u05d4\u05e8\u05e5 \u05d0\u05e4\u05dc\u05d1\u05d0\u05d5\u05dd<br\/>\u05d1\u05e8\u05e0\u05e8\u05d3 \u05d5\u05de\u05e8\u05e1\u05dc \u05e4\u05d5\u05d8\u05e8\u05de\u05df<br\/>\u05d6'\u05d5\u05e8\u05d6' \u05d9\u05d5\u05d6\u05e3, \u05d4\u05d5\u05d2\u05d5 \u05e7\u05d5\u05e8\u05d1\u05dc, \u05d6\u05d9\u05d2\u05e4\u05e8\u05d9\u05d3 \u05e9\u05d5\u05d5\u05e8\u05e5<br\/>\u05ea\u05d4\u05d0 \u05e0\u05e9\u05de\u05ea\u05dd \u05e6\u05e8\u05d5\u05e8\u05d4 \u05d1\u05e6\u05e8\u05d5\u05e8 \u05d4\u05d7\u05d9\u05d9\u05dd.<\/p>\n\n<p class=\"has-text-align-right\"><em>\u05d9\u05d5\u05d0\u05dc \u05d4\u05e0\u05d6\u05dc<\/em><\/p>\n\n<div class=\"wp-block-jetpack-slideshow aligncenter\" data-effect=\"slide\"><div class=\"wp-block-jetpack-slideshow_container swiper-container\"><ul class=\"wp-block-jetpack-slideshow_swiper-wrapper swiper-wrapper\"><li class=\"wp-block-jetpack-slideshow_slide swiper-slide\"><figure><img loading=\"lazy\" decoding=\"async\" width=\"687\" height=\"1024\" alt=\"\" class=\"wp-block-jetpack-slideshow_image wp-image-2355\" data-id=\"2355\" src=\"https:\/\/ame43.org\/wp-content\/uploads\/2023\/08\/La-famille-Epelbaum-1936-687x1024.jpg\" srcset=\"https:\/\/ame43.org\/wp-content\/uploads\/2023\/08\/La-famille-Epelbaum-1936-687x1024.jpg 687w, https:\/\/ame43.org\/wp-content\/uploads\/2023\/08\/La-famille-Epelbaum-1936-201x300.jpg 201w, https:\/\/ame43.org\/wp-content\/uploads\/2023\/08\/La-famille-Epelbaum-1936-768x1145.jpg 768w, https:\/\/ame43.org\/wp-content\/uploads\/2023\/08\/La-famille-Epelbaum-1936-1030x1536.jpg 1030w, https:\/\/ame43.org\/wp-content\/uploads\/2023\/08\/La-famille-Epelbaum-1936.jpg 1073w\" sizes=\"(max-width: 687px) 100vw, 687px\" \/><figcaption class=\"wp-block-jetpack-slideshow_caption gallery-caption\">\u05de\u05e9\u05e4\u05d7\u05ea \u05d0\u05e4\u05dc\u05d1\u05d0\u05d5\u05dd, 1936<\/figcaption><\/figure><\/li><li class=\"wp-block-jetpack-slideshow_slide swiper-slide\"><figure><img loading=\"lazy\" decoding=\"async\" width=\"1024\" height=\"722\" alt=\"\" class=\"wp-block-jetpack-slideshow_image wp-image-2359\" data-id=\"2359\" src=\"https:\/\/ame43.org\/wp-content\/uploads\/2023\/08\/La-famille-Epelbaum-Trouville-1939-1024x722.jpg\" srcset=\"https:\/\/ame43.org\/wp-content\/uploads\/2023\/08\/La-famille-Epelbaum-Trouville-1939-1024x722.jpg 1024w, https:\/\/ame43.org\/wp-content\/uploads\/2023\/08\/La-famille-Epelbaum-Trouville-1939-300x212.jpg 300w, https:\/\/ame43.org\/wp-content\/uploads\/2023\/08\/La-famille-Epelbaum-Trouville-1939-768x541.jpg 768w, https:\/\/ame43.org\/wp-content\/uploads\/2023\/08\/La-famille-Epelbaum-Trouville-1939-1536x1083.jpg 1536w, https:\/\/ame43.org\/wp-content\/uploads\/2023\/08\/La-famille-Epelbaum-Trouville-1939.jpg 1600w\" sizes=\"(max-width: 1024px) 100vw, 1024px\" \/><figcaption class=\"wp-block-jetpack-slideshow_caption gallery-caption\">\u05de\u05e9\u05e4\u05d7\u05ea \u05d0\u05e4\u05dc\u05d1\u05d0\u05d5\u05dd, 1939<\/figcaption><\/figure><\/li><li class=\"wp-block-jetpack-slideshow_slide swiper-slide\"><figure><img loading=\"lazy\" decoding=\"async\" width=\"1024\" height=\"746\" alt=\"\" class=\"wp-block-jetpack-slideshow_image wp-image-2362\" data-id=\"2362\" src=\"https:\/\/ame43.org\/wp-content\/uploads\/2023\/08\/Hermann-Armand-Lea-et-Lucien-Epelbaum-1024x746.jpg\" srcset=\"https:\/\/ame43.org\/wp-content\/uploads\/2023\/08\/Hermann-Armand-Lea-et-Lucien-Epelbaum-1024x746.jpg 1024w, https:\/\/ame43.org\/wp-content\/uploads\/2023\/08\/Hermann-Armand-Lea-et-Lucien-Epelbaum-300x219.jpg 300w, https:\/\/ame43.org\/wp-content\/uploads\/2023\/08\/Hermann-Armand-Lea-et-Lucien-Epelbaum-768x560.jpg 768w, https:\/\/ame43.org\/wp-content\/uploads\/2023\/08\/Hermann-Armand-Lea-et-Lucien-Epelbaum-1536x1119.jpg 1536w, https:\/\/ame43.org\/wp-content\/uploads\/2023\/08\/Hermann-Armand-Lea-et-Lucien-Epelbaum.jpg 1600w\" sizes=\"(max-width: 1024px) 100vw, 1024px\" \/><figcaption class=\"wp-block-jetpack-slideshow_caption gallery-caption\">\u05d4\u05e8\u05de\u05df-\u05d0\u05e8\u05de\u05e0\u05d3, \u05dc\u05d0\u05d4 \u05d5\u05dc\u05d5\u05e1\u05d9\u05d9\u05df \u05d0\u05e4\u05dc\u05d1\u05d0\u05d5\u05dd<\/figcaption><\/figure><\/li><\/ul><a class=\"wp-block-jetpack-slideshow_button-prev swiper-button-prev swiper-button-white\" role=\"button\"><\/a><a class=\"wp-block-jetpack-slideshow_button-next swiper-button-next swiper-button-white\" role=\"button\"><\/a><a aria-label=\"Pause Slideshow\" class=\"wp-block-jetpack-slideshow_button-pause\" role=\"button\"><\/a><div class=\"wp-block-jetpack-slideshow_pagination swiper-pagination swiper-pagination-white\"><\/div><\/div><\/div>\n","protected":false},"excerpt":{"rendered":"<p>\u05d4\u05d2\u05e8\u05e1\u05d4 \u05d4\u05de\u05dc\u05d0\u05d4 \u05e9\u05dc \u05d8\u05e7\u05e1\u05d8 \u05d6\u05d4 \u05de\u05d0\u05ea Jo\u00eblle Hansel est parue en fran\u00e7ais sous le titre \u00ab Una targa per ricordare otto vittime del nazifascismo \u00bb (\u00ab Une plaque pour comm\u00e9morer &#8230; <a title=\"\u05ea\u05d5\u05dc\u05d3\u05d5\u05ea \u05de\u05e9\u05e4\u05d7\u05ea \u05d0\u05e4\u05dc\u05d1\u05d0\u05d5\u05dd\" class=\"read-more\" href=\"https:\/\/ame43.org\/he\/%d7%94%d7%94%d7%99%d7%a1%d7%98%d7%95%d7%a8%d7%99%d7%94-%d7%a9%d7%9c-%d7%9e%d7%a9%d7%a4%d7%97%d7%aa-%d7%90%d7%a4%d7%9c%d7%91%d7%90%d7%95%d7%9d\/\" aria-label=\"Read more about \u05ea\u05d5\u05dc\u05d3\u05d5\u05ea \u05de\u05e9\u05e4\u05d7\u05ea \u05d0\u05e4\u05dc\u05d1\u05d0\u05d5\u05dd\">\u05e7\u05e8\u05d0 \u05e2\u05d5\u05d3<\/a><\/p>\n","protected":false},"author":1,"featured_media":0,"parent":0,"menu_order":0,"comment_status":"closed","ping_status":"closed","template":"","meta":{"_acf_changed":false,"footnotes":""},"class_list":{"0":"post-2421","1":"page","2":"type-page","3":"status-publish","5":"no-featured-image-padding"},"acf":[],"jetpack_sharing_enabled":true,"_links":{"self":[{"href":"https:\/\/ame43.org\/he\/wp-json\/wp\/v2\/pages\/2421","targetHints":{"allow":["GET"]}}],"collection":[{"href":"https:\/\/ame43.org\/he\/wp-json\/wp\/v2\/pages"}],"about":[{"href":"https:\/\/ame43.org\/he\/wp-json\/wp\/v2\/types\/page"}],"author":[{"embeddable":true,"href":"https:\/\/ame43.org\/he\/wp-json\/wp\/v2\/users\/1"}],"replies":[{"embeddable":true,"href":"https:\/\/ame43.org\/he\/wp-json\/wp\/v2\/comments?post=2421"}],"version-history":[{"count":7,"href":"https:\/\/ame43.org\/he\/wp-json\/wp\/v2\/pages\/2421\/revisions"}],"predecessor-version":[{"id":2479,"href":"https:\/\/ame43.org\/he\/wp-json\/wp\/v2\/pages\/2421\/revisions\/2479"}],"wp:attachment":[{"href":"https:\/\/ame43.org\/he\/wp-json\/wp\/v2\/media?parent=2421"}],"curies":[{"name":"wp","href":"https:\/\/api.w.org\/{rel}","templated":true}]}}