{"id":3553,"date":"2024-02-25T15:04:36","date_gmt":"2024-02-25T15:04:36","guid":{"rendered":"https:\/\/ame43.org\/%d7%94%d7%a6%d7%98%d7%a8%d7%a4%d7%95%d7%aa-%d7%9c-ame-43\/"},"modified":"2025-05-20T17:27:39","modified_gmt":"2025-05-20T17:27:39","slug":"%d7%94%d7%a6%d7%98%d7%a8%d7%a4%d7%95%d7%aa-%d7%9c-ame-43","status":"publish","type":"page","link":"https:\/\/ame43.org\/he\/%d7%94%d7%a6%d7%98%d7%a8%d7%a4%d7%95%d7%aa-%d7%9c-ame-43\/","title":{"rendered":"\u05d4\u05e6\u05d8\u05e8\u05e4\u05d5\u05ea \u05dc- AME 43"},"content":{"rendered":"\n<h2 class=\"gb-headline gb-headline-5ff92a97 gb-headline-text\">\u05d0\u05e4\u05e9\u05e8\u05d5\u05d9\u05d5\u05ea \u05d7\u05d1\u05e8\u05d5\u05ea<\/h2>\n\n<ul class=\"wp-block-list\">\n<li>5 \u05d0\u05d9\u05e8\u05d5 \u05dc\u05d0\u05e0\u05e9\u05d9\u05dd \u05d1\u05e0\u05d9 35 \u05d5\u05de\u05d8\u05d4 (&quot;\u05d4\u05d3\u05d5\u05e8 \u05d7\u05d3\u05e9&quot;) <\/li>\n\n\n\n<li>10 \u05d9\u05d5\u05e8\u05d5 \u05dc\u05d1\u05e0\u05d9 36 \u05d5\u05de\u05e2\u05dc\u05d4<\/li>\n<\/ul>\n\n<p>\u05d4\u05d7\u05d1\u05e8\u05d5\u05ea \u05d4\u05d9\u05d0 \u05dc\u05e9\u05e0\u05ea \u05d4\u05e7\u05dc\u05e0\u05d3\u05e8\u05d9\u05ea 2025.<\/p>\n\n<h2 class=\"gb-headline gb-headline-dc07fb5f gb-headline-text\">\u05db\u05d9\u05e6\u05d3 \u05dc\u05d4\u05e6\u05d8\u05e8\u05e3 \u05dc-AME 43<\/h2>\n\n<p>\u05de\u05db\u05d9\u05d5\u05d5\u05df \u05e9\u05d4\u05d0\u05ea\u05e8 \u05dc\u05d4\u05e6\u05d8\u05e8\u05e4\u05d5\u05ea \u05d4\u05d5\u05d0 \u05db\u05e8\u05d2\u05e2 \u05e8\u05e7 \u05d1\u05e6\u05e8\u05e4\u05ea\u05d9\u05ea, \u05d0\u05dd \u05d0\u05d9\u05e0\u05da \u05de\u05d1\u05d9\u05df \u05e6\u05e8\u05e4\u05ea\u05d9\u05ea, \u05e2\u05e7\u05d5\u05d1 \u05d0\u05d7\u05e8 \u05d4\u05d4\u05e2\u05e8\u05d5\u05ea \u05e9\u05dc\u05d4\u05dc\u05df \u05d1\u05d0\u05e0\u05d2\u05dc\u05d9\u05ea \u05d4\u05de\u05e8\u05d0\u05d5\u05ea \u05db\u05d9\u05e6\u05d3 \u05dc\u05d4\u05e6\u05d8\u05e8\u05e3 \u05dc\u05e2\u05de\u05d5\u05ea\u05ea AME 43.  <em>(\u05e7\u05e8\u05d0\u05d5 \u05d0\u05ea \u05db\u05dc \u05d4\u05d4\u05ea\u05d9\u05d9\u05d7\u05e1\u05d5\u05d9\u05d5\u05ea \u05dc\u05e9\u05e0\u05ea 2023 \u05db\u05de\u05d5 \u05d2\u05dd \u05d0\u05ea \u05d4\u05d4\u05ea\u05d9\u05d9\u05d7\u05e1\u05d5\u05d9\u05d5\u05ea \u05dc\u05e9\u05e0\u05ea 2025).<\/em><\/p>\n\n<p><em>\u05d0\u05dd \u05d4\u05e0\u05da \u05de\u05d1\u05d9\u05df \u05e6\u05e8\u05e4\u05ea\u05d9\u05ea \u05dc\u05d0 \u05ea\u05d6\u05d3\u05e7\u05e7 \u05dc\u05d4\u05e2\u05e8\u05d5\u05ea \u05d0\u05dc\u05d4<\/em> .<\/p>\n\n<p>\u05d0\u05dd \u05d0\u05d9\u05e0\u05da \u05d9\u05db\u05d5\u05dc \u05dc\u05d4\u05e6\u05d8\u05e8\u05e3 \u05d0\u05d5 \u05dc\u05e9\u05dc\u05dd \u05d1\u05d0\u05d9\u05e0\u05d8\u05e8\u05e0\u05d8, \u05d0\u05e0\u05d0 \u05e9\u05dc\u05d7 \u05d3\u05d5\u05d0&quot;\u05dc \u05dc- <a href=\"mailto:mail@ame43.org\" target=\"_blank\" data-type=\"mailto\" data-id=\"mailto:mail@ame43-wpml.mystagingwebsite.com\" rel=\"noreferrer noopener\">mail@ame43.org<\/a> .<\/p>\n\n<h3 class=\"gb-headline gb-headline-8b164dc5 gb-headline-text\"><strong>\u05d0\u05ea\u05e8 \u05d0\u05ea \u05d3\u05e3 \u05d4\u05d7\u05d1\u05e8\u05d5\u05ea  <\/strong><\/h3>\n\n<p>\u05d1\u05d3\u05e4\u05d3\u05e4\u05df \u05d4\u05d0\u05d9\u05e0\u05d8\u05e8\u05e0\u05d8 \u05e9\u05dc\u05da \u05e2\u05d1\u05d5\u05e8 \u05d0\u05dc <a href=\"https:\/\/www.helloasso.com\/associations\/ame-43-association-pour-la-memoire-de-l-ete-1943\/adhesions\/join2025\" target=\"_blank\" rel=\"noreferrer noopener\">https:\/\/www.helloasso.com\/associations\/ame-43-association-pour-la-memoire-de-l-ete-1943\/adhesions\/join2025<\/a> , \u05e9\u05d9\u05d9\u05e4\u05ea\u05d7 \u05d1\u05d3\u05e3 \u05d7\u05d3\u05e9.<\/p>\n\n<h3 class=\"gb-headline gb-headline-6ed6026d gb-headline-text\"><strong>\u05e2\u05de\u05d5\u05d3 1<\/strong><\/h3>\n\n<p>\u05d4\u05e2\u05de\u05d5\u05d3 \u05d4\u05e8\u05d0\u05e9\u05d5\u05df \u05e9\u05dc \u05ea\u05d4\u05dc\u05d9\u05da \u05d4\u05d4\u05e6\u05d8\u05e8\u05e4\u05d5\u05ea \u05d9\u05d5\u05e6\u05d2:<br\/><img loading=\"lazy\" decoding=\"async\" src=\"https:\/\/lh7-us.googleusercontent.com\/nr-FyqS-mkpVJbDdX6k8PKD1Y3_Ewyj_Gi9NlE4ZdaQYmje9rkSiBf_tnn7i6_wB9ZmGNpzHwSOBHTezwPwkCbcd5iyxYxkBk4p1jRTAawh-ffMGPCYuXn-zcsf3qg0Sn38qW_8Rn2ldjVghd-MvBg\" width=\"643\" height=\"667\"\/><\/p>\n\n<ul class=\"wp-block-list\">\n<li>\u05d4\u05d9\u05db\u05df \u05e9\u05de\u05e1\u05d5\u05de\u05df 1 \u05d1\u05d0\u05d3\u05d5\u05dd \u05dc\u05de\u05e2\u05dc\u05d4, \u05d4\u05d6\u05df \u05d0\u05ea \u05de\u05e1\u05e4\u05e8 \u05d4\u05d0\u05e0\u05e9\u05d9\u05dd \u05e9\u05d1\u05e8\u05e6\u05d5\u05e0\u05da \u05dc\u05d4\u05d9\u05e8\u05e9\u05dd \u05db\u05d7\u05d1\u05e8\u05d9\u05dd \u05e8\u05d2\u05d9\u05dc\u05d9\u05dd, \u05db\u05dc\u05d5\u05de\u05e8 \u05d1\u05e0\u05d9 36 \u05d5\u05de\u05e2\u05dc\u05d4.<\/li>\n\n\n\n<li>\u05d4\u05d9\u05db\u05df \u05e9\u05de\u05e1\u05d5\u05de\u05df 2 \u05d1\u05d0\u05d3\u05d5\u05dd \u05dc\u05de\u05e2\u05dc\u05d4, \u05d4\u05d6\u05df \u05d0\u05ea \u05de\u05e1\u05e4\u05e8 \u05d4\u05d0\u05e0\u05e9\u05d9\u05dd \u05e9\u05d1\u05e8\u05e6\u05d5\u05e0\u05da \u05dc\u05d4\u05d9\u05e8\u05e9\u05dd \u05db\u05d7\u05d1\u05e8\u05d9 \u05d3\u05d5\u05e8 \u05d7\u05d3\u05e9, \u05db\u05dc\u05d5\u05de\u05e8 \u05d1\u05e0\u05d9 35 \u05d5\u05de\u05d8\u05d4.<\/li>\n\n\n\n<li>\u05d0\u05dd \u05d1\u05e8\u05e6\u05d5\u05e0\u05db\u05dd \u05dc\u05ea\u05e8\u05d5\u05dd, \u05d4\u05d6\u05d9\u05e0\u05d5 \u05d0\u05ea \u05d4\u05e1\u05db\u05d5\u05dd \u05d4\u05de\u05e1\u05d5\u05de\u05df 3 \u05d1\u05d0\u05d3\u05d5\u05dd. \u05d0\u05dc\u05d4 \u05de\u05e8\u05e6\u05d5\u05df \u05dc\u05d7\u05dc\u05d5\u05d8\u05d9\u05df.\n<ul class=\"wp-block-list\">\n<li>\u05dc\u05dc\u05d0 \u05ea\u05e8\u05d5\u05de\u05d4, \u05d4\u05e9\u05d0\u05e8 \u05d0\u05ea <em>Pas de don<\/em> \u05e0\u05d1\u05d7\u05e8.<\/li>\n\n\n\n<li>\u05e2\u05d1\u05d5\u05e8 \u20ac5, \u20ac10 \u05d0\u05d5 \u20ac20, \u05dc\u05d7\u05e5 \u05e2\u05dc \u05ea\u05d9\u05d1\u05ea \u05d4\u05e8\u05d3\u05d9\u05d5 \u05de\u05d9\u05de\u05d9\u05df \u05dc\u05e1\u05db\u05d5\u05dd.<\/li>\n\n\n\n<li>\u05dc\u05e1\u05db\u05d5\u05dd \u05d0\u05d7\u05e8, \u05dc\u05d7\u05e5 \u05e2\u05dc \u05ea\u05d9\u05d1\u05ea \u05d4\u05e8\u05d3\u05d9\u05d5 \u05de\u05d9\u05de\u05d9\u05df \u05dc\u05ea\u05d9\u05d1\u05d4 <em>Montant de votre choix<\/em> \u05d5\u05d4\u05d6\u05df \u05d0\u05ea \u05d4\u05e1\u05db\u05d5\u05dd.<\/li>\n<\/ul>\n<\/li>\n\n\n\n<li>\u05d1\u05e1\u05d9\u05d5\u05dd, \u05dc\u05d7\u05e5 \u05e2\u05dc <em>\u00c9tape suivante<\/em> , \u05de\u05e1\u05d5\u05de\u05df 4 \u05dc\u05de\u05e2\u05dc\u05d4.<\/li>\n<\/ul>\n\n<h3 class=\"gb-headline gb-headline-336c6535 gb-headline-text\"><strong>\u05e2\u05de\u05d5\u05d3 2<\/strong><\/h3>\n\n<p>\u05d4\u05e2\u05de\u05d5\u05d3 \u05d4\u05e9\u05e0\u05d9 \u05e9\u05dc \u05ea\u05d4\u05dc\u05d9\u05da \u05d4\u05d4\u05e6\u05d8\u05e8\u05e4\u05d5\u05ea \u05d9\u05d5\u05e6\u05d2, \u05dc\u05e4\u05e8\u05d8\u05d9 \u05d7\u05d1\u05e8:<br\/><img loading=\"lazy\" decoding=\"async\" src=\"https:\/\/lh7-us.googleusercontent.com\/Pew3RIlg5LXlm8gxiTGAcov3A7Tpm8Iu5guj85PwqrKQEIPH54n50BXTu8FFQ6wUUkavdv1CP04kz8UvG9fJv77CkJIserk5DTGYk-8yt5Ww17E-FZyINRfSCQWhky104MdhnrbTCjyFkw5OZNGguw\" width=\"454\" height=\"639\"\/><\/p>\n\n<ul class=\"wp-block-list\">\n<li>\u05d0\u05dd \u05d1\u05d7\u05e8\u05ea \u05d9\u05d5\u05ea\u05e8 \u05de\u05d7\u05d1\u05e8 \u05d0\u05d7\u05d3, \u05d9\u05ea\u05d1\u05e7\u05e9\u05d5 \u05e4\u05e8\u05d8\u05d9\u05dd \u05e2\u05d1\u05d5\u05e8 \u05db\u05dc \u05d0\u05d7\u05d3 \u05de\u05d4\u05dd.<\/li>\n\n\n\n<li>\u05d4\u05d6\u05df \u05d0\u05ea \u05e9\u05de\u05da \u05d4\u05e4\u05e8\u05d8\u05d9 \u05d1\u05ea\u05d5\u05e8 <em>Pr\u00e9nom<\/em> .<\/li>\n\n\n\n<li>\u05d4\u05d6\u05df \u05d0\u05ea \u05e9\u05dd \u05d4\u05de\u05e9\u05e4\u05d7\u05d4 \u05e9\u05dc\u05da \u05d1\u05e9\u05dd <em>Nom<\/em> .<\/li>\n\n\n\n<li>\u05e1\u05de\u05df <em>Recevoir la confirmation d'adh\u00e9sion \u00e0 cette adresse<\/em> .<\/li>\n\n\n\n<li>\u05d4\u05d6\u05df \u05d0\u05ea \u05db\u05ea\u05d5\u05d1\u05ea \u05d4\u05d3\u05d5\u05d0&quot;\u05dc \u05e9\u05dc\u05da.<\/li>\n\n\n\n<li>\u05d4\u05d6\u05df \u05d0\u05ea \u05db\u05ea\u05d5\u05d1\u05ea \u05d4\u05d3\u05d5\u05d0&quot;\u05dc \u05e9\u05dc\u05da \u05e4\u05e2\u05dd \u05e9\u05e0\u05d9\u05d9\u05d4.<\/li>\n\n\n\n<li>\u05d4\u05d6\u05df \u05d0\u05ea \u05d4\u05e2\u05d9\u05e8 \u05e9\u05dc\u05da \u05d1\u05ea\u05d5\u05e8 <em>Ville<\/em> .<\/li>\n\n\n\n<li>\u05d4\u05d6\u05df \u05d0\u05ea \u05d4\u05de\u05d3\u05d9\u05e0\u05d4 \u05e9\u05dc\u05da \u05d1\u05ea\u05d5\u05e8 <em>Pays<\/em> .<\/li>\n\n\n\n<li>\u05d4\u05d6\u05df \u05d0\u05ea \u05de\u05e1\u05e4\u05e8 \u05d4\u05d8\u05dc\u05e4\u05d5\u05df \u05e9\u05dc\u05da \u05db\u05de\u05e1\u05e4\u05e8 <em>\u05d8\u05dc\u05e4\u05d5\u05df<\/em> .<\/li>\n\n\n\n<li>\u05d1\u05e1\u05d9\u05d5\u05dd, \u05dc\u05d7\u05e5 \u05e2\u05dc <em>\u00c9tape suivante<\/em> , \u05d0\u05d5 \u05db\u05d3\u05d9 \u05dc\u05d7\u05d6\u05d5\u05e8 \u05dc\u05d3\u05e3 \u05d4\u05e8\u05d0\u05e9\u05d5\u05df <em>\u00c9tape pr\u00e9c\u00e9dante<\/em> .<\/li>\n<\/ul>\n\n<h3 class=\"gb-headline gb-headline-9f41a572 gb-headline-text\"><strong>\u05e2\u05de\u05d5\u05d3 3<\/strong><\/h3>\n\n<p>\u05d4\u05e2\u05de\u05d5\u05d3 \u05d4\u05e9\u05dc\u05d9\u05e9\u05d9 \u05e9\u05dc \u05ea\u05d4\u05dc\u05d9\u05da \u05d4\u05d4\u05e6\u05d8\u05e8\u05e4\u05d5\u05ea \u05d9\u05d5\u05e6\u05d2, \u05dc\u05e4\u05e8\u05d8\u05d9 \u05d4\u05d4\u05ea\u05e7\u05e9\u05e8\u05d5\u05ea \u05e9\u05dc\u05da:<br\/><img loading=\"lazy\" decoding=\"async\" src=\"https:\/\/lh7-us.googleusercontent.com\/TRKUw69EecC3Wba7uSEnFQyvu41gro0G0COztDBHwaMfkR04pfQptL30xuPbq_pXEey78mztv9hA545Dn-eiHEY8jNDibuiIIacE6oesTIvu8hoMPc_jUICSLWeOFKWTbTUrG4bYWgPjwt-22Z9HrQ\" width=\"643\" height=\"323\"\/><\/p>\n\n<ul class=\"wp-block-list\">\n<li>\u05db\u05d3\u05d9 \u05dc\u05d4\u05e6\u05d8\u05e8\u05e3 \u05db\u05d0\u05e8\u05d2\u05d5\u05df, \u05dc\u05d7\u05e5 \u05e2\u05dc \u05d4\u05de\u05d7\u05d5\u05d5\u05df <em>Payer en tant qu'organisme<\/em> , \u05d5\u05d0\u05d6 \u05d4\u05d6\u05df \u05d0\u05ea \u05d4\u05e9\u05dd.<\/li>\n\n\n\n<li>\u05d4\u05d6\u05df \u05d0\u05ea \u05e9\u05de\u05da \u05d4\u05e4\u05e8\u05d8\u05d9 \u05d1\u05ea\u05d5\u05e8 <em>Pr\u00e9nom<\/em> .<\/li>\n\n\n\n<li>\u05d4\u05d6\u05df \u05d0\u05ea \u05e9\u05dd \u05d4\u05de\u05e9\u05e4\u05d7\u05d4 \u05e9\u05dc\u05da \u05d1\u05e9\u05dd <em>Nom<\/em> .<\/li>\n\n\n\n<li>\u05d4\u05d6\u05df \u05d0\u05ea \u05db\u05ea\u05d5\u05d1\u05ea \u05d4\u05d3\u05d5\u05d0&quot;\u05dc \u05e9\u05dc\u05da.<\/li>\n\n\n\n<li>\u05d1\u05e1\u05d9\u05d5\u05dd, \u05dc\u05d7\u05e5 \u05e2\u05dc <em>\u00c9tape suivante<\/em> , \u05d0\u05d5 \u05db\u05d3\u05d9 \u05dc\u05d7\u05d6\u05d5\u05e8 \u05dc\u05d3\u05e3 \u05d4\u05e7\u05d5\u05d3\u05dd <em>\u00c9tape pr\u00e9c\u00e9dante<\/em> .<\/li>\n<\/ul>\n\n<h3 class=\"gb-headline gb-headline-a60edd58 gb-headline-text\"><strong>\u05e2\u05de\u05d5\u05d3 4<\/strong><\/h3>\n\n<p>\u05d4\u05e2\u05de\u05d5\u05d3 \u05d4\u05e8\u05d1\u05d9\u05e2\u05d9 \u05e9\u05dc \u05ea\u05d4\u05dc\u05d9\u05da \u05d4\u05d4\u05e6\u05d8\u05e8\u05e4\u05d5\u05ea \u05d9\u05d5\u05e6\u05d2, \u05e2\u05dd \u05e1\u05d9\u05db\u05d5\u05dd:<\/p>\n\n<figure class=\"wp-block-image\"><img decoding=\"async\" src=\"https:\/\/lh7-us.googleusercontent.com\/3pw4aptm3bhv5n0W1tsXgjEz2XIh9RuD9teVXcraOlBlUO0OQ2euasmeFNta3hbcItRLyDJH9d0GoZP1dHJhgr1MZIXkcEvjP-flOoncIs2snvHBQ65FND8TUbzyhbCl_5jlfIRTbreqi9ewqQimZA\" alt=\"\"\/><\/figure>\n\n<ul class=\"wp-block-list\">\n<li>\u05ea\u05ea\u05d1\u05e7\u05e9 \u05ea\u05e8\u05d5\u05de\u05d4 \u05dc\u05ea\u05e4\u05e7\u05d5\u05d3 \u05e4\u05dc\u05d8\u05e4\u05d5\u05e8\u05de\u05ea HelloAsso ( <em>Votre bijdrage au fonctionnement de HelloAsso<\/em> ).\n<ul class=\"wp-block-list\">\n<li>\u05d6\u05d4 \u05d5\u05d5\u05dc\u05d5\u05e0\u05d8\u05e8\u05d9 <em>\u05dc\u05d7\u05dc\u05d5\u05d8\u05d9\u05df<\/em> \u05d5\u05e0\u05d9\u05ea\u05df \u05dc\u05e9\u05e0\u05d5\u05ea \u05d0\u05d5\u05ea\u05d5 \u05e2\u05dc \u05d9\u05d3\u05d9 \u05dc\u05d7\u05d9\u05e6\u05d4 \u05e2\u05dc <em>\u05e9\u05d9\u05e0\u05d5\u05d9<\/em> .<\/li>\n\n\n\n<li>\u05dc\u05d0\u05d7\u05e8 \u05de\u05db\u05df, \u05d0\u05dd \u05d0\u05d9\u05e0\u05da \u05e8\u05d5\u05e6\u05d4 \u05dc\u05ea\u05e8\u05d5\u05dd \u05d3\u05d1\u05e8, \u05dc\u05d7\u05e5 \u05e2\u05dc <em>Je ne souhaite pas soutenir HelloAsso<\/em> .<\/li>\n<\/ul>\n<\/li>\n\n\n\n<li>\u05d0\u05dd \u05d0\u05ea\u05d4 \u05ea\u05d5\u05e8\u05dd \u05dc\u05de\u05e2\u05df HelloAsso, \u05e2\u05dc\u05d9\u05da \u05d2\u05dd \u05dc\u05dc\u05d7\u05d5\u05e5 \u05e2\u05dc <em>J'ai compris que HelloAsso est une entreprise sociale et solidaire et confirme vouloir lui adporter un soutien financier en finalisant mon paiement<\/em> \u05db\u05d3\u05d9 \u05dc\u05e7\u05d1\u05dc \u05e9\u05d4\u05dc\u05d5 \u05d0\u05e1\u05d5 \u05d4\u05d5\u05d0 \u05de\u05d9\u05d6\u05dd \u05d7\u05d1\u05e8\u05ea\u05d9<\/li>\n\n\n\n<li>\u05e2\u05dc\u05d9\u05da \u05dc\u05dc\u05d7\u05d5\u05e5 \u05e2\u05dc <em>J'accepte les Conditions G\u00e9n\u00e9rales d'Utilisation du service et j'ai lu la charte de confidentialit\u00e9<\/em> \u05db\u05d3\u05d9 \u05dc\u05e7\u05d1\u05dc \u05d0\u05ea \u05ea\u05e0\u05d0\u05d9 \u05d4\u05e9\u05d9\u05de\u05d5\u05e9 \u05d5\u05de\u05d3\u05d9\u05e0\u05d9\u05d5\u05ea \u05d4\u05e4\u05e8\u05d8\u05d9\u05d5\u05ea.<\/li>\n\n\n\n<li>\u05d1\u05e1\u05d9\u05d5\u05dd, \u05dc\u05d7\u05e5 \u05e2\u05dc <em>\u00c9tape suivante<\/em> , \u05d0\u05d5 \u05db\u05d3\u05d9 \u05dc\u05d7\u05d6\u05d5\u05e8 \u05dc\u05d3\u05e3 \u05d4\u05e7\u05d5\u05d3\u05dd <em>\u00c9tape pr\u00e9c\u00e9dante<\/em> .<\/li>\n<\/ul>\n\n<h3 class=\"gb-headline gb-headline-458f5ac2 gb-headline-text\"><strong>\u05de\u05e1\u05da \u05ea\u05e9\u05dc\u05d5\u05dd<\/strong><\/h3>\n\n<p>\u05dc\u05d0\u05d7\u05e8 \u05de\u05db\u05df \u05de\u05d5\u05e6\u05d2 \u05de\u05e1\u05da \u05d4\u05ea\u05e9\u05dc\u05d5\u05dd:<\/p>\n\n<figure class=\"wp-block-image\"><img decoding=\"async\" src=\"https:\/\/lh7-us.googleusercontent.com\/K8UFO9IeUW_rEnWuDCMwXc2RDoIs7uXfKQn-kgC8p7ZISwk2AbH6RE4TEjP-k-PiAJE_P_RH7Kn5OoFCkgFU82kpsTyGL6cLYvzFTmWRPqZ3i--jOss8p3S7o1T-3l9bRKxKAl52drXxObd4V2uCgg\" alt=\"\"\/><\/figure>\n\n<ul class=\"wp-block-list\">\n<li>\u05dc\u05d7\u05e5 \u05e2\u05dc \u05d1\u05d5\u05e8\u05e8 \u05d4\u05e9\u05e4\u05d4 \u05d1\u05e6\u05d3 \u05d9\u05de\u05d9\u05df \u05dc\u05de\u05e2\u05dc\u05d4 \u05d5\u05d1\u05d7\u05e8 <em>\u05d1\u05d0\u05e0\u05d2\u05dc\u05d9\u05ea<\/em> (\u05d0\u05d5 \u05dc\u05d1\u05d7\u05d9\u05e8\u05ea\u05da).<\/li>\n\n\n\n<li>\u05dc\u05d0\u05d7\u05e8 \u05de\u05db\u05df \u05e2\u05e7\u05d5\u05d1 \u05d0\u05d7\u05e8 \u05d4\u05d4\u05d5\u05e8\u05d0\u05d5\u05ea.\n<ul class=\"wp-block-list\">\n<li><em>\u05d4\u05e6\u05e4\u05e0\u05d4<\/em> \u05d4\u05d9\u05d0 \u05d4\u05e7\u05d5\u05d3 \u05d1\u05df \u05e9\u05dc\u05d5\u05e9 \u05d4\u05e1\u05e4\u05e8\u05d5\u05ea \u05d1\u05d2\u05d1 \u05d4\u05db\u05e8\u05d8\u05d9\u05e1.<\/li>\n\n\n\n<li>\u05d4\u05e9\u05ea\u05de\u05e9 \u05d1\u05dc\u05d7\u05e6\u05e0\u05d9 \u05d4\u05d1\u05d7\u05d9\u05e8\u05d4 \u05db\u05d3\u05d9 \u05dc\u05e6\u05d9\u05d9\u05df \u05d0\u05dd \u05d1\u05e8\u05e6\u05d5\u05e0\u05da \u05dc\u05e9\u05de\u05d5\u05e8 \u05d0\u05ea \u05e4\u05e8\u05d8\u05d9 \u05d4\u05db\u05e8\u05d8\u05d9\u05e1 \u05e9\u05dc\u05da, <em>Enregistrer cette carte<\/em> : <em>Oui<\/em> \u05e2\u05d1\u05d5\u05e8 \u05db\u05df, <em>Non<\/em> \u05e2\u05d1\u05d5\u05e8 \u05dc\u05d0.<\/li>\n<\/ul>\n<\/li>\n<\/ul>\n\n<h2 class=\"gb-headline gb-headline-f9c36eba gb-headline-text\">\u05dc\u05e2\u05d6\u05e8\u05d4<\/h2>\n\n<p>\u05d0\u05dd \u05d9\u05e9 \u05dc\u05da \u05e9\u05d0\u05dc\u05d5\u05ea, \u05d0\u05e0\u05d0 \u05e9\u05dc\u05d7 \u05d3\u05d5\u05d0&quot;\u05dc \u05dc- <a href=\"mailto:mail@ame43.org\" target=\"_blank\" data-type=\"mailto\" data-id=\"mailto:mail@ame43-wpml.mystagingwebsite.com\" rel=\"noreferrer noopener\">mail@ame43.org<\/a> .<\/p>\n","protected":false},"excerpt":{"rendered":"<p>\u05d0\u05e4\u05e9\u05e8\u05d5\u05d9\u05d5\u05ea \u05d7\u05d1\u05e8\u05d5\u05ea \u05d4\u05d7\u05d1\u05e8\u05d5\u05ea \u05d4\u05d9\u05d0 \u05dc\u05e9\u05e0\u05ea \u05d4\u05e7\u05dc\u05e0\u05d3\u05e8\u05d9\u05ea 2025. \u05db\u05d9\u05e6\u05d3 \u05dc\u05d4\u05e6\u05d8\u05e8\u05e3 \u05dc-AME 43 \u05de\u05db\u05d9\u05d5\u05d5\u05df \u05e9\u05d4\u05d0\u05ea\u05e8 \u05dc\u05d4\u05e6\u05d8\u05e8\u05e4\u05d5\u05ea \u05d4\u05d5\u05d0 \u05db\u05e8\u05d2\u05e2 \u05e8\u05e7 \u05d1\u05e6\u05e8\u05e4\u05ea\u05d9\u05ea, \u05d0\u05dd \u05d0\u05d9\u05e0\u05da \u05de\u05d1\u05d9\u05df \u05e6\u05e8\u05e4\u05ea\u05d9\u05ea, \u05e2\u05e7\u05d5\u05d1 \u05d0\u05d7\u05e8 \u05d4\u05d4\u05e2\u05e8\u05d5\u05ea \u05e9\u05dc\u05d4\u05dc\u05df \u05d1\u05d0\u05e0\u05d2\u05dc\u05d9\u05ea \u05d4\u05de\u05e8\u05d0\u05d5\u05ea \u05db\u05d9\u05e6\u05d3 \u05dc\u05d4\u05e6\u05d8\u05e8\u05e3 &#8230; <a title=\"\u05d4\u05e6\u05d8\u05e8\u05e4\u05d5\u05ea \u05dc- AME 43\" class=\"read-more\" href=\"https:\/\/ame43.org\/he\/%d7%94%d7%a6%d7%98%d7%a8%d7%a4%d7%95%d7%aa-%d7%9c-ame-43\/\" aria-label=\"Read more about \u05d4\u05e6\u05d8\u05e8\u05e4\u05d5\u05ea \u05dc- AME 43\">\u05e7\u05e8\u05d0 \u05e2\u05d5\u05d3<\/a><\/p>\n","protected":false},"author":1,"featured_media":904,"parent":0,"menu_order":0,"comment_status":"closed","ping_status":"closed","template":"","meta":{"_acf_changed":false,"footnotes":""},"class_list":{"0":"post-3553","1":"page","2":"type-page","3":"status-publish","4":"has-post-thumbnail","6":"no-featured-image-padding"},"acf":[],"jetpack_sharing_enabled":true,"_links":{"self":[{"href":"https:\/\/ame43.org\/he\/wp-json\/wp\/v2\/pages\/3553","targetHints":{"allow":["GET"]}}],"collection":[{"href":"https:\/\/ame43.org\/he\/wp-json\/wp\/v2\/pages"}],"about":[{"href":"https:\/\/ame43.org\/he\/wp-json\/wp\/v2\/types\/page"}],"author":[{"embeddable":true,"href":"https:\/\/ame43.org\/he\/wp-json\/wp\/v2\/users\/1"}],"replies":[{"embeddable":true,"href":"https:\/\/ame43.org\/he\/wp-json\/wp\/v2\/comments?post=3553"}],"version-history":[{"count":7,"href":"https:\/\/ame43.org\/he\/wp-json\/wp\/v2\/pages\/3553\/revisions"}],"predecessor-version":[{"id":4905,"href":"https:\/\/ame43.org\/he\/wp-json\/wp\/v2\/pages\/3553\/revisions\/4905"}],"wp:featuredmedia":[{"embeddable":true,"href":"https:\/\/ame43.org\/he\/wp-json\/wp\/v2\/media\/904"}],"wp:attachment":[{"href":"https:\/\/ame43.org\/he\/wp-json\/wp\/v2\/media?parent=3553"}],"curies":[{"name":"wp","href":"https:\/\/api.w.org\/{rel}","templated":true}]}}